{"id":1546,"date":"2025-02-09T21:46:49","date_gmt":"2025-02-09T20:46:49","guid":{"rendered":"https:\/\/campingcinqueterre.it\/il-bar\/"},"modified":"2025-03-27T09:05:23","modified_gmt":"2025-03-27T08:05:23","slug":"die-bar","status":"publish","type":"page","link":"https:\/\/campingcinqueterre.it\/de\/die-bar\/","title":{"rendered":"Die Bar"},"content":{"rendered":"<div class=\"wpb-content-wrapper\">[vc_row full_width=&#8220;stretch_row_content_no_spaces&#8220; content_placement=&#8220;bottom&#8220; wpex_bg_overlay=&#8220;color&#8220; wpex_bg_overlay_color=&#8220;#3b251a&#8220; wpex_bg_overlay_opacity=&#8220;60&#8243; el_class=&#8220;bordo_grafico&#8220; min_height=&#8220;400&#8243; css=&#8220;.vc_custom_1740995182856{background-image: url(https:\/\/campingcinqueterre.it\/wp-content\/uploads\/2025\/03\/bar-1.jpg?id=918) !important;background-position: center !important;background-repeat: no-repeat !important;background-size: cover !important;}&#8220; wpex_bg_position=&#8220;50% 65%&#8220;][vc_column css=&#8220;.vc_custom_1739171075238{background-image: url(https:\/\/campingcinqueterre.it\/wp-content\/uploads\/2025\/02\/bordo-grafico.png?id=163) !important;background-position: center !important;background-repeat: no-repeat !important;background-size: cover !important;}&#8220; wpex_bg_position=&#8220;50% 100%&#8220; wpex_bg_size=&#8220;2000px 130px&#8220;]<style>.vcex-breadcrumbs.vcex_69e749aedcf35{text-align:center;color:var(--wpex-on-accent);font-family:'Amatic SC';font-size:20px;line-height:150%;}<\/style><nav class=\"vcex-breadcrumbs vcex-breadcrumbs--links-inherit-color vcex-breadcrumbs--custom-color  wpb_animate_when_almost_visible wpb_fadeInUp fadeInUp vcex_69e749aedcf35\"><span><span><a href=\"https:\/\/campingcinqueterre.it\/de\/\">Home<\/a><\/span><\/span><\/nav><style>.vcex-page-title.vcex_69e749aedf009 .vcex-page-title__heading{color:var(--wpex-on-accent);font-size:60px;font-family:Rubik;font-weight:900;line-height:100%;}@media (max-width:1024px){.vcex-page-title.vcex_69e749aedf009 .vcex-page-title__heading{font-size:50px;}}@media (max-width:959px){.vcex-page-title.vcex_69e749aedf009 .vcex-page-title__heading{font-size:40px;}}@media (max-width:767px){.vcex-page-title.vcex_69e749aedf009 .vcex-page-title__heading{font-size:35px;}}@media (max-width:479px){.vcex-page-title.vcex_69e749aedf009 .vcex-page-title__heading{font-size:35px;}}<\/style><div class=\"vcex-page-title vcex-module wpex-text-center  wpb_animate_when_almost_visible wpb_fadeInUp fadeInUp pbd180 pbm180 vcex_69e749aedf009\"><h1 class=\"vcex-page-title__heading wpex-heading wpex-text-3xl\"><span class=\"vcex-page-title__text\">Die Bar<\/span><\/h1><\/div>[\/vc_column][\/vc_row][vc_row full_width=&#8220;stretch_row&#8220; equal_height=&#8220;yes&#8220; el_class=&#8220;ptd120 pbd30 pbm20 row_margin ptm10&#8243;][vc_column css_animation=&#8220;fadeIn&#8220; width=&#8220;1\/2&#8243; el_class=&#8220;col_padding order1 mtm30&#8243;][vc_single_image image=&#8220;1142&#8243; css=&#8220;&#8220;][\/vc_column][vc_column width=&#8220;1\/2&#8243; el_class=&#8220;ptd50 pbd50 order0&#8243;][vc_column_text css_animation=&#8220;fadeInUp&#8220; css=&#8220;&#8220;]\n<h2>Geschmack<br \/>\nund Geselligkeit<\/h2>\n[\/vc_column_text]<div class=\"vcex-module vcex-icon-box vcex-icon-box-one wpex-flex wpex-text-left  wpb_animate_when_almost_visible wpb_fadeInUp fadeInUp vc_custom_1743062701776\"><div class=\"vcex-icon-box-symbol vcex-icon-box-symbol--image wpex-flex-shrink-0 wpex-mr-20\"><img width=\"64\" height=\"64\" src=\"https:\/\/campingcinqueterre.it\/wp-content\/uploads\/2025\/03\/bar-counter-1.png\" class=\"vcex-icon-box-image wpex-align-middle\" alt=\"\" loading=\"lazy\" decoding=\"async\" \/><\/div><div class=\"vcex-icon-box-text wpex-flex-grow\"><div class=\"vcex-icon-box-content wpex-last-mb-0 wpex-clr\"><p>Unsere Bar ist das pulsierende Herz des Campingplatzes, wo jeder Moment besonders wird. Am Morgen verw\u00f6hnen Sie Ihren Gaumen mit Fr\u00fchst\u00fccken aus frischen Backwaren und frisch gebackenem Brot; tags\u00fcber genie\u00dfen Sie Snacks, Sandwiches und einen Drink w\u00e4hrend der Happy Hour. Mit einem gem\u00fctlichen Gemeinschaftsbereich und \u00d6ffnungszeiten bis 22 Uhr ist es der perfekte Ort, um sich zu treffen, zu entspannen und Momente echter Geselligkeit zu teilen.<\/p>\n<\/div><\/div><\/div>[\/vc_column][\/vc_row][vc_row el_class=&#8220;ptd20 pbd20 pbm10 ptm20&#8243;][vc_column width=&#8220;1\/3&#8243; el_class=&#8220;col_piazzuole&#8220;][vc_single_image image=&#8220;1120&#8243; alignment=&#8220;center&#8220; css=&#8220;&#8220;][vc_column_text css=&#8220;.vc_custom_1743062709394{margin-top: 30px !important;}&#8220;]\n<p style=\"text-align: center;\">Barservice 7 Tage die Woche<\/p>\n[\/vc_column_text][\/vc_column][vc_column width=&#8220;1\/3&#8243; el_class=&#8220;col_piazzuole&#8220;][vc_single_image image=&#8220;1121&#8243; alignment=&#8220;center&#8220; css=&#8220;&#8220;][vc_column_text css=&#8220;.vc_custom_1743062715328{margin-top: 30px !important;}&#8220;]\n<p style=\"text-align: center;\">Fr\u00fchst\u00fcck mit frischen Backwaren<\/p>\n[\/vc_column_text][\/vc_column][vc_column width=&#8220;1\/3&#8243; el_class=&#8220;col_piazzuole&#8220;][vc_single_image image=&#8220;1117&#8243; alignment=&#8220;center&#8220; css=&#8220;&#8220;][vc_column_text css=&#8220;.vc_custom_1743062721611{margin-top: 30px !important;}&#8220;]\n<p style=\"text-align: center;\">Frisches Brot auf Bestellung<\/p>\n[\/vc_column_text][\/vc_column][\/vc_row][vc_row el_class=&#8220;ptd30 pbd120 ptm20 pbm60&#8243;][vc_column]<style class=\"vcex-carousel-preload-css\">.vcex_69e749aee95e1{--wpex-carousel-gap:15px;}.vcex_69e749aee95e1{--wpex-carousel-columns:1;}.vcex_69e749aee95e1.wpex-carousel:not(.wpex-carousel--loaded) > *:not(:nth-child(1n+2)){display: flex !important;}@media only screen and (min-width: 480px) {.vcex_69e749aee95e1{--wpex-carousel-columns:2;}.vcex_69e749aee95e1.wpex-carousel:not(.wpex-carousel--loaded) > *:not(:nth-child(1n+3)){display: flex !important;}}@media only screen and (min-width: 768px) {.vcex_69e749aee95e1{--wpex-carousel-columns:3;}.vcex_69e749aee95e1.wpex-carousel:not(.wpex-carousel--loaded) > *:not(:nth-child(1n+4)){display: flex !important;}}@media only screen and (min-width: 960px) {.vcex_69e749aee95e1{--wpex-carousel-columns:4;}.vcex_69e749aee95e1.wpex-carousel:not(.wpex-carousel--loaded) > *:not(:nth-child(1n+5)){display: flex !important;}}<\/style><div class=\"vcex-image-carousel wpex-carousel wpex-carousel-images wpex-clr vcex-module owl-carousel wpex-carousel--render-onload vcex_69e749aee95e1 wpex-carousel-lightbox\" data-wpex-carousel=\"{&quot;nav&quot;:&quot;false&quot;,&quot;autoplay&quot;:&quot;true&quot;,&quot;autoplayHoverPause&quot;:&quot;false&quot;,&quot;slideBy&quot;:1,&quot;items&quot;:4,&quot;responsive&quot;:{&quot;0&quot;:{&quot;items&quot;:&quot;1&quot;},&quot;480&quot;:{&quot;items&quot;:&quot;2&quot;},&quot;768&quot;:{&quot;items&quot;:&quot;3&quot;},&quot;960&quot;:{&quot;items&quot;:4}},&quot;smartSpeed&quot;:5000,&quot;autoplayTimeout&quot;:5000,&quot;slideTransition&quot;:&quot;linear&quot;,&quot;autoplayDelay&quot;:&quot;false&quot;,&quot;mouseDrag&quot;:&quot;false&quot;,&quot;touchDrag&quot;:&quot;false&quot;}\"><div class=\"wpex-carousel-slide\"><figure class=\"wpex-carousel-entry-media entry-media wpex-relative\"><a href=\"https:\/\/campingcinqueterre.it\/wp-content\/uploads\/2025\/03\/camping-5-terre-bar-3.jpg\" class=\"wpex-carousel-entry-img wpex-carousel-lightbox-item\" data-count=\"1\" data-show_title=\"false\"><img data-no-lazy=\"1\" class=\"wpex-align-middle skip-lazy\" src=\"https:\/\/campingcinqueterre.it\/wp-content\/uploads\/2025\/03\/camping-5-terre-bar-3-1000x1000.jpg\" alt=\"\" srcset=\"https:\/\/campingcinqueterre.it\/wp-content\/uploads\/2025\/03\/camping-5-terre-bar-3-1000x1000.jpg 1000w, https:\/\/campingcinqueterre.it\/wp-content\/uploads\/2025\/03\/camping-5-terre-bar-3-150x150.jpg 150w\" width=\"1000\" height=\"1000\"><\/a><\/figure><\/div><div class=\"wpex-carousel-slide\"><figure class=\"wpex-carousel-entry-media entry-media wpex-relative\"><a href=\"https:\/\/campingcinqueterre.it\/wp-content\/uploads\/2025\/03\/bar-1.jpg\" class=\"wpex-carousel-entry-img wpex-carousel-lightbox-item\" data-count=\"2\" data-show_title=\"false\"><img data-no-lazy=\"1\" class=\"wpex-align-middle skip-lazy\" src=\"https:\/\/campingcinqueterre.it\/wp-content\/uploads\/2025\/03\/bar-1-1000x1000.jpg\" alt=\"\" srcset=\"https:\/\/campingcinqueterre.it\/wp-content\/uploads\/2025\/03\/bar-1-1000x1000.jpg 1000w, https:\/\/campingcinqueterre.it\/wp-content\/uploads\/2025\/03\/bar-1-150x150.jpg 150w\" width=\"1000\" height=\"1000\"><\/a><\/figure><\/div><div class=\"wpex-carousel-slide\"><figure class=\"wpex-carousel-entry-media entry-media wpex-relative\"><a href=\"https:\/\/campingcinqueterre.it\/wp-content\/uploads\/2025\/03\/camping-5-terre-bar-6.jpg\" class=\"wpex-carousel-entry-img wpex-carousel-lightbox-item\" data-count=\"3\" data-show_title=\"false\"><img data-no-lazy=\"1\" class=\"wpex-align-middle skip-lazy\" src=\"https:\/\/campingcinqueterre.it\/wp-content\/uploads\/2025\/03\/camping-5-terre-bar-6-1000x1000.jpg\" alt=\"\" srcset=\"https:\/\/campingcinqueterre.it\/wp-content\/uploads\/2025\/03\/camping-5-terre-bar-6-1000x1000.jpg 1000w, https:\/\/campingcinqueterre.it\/wp-content\/uploads\/2025\/03\/camping-5-terre-bar-6-150x150.jpg 150w\" width=\"1000\" height=\"1000\"><\/a><\/figure><\/div><div class=\"wpex-carousel-slide\"><figure class=\"wpex-carousel-entry-media entry-media wpex-relative\"><a href=\"https:\/\/campingcinqueterre.it\/wp-content\/uploads\/2025\/03\/camping-5-terre-bar-25.jpg\" class=\"wpex-carousel-entry-img wpex-carousel-lightbox-item\" data-count=\"4\" data-show_title=\"false\"><img data-no-lazy=\"1\" class=\"wpex-align-middle skip-lazy\" src=\"https:\/\/campingcinqueterre.it\/wp-content\/uploads\/2025\/03\/camping-5-terre-bar-25-1000x1000.jpg\" alt=\"\" srcset=\"https:\/\/campingcinqueterre.it\/wp-content\/uploads\/2025\/03\/camping-5-terre-bar-25-1000x1000.jpg 1000w, https:\/\/campingcinqueterre.it\/wp-content\/uploads\/2025\/03\/camping-5-terre-bar-25-150x150.jpg 150w\" width=\"1000\" height=\"1000\"><\/a><\/figure><\/div><div class=\"wpex-carousel-slide\"><figure class=\"wpex-carousel-entry-media entry-media wpex-relative\"><a href=\"https:\/\/campingcinqueterre.it\/wp-content\/uploads\/2025\/03\/attivita.jpg\" class=\"wpex-carousel-entry-img wpex-carousel-lightbox-item\" data-count=\"5\" data-show_title=\"false\"><img data-no-lazy=\"1\" class=\"wpex-align-middle skip-lazy\" src=\"https:\/\/campingcinqueterre.it\/wp-content\/uploads\/2025\/03\/attivita-1000x1000.jpg\" alt=\"\" srcset=\"https:\/\/campingcinqueterre.it\/wp-content\/uploads\/2025\/03\/attivita-1000x1000.jpg 1000w, https:\/\/campingcinqueterre.it\/wp-content\/uploads\/2025\/03\/attivita-150x150.jpg 150w\" width=\"1000\" height=\"1000\"><\/a><\/figure><\/div><div class=\"wpex-carousel-slide\"><figure class=\"wpex-carousel-entry-media entry-media wpex-relative\"><a href=\"https:\/\/campingcinqueterre.it\/wp-content\/uploads\/2025\/02\/camping-5-terre-bar-32.jpg\" class=\"wpex-carousel-entry-img wpex-carousel-lightbox-item\" data-count=\"6\" data-show_title=\"false\"><img data-no-lazy=\"1\" class=\"wpex-align-middle skip-lazy\" src=\"https:\/\/campingcinqueterre.it\/wp-content\/uploads\/2025\/02\/camping-5-terre-bar-32-1000x1000.jpg\" alt=\"\" srcset=\"https:\/\/campingcinqueterre.it\/wp-content\/uploads\/2025\/02\/camping-5-terre-bar-32-1000x1000.jpg 1000w, https:\/\/campingcinqueterre.it\/wp-content\/uploads\/2025\/02\/camping-5-terre-bar-32-150x150.jpg 150w\" width=\"1000\" height=\"1000\"><\/a><\/figure><\/div><div class=\"wpex-carousel-slide\"><figure class=\"wpex-carousel-entry-media entry-media wpex-relative\"><a href=\"https:\/\/campingcinqueterre.it\/wp-content\/uploads\/2025\/02\/camping-5-terre-bar-36.jpg\" class=\"wpex-carousel-entry-img wpex-carousel-lightbox-item\" data-count=\"7\" data-show_title=\"false\"><img data-no-lazy=\"1\" class=\"wpex-align-middle skip-lazy\" src=\"https:\/\/campingcinqueterre.it\/wp-content\/uploads\/2025\/02\/camping-5-terre-bar-36.jpg\" alt=\"\" srcset=\"https:\/\/campingcinqueterre.it\/wp-content\/uploads\/2025\/02\/camping-5-terre-bar-36.jpg 1000w, https:\/\/campingcinqueterre.it\/wp-content\/uploads\/2025\/02\/camping-5-terre-bar-36-300x300.jpg 300w, https:\/\/campingcinqueterre.it\/wp-content\/uploads\/2025\/02\/camping-5-terre-bar-36-150x150.jpg 150w, https:\/\/campingcinqueterre.it\/wp-content\/uploads\/2025\/02\/camping-5-terre-bar-36-768x768.jpg 768w\" width=\"1000\" height=\"1000\"><\/a><\/figure><\/div><div class=\"wpex-carousel-slide\"><figure class=\"wpex-carousel-entry-media entry-media wpex-relative\"><a href=\"https:\/\/campingcinqueterre.it\/wp-content\/uploads\/2025\/03\/belo-cagnolino.jpg\" class=\"wpex-carousel-entry-img wpex-carousel-lightbox-item\" data-count=\"8\" data-show_title=\"false\"><img data-no-lazy=\"1\" class=\"wpex-align-middle skip-lazy\" src=\"https:\/\/campingcinqueterre.it\/wp-content\/uploads\/2025\/03\/belo-cagnolino-1000x1000.jpg\" alt=\"\" srcset=\"https:\/\/campingcinqueterre.it\/wp-content\/uploads\/2025\/03\/belo-cagnolino-1000x1000.jpg 1000w, https:\/\/campingcinqueterre.it\/wp-content\/uploads\/2025\/03\/belo-cagnolino-150x150.jpg 150w\" width=\"1000\" height=\"1000\"><\/a><\/figure><\/div><\/div>[\/vc_column][\/vc_row]\n<\/div>","protected":false},"excerpt":{"rendered":"<p>[vc_row full_width=&#8220;stretch_row_content_no_spaces&#8220; content_placement=&#8220;bottom&#8220; wpex_bg_overlay=&#8220;color&#8220; wpex_bg_overlay_color=&#8220;#3b251a&#8220; wpex_bg_overlay_opacity=&#8220;60&#8243; el_class=&#8220;bordo_grafico&#8220; min_height=&#8220;400&#8243; css=&#8220;.vc_custom_1740995182856{background-image: url(https:\/\/campingcinqueterre.it\/wp-content\/uploads\/2025\/03\/bar-1.jpg?id=918) !important;background-position: center !important;background-repeat: no-repeat !important;background-size: cover !important;}&#8220; wpex_bg_position=&#8220;50% 65%&#8220;][vc_column css=&#8220;.vc_custom_1739171075238{background-image: url(https:\/\/campingcinqueterre.it\/wp-content\/uploads\/2025\/02\/bordo-grafico.png?id=163) !important;background-position: center !important;background-repeat: no-repeat !important;background-size: cover !important;}&#8220; wpex_bg_position=&#8220;50% 100%&#8220; wpex_bg_size=&#8220;2000px 130px&#8220;][\/vc_column][\/vc_row][vc_row full_width=&#8220;stretch_row&#8220; equal_height=&#8220;yes&#8220; el_class=&#8220;ptd120 pbd30 pbm20 row_margin ptm10&#8243;][vc_column css_animation=&#8220;fadeIn&#8220; width=&#8220;1\/2&#8243; el_class=&#8220;col_padding order1 mtm30&#8243;][vc_single_image image=&#8220;1142&#8243; css=&#8220;&#8220;][\/vc_column][vc_column width=&#8220;1\/2&#8243; el_class=&#8220;ptd50 pbd50 order0&#8243;][vc_column_text css_animation=&#8220;fadeInUp&#8220; css=&#8220;&#8220;] Geschmack und Geselligkeit&hellip;<\/p>\n","protected":false},"author":3,"featured_media":0,"parent":0,"menu_order":0,"comment_status":"closed","ping_status":"closed","template":"","meta":{"inline_featured_image":false,"footnotes":""},"class_list":["post-1546","page","type-page","status-publish","hentry","entry","no-media"],"yoast_head":"<!-- This site is optimized with the Yoast SEO plugin v24.7 - https:\/\/yoast.com\/wordpress\/plugins\/seo\/ -->\n<title>Die Bar - Camping Cinque Terre<\/title>\n<meta name=\"robots\" content=\"index, follow, max-snippet:-1, max-image-preview:large, max-video-preview:-1\" \/>\n<link rel=\"canonical\" href=\"https:\/\/campingcinqueterre.it\/de\/die-bar\/\" \/>\n<meta property=\"og:locale\" content=\"de_DE\" \/>\n<meta property=\"og:type\" content=\"article\" \/>\n<meta property=\"og:title\" content=\"Die Bar - Camping Cinque Terre\" \/>\n<meta property=\"og:description\" content=\"[vc_row full_width=&#8220;stretch_row_content_no_spaces&#8220; content_placement=&#8220;bottom&#8220; wpex_bg_overlay=&#8220;color&#8220; wpex_bg_overlay_color=&#8220;#3b251a&#8220; wpex_bg_overlay_opacity=&#8220;60&#8243; el_class=&#8220;bordo_grafico&#8220; min_height=&#8220;400&#8243; css=&#8220;.vc_custom_1740995182856{background-image: url(https:\/\/campingcinqueterre.it\/wp-content\/uploads\/2025\/03\/bar-1.jpg?id=918) !important;background-position: center !important;background-repeat: no-repeat !important;background-size: cover !important;}&#8220; wpex_bg_position=&#8220;50% 65%&#8220;][vc_column css=&#8220;.vc_custom_1739171075238{background-image: url(https:\/\/campingcinqueterre.it\/wp-content\/uploads\/2025\/02\/bordo-grafico.png?id=163) !important;background-position: center !important;background-repeat: no-repeat !important;background-size: cover !important;}&#8220; wpex_bg_position=&#8220;50% 100%&#8220; wpex_bg_size=&#8220;2000px 130px&#8220;][\/vc_column][\/vc_row][vc_row full_width=&#8220;stretch_row&#8220; equal_height=&#8220;yes&#8220; el_class=&#8220;ptd120 pbd30 pbm20 row_margin ptm10&#8243;][vc_column css_animation=&#8220;fadeIn&#8220; width=&#8220;1\/2&#8243; el_class=&#8220;col_padding order1 mtm30&#8243;][vc_single_image image=&#8220;1142&#8243; css=&#8220;&#8220;][\/vc_column][vc_column width=&#8220;1\/2&#8243; el_class=&#8220;ptd50 pbd50 order0&#8243;][vc_column_text css_animation=&#8220;fadeInUp&#8220; css=&#8220;&#8220;] Geschmack und Geselligkeit&hellip;\" \/>\n<meta property=\"og:url\" content=\"https:\/\/campingcinqueterre.it\/de\/die-bar\/\" \/>\n<meta property=\"og:site_name\" content=\"Camping Cinque Terre\" \/>\n<meta property=\"article:modified_time\" content=\"2025-03-27T08:05:23+00:00\" \/>\n<meta property=\"og:image\" content=\"https:\/\/campingcinqueterre.it\/wp-content\/uploads\/2025\/02\/logo.png\" \/>\n\t<meta property=\"og:image:width\" content=\"185\" \/>\n\t<meta property=\"og:image:height\" content=\"197\" \/>\n\t<meta property=\"og:image:type\" content=\"image\/png\" \/>\n<meta name=\"twitter:card\" content=\"summary_large_image\" \/>\n<meta name=\"twitter:label1\" content=\"Gesch\u00e4tzte Lesezeit\" \/>\n\t<meta name=\"twitter:data1\" content=\"2\u00a0Minuten\" \/>\n<script type=\"application\/ld+json\" class=\"yoast-schema-graph\">{\"@context\":\"https:\/\/schema.org\",\"@graph\":[{\"@type\":\"WebPage\",\"@id\":\"https:\/\/campingcinqueterre.it\/de\/die-bar\/\",\"url\":\"https:\/\/campingcinqueterre.it\/de\/die-bar\/\",\"name\":\"Die Bar - Camping Cinque Terre\",\"isPartOf\":{\"@id\":\"https:\/\/campingcinqueterre.it\/#website\"},\"datePublished\":\"2025-02-09T20:46:49+00:00\",\"dateModified\":\"2025-03-27T08:05:23+00:00\",\"breadcrumb\":{\"@id\":\"https:\/\/campingcinqueterre.it\/de\/die-bar\/#breadcrumb\"},\"inLanguage\":\"de\",\"potentialAction\":[{\"@type\":\"ReadAction\",\"target\":[\"https:\/\/campingcinqueterre.it\/de\/die-bar\/\"]}]},{\"@type\":\"BreadcrumbList\",\"@id\":\"https:\/\/campingcinqueterre.it\/de\/die-bar\/#breadcrumb\",\"itemListElement\":[{\"@type\":\"ListItem\",\"position\":1,\"name\":\"Home\",\"item\":\"https:\/\/campingcinqueterre.it\/de\/\"},{\"@type\":\"ListItem\",\"position\":2,\"name\":\"Die Bar\"}]},{\"@type\":\"WebSite\",\"@id\":\"https:\/\/campingcinqueterre.it\/#website\",\"url\":\"https:\/\/campingcinqueterre.it\/\",\"name\":\"Camping Cinque Terre\",\"description\":\"Natura, Mare ed Emozioni\",\"publisher\":{\"@id\":\"https:\/\/campingcinqueterre.it\/#organization\"},\"potentialAction\":[{\"@type\":\"SearchAction\",\"target\":{\"@type\":\"EntryPoint\",\"urlTemplate\":\"https:\/\/campingcinqueterre.it\/?s={search_term_string}\"},\"query-input\":{\"@type\":\"PropertyValueSpecification\",\"valueRequired\":true,\"valueName\":\"search_term_string\"}}],\"inLanguage\":\"de\"},{\"@type\":\"Organization\",\"@id\":\"https:\/\/campingcinqueterre.it\/#organization\",\"name\":\"CAMPING 5 TERRE\",\"alternateName\":\"CAMPING 5 TERRE\",\"url\":\"https:\/\/campingcinqueterre.it\/\",\"logo\":{\"@type\":\"ImageObject\",\"inLanguage\":\"de\",\"@id\":\"https:\/\/campingcinqueterre.it\/#\/schema\/logo\/image\/\",\"url\":\"https:\/\/campingcinqueterre.it\/wp-content\/uploads\/2025\/02\/logo.png\",\"contentUrl\":\"https:\/\/campingcinqueterre.it\/wp-content\/uploads\/2025\/02\/logo.png\",\"width\":185,\"height\":197,\"caption\":\"CAMPING 5 TERRE\"},\"image\":{\"@id\":\"https:\/\/campingcinqueterre.it\/#\/schema\/logo\/image\/\"}}]}<\/script>\n<!-- \/ Yoast SEO plugin. -->","yoast_head_json":{"title":"Die Bar - Camping Cinque Terre","robots":{"index":"index","follow":"follow","max-snippet":"max-snippet:-1","max-image-preview":"max-image-preview:large","max-video-preview":"max-video-preview:-1"},"canonical":"https:\/\/campingcinqueterre.it\/de\/die-bar\/","og_locale":"de_DE","og_type":"article","og_title":"Die Bar - Camping Cinque Terre","og_description":"[vc_row full_width=&#8220;stretch_row_content_no_spaces&#8220; content_placement=&#8220;bottom&#8220; wpex_bg_overlay=&#8220;color&#8220; wpex_bg_overlay_color=&#8220;#3b251a&#8220; wpex_bg_overlay_opacity=&#8220;60&#8243; el_class=&#8220;bordo_grafico&#8220; min_height=&#8220;400&#8243; css=&#8220;.vc_custom_1740995182856{background-image: url(https:\/\/campingcinqueterre.it\/wp-content\/uploads\/2025\/03\/bar-1.jpg?id=918) !important;background-position: center !important;background-repeat: no-repeat !important;background-size: cover !important;}&#8220; wpex_bg_position=&#8220;50% 65%&#8220;][vc_column css=&#8220;.vc_custom_1739171075238{background-image: url(https:\/\/campingcinqueterre.it\/wp-content\/uploads\/2025\/02\/bordo-grafico.png?id=163) !important;background-position: center !important;background-repeat: no-repeat !important;background-size: cover !important;}&#8220; wpex_bg_position=&#8220;50% 100%&#8220; wpex_bg_size=&#8220;2000px 130px&#8220;][\/vc_column][\/vc_row][vc_row full_width=&#8220;stretch_row&#8220; equal_height=&#8220;yes&#8220; el_class=&#8220;ptd120 pbd30 pbm20 row_margin ptm10&#8243;][vc_column css_animation=&#8220;fadeIn&#8220; width=&#8220;1\/2&#8243; el_class=&#8220;col_padding order1 mtm30&#8243;][vc_single_image image=&#8220;1142&#8243; css=&#8220;&#8220;][\/vc_column][vc_column width=&#8220;1\/2&#8243; el_class=&#8220;ptd50 pbd50 order0&#8243;][vc_column_text css_animation=&#8220;fadeInUp&#8220; css=&#8220;&#8220;] Geschmack und Geselligkeit&hellip;","og_url":"https:\/\/campingcinqueterre.it\/de\/die-bar\/","og_site_name":"Camping Cinque Terre","article_modified_time":"2025-03-27T08:05:23+00:00","og_image":[{"width":185,"height":197,"url":"https:\/\/campingcinqueterre.it\/wp-content\/uploads\/2025\/02\/logo.png","type":"image\/png"}],"twitter_card":"summary_large_image","twitter_misc":{"Gesch\u00e4tzte Lesezeit":"2\u00a0Minuten"},"schema":{"@context":"https:\/\/schema.org","@graph":[{"@type":"WebPage","@id":"https:\/\/campingcinqueterre.it\/de\/die-bar\/","url":"https:\/\/campingcinqueterre.it\/de\/die-bar\/","name":"Die Bar - Camping Cinque Terre","isPartOf":{"@id":"https:\/\/campingcinqueterre.it\/#website"},"datePublished":"2025-02-09T20:46:49+00:00","dateModified":"2025-03-27T08:05:23+00:00","breadcrumb":{"@id":"https:\/\/campingcinqueterre.it\/de\/die-bar\/#breadcrumb"},"inLanguage":"de","potentialAction":[{"@type":"ReadAction","target":["https:\/\/campingcinqueterre.it\/de\/die-bar\/"]}]},{"@type":"BreadcrumbList","@id":"https:\/\/campingcinqueterre.it\/de\/die-bar\/#breadcrumb","itemListElement":[{"@type":"ListItem","position":1,"name":"Home","item":"https:\/\/campingcinqueterre.it\/de\/"},{"@type":"ListItem","position":2,"name":"Die Bar"}]},{"@type":"WebSite","@id":"https:\/\/campingcinqueterre.it\/#website","url":"https:\/\/campingcinqueterre.it\/","name":"Camping Cinque Terre","description":"Natura, Mare ed Emozioni","publisher":{"@id":"https:\/\/campingcinqueterre.it\/#organization"},"potentialAction":[{"@type":"SearchAction","target":{"@type":"EntryPoint","urlTemplate":"https:\/\/campingcinqueterre.it\/?s={search_term_string}"},"query-input":{"@type":"PropertyValueSpecification","valueRequired":true,"valueName":"search_term_string"}}],"inLanguage":"de"},{"@type":"Organization","@id":"https:\/\/campingcinqueterre.it\/#organization","name":"CAMPING 5 TERRE","alternateName":"CAMPING 5 TERRE","url":"https:\/\/campingcinqueterre.it\/","logo":{"@type":"ImageObject","inLanguage":"de","@id":"https:\/\/campingcinqueterre.it\/#\/schema\/logo\/image\/","url":"https:\/\/campingcinqueterre.it\/wp-content\/uploads\/2025\/02\/logo.png","contentUrl":"https:\/\/campingcinqueterre.it\/wp-content\/uploads\/2025\/02\/logo.png","width":185,"height":197,"caption":"CAMPING 5 TERRE"},"image":{"@id":"https:\/\/campingcinqueterre.it\/#\/schema\/logo\/image\/"}}]}},"_links":{"self":[{"href":"https:\/\/campingcinqueterre.it\/de\/wp-json\/wp\/v2\/pages\/1546","targetHints":{"allow":["GET"]}}],"collection":[{"href":"https:\/\/campingcinqueterre.it\/de\/wp-json\/wp\/v2\/pages"}],"about":[{"href":"https:\/\/campingcinqueterre.it\/de\/wp-json\/wp\/v2\/types\/page"}],"author":[{"embeddable":true,"href":"https:\/\/campingcinqueterre.it\/de\/wp-json\/wp\/v2\/users\/3"}],"replies":[{"embeddable":true,"href":"https:\/\/campingcinqueterre.it\/de\/wp-json\/wp\/v2\/comments?post=1546"}],"version-history":[{"count":1,"href":"https:\/\/campingcinqueterre.it\/de\/wp-json\/wp\/v2\/pages\/1546\/revisions"}],"predecessor-version":[{"id":1550,"href":"https:\/\/campingcinqueterre.it\/de\/wp-json\/wp\/v2\/pages\/1546\/revisions\/1550"}],"wp:attachment":[{"href":"https:\/\/campingcinqueterre.it\/de\/wp-json\/wp\/v2\/media?parent=1546"}],"curies":[{"name":"wp","href":"https:\/\/api.w.org\/{rel}","templated":true}]}}