{"id":1553,"date":"2025-02-09T21:45:52","date_gmt":"2025-02-09T20:45:52","guid":{"rendered":"https:\/\/campingcinqueterre.it\/il-campeggio\/"},"modified":"2025-03-27T11:58:19","modified_gmt":"2025-03-27T10:58:19","slug":"der-campingplatz","status":"publish","type":"page","link":"https:\/\/campingcinqueterre.it\/de\/der-campingplatz\/","title":{"rendered":"Der Campingplatz"},"content":{"rendered":"<div class=\"wpb-content-wrapper\">[vc_row full_width=&#8220;stretch_row_content_no_spaces&#8220; content_placement=&#8220;bottom&#8220; wpex_bg_overlay=&#8220;color&#8220; wpex_bg_overlay_color=&#8220;#3b251a&#8220; wpex_bg_overlay_opacity=&#8220;40&#8243; el_class=&#8220;bordo_grafico&#8220; min_height=&#8220;400&#8243; css=&#8220;.vc_custom_1740894348469{background-image: url(https:\/\/campingcinqueterre.it\/wp-content\/uploads\/2025\/03\/camping-5-terre-campeggio-e-piazzuole-46.jpg?id=690) !important;background-position: center !important;background-repeat: no-repeat !important;background-size: cover !important;}&#8220; wpex_bg_position=&#8220;50% 65%&#8220;][vc_column css=&#8220;.vc_custom_1739171075238{background-image: url(https:\/\/campingcinqueterre.it\/wp-content\/uploads\/2025\/02\/bordo-grafico.png?id=163) !important;background-position: center !important;background-repeat: no-repeat !important;background-size: cover !important;}&#8220; wpex_bg_position=&#8220;50% 100%&#8220; wpex_bg_size=&#8220;2000px 130px&#8220;]<style>.vcex-breadcrumbs.vcex_69e36ae60e839{text-align:center;color:var(--wpex-on-accent);font-family:'Amatic SC';font-size:20px;line-height:150%;}<\/style><nav class=\"vcex-breadcrumbs vcex-breadcrumbs--links-inherit-color vcex-breadcrumbs--custom-color  wpb_animate_when_almost_visible wpb_fadeInUp fadeInUp vcex_69e36ae60e839\"><span><span><a href=\"https:\/\/campingcinqueterre.it\/de\/\">Home<\/a><\/span><\/span><\/nav><style>.vcex-page-title.vcex_69e36ae61081b .vcex-page-title__heading{color:var(--wpex-on-accent);font-size:60px;font-family:Rubik;font-weight:900;line-height:100%;}@media (max-width:1024px){.vcex-page-title.vcex_69e36ae61081b .vcex-page-title__heading{font-size:50px;}}@media (max-width:959px){.vcex-page-title.vcex_69e36ae61081b .vcex-page-title__heading{font-size:40px;}}@media (max-width:767px){.vcex-page-title.vcex_69e36ae61081b .vcex-page-title__heading{font-size:35px;}}@media (max-width:479px){.vcex-page-title.vcex_69e36ae61081b .vcex-page-title__heading{font-size:35px;}}<\/style><div class=\"vcex-page-title vcex-module wpex-text-center  wpb_animate_when_almost_visible wpb_fadeInUp fadeInUp pbd180 pbm180 vcex_69e36ae61081b\"><h1 class=\"vcex-page-title__heading wpex-heading wpex-text-3xl\"><span class=\"vcex-page-title__text\">Der Campingplatz<\/span><\/h1><\/div>[\/vc_column][\/vc_row][vc_row el_class=&#8220;ptd120 pbd10 pbm30 ptm10&#8243;][vc_column css_animation=&#8220;fadeInUp&#8220; width=&#8220;1\/3&#8243;][vc_column_text css=&#8220;&#8220; el_class=&#8220;no_underline link_pag_int_corrente&#8220; font_size=&#8220;18&#8243; line_height=&#8220;100%&#8220; font_weight=&#8220;900&#8243; color=&#8220;on-accent&#8220;]<a href=\"https:\/\/campingcinqueterre.it\/de\/der-campingplatz\/\">Der Campingplatz<\/a><span class=\"arrow\">&gt;<\/span>[\/vc_column_text][vc_column_text css=&#8220;.vc_custom_1743073088588{margin-top: 5px !important;}&#8220; el_class=&#8220;no_underline link_pag_int&#8220; font_size=&#8220;18&#8243; line_height=&#8220;100%&#8220; font_weight=&#8220;900&#8243; color=&#8220;#3b251a&#8220;]<a href=\"https:\/\/campingcinqueterre.it\/de\/der-campingplatz\/aktivitaeten\/\">Aktivit\u00e4ten<\/a><span class=\"arrow\">&gt;<\/span>[\/vc_column_text][vc_column_text css=&#8220;.vc_custom_1743073096404{margin-top: 5px !important;}&#8220; el_class=&#8220;no_underline link_pag_int&#8220; font_size=&#8220;18&#8243; line_height=&#8220;100%&#8220; font_weight=&#8220;900&#8243; color=&#8220;#3b251a&#8220;]<a href=\"https:\/\/campingcinqueterre.it\/de\/der-campingplatz\/galerie\/\">Galerie<\/a><span class=\"arrow\">&gt;<\/span>[\/vc_column_text][vc_row_inner][vc_column_inner el_class=&#8220;box_giallo mtd30 mtm15&#8243; css=&#8220;.vc_custom_1740984463711{background-image: url(https:\/\/campingcinqueterre.it\/wp-content\/uploads\/2025\/03\/box_colorato.jpg?id=792) !important;background-position: center !important;background-repeat: no-repeat !important;background-size: cover !important;}&#8220;][vc_single_image image=&#8220;793&#8243; alignment=&#8220;center&#8220; css=&#8220;&#8220; el_class=&#8220;phone_icon&#8220;][vc_column_text css=&#8220;.vc_custom_1743063583126{margin-top: 35px !important;}&#8220; font_size=&#8220;d:40|tl:35|tp:30|pl:35|pp:30&#8243; font_family=&#8220;Amatic SC&#8220; line_height=&#8220;110%&#8220; color=&#8220;#3b251a&#8220; font_weight=&#8220;700&#8243;]\n<p style=\"text-align: center;\">Rufen Sie uns jetzt<br \/>\nf\u00fcr den Campingplatz an<\/p>\n[\/vc_column_text][vc_column_text css=&#8220;.vc_custom_1740984915157{margin-top: 35px !important;}&#8220; color=&#8220;#3b251a&#8220; font_size=&#8220;d:26|tl:22|tp:18|pl:20|pp:20&#8243; line_height=&#8220;110%&#8220; font_weight=&#8220;400&#8243; el_class=&#8220;no_underline&#8220;]\n<p style=\"text-align: center;\"><a href=\"tel:+390187801252\" target=\"_blank\" rel=\"noopener\">+39 0187 801252<\/a><\/p>\n[\/vc_column_text][\/vc_column_inner][\/vc_row_inner][vc_row_inner css=&#8220;.vc_custom_1741858012860{margin-top: 30px !important;}&#8220;][vc_column_inner el_class=&#8220;col_sentieri&#8220; css=&#8220;.vc_custom_1741860465508{background-color: #EAEAEA !important;}&#8220;]<style>.vcex-icon-box.vcex_69e36ae614ac0 .vcex-icon-box-content{color:#3b251a;font-size:16px;}.vcex-icon-box.vcex_69e36ae614ac0 .vcex-icon-box-heading{margin-bottom:0px;color:var(--wpex-accent);font-family:'Amatic SC';font-weight:700;}.vcex-icon-box.vcex_69e36ae614ac0 .vcex-icon-box-icon{color:var(--wpex-accent);}.vcex-icon-box.vcex_69e36ae614ac0 .vcex-icon-box-image{width:35px;}@media (max-width:1024px){.vcex-icon-box.vcex_69e36ae614ac0 .vcex-icon-box-content{font-size:12px;}}@media (max-width:959px){.vcex-icon-box.vcex_69e36ae614ac0 .vcex-icon-box-content{font-size:10px;}}@media (max-width:767px){.vcex-icon-box.vcex_69e36ae614ac0 .vcex-icon-box-content{font-size:14px;}}<\/style><div class=\"vcex-module vcex-icon-box vcex-icon-box-one wpex-flex wpex-text-left vcex_69e36ae614ac0\"><div class=\"vcex-icon-box-symbol vcex-icon-box-symbol--image wpex-flex-shrink-0 wpex-mr-20\"><img loading=\"lazy\" class=\"vcex-icon-box-image wpex-align-middle\" decoding=\"async\" src=\"https:\/\/campingcinqueterre.it\/wp-content\/uploads\/2025\/03\/bycicle-35x35.png\" alt=\"\" srcset=\"https:\/\/campingcinqueterre.it\/wp-content\/uploads\/2025\/03\/bycicle-35x35.png 35w, https:\/\/campingcinqueterre.it\/wp-content\/uploads\/2025\/03\/bycicle.png 64w\" width=\"35\" height=\"35\"><\/div><div class=\"vcex-icon-box-text wpex-flex-grow\"><h2 class=\"vcex-icon-box-heading wpex-heading wpex-text-md\">Trekking &amp; Radfahren<\/h2><div class=\"vcex-icon-box-content wpex-last-mb-0 wpex-clr\"><p>Wanderwege zum Nationalpark Cinque Terre<\/p>\n<\/div><\/div><\/div>[\/vc_column_inner][\/vc_row_inner][\/vc_column][vc_column css_animation=&#8220;fadeInRight&#8220; width=&#8220;2\/3&#8243; el_class=&#8220;mtm30&#8243;][vc_single_image image=&#8220;753&#8243; img_size=&#8220;1000&#215;500&#8243; onclick=&#8220;link_image&#8220; css=&#8220;&#8220;][vc_single_image image=&#8220;751&#8243; css=&#8220;&#8220; el_class=&#8220;icon_foto_pag_int&#8220;][vc_row_inner][vc_column_inner el_class=&#8220;box_ini_pag&#8220;][vc_column_text css=&#8220;&#8220; font_size=&#8220;d:30|pl:25&#8243; font_family=&#8220;Rubik&#8220; line_height=&#8220;110%&#8220; font_weight=&#8220;900&#8243; color=&#8220;#3b251a&#8220;]\n<h3 style=\"text-align: center;\">Der Campingplatz<\/h3>\n[\/vc_column_text][vc_column_text css=&#8220;.vc_custom_1743063614657{margin-top: 35px !important;}&#8220; text_align=&#8220;center&#8220;]Der Campingplatz 5 Terre wird familiengef\u00fchrt und liegt in privilegierter Lage nahe der Stadt Levanto. Obwohl die Hauptstr\u00e4nde in unmittelbarer N\u00e4he sind, k\u00f6nnen Sie in unserem Campingplatz die Ruhe des Waldes und der Landschaft genie\u00dfen.<\/p>\n<p>Ein Aufenthalt in unserem Campingplatz garantiert Ihnen, jeden Tag ohne Sorgen zu verbringen und sich nur auf Spa\u00df und Entspannung zu konzentrieren. Sie k\u00f6nnen au\u00dferdem problemlos die Panoramawanderwege von Punta Mesco zu den Cinque Terre erreichen, in einer einzigartigen Landschaft mit von Menschenhand geschaffenen Terrassen \u00fcber dem Meer, oder angenehme Bootsausfl\u00fcge zu den sch\u00f6nsten Orten der K\u00fcste unternehmen.[\/vc_column_text][\/vc_column_inner][\/vc_row_inner][\/vc_column][\/vc_row][vc_row content_placement=&#8220;middle&#8220; el_class=&#8220;ptd20 pbd10 pbm10 ptm30&#8243;][vc_column css_animation=&#8220;fadeInUp&#8220; width=&#8220;1\/3&#8243;][\/vc_column][vc_column css_animation=&#8220;zoomIn&#8220; width=&#8220;1\/3&#8243; el_class=&#8220;order1 mtm30&#8243;][vc_single_image image=&#8220;821&#8243; onclick=&#8220;link_image&#8220; css=&#8220;&#8220;][\/vc_column][vc_column width=&#8220;1\/3&#8243; el_class=&#8220;order0&#8243;][vc_column_text css=&#8220;&#8220; font_size=&#8220;d:30|pl:25&#8243; font_family=&#8220;Rubik&#8220; line_height=&#8220;110%&#8220; font_weight=&#8220;900&#8243; color=&#8220;#3b251a&#8220;]\n<h3 style=\"text-align: left;\">Unsere Dienstleistungen<\/h3>\n[\/vc_column_text][vc_column_text css=&#8220;.vc_custom_1743063634265{margin-top: 30px !important;}&#8220;]\n<p style=\"text-align: left;\">Dienstleistungen, die Komfort, Spa\u00df und Barrierefreiheit bieten.<\/p>\n[\/vc_column_text]<style>.vcex-bullets.vcex_69e36ae6166bf .vcex-bullets-icon{color:var(--wpex-accent);}.vcex-bullets.vcex_69e36ae6166bf{color:#3b251a;}<\/style><div class=\"vcex-module vcex-bullets vcex-bullets--vertical custom-icon vc_custom_1743063643673 vcex_69e36ae6166bf\">\n<ul role=\"list\">\n<li><div class=\"vcex-bullets-ci-wrap wpex-inline-flex\"><span class=\"vcex-bullets-icon-wrap vcex-icon-wrap wpex-mr-10\"><span class=\"vcex-bullets-icon vcex-icon fas fa-check-circle\" aria-hidden=\"true\"><\/span><\/span><div class=\"vcex-content wpex-flex-grow\">Waschsalon<\/div><\/div><\/li>\n<li><div class=\"vcex-bullets-ci-wrap wpex-inline-flex\"><span class=\"vcex-bullets-icon-wrap vcex-icon-wrap wpex-mr-10\"><span class=\"vcex-bullets-icon vcex-icon fas fa-check-circle\" aria-hidden=\"true\"><\/span><\/span><div class=\"vcex-content wpex-flex-grow\">Bar<\/div><\/div><\/li>\n<li><div class=\"vcex-bullets-ci-wrap wpex-inline-flex\"><span class=\"vcex-bullets-icon-wrap vcex-icon-wrap wpex-mr-10\"><span class=\"vcex-bullets-icon vcex-icon fas fa-check-circle\" aria-hidden=\"true\"><\/span><\/span><div class=\"vcex-content wpex-flex-grow\">Kinderspielplatz<\/div><\/div><\/li>\n<li><div class=\"vcex-bullets-ci-wrap wpex-inline-flex\"><span class=\"vcex-bullets-icon-wrap vcex-icon-wrap wpex-mr-10\"><span class=\"vcex-bullets-icon vcex-icon fas fa-check-circle\" aria-hidden=\"true\"><\/span><\/span><div class=\"vcex-content wpex-flex-grow\">Campingstellpl\u00e4tze<\/div><\/div><\/li>\n<\/ul>\n<\/div>[\/vc_column][\/vc_row][vc_row el_class=&#8220;ptd20 pbd120 pbm60 ptm20&#8243;][vc_column][vc_row_inner][vc_column_inner el_class=&#8220;col_icon&#8220; width=&#8220;1\/6&#8243;][vc_single_image image=&#8220;1122&#8243; alignment=&#8220;center&#8220; css=&#8220;&#8220;][vc_column_text css=&#8220;.vc_custom_1743063651258{margin-top: 30px !important;}&#8220;]\n<p style=\"text-align: center;\">Zug\u00e4nge und Dienstleistungen f\u00fcr Menschen mit Behinderung<\/p>\n[\/vc_column_text][\/vc_column_inner][vc_column_inner el_class=&#8220;col_icon&#8220; width=&#8220;1\/6&#8243;][vc_single_image image=&#8220;1123&#8243; alignment=&#8220;center&#8220; css=&#8220;&#8220;][vc_column_text css=&#8220;.vc_custom_1743063656469{margin-top: 30px !important;}&#8220;]\n<p style=\"text-align: center;\">Gruppenunterkunft<\/p>\n[\/vc_column_text][\/vc_column_inner][vc_column_inner el_class=&#8220;col_icon mtm30&#8243; width=&#8220;1\/6&#8243;][vc_single_image image=&#8220;1126&#8243; alignment=&#8220;center&#8220; css=&#8220;&#8220;][vc_column_text css=&#8220;.vc_custom_1743063659484{margin-top: 30px !important;}&#8220;]\n<p style=\"text-align: center;\">Solarium<\/p>\n[\/vc_column_text][\/vc_column_inner][vc_column_inner el_class=&#8220;col_icon mtm30&#8243; width=&#8220;1\/6&#8243;][vc_single_image image=&#8220;1127&#8243; alignment=&#8220;center&#8220; css=&#8220;&#8220;][vc_column_text css=&#8220;.vc_custom_1743063667065{margin-top: 30px !important;}&#8220;]\n<p style=\"text-align: center;\">Kostenloses WLAN<\/p>\n[\/vc_column_text][\/vc_column_inner][vc_column_inner el_class=&#8220;col_icon mtm30&#8243; width=&#8220;1\/6&#8243;][vc_single_image image=&#8220;1185&#8243; alignment=&#8220;center&#8220; css=&#8220;&#8220;][vc_column_text css=&#8220;.vc_custom_1743063672036{margin-top: 30px !important;}&#8220;]\n<p style=\"text-align: center;\">Trinkwasser<\/p>\n[\/vc_column_text][\/vc_column_inner][vc_column_inner el_class=&#8220;col_icon mtm30&#8243; width=&#8220;1\/6&#8243;][vc_single_image image=&#8220;1186&#8243; alignment=&#8220;center&#8220; css=&#8220;&#8220;][vc_column_text css=&#8220;.vc_custom_1743063676950{margin-top: 30px !important;}&#8220;]\n<p style=\"text-align: center;\">Sanit\u00e4reinrichtungen mit kostenlosen Warmwasserduschen<\/p>\n[\/vc_column_text][\/vc_column_inner][vc_column_inner el_class=&#8220;mtm30 col_icon1&#8243; width=&#8220;1\/6&#8243;][vc_single_image image=&#8220;1187&#8243; alignment=&#8220;center&#8220; css=&#8220;&#8220;][vc_column_text css=&#8220;.vc_custom_1743063682204{margin-top: 30px !important;}&#8220;]\n<p style=\"text-align: center;\">K\u00fchl-Gefrierschrank<\/p>\n[\/vc_column_text][\/vc_column_inner][\/vc_row_inner][\/vc_column][\/vc_row]\n<\/div>","protected":false},"excerpt":{"rendered":"<p>[vc_row full_width=&#8220;stretch_row_content_no_spaces&#8220; content_placement=&#8220;bottom&#8220; wpex_bg_overlay=&#8220;color&#8220; wpex_bg_overlay_color=&#8220;#3b251a&#8220; wpex_bg_overlay_opacity=&#8220;40&#8243; el_class=&#8220;bordo_grafico&#8220; min_height=&#8220;400&#8243; css=&#8220;.vc_custom_1740894348469{background-image: url(https:\/\/campingcinqueterre.it\/wp-content\/uploads\/2025\/03\/camping-5-terre-campeggio-e-piazzuole-46.jpg?id=690) !important;background-position: center !important;background-repeat: no-repeat !important;background-size: cover !important;}&#8220; wpex_bg_position=&#8220;50% 65%&#8220;][vc_column css=&#8220;.vc_custom_1739171075238{background-image: url(https:\/\/campingcinqueterre.it\/wp-content\/uploads\/2025\/02\/bordo-grafico.png?id=163) !important;background-position: center !important;background-repeat: no-repeat !important;background-size: cover !important;}&#8220; wpex_bg_position=&#8220;50% 100%&#8220; wpex_bg_size=&#8220;2000px 130px&#8220;][\/vc_column][\/vc_row][vc_row el_class=&#8220;ptd120 pbd10 pbm30 ptm10&#8243;][vc_column css_animation=&#8220;fadeInUp&#8220; width=&#8220;1\/3&#8243;][vc_column_text css=&#8220;&#8220; el_class=&#8220;no_underline link_pag_int_corrente&#8220; font_size=&#8220;18&#8243; line_height=&#8220;100%&#8220; font_weight=&#8220;900&#8243; color=&#8220;on-accent&#8220;]Der Campingplatz&gt;[\/vc_column_text][vc_column_text css=&#8220;.vc_custom_1743073088588{margin-top: 5px !important;}&#8220; el_class=&#8220;no_underline link_pag_int&#8220; font_size=&#8220;18&#8243; line_height=&#8220;100%&#8220; font_weight=&#8220;900&#8243; color=&#8220;#3b251a&#8220;]Aktivit\u00e4ten&gt;[\/vc_column_text][vc_column_text&hellip;<\/p>\n","protected":false},"author":3,"featured_media":0,"parent":0,"menu_order":0,"comment_status":"closed","ping_status":"closed","template":"","meta":{"inline_featured_image":false,"footnotes":""},"class_list":["post-1553","page","type-page","status-publish","hentry","entry","no-media"],"yoast_head":"<!-- This site is optimized with the Yoast SEO plugin v24.7 - https:\/\/yoast.com\/wordpress\/plugins\/seo\/ -->\n<title>Der Campingplatz - Camping Cinque Terre<\/title>\n<meta name=\"robots\" content=\"index, follow, max-snippet:-1, max-image-preview:large, max-video-preview:-1\" \/>\n<link rel=\"canonical\" href=\"https:\/\/campingcinqueterre.it\/de\/der-campingplatz\/\" \/>\n<meta property=\"og:locale\" content=\"de_DE\" \/>\n<meta property=\"og:type\" content=\"article\" \/>\n<meta property=\"og:title\" content=\"Der Campingplatz - Camping Cinque Terre\" \/>\n<meta property=\"og:description\" content=\"[vc_row full_width=&#8220;stretch_row_content_no_spaces&#8220; content_placement=&#8220;bottom&#8220; wpex_bg_overlay=&#8220;color&#8220; wpex_bg_overlay_color=&#8220;#3b251a&#8220; wpex_bg_overlay_opacity=&#8220;40&#8243; el_class=&#8220;bordo_grafico&#8220; min_height=&#8220;400&#8243; css=&#8220;.vc_custom_1740894348469{background-image: url(https:\/\/campingcinqueterre.it\/wp-content\/uploads\/2025\/03\/camping-5-terre-campeggio-e-piazzuole-46.jpg?id=690) !important;background-position: center !important;background-repeat: no-repeat !important;background-size: cover !important;}&#8220; wpex_bg_position=&#8220;50% 65%&#8220;][vc_column css=&#8220;.vc_custom_1739171075238{background-image: url(https:\/\/campingcinqueterre.it\/wp-content\/uploads\/2025\/02\/bordo-grafico.png?id=163) !important;background-position: center !important;background-repeat: no-repeat !important;background-size: cover !important;}&#8220; wpex_bg_position=&#8220;50% 100%&#8220; wpex_bg_size=&#8220;2000px 130px&#8220;][\/vc_column][\/vc_row][vc_row el_class=&#8220;ptd120 pbd10 pbm30 ptm10&#8243;][vc_column css_animation=&#8220;fadeInUp&#8220; width=&#8220;1\/3&#8243;][vc_column_text css=&#8220;&#8220; el_class=&#8220;no_underline link_pag_int_corrente&#8220; font_size=&#8220;18&#8243; line_height=&#8220;100%&#8220; font_weight=&#8220;900&#8243; color=&#8220;on-accent&#8220;]Der Campingplatz&gt;[\/vc_column_text][vc_column_text css=&#8220;.vc_custom_1743073088588{margin-top: 5px !important;}&#8220; el_class=&#8220;no_underline link_pag_int&#8220; font_size=&#8220;18&#8243; line_height=&#8220;100%&#8220; font_weight=&#8220;900&#8243; color=&#8220;#3b251a&#8220;]Aktivit\u00e4ten&gt;[\/vc_column_text][vc_column_text&hellip;\" \/>\n<meta property=\"og:url\" content=\"https:\/\/campingcinqueterre.it\/de\/der-campingplatz\/\" \/>\n<meta property=\"og:site_name\" content=\"Camping Cinque Terre\" \/>\n<meta property=\"article:modified_time\" content=\"2025-03-27T10:58:19+00:00\" \/>\n<meta property=\"og:image\" content=\"https:\/\/campingcinqueterre.it\/wp-content\/uploads\/2025\/02\/logo.png\" \/>\n\t<meta property=\"og:image:width\" content=\"185\" \/>\n\t<meta property=\"og:image:height\" content=\"197\" \/>\n\t<meta property=\"og:image:type\" content=\"image\/png\" \/>\n<meta name=\"twitter:card\" content=\"summary_large_image\" \/>\n<meta name=\"twitter:label1\" content=\"Gesch\u00e4tzte Lesezeit\" \/>\n\t<meta name=\"twitter:data1\" content=\"5\u00a0Minuten\" \/>\n<script type=\"application\/ld+json\" class=\"yoast-schema-graph\">{\"@context\":\"https:\/\/schema.org\",\"@graph\":[{\"@type\":\"WebPage\",\"@id\":\"https:\/\/campingcinqueterre.it\/de\/der-campingplatz\/\",\"url\":\"https:\/\/campingcinqueterre.it\/de\/der-campingplatz\/\",\"name\":\"Der Campingplatz - Camping Cinque Terre\",\"isPartOf\":{\"@id\":\"https:\/\/campingcinqueterre.it\/#website\"},\"datePublished\":\"2025-02-09T20:45:52+00:00\",\"dateModified\":\"2025-03-27T10:58:19+00:00\",\"breadcrumb\":{\"@id\":\"https:\/\/campingcinqueterre.it\/de\/der-campingplatz\/#breadcrumb\"},\"inLanguage\":\"de\",\"potentialAction\":[{\"@type\":\"ReadAction\",\"target\":[\"https:\/\/campingcinqueterre.it\/de\/der-campingplatz\/\"]}]},{\"@type\":\"BreadcrumbList\",\"@id\":\"https:\/\/campingcinqueterre.it\/de\/der-campingplatz\/#breadcrumb\",\"itemListElement\":[{\"@type\":\"ListItem\",\"position\":1,\"name\":\"Home\",\"item\":\"https:\/\/campingcinqueterre.it\/de\/\"},{\"@type\":\"ListItem\",\"position\":2,\"name\":\"Der Campingplatz\"}]},{\"@type\":\"WebSite\",\"@id\":\"https:\/\/campingcinqueterre.it\/#website\",\"url\":\"https:\/\/campingcinqueterre.it\/\",\"name\":\"Camping Cinque Terre\",\"description\":\"Natura, Mare ed Emozioni\",\"publisher\":{\"@id\":\"https:\/\/campingcinqueterre.it\/#organization\"},\"potentialAction\":[{\"@type\":\"SearchAction\",\"target\":{\"@type\":\"EntryPoint\",\"urlTemplate\":\"https:\/\/campingcinqueterre.it\/?s={search_term_string}\"},\"query-input\":{\"@type\":\"PropertyValueSpecification\",\"valueRequired\":true,\"valueName\":\"search_term_string\"}}],\"inLanguage\":\"de\"},{\"@type\":\"Organization\",\"@id\":\"https:\/\/campingcinqueterre.it\/#organization\",\"name\":\"CAMPING 5 TERRE\",\"alternateName\":\"CAMPING 5 TERRE\",\"url\":\"https:\/\/campingcinqueterre.it\/\",\"logo\":{\"@type\":\"ImageObject\",\"inLanguage\":\"de\",\"@id\":\"https:\/\/campingcinqueterre.it\/#\/schema\/logo\/image\/\",\"url\":\"https:\/\/campingcinqueterre.it\/wp-content\/uploads\/2025\/02\/logo.png\",\"contentUrl\":\"https:\/\/campingcinqueterre.it\/wp-content\/uploads\/2025\/02\/logo.png\",\"width\":185,\"height\":197,\"caption\":\"CAMPING 5 TERRE\"},\"image\":{\"@id\":\"https:\/\/campingcinqueterre.it\/#\/schema\/logo\/image\/\"}}]}<\/script>\n<!-- \/ Yoast SEO plugin. -->","yoast_head_json":{"title":"Der Campingplatz - Camping Cinque Terre","robots":{"index":"index","follow":"follow","max-snippet":"max-snippet:-1","max-image-preview":"max-image-preview:large","max-video-preview":"max-video-preview:-1"},"canonical":"https:\/\/campingcinqueterre.it\/de\/der-campingplatz\/","og_locale":"de_DE","og_type":"article","og_title":"Der Campingplatz - Camping Cinque Terre","og_description":"[vc_row full_width=&#8220;stretch_row_content_no_spaces&#8220; content_placement=&#8220;bottom&#8220; wpex_bg_overlay=&#8220;color&#8220; wpex_bg_overlay_color=&#8220;#3b251a&#8220; wpex_bg_overlay_opacity=&#8220;40&#8243; el_class=&#8220;bordo_grafico&#8220; min_height=&#8220;400&#8243; css=&#8220;.vc_custom_1740894348469{background-image: url(https:\/\/campingcinqueterre.it\/wp-content\/uploads\/2025\/03\/camping-5-terre-campeggio-e-piazzuole-46.jpg?id=690) !important;background-position: center !important;background-repeat: no-repeat !important;background-size: cover !important;}&#8220; wpex_bg_position=&#8220;50% 65%&#8220;][vc_column css=&#8220;.vc_custom_1739171075238{background-image: url(https:\/\/campingcinqueterre.it\/wp-content\/uploads\/2025\/02\/bordo-grafico.png?id=163) !important;background-position: center !important;background-repeat: no-repeat !important;background-size: cover !important;}&#8220; wpex_bg_position=&#8220;50% 100%&#8220; wpex_bg_size=&#8220;2000px 130px&#8220;][\/vc_column][\/vc_row][vc_row el_class=&#8220;ptd120 pbd10 pbm30 ptm10&#8243;][vc_column css_animation=&#8220;fadeInUp&#8220; width=&#8220;1\/3&#8243;][vc_column_text css=&#8220;&#8220; el_class=&#8220;no_underline link_pag_int_corrente&#8220; font_size=&#8220;18&#8243; line_height=&#8220;100%&#8220; font_weight=&#8220;900&#8243; color=&#8220;on-accent&#8220;]Der Campingplatz&gt;[\/vc_column_text][vc_column_text css=&#8220;.vc_custom_1743073088588{margin-top: 5px !important;}&#8220; el_class=&#8220;no_underline link_pag_int&#8220; font_size=&#8220;18&#8243; line_height=&#8220;100%&#8220; font_weight=&#8220;900&#8243; color=&#8220;#3b251a&#8220;]Aktivit\u00e4ten&gt;[\/vc_column_text][vc_column_text&hellip;","og_url":"https:\/\/campingcinqueterre.it\/de\/der-campingplatz\/","og_site_name":"Camping Cinque Terre","article_modified_time":"2025-03-27T10:58:19+00:00","og_image":[{"width":185,"height":197,"url":"https:\/\/campingcinqueterre.it\/wp-content\/uploads\/2025\/02\/logo.png","type":"image\/png"}],"twitter_card":"summary_large_image","twitter_misc":{"Gesch\u00e4tzte Lesezeit":"5\u00a0Minuten"},"schema":{"@context":"https:\/\/schema.org","@graph":[{"@type":"WebPage","@id":"https:\/\/campingcinqueterre.it\/de\/der-campingplatz\/","url":"https:\/\/campingcinqueterre.it\/de\/der-campingplatz\/","name":"Der Campingplatz - Camping Cinque Terre","isPartOf":{"@id":"https:\/\/campingcinqueterre.it\/#website"},"datePublished":"2025-02-09T20:45:52+00:00","dateModified":"2025-03-27T10:58:19+00:00","breadcrumb":{"@id":"https:\/\/campingcinqueterre.it\/de\/der-campingplatz\/#breadcrumb"},"inLanguage":"de","potentialAction":[{"@type":"ReadAction","target":["https:\/\/campingcinqueterre.it\/de\/der-campingplatz\/"]}]},{"@type":"BreadcrumbList","@id":"https:\/\/campingcinqueterre.it\/de\/der-campingplatz\/#breadcrumb","itemListElement":[{"@type":"ListItem","position":1,"name":"Home","item":"https:\/\/campingcinqueterre.it\/de\/"},{"@type":"ListItem","position":2,"name":"Der Campingplatz"}]},{"@type":"WebSite","@id":"https:\/\/campingcinqueterre.it\/#website","url":"https:\/\/campingcinqueterre.it\/","name":"Camping Cinque Terre","description":"Natura, Mare ed Emozioni","publisher":{"@id":"https:\/\/campingcinqueterre.it\/#organization"},"potentialAction":[{"@type":"SearchAction","target":{"@type":"EntryPoint","urlTemplate":"https:\/\/campingcinqueterre.it\/?s={search_term_string}"},"query-input":{"@type":"PropertyValueSpecification","valueRequired":true,"valueName":"search_term_string"}}],"inLanguage":"de"},{"@type":"Organization","@id":"https:\/\/campingcinqueterre.it\/#organization","name":"CAMPING 5 TERRE","alternateName":"CAMPING 5 TERRE","url":"https:\/\/campingcinqueterre.it\/","logo":{"@type":"ImageObject","inLanguage":"de","@id":"https:\/\/campingcinqueterre.it\/#\/schema\/logo\/image\/","url":"https:\/\/campingcinqueterre.it\/wp-content\/uploads\/2025\/02\/logo.png","contentUrl":"https:\/\/campingcinqueterre.it\/wp-content\/uploads\/2025\/02\/logo.png","width":185,"height":197,"caption":"CAMPING 5 TERRE"},"image":{"@id":"https:\/\/campingcinqueterre.it\/#\/schema\/logo\/image\/"}}]}},"_links":{"self":[{"href":"https:\/\/campingcinqueterre.it\/de\/wp-json\/wp\/v2\/pages\/1553","targetHints":{"allow":["GET"]}}],"collection":[{"href":"https:\/\/campingcinqueterre.it\/de\/wp-json\/wp\/v2\/pages"}],"about":[{"href":"https:\/\/campingcinqueterre.it\/de\/wp-json\/wp\/v2\/types\/page"}],"author":[{"embeddable":true,"href":"https:\/\/campingcinqueterre.it\/de\/wp-json\/wp\/v2\/users\/3"}],"replies":[{"embeddable":true,"href":"https:\/\/campingcinqueterre.it\/de\/wp-json\/wp\/v2\/comments?post=1553"}],"version-history":[{"count":3,"href":"https:\/\/campingcinqueterre.it\/de\/wp-json\/wp\/v2\/pages\/1553\/revisions"}],"predecessor-version":[{"id":1690,"href":"https:\/\/campingcinqueterre.it\/de\/wp-json\/wp\/v2\/pages\/1553\/revisions\/1690"}],"wp:attachment":[{"href":"https:\/\/campingcinqueterre.it\/de\/wp-json\/wp\/v2\/media?parent=1553"}],"curies":[{"name":"wp","href":"https:\/\/api.w.org\/{rel}","templated":true}]}}