{"id":1562,"date":"2025-02-15T07:40:55","date_gmt":"2025-02-15T06:40:55","guid":{"rendered":"https:\/\/campingcinqueterre.it\/der-campingplatz\/attivita\/"},"modified":"2025-03-27T09:29:06","modified_gmt":"2025-03-27T08:29:06","slug":"aktivitaeten","status":"publish","type":"page","link":"https:\/\/campingcinqueterre.it\/de\/der-campingplatz\/aktivitaeten\/","title":{"rendered":"Aktivit\u00e4ten"},"content":{"rendered":"<div class=\"wpb-content-wrapper\">[vc_row full_width=&#8220;stretch_row_content_no_spaces&#8220; content_placement=&#8220;bottom&#8220; wpex_bg_overlay=&#8220;color&#8220; wpex_bg_overlay_color=&#8220;#3b251a&#8220; wpex_bg_overlay_opacity=&#8220;60&#8243; el_class=&#8220;bordo_grafico&#8220; min_height=&#8220;400&#8243; css=&#8220;.vc_custom_1740989999203{background-image: url(https:\/\/campingcinqueterre.it\/wp-content\/uploads\/2025\/03\/attivita.jpg?id=848) !important;background-position: center !important;background-repeat: no-repeat !important;background-size: cover !important;}&#8220; wpex_bg_position=&#8220;50% 65%&#8220;][vc_column css=&#8220;.vc_custom_1739171075238{background-image: url(https:\/\/campingcinqueterre.it\/wp-content\/uploads\/2025\/02\/bordo-grafico.png?id=163) !important;background-position: center !important;background-repeat: no-repeat !important;background-size: cover !important;}&#8220; wpex_bg_position=&#8220;50% 100%&#8220; wpex_bg_size=&#8220;2000px 130px&#8220;]<style>.vcex-breadcrumbs.vcex_69e750ab167a6{text-align:center;color:var(--wpex-on-accent);font-family:'Amatic SC';font-size:20px;line-height:150%;}<\/style><nav class=\"vcex-breadcrumbs vcex-breadcrumbs--links-inherit-color vcex-breadcrumbs--custom-color  wpb_animate_when_almost_visible wpb_fadeInUp fadeInUp vcex_69e750ab167a6\"><span><span><a href=\"https:\/\/campingcinqueterre.it\/de\/\">Home<\/a><\/span><\/span><\/nav><style>.vcex-page-title.vcex_69e750ab19014 .vcex-page-title__heading{color:var(--wpex-on-accent);font-size:60px;font-family:Rubik;font-weight:900;line-height:100%;}@media (max-width:1024px){.vcex-page-title.vcex_69e750ab19014 .vcex-page-title__heading{font-size:50px;}}@media (max-width:959px){.vcex-page-title.vcex_69e750ab19014 .vcex-page-title__heading{font-size:40px;}}@media (max-width:767px){.vcex-page-title.vcex_69e750ab19014 .vcex-page-title__heading{font-size:35px;}}@media (max-width:479px){.vcex-page-title.vcex_69e750ab19014 .vcex-page-title__heading{font-size:35px;}}<\/style><div class=\"vcex-page-title vcex-module wpex-text-center  wpb_animate_when_almost_visible wpb_fadeInUp fadeInUp pbd180 pbm180 vcex_69e750ab19014\"><h1 class=\"vcex-page-title__heading wpex-heading wpex-text-3xl\"><span class=\"vcex-page-title__text\">Aktivit\u00e4ten<\/span><\/h1><\/div>[\/vc_column][\/vc_row][vc_row equal_height=&#8220;yes&#8220; columns_right=&#8220;yes&#8220; el_class=&#8220;ptd120 ptm60 pbd60 pbm30 row_margin&#8220;][vc_column width=&#8220;1\/2&#8243; el_class=&#8220;col_padding&#8220;][vc_column_text css_animation=&#8220;fadeInUp&#8220; css=&#8220;.vc_custom_1743064079118{margin-bottom: 15px !important;}&#8220; color=&#8220;#62ac44&#8243; font_size=&#8220;d:30|pl:25&#8243; font_family=&#8220;Amatic SC&#8220; line_height=&#8220;110%&#8220; font_weight=&#8220;700&#8243;]Spielbereich[\/vc_column_text][vc_column_text css_animation=&#8220;fadeInUp&#8220; css=&#8220;&#8220;]\n<h2>Spa\u00df<br \/>\nf\u00fcr Alle<\/h2>\n[\/vc_column_text][vc_column_text css_animation=&#8220;fadeInUp&#8220; css=&#8220;.vc_custom_1743064094339{margin-top: 35px !important;}&#8220;]Unser Campingplatz bietet einen Bereich, der dem Vergn\u00fcgen von Gro\u00df und Klein gewidmet ist. Sie finden dort Tischtennisplatten, einen Tischfu\u00dfball und einen sicheren Spielplatz f\u00fcr die Kleinen. Ein perfekter Ort, um zu socialisieren, Ihre Reisebegleiter herauszufordern und Tage mit Spa\u00df im Freien zu verbringen.[\/vc_column_text][\/vc_column][vc_column width=&#8220;1\/2&#8243; el_class=&#8220;col_padding mtm30&#8243;][vc_row_inner][vc_column_inner el_class=&#8220;col_attivita&#8220; width=&#8220;1\/2&#8243;][vc_single_image image=&#8220;853&#8243; css_animation=&#8220;zoomIn&#8220; onclick=&#8220;link_image&#8220; css=&#8220;&#8220;][\/vc_column_inner][vc_column_inner el_class=&#8220;col_attivita1 mtd30 mtm15&#8243; width=&#8220;1\/2&#8243;][vc_single_image image=&#8220;854&#8243; css_animation=&#8220;zoomIn&#8220; onclick=&#8220;link_image&#8220; css=&#8220;&#8220;][\/vc_column_inner][\/vc_row_inner][\/vc_column][\/vc_row][vc_row equal_height=&#8220;yes&#8220; el_class=&#8220;ptd60 ptm30 pbd60 pbm30 row_margin&#8220;][vc_column width=&#8220;1\/2&#8243; el_class=&#8220;col_padding&#8220;][vc_column_text css_animation=&#8220;fadeInUp&#8220; css=&#8220;.vc_custom_1743064100326{margin-bottom: 15px !important;}&#8220; color=&#8220;#62ac44&#8243; font_size=&#8220;d:30|pl:25&#8243; font_family=&#8220;Amatic SC&#8220; line_height=&#8220;110%&#8220; font_weight=&#8220;700&#8243;]Entspannung[\/vc_column_text][vc_column_text css_animation=&#8220;fadeInUp&#8220; css=&#8220;&#8220;]\n<h2>Ihr Zufluchtsort<br \/>\nder Ruhe<\/h2>\n[\/vc_column_text][vc_column_text css_animation=&#8220;fadeInUp&#8220; css=&#8220;.vc_custom_1743064118548{margin-top: 35px !important;}&#8220;]G\u00f6nnen Sie sich eine Pause vom Alltag und tauchen Sie in die umliegende Natur ein. Genie\u00dfen Sie unser ausgestattetes Solarium, ideal zum Sonnenbaden oder zum Lesen eines guten Buches in v\u00f6lliger Gelassenheit. Die schattige Umgebung und die Ruhe des Campingplatzes sind perfekt, um K\u00f6rper und Geist zu regenerieren, w\u00e4hrend Sie von den Kl\u00e4ngen und D\u00fcften der Natur umgeben sind.[\/vc_column_text][\/vc_column][vc_column width=&#8220;1\/2&#8243; el_class=&#8220;col_padding mtm30&#8243;][vc_row_inner][vc_column_inner el_class=&#8220;col_attivita&#8220; width=&#8220;1\/2&#8243;][vc_single_image image=&#8220;856&#8243; css_animation=&#8220;zoomIn&#8220; onclick=&#8220;link_image&#8220; css=&#8220;&#8220;][\/vc_column_inner][vc_column_inner el_class=&#8220;col_attivita1 mtd30 mtm15&#8243; width=&#8220;1\/2&#8243;][vc_single_image image=&#8220;852&#8243; css_animation=&#8220;zoomIn&#8220; onclick=&#8220;link_image&#8220; css=&#8220;&#8220;][\/vc_column_inner][\/vc_row_inner][\/vc_column][\/vc_row][vc_row equal_height=&#8220;yes&#8220; columns_right=&#8220;yes&#8220; el_class=&#8220;ptd60 ptm30 pbd120 pbm60 row_margin&#8220;][vc_column width=&#8220;1\/2&#8243; el_class=&#8220;col_padding&#8220;][vc_column_text css_animation=&#8220;fadeInUp&#8220; css=&#8220;.vc_custom_1743064131436{margin-bottom: 15px !important;}&#8220; color=&#8220;#62ac44&#8243; font_size=&#8220;d:30|pl:25&#8243; font_family=&#8220;Amatic SC&#8220; line_height=&#8220;110%&#8220; font_weight=&#8220;700&#8243;]Veranstaltungen &amp; Wanderwege[\/vc_column_text][vc_column_text css_animation=&#8220;fadeInUp&#8220; css=&#8220;&#8220;]\n<h2>Einzigartige Erlebnisse Zwischen Geselligkeit und Natur<\/h2>\n[\/vc_column_text][vc_column_text css_animation=&#8220;fadeInUp&#8220; css=&#8220;.vc_custom_1743064143602{margin-top: 35px !important;}&#8220;]Nehmen Sie an den Veranstaltungen teil, die auf dem Campingplatz organisiert werden \u2013 besondere Gelegenheiten, um neue Freunde zu treffen und Momente echter Geselligkeit zu erleben. Nutzen Sie auch unsere strategische Lage: Wir befinden uns nur wenige Schritte vom Beginn der Wanderwege entfernt, die Levanto mit den Cinque Terre verbinden. Malerische und panoramische Routen, ideal f\u00fcr alle, die die Umgebung erkunden und ihre Sch\u00f6nheit in vollen Z\u00fcgen genie\u00dfen m\u00f6chten.[\/vc_column_text][\/vc_column][vc_column width=&#8220;1\/2&#8243; el_class=&#8220;col_padding mtm30&#8243;][vc_row_inner][vc_column_inner el_class=&#8220;col_attivita&#8220; width=&#8220;1\/2&#8243;][vc_single_image image=&#8220;850&#8243; css_animation=&#8220;zoomIn&#8220; onclick=&#8220;link_image&#8220; css=&#8220;&#8220;][\/vc_column_inner][vc_column_inner el_class=&#8220;col_attivita1 mtd30 mtm15&#8243; width=&#8220;1\/2&#8243;][vc_single_image image=&#8220;851&#8243; css_animation=&#8220;zoomIn&#8220; onclick=&#8220;link_image&#8220; css=&#8220;&#8220;][\/vc_column_inner][\/vc_row_inner][\/vc_column][\/vc_row]\n<\/div>","protected":false},"excerpt":{"rendered":"<p>[vc_row full_width=&#8220;stretch_row_content_no_spaces&#8220; content_placement=&#8220;bottom&#8220; wpex_bg_overlay=&#8220;color&#8220; wpex_bg_overlay_color=&#8220;#3b251a&#8220; wpex_bg_overlay_opacity=&#8220;60&#8243; el_class=&#8220;bordo_grafico&#8220; min_height=&#8220;400&#8243; css=&#8220;.vc_custom_1740989999203{background-image: url(https:\/\/campingcinqueterre.it\/wp-content\/uploads\/2025\/03\/attivita.jpg?id=848) !important;background-position: center !important;background-repeat: no-repeat !important;background-size: cover !important;}&#8220; wpex_bg_position=&#8220;50% 65%&#8220;][vc_column css=&#8220;.vc_custom_1739171075238{background-image: url(https:\/\/campingcinqueterre.it\/wp-content\/uploads\/2025\/02\/bordo-grafico.png?id=163) !important;background-position: center !important;background-repeat: no-repeat !important;background-size: cover !important;}&#8220; wpex_bg_position=&#8220;50% 100%&#8220; wpex_bg_size=&#8220;2000px 130px&#8220;][\/vc_column][\/vc_row][vc_row equal_height=&#8220;yes&#8220; columns_right=&#8220;yes&#8220; el_class=&#8220;ptd120 ptm60 pbd60 pbm30 row_margin&#8220;][vc_column width=&#8220;1\/2&#8243; el_class=&#8220;col_padding&#8220;][vc_column_text css_animation=&#8220;fadeInUp&#8220; css=&#8220;.vc_custom_1743064079118{margin-bottom: 15px !important;}&#8220; color=&#8220;#62ac44&#8243; font_size=&#8220;d:30|pl:25&#8243; font_family=&#8220;Amatic SC&#8220; line_height=&#8220;110%&#8220; font_weight=&#8220;700&#8243;]Spielbereich[\/vc_column_text][vc_column_text css_animation=&#8220;fadeInUp&#8220; css=&#8220;&#8220;] Spa\u00df f\u00fcr&hellip;<\/p>\n","protected":false},"author":3,"featured_media":0,"parent":1553,"menu_order":0,"comment_status":"closed","ping_status":"closed","template":"","meta":{"inline_featured_image":false,"footnotes":""},"class_list":["post-1562","page","type-page","status-publish","hentry","entry","no-media"],"yoast_head":"<!-- This site is optimized with the Yoast SEO plugin v24.7 - https:\/\/yoast.com\/wordpress\/plugins\/seo\/ -->\n<title>Aktivit\u00e4ten - Camping Cinque Terre<\/title>\n<meta name=\"robots\" content=\"index, follow, max-snippet:-1, max-image-preview:large, max-video-preview:-1\" \/>\n<link rel=\"canonical\" href=\"https:\/\/campingcinqueterre.it\/de\/der-campingplatz\/aktivitaeten\/\" \/>\n<meta property=\"og:locale\" content=\"de_DE\" \/>\n<meta property=\"og:type\" content=\"article\" \/>\n<meta property=\"og:title\" content=\"Aktivit\u00e4ten - Camping Cinque Terre\" \/>\n<meta property=\"og:description\" content=\"[vc_row full_width=&#8220;stretch_row_content_no_spaces&#8220; content_placement=&#8220;bottom&#8220; wpex_bg_overlay=&#8220;color&#8220; wpex_bg_overlay_color=&#8220;#3b251a&#8220; wpex_bg_overlay_opacity=&#8220;60&#8243; el_class=&#8220;bordo_grafico&#8220; min_height=&#8220;400&#8243; css=&#8220;.vc_custom_1740989999203{background-image: url(https:\/\/campingcinqueterre.it\/wp-content\/uploads\/2025\/03\/attivita.jpg?id=848) !important;background-position: center !important;background-repeat: no-repeat !important;background-size: cover !important;}&#8220; wpex_bg_position=&#8220;50% 65%&#8220;][vc_column css=&#8220;.vc_custom_1739171075238{background-image: url(https:\/\/campingcinqueterre.it\/wp-content\/uploads\/2025\/02\/bordo-grafico.png?id=163) !important;background-position: center !important;background-repeat: no-repeat !important;background-size: cover !important;}&#8220; wpex_bg_position=&#8220;50% 100%&#8220; wpex_bg_size=&#8220;2000px 130px&#8220;][\/vc_column][\/vc_row][vc_row equal_height=&#8220;yes&#8220; columns_right=&#8220;yes&#8220; el_class=&#8220;ptd120 ptm60 pbd60 pbm30 row_margin&#8220;][vc_column width=&#8220;1\/2&#8243; el_class=&#8220;col_padding&#8220;][vc_column_text css_animation=&#8220;fadeInUp&#8220; css=&#8220;.vc_custom_1743064079118{margin-bottom: 15px !important;}&#8220; color=&#8220;#62ac44&#8243; font_size=&#8220;d:30|pl:25&#8243; font_family=&#8220;Amatic SC&#8220; line_height=&#8220;110%&#8220; font_weight=&#8220;700&#8243;]Spielbereich[\/vc_column_text][vc_column_text css_animation=&#8220;fadeInUp&#8220; css=&#8220;&#8220;] Spa\u00df f\u00fcr&hellip;\" \/>\n<meta property=\"og:url\" content=\"https:\/\/campingcinqueterre.it\/de\/der-campingplatz\/aktivitaeten\/\" \/>\n<meta property=\"og:site_name\" content=\"Camping Cinque Terre\" \/>\n<meta property=\"article:modified_time\" content=\"2025-03-27T08:29:06+00:00\" \/>\n<meta property=\"og:image\" content=\"https:\/\/campingcinqueterre.it\/wp-content\/uploads\/2025\/02\/logo.png\" \/>\n\t<meta property=\"og:image:width\" content=\"185\" \/>\n\t<meta property=\"og:image:height\" content=\"197\" \/>\n\t<meta property=\"og:image:type\" content=\"image\/png\" \/>\n<meta name=\"twitter:card\" content=\"summary_large_image\" \/>\n<meta name=\"twitter:label1\" content=\"Gesch\u00e4tzte Lesezeit\" \/>\n\t<meta name=\"twitter:data1\" content=\"4\u00a0Minuten\" \/>\n<script type=\"application\/ld+json\" class=\"yoast-schema-graph\">{\"@context\":\"https:\/\/schema.org\",\"@graph\":[{\"@type\":\"WebPage\",\"@id\":\"https:\/\/campingcinqueterre.it\/de\/der-campingplatz\/aktivitaeten\/\",\"url\":\"https:\/\/campingcinqueterre.it\/de\/der-campingplatz\/aktivitaeten\/\",\"name\":\"Aktivit\u00e4ten - Camping Cinque Terre\",\"isPartOf\":{\"@id\":\"https:\/\/campingcinqueterre.it\/#website\"},\"datePublished\":\"2025-02-15T06:40:55+00:00\",\"dateModified\":\"2025-03-27T08:29:06+00:00\",\"breadcrumb\":{\"@id\":\"https:\/\/campingcinqueterre.it\/de\/der-campingplatz\/aktivitaeten\/#breadcrumb\"},\"inLanguage\":\"de\",\"potentialAction\":[{\"@type\":\"ReadAction\",\"target\":[\"https:\/\/campingcinqueterre.it\/de\/der-campingplatz\/aktivitaeten\/\"]}]},{\"@type\":\"BreadcrumbList\",\"@id\":\"https:\/\/campingcinqueterre.it\/de\/der-campingplatz\/aktivitaeten\/#breadcrumb\",\"itemListElement\":[{\"@type\":\"ListItem\",\"position\":1,\"name\":\"Home\",\"item\":\"https:\/\/campingcinqueterre.it\/de\/\"},{\"@type\":\"ListItem\",\"position\":2,\"name\":\"Der Campingplatz\",\"item\":\"https:\/\/campingcinqueterre.it\/de\/der-campingplatz\/\"},{\"@type\":\"ListItem\",\"position\":3,\"name\":\"Aktivit\u00e4ten\"}]},{\"@type\":\"WebSite\",\"@id\":\"https:\/\/campingcinqueterre.it\/#website\",\"url\":\"https:\/\/campingcinqueterre.it\/\",\"name\":\"Camping Cinque Terre\",\"description\":\"Natura, Mare ed Emozioni\",\"publisher\":{\"@id\":\"https:\/\/campingcinqueterre.it\/#organization\"},\"potentialAction\":[{\"@type\":\"SearchAction\",\"target\":{\"@type\":\"EntryPoint\",\"urlTemplate\":\"https:\/\/campingcinqueterre.it\/?s={search_term_string}\"},\"query-input\":{\"@type\":\"PropertyValueSpecification\",\"valueRequired\":true,\"valueName\":\"search_term_string\"}}],\"inLanguage\":\"de\"},{\"@type\":\"Organization\",\"@id\":\"https:\/\/campingcinqueterre.it\/#organization\",\"name\":\"CAMPING 5 TERRE\",\"alternateName\":\"CAMPING 5 TERRE\",\"url\":\"https:\/\/campingcinqueterre.it\/\",\"logo\":{\"@type\":\"ImageObject\",\"inLanguage\":\"de\",\"@id\":\"https:\/\/campingcinqueterre.it\/#\/schema\/logo\/image\/\",\"url\":\"https:\/\/campingcinqueterre.it\/wp-content\/uploads\/2025\/02\/logo.png\",\"contentUrl\":\"https:\/\/campingcinqueterre.it\/wp-content\/uploads\/2025\/02\/logo.png\",\"width\":185,\"height\":197,\"caption\":\"CAMPING 5 TERRE\"},\"image\":{\"@id\":\"https:\/\/campingcinqueterre.it\/#\/schema\/logo\/image\/\"}}]}<\/script>\n<!-- \/ Yoast SEO plugin. -->","yoast_head_json":{"title":"Aktivit\u00e4ten - Camping Cinque Terre","robots":{"index":"index","follow":"follow","max-snippet":"max-snippet:-1","max-image-preview":"max-image-preview:large","max-video-preview":"max-video-preview:-1"},"canonical":"https:\/\/campingcinqueterre.it\/de\/der-campingplatz\/aktivitaeten\/","og_locale":"de_DE","og_type":"article","og_title":"Aktivit\u00e4ten - Camping Cinque Terre","og_description":"[vc_row full_width=&#8220;stretch_row_content_no_spaces&#8220; content_placement=&#8220;bottom&#8220; wpex_bg_overlay=&#8220;color&#8220; wpex_bg_overlay_color=&#8220;#3b251a&#8220; wpex_bg_overlay_opacity=&#8220;60&#8243; el_class=&#8220;bordo_grafico&#8220; min_height=&#8220;400&#8243; css=&#8220;.vc_custom_1740989999203{background-image: url(https:\/\/campingcinqueterre.it\/wp-content\/uploads\/2025\/03\/attivita.jpg?id=848) !important;background-position: center !important;background-repeat: no-repeat !important;background-size: cover !important;}&#8220; wpex_bg_position=&#8220;50% 65%&#8220;][vc_column css=&#8220;.vc_custom_1739171075238{background-image: url(https:\/\/campingcinqueterre.it\/wp-content\/uploads\/2025\/02\/bordo-grafico.png?id=163) !important;background-position: center !important;background-repeat: no-repeat !important;background-size: cover !important;}&#8220; wpex_bg_position=&#8220;50% 100%&#8220; wpex_bg_size=&#8220;2000px 130px&#8220;][\/vc_column][\/vc_row][vc_row equal_height=&#8220;yes&#8220; columns_right=&#8220;yes&#8220; el_class=&#8220;ptd120 ptm60 pbd60 pbm30 row_margin&#8220;][vc_column width=&#8220;1\/2&#8243; el_class=&#8220;col_padding&#8220;][vc_column_text css_animation=&#8220;fadeInUp&#8220; css=&#8220;.vc_custom_1743064079118{margin-bottom: 15px !important;}&#8220; color=&#8220;#62ac44&#8243; font_size=&#8220;d:30|pl:25&#8243; font_family=&#8220;Amatic SC&#8220; line_height=&#8220;110%&#8220; font_weight=&#8220;700&#8243;]Spielbereich[\/vc_column_text][vc_column_text css_animation=&#8220;fadeInUp&#8220; css=&#8220;&#8220;] Spa\u00df f\u00fcr&hellip;","og_url":"https:\/\/campingcinqueterre.it\/de\/der-campingplatz\/aktivitaeten\/","og_site_name":"Camping Cinque Terre","article_modified_time":"2025-03-27T08:29:06+00:00","og_image":[{"width":185,"height":197,"url":"https:\/\/campingcinqueterre.it\/wp-content\/uploads\/2025\/02\/logo.png","type":"image\/png"}],"twitter_card":"summary_large_image","twitter_misc":{"Gesch\u00e4tzte Lesezeit":"4\u00a0Minuten"},"schema":{"@context":"https:\/\/schema.org","@graph":[{"@type":"WebPage","@id":"https:\/\/campingcinqueterre.it\/de\/der-campingplatz\/aktivitaeten\/","url":"https:\/\/campingcinqueterre.it\/de\/der-campingplatz\/aktivitaeten\/","name":"Aktivit\u00e4ten - Camping Cinque Terre","isPartOf":{"@id":"https:\/\/campingcinqueterre.it\/#website"},"datePublished":"2025-02-15T06:40:55+00:00","dateModified":"2025-03-27T08:29:06+00:00","breadcrumb":{"@id":"https:\/\/campingcinqueterre.it\/de\/der-campingplatz\/aktivitaeten\/#breadcrumb"},"inLanguage":"de","potentialAction":[{"@type":"ReadAction","target":["https:\/\/campingcinqueterre.it\/de\/der-campingplatz\/aktivitaeten\/"]}]},{"@type":"BreadcrumbList","@id":"https:\/\/campingcinqueterre.it\/de\/der-campingplatz\/aktivitaeten\/#breadcrumb","itemListElement":[{"@type":"ListItem","position":1,"name":"Home","item":"https:\/\/campingcinqueterre.it\/de\/"},{"@type":"ListItem","position":2,"name":"Der Campingplatz","item":"https:\/\/campingcinqueterre.it\/de\/der-campingplatz\/"},{"@type":"ListItem","position":3,"name":"Aktivit\u00e4ten"}]},{"@type":"WebSite","@id":"https:\/\/campingcinqueterre.it\/#website","url":"https:\/\/campingcinqueterre.it\/","name":"Camping Cinque Terre","description":"Natura, Mare ed Emozioni","publisher":{"@id":"https:\/\/campingcinqueterre.it\/#organization"},"potentialAction":[{"@type":"SearchAction","target":{"@type":"EntryPoint","urlTemplate":"https:\/\/campingcinqueterre.it\/?s={search_term_string}"},"query-input":{"@type":"PropertyValueSpecification","valueRequired":true,"valueName":"search_term_string"}}],"inLanguage":"de"},{"@type":"Organization","@id":"https:\/\/campingcinqueterre.it\/#organization","name":"CAMPING 5 TERRE","alternateName":"CAMPING 5 TERRE","url":"https:\/\/campingcinqueterre.it\/","logo":{"@type":"ImageObject","inLanguage":"de","@id":"https:\/\/campingcinqueterre.it\/#\/schema\/logo\/image\/","url":"https:\/\/campingcinqueterre.it\/wp-content\/uploads\/2025\/02\/logo.png","contentUrl":"https:\/\/campingcinqueterre.it\/wp-content\/uploads\/2025\/02\/logo.png","width":185,"height":197,"caption":"CAMPING 5 TERRE"},"image":{"@id":"https:\/\/campingcinqueterre.it\/#\/schema\/logo\/image\/"}}]}},"_links":{"self":[{"href":"https:\/\/campingcinqueterre.it\/de\/wp-json\/wp\/v2\/pages\/1562","targetHints":{"allow":["GET"]}}],"collection":[{"href":"https:\/\/campingcinqueterre.it\/de\/wp-json\/wp\/v2\/pages"}],"about":[{"href":"https:\/\/campingcinqueterre.it\/de\/wp-json\/wp\/v2\/types\/page"}],"author":[{"embeddable":true,"href":"https:\/\/campingcinqueterre.it\/de\/wp-json\/wp\/v2\/users\/3"}],"replies":[{"embeddable":true,"href":"https:\/\/campingcinqueterre.it\/de\/wp-json\/wp\/v2\/comments?post=1562"}],"version-history":[{"count":2,"href":"https:\/\/campingcinqueterre.it\/de\/wp-json\/wp\/v2\/pages\/1562\/revisions"}],"predecessor-version":[{"id":1568,"href":"https:\/\/campingcinqueterre.it\/de\/wp-json\/wp\/v2\/pages\/1562\/revisions\/1568"}],"up":[{"embeddable":true,"href":"https:\/\/campingcinqueterre.it\/de\/wp-json\/wp\/v2\/pages\/1553"}],"wp:attachment":[{"href":"https:\/\/campingcinqueterre.it\/de\/wp-json\/wp\/v2\/media?parent=1562"}],"curies":[{"name":"wp","href":"https:\/\/api.w.org\/{rel}","templated":true}]}}