{"id":1599,"date":"2025-02-09T21:47:39","date_gmt":"2025-02-09T20:47:39","guid":{"rendered":"https:\/\/campingcinqueterre.it\/levanto\/il-mare\/"},"modified":"2025-03-27T10:02:42","modified_gmt":"2025-03-27T09:02:42","slug":"das-meer","status":"publish","type":"page","link":"https:\/\/campingcinqueterre.it\/de\/levanto\/das-meer\/","title":{"rendered":"Das Meer"},"content":{"rendered":"<div class=\"wpb-content-wrapper\">[vc_row full_width=&#8220;stretch_row_content_no_spaces&#8220; content_placement=&#8220;bottom&#8220; wpex_bg_overlay=&#8220;color&#8220; wpex_bg_overlay_color=&#8220;#3b251a&#8220; wpex_bg_overlay_opacity=&#8220;40&#8243; el_class=&#8220;bordo_grafico&#8220; min_height=&#8220;400&#8243; css=&#8220;.vc_custom_1741000655625{background-image: url(https:\/\/campingcinqueterre.it\/wp-content\/uploads\/2025\/03\/sea-and-coast-of-levanto-italy.jpg?id=968) !important;background-position: center !important;background-repeat: no-repeat !important;background-size: cover !important;}&#8220; wpex_bg_position=&#8220;50% 60%&#8220;][vc_column css=&#8220;.vc_custom_1739171075238{background-image: url(https:\/\/campingcinqueterre.it\/wp-content\/uploads\/2025\/02\/bordo-grafico.png?id=163) !important;background-position: center !important;background-repeat: no-repeat !important;background-size: cover !important;}&#8220; wpex_bg_position=&#8220;50% 100%&#8220; wpex_bg_size=&#8220;2000px 130px&#8220;]<style>.vcex-breadcrumbs.vcex_69e738620213a{text-align:center;color:var(--wpex-on-accent);font-family:'Amatic SC';font-size:20px;line-height:150%;}<\/style><nav class=\"vcex-breadcrumbs vcex-breadcrumbs--links-inherit-color vcex-breadcrumbs--custom-color  wpb_animate_when_almost_visible wpb_fadeInUp fadeInUp vcex_69e738620213a\"><span><span><a href=\"https:\/\/campingcinqueterre.it\/de\/\">Home<\/a><\/span><\/span><\/nav><style>.vcex-page-title.vcex_69e7386203e02 .vcex-page-title__heading{color:var(--wpex-on-accent);font-size:60px;font-family:Rubik;font-weight:900;line-height:100%;}@media (max-width:1024px){.vcex-page-title.vcex_69e7386203e02 .vcex-page-title__heading{font-size:50px;}}@media (max-width:959px){.vcex-page-title.vcex_69e7386203e02 .vcex-page-title__heading{font-size:40px;}}@media (max-width:767px){.vcex-page-title.vcex_69e7386203e02 .vcex-page-title__heading{font-size:35px;}}@media (max-width:479px){.vcex-page-title.vcex_69e7386203e02 .vcex-page-title__heading{font-size:35px;}}<\/style><div class=\"vcex-page-title vcex-module wpex-text-center  wpb_animate_when_almost_visible wpb_fadeInUp fadeInUp pbd180 pbm180 vcex_69e7386203e02\"><h1 class=\"vcex-page-title__heading wpex-heading wpex-text-3xl\"><span class=\"vcex-page-title__text\">Das Meer<\/span><\/h1><\/div>[\/vc_column][\/vc_row][vc_row el_class=&#8220;ptd120 pbd10 pbm30 ptm10&#8243;][vc_column css_animation=&#8220;fadeInUp&#8220; width=&#8220;1\/3&#8243;][vc_column_text css=&#8220;&#8220; el_class=&#8220;no_underline link_pag_int&#8220; font_size=&#8220;18&#8243; line_height=&#8220;100%&#8220; font_weight=&#8220;900&#8243; color=&#8220;#3b251a&#8220;]<a href=\"https:\/\/campingcinqueterre.it\/levanto\/la-citta\/\">Die Stadt<\/a><span class=\"arrow\">&gt;<\/span>[\/vc_column_text][vc_column_text css=&#8220;.vc_custom_1743066100282{margin-top: 5px !important;}&#8220; el_class=&#8220;no_underline link_pag_int_corrente&#8220; font_size=&#8220;18&#8243; line_height=&#8220;100%&#8220; font_weight=&#8220;900&#8243; color=&#8220;#ffffff&#8220;]<a href=\"https:\/\/campingcinqueterre.it\/de\/levanto\/das-meer\/\">Das Meer<\/a><span class=\"arrow\">&gt;<\/span>[\/vc_column_text][vc_column_text css=&#8220;.vc_custom_1743066120302{margin-top: 5px !important;}&#8220; el_class=&#8220;no_underline link_pag_int&#8220; font_size=&#8220;18&#8243; line_height=&#8220;100%&#8220; font_weight=&#8220;900&#8243; color=&#8220;#3b251a&#8220;]<a href=\"https:\/\/campingcinqueterre.it\/gli-eventi\/\">Veranstaltungen<\/a><span class=\"arrow\">&gt;<\/span>[\/vc_column_text][vc_row_inner][vc_column_inner el_class=&#8220;box_giallo mtd30 mtm15&#8243; css=&#8220;.vc_custom_1740984463711{background-image: url(https:\/\/campingcinqueterre.it\/wp-content\/uploads\/2025\/03\/box_colorato.jpg?id=792) !important;background-position: center !important;background-repeat: no-repeat !important;background-size: cover !important;}&#8220;][vc_single_image image=&#8220;793&#8243; alignment=&#8220;center&#8220; css=&#8220;&#8220; el_class=&#8220;phone_icon&#8220;][vc_column_text css=&#8220;.vc_custom_1743066131439{margin-top: 35px !important;}&#8220; font_size=&#8220;d:40|tl:35|tp:30|pl:35|pp:30&#8243; font_family=&#8220;Amatic SC&#8220; line_height=&#8220;110%&#8220; color=&#8220;#3b251a&#8220; font_weight=&#8220;700&#8243;]\n<p style=\"text-align: center;\">Rufen Sie uns jetzt<br \/>\nf\u00fcr das Camping an<\/p>\n[\/vc_column_text][vc_column_text css=&#8220;.vc_custom_1740984915157{margin-top: 35px !important;}&#8220; color=&#8220;#3b251a&#8220; font_size=&#8220;d:26|tl:22|tp:18|pl:20|pp:20&#8243; line_height=&#8220;110%&#8220; font_weight=&#8220;400&#8243; el_class=&#8220;no_underline&#8220;]\n<p style=\"text-align: center;\"><a href=\"tel:+390187801252\" target=\"_blank\" rel=\"noopener\">+39 0187 801252<\/a><\/p>\n[\/vc_column_text][\/vc_column_inner][\/vc_row_inner][\/vc_column][vc_column css_animation=&#8220;fadeInRight&#8220; width=&#8220;2\/3&#8243; el_class=&#8220;mtm30&#8243;][vc_single_image image=&#8220;968&#8243; img_size=&#8220;1000&#215;500&#8243; onclick=&#8220;link_image&#8220; css=&#8220;&#8220;][vc_single_image image=&#8220;962&#8243; css=&#8220;&#8220; el_class=&#8220;icon_foto_pag_int&#8220;][vc_row_inner][vc_column_inner el_class=&#8220;box_ini_pag&#8220;][vc_column_text css=&#8220;&#8220; font_size=&#8220;d:30|pl:25&#8243; font_family=&#8220;Rubik&#8220; line_height=&#8220;110%&#8220; font_weight=&#8220;900&#8243; color=&#8220;#3b251a&#8220;]\n<h3 style=\"text-align: center;\">Das Meer von Levanto<\/h3>\n[\/vc_column_text][vc_column_text css=&#8220;.vc_custom_1743066146352{margin-top: 35px !important;}&#8220;]\n<p style=\"text-align: center;\">Levanto, zwischen den Cinque Terre und der Provinz Genua gelegen, ist ein ideales Ziel f\u00fcr Windsurf-, Surf- und Bodyboard-Liebhaber. In den letzten zehn Jahren hat seine Bekanntheit dank einzigartiger Bedingungen in Italien zugenommen, mit Double Over Head-Wellen, die mehr als doppelt so hoch sind wie eine Person. Diese Wellen, die im Winter bis zu 4 Meter erreichen k\u00f6nnen, entstehen durch starke s\u00fcdwestliche Winde, die in den Golf einstr\u00f6men.<\/p>\n[\/vc_column_text][\/vc_column_inner][\/vc_row_inner][\/vc_column][\/vc_row][vc_row content_placement=&#8220;middle&#8220; el_class=&#8220;ptd20 pbd120 pbm60 ptm30&#8243;][vc_column css_animation=&#8220;fadeInUp&#8220; width=&#8220;1\/3&#8243;][\/vc_column][vc_column css_animation=&#8220;zoomIn&#8220; width=&#8220;1\/3&#8243; el_class=&#8220;order1 mtm30&#8243;][vc_single_image image=&#8220;982&#8243; img_size=&#8220;600&#215;1000&#8243; onclick=&#8220;link_image&#8220; css=&#8220;&#8220;][\/vc_column][vc_column width=&#8220;1\/3&#8243; el_class=&#8220;order0&#8243;][vc_column_text css=&#8220;&#8220; font_size=&#8220;d:30|pl:25&#8243; font_family=&#8220;Rubik&#8220; line_height=&#8220;110%&#8220; font_weight=&#8220;900&#8243; color=&#8220;#3b251a&#8220;]\n<h3 style=\"text-align: left;\">Tauchen<\/h3>\n[\/vc_column_text][vc_column_text css=&#8220;.vc_custom_1743066160134{margin-top: 30px !important;}&#8220;]\n<p style=\"text-align: left;\">Das Meer von Levanto ist ein beliebtes Ziel f\u00fcr Tauchbegeisterte. Es gibt \u00fcber zwanzig Tauchpl\u00e4tze, die sowohl Anf\u00e4ngern als auch erfahrenen Tauchern gerecht werden. In der N\u00e4he des Golfs befinden sich mehrere Wracks, haupts\u00e4chlich Kriegsschiffe, die w\u00e4hrend des Zweiten Weltkriegs gesunken sind und im Rahmen organisierter Tauchg\u00e4nge erkundet werden k\u00f6nnen.<\/p>\n[\/vc_column_text][\/vc_column][\/vc_row]\n<\/div>","protected":false},"excerpt":{"rendered":"<p>[vc_row full_width=&#8220;stretch_row_content_no_spaces&#8220; content_placement=&#8220;bottom&#8220; wpex_bg_overlay=&#8220;color&#8220; wpex_bg_overlay_color=&#8220;#3b251a&#8220; wpex_bg_overlay_opacity=&#8220;40&#8243; el_class=&#8220;bordo_grafico&#8220; min_height=&#8220;400&#8243; css=&#8220;.vc_custom_1741000655625{background-image: url(https:\/\/campingcinqueterre.it\/wp-content\/uploads\/2025\/03\/sea-and-coast-of-levanto-italy.jpg?id=968) !important;background-position: center !important;background-repeat: no-repeat !important;background-size: cover !important;}&#8220; wpex_bg_position=&#8220;50% 60%&#8220;][vc_column css=&#8220;.vc_custom_1739171075238{background-image: url(https:\/\/campingcinqueterre.it\/wp-content\/uploads\/2025\/02\/bordo-grafico.png?id=163) !important;background-position: center !important;background-repeat: no-repeat !important;background-size: cover !important;}&#8220; wpex_bg_position=&#8220;50% 100%&#8220; wpex_bg_size=&#8220;2000px 130px&#8220;][\/vc_column][\/vc_row][vc_row el_class=&#8220;ptd120 pbd10 pbm30 ptm10&#8243;][vc_column css_animation=&#8220;fadeInUp&#8220; width=&#8220;1\/3&#8243;][vc_column_text css=&#8220;&#8220; el_class=&#8220;no_underline link_pag_int&#8220; font_size=&#8220;18&#8243; line_height=&#8220;100%&#8220; font_weight=&#8220;900&#8243; color=&#8220;#3b251a&#8220;]Die Stadt&gt;[\/vc_column_text][vc_column_text css=&#8220;.vc_custom_1743066100282{margin-top: 5px !important;}&#8220; el_class=&#8220;no_underline link_pag_int_corrente&#8220; font_size=&#8220;18&#8243; line_height=&#8220;100%&#8220; font_weight=&#8220;900&#8243; color=&#8220;#ffffff&#8220;]Das&hellip;<\/p>\n","protected":false},"author":3,"featured_media":0,"parent":1584,"menu_order":0,"comment_status":"closed","ping_status":"closed","template":"","meta":{"inline_featured_image":false,"footnotes":""},"class_list":["post-1599","page","type-page","status-publish","hentry","entry","no-media"],"yoast_head":"<!-- This site is optimized with the Yoast SEO plugin v24.7 - https:\/\/yoast.com\/wordpress\/plugins\/seo\/ -->\n<title>Das Meer - Camping Cinque Terre<\/title>\n<meta name=\"robots\" content=\"index, follow, max-snippet:-1, max-image-preview:large, max-video-preview:-1\" \/>\n<link rel=\"canonical\" href=\"https:\/\/campingcinqueterre.it\/de\/levanto\/das-meer\/\" \/>\n<meta property=\"og:locale\" content=\"de_DE\" \/>\n<meta property=\"og:type\" content=\"article\" \/>\n<meta property=\"og:title\" content=\"Das Meer - Camping Cinque Terre\" \/>\n<meta property=\"og:description\" content=\"[vc_row full_width=&#8220;stretch_row_content_no_spaces&#8220; content_placement=&#8220;bottom&#8220; wpex_bg_overlay=&#8220;color&#8220; wpex_bg_overlay_color=&#8220;#3b251a&#8220; wpex_bg_overlay_opacity=&#8220;40&#8243; el_class=&#8220;bordo_grafico&#8220; min_height=&#8220;400&#8243; css=&#8220;.vc_custom_1741000655625{background-image: url(https:\/\/campingcinqueterre.it\/wp-content\/uploads\/2025\/03\/sea-and-coast-of-levanto-italy.jpg?id=968) !important;background-position: center !important;background-repeat: no-repeat !important;background-size: cover !important;}&#8220; wpex_bg_position=&#8220;50% 60%&#8220;][vc_column css=&#8220;.vc_custom_1739171075238{background-image: url(https:\/\/campingcinqueterre.it\/wp-content\/uploads\/2025\/02\/bordo-grafico.png?id=163) !important;background-position: center !important;background-repeat: no-repeat !important;background-size: cover !important;}&#8220; wpex_bg_position=&#8220;50% 100%&#8220; wpex_bg_size=&#8220;2000px 130px&#8220;][\/vc_column][\/vc_row][vc_row el_class=&#8220;ptd120 pbd10 pbm30 ptm10&#8243;][vc_column css_animation=&#8220;fadeInUp&#8220; width=&#8220;1\/3&#8243;][vc_column_text css=&#8220;&#8220; el_class=&#8220;no_underline link_pag_int&#8220; font_size=&#8220;18&#8243; line_height=&#8220;100%&#8220; font_weight=&#8220;900&#8243; color=&#8220;#3b251a&#8220;]Die Stadt&gt;[\/vc_column_text][vc_column_text css=&#8220;.vc_custom_1743066100282{margin-top: 5px !important;}&#8220; el_class=&#8220;no_underline link_pag_int_corrente&#8220; font_size=&#8220;18&#8243; line_height=&#8220;100%&#8220; font_weight=&#8220;900&#8243; color=&#8220;#ffffff&#8220;]Das&hellip;\" \/>\n<meta property=\"og:url\" content=\"https:\/\/campingcinqueterre.it\/de\/levanto\/das-meer\/\" \/>\n<meta property=\"og:site_name\" content=\"Camping Cinque Terre\" \/>\n<meta property=\"article:modified_time\" content=\"2025-03-27T09:02:42+00:00\" \/>\n<meta property=\"og:image\" content=\"https:\/\/campingcinqueterre.it\/wp-content\/uploads\/2025\/02\/logo.png\" \/>\n\t<meta property=\"og:image:width\" content=\"185\" \/>\n\t<meta property=\"og:image:height\" content=\"197\" \/>\n\t<meta property=\"og:image:type\" content=\"image\/png\" \/>\n<meta name=\"twitter:card\" content=\"summary_large_image\" \/>\n<meta name=\"twitter:label1\" content=\"Gesch\u00e4tzte Lesezeit\" \/>\n\t<meta name=\"twitter:data1\" content=\"3\u00a0Minuten\" \/>\n<script type=\"application\/ld+json\" class=\"yoast-schema-graph\">{\"@context\":\"https:\/\/schema.org\",\"@graph\":[{\"@type\":\"WebPage\",\"@id\":\"https:\/\/campingcinqueterre.it\/de\/levanto\/das-meer\/\",\"url\":\"https:\/\/campingcinqueterre.it\/de\/levanto\/das-meer\/\",\"name\":\"Das Meer - Camping Cinque Terre\",\"isPartOf\":{\"@id\":\"https:\/\/campingcinqueterre.it\/#website\"},\"datePublished\":\"2025-02-09T20:47:39+00:00\",\"dateModified\":\"2025-03-27T09:02:42+00:00\",\"breadcrumb\":{\"@id\":\"https:\/\/campingcinqueterre.it\/de\/levanto\/das-meer\/#breadcrumb\"},\"inLanguage\":\"de\",\"potentialAction\":[{\"@type\":\"ReadAction\",\"target\":[\"https:\/\/campingcinqueterre.it\/de\/levanto\/das-meer\/\"]}]},{\"@type\":\"BreadcrumbList\",\"@id\":\"https:\/\/campingcinqueterre.it\/de\/levanto\/das-meer\/#breadcrumb\",\"itemListElement\":[{\"@type\":\"ListItem\",\"position\":1,\"name\":\"Home\",\"item\":\"https:\/\/campingcinqueterre.it\/de\/\"},{\"@type\":\"ListItem\",\"position\":2,\"name\":\"Levanto\",\"item\":\"https:\/\/campingcinqueterre.it\/de\/levanto\/\"},{\"@type\":\"ListItem\",\"position\":3,\"name\":\"Das Meer\"}]},{\"@type\":\"WebSite\",\"@id\":\"https:\/\/campingcinqueterre.it\/#website\",\"url\":\"https:\/\/campingcinqueterre.it\/\",\"name\":\"Camping Cinque Terre\",\"description\":\"Natura, Mare ed Emozioni\",\"publisher\":{\"@id\":\"https:\/\/campingcinqueterre.it\/#organization\"},\"potentialAction\":[{\"@type\":\"SearchAction\",\"target\":{\"@type\":\"EntryPoint\",\"urlTemplate\":\"https:\/\/campingcinqueterre.it\/?s={search_term_string}\"},\"query-input\":{\"@type\":\"PropertyValueSpecification\",\"valueRequired\":true,\"valueName\":\"search_term_string\"}}],\"inLanguage\":\"de\"},{\"@type\":\"Organization\",\"@id\":\"https:\/\/campingcinqueterre.it\/#organization\",\"name\":\"CAMPING 5 TERRE\",\"alternateName\":\"CAMPING 5 TERRE\",\"url\":\"https:\/\/campingcinqueterre.it\/\",\"logo\":{\"@type\":\"ImageObject\",\"inLanguage\":\"de\",\"@id\":\"https:\/\/campingcinqueterre.it\/#\/schema\/logo\/image\/\",\"url\":\"https:\/\/campingcinqueterre.it\/wp-content\/uploads\/2025\/02\/logo.png\",\"contentUrl\":\"https:\/\/campingcinqueterre.it\/wp-content\/uploads\/2025\/02\/logo.png\",\"width\":185,\"height\":197,\"caption\":\"CAMPING 5 TERRE\"},\"image\":{\"@id\":\"https:\/\/campingcinqueterre.it\/#\/schema\/logo\/image\/\"}}]}<\/script>\n<!-- \/ Yoast SEO plugin. -->","yoast_head_json":{"title":"Das Meer - Camping Cinque Terre","robots":{"index":"index","follow":"follow","max-snippet":"max-snippet:-1","max-image-preview":"max-image-preview:large","max-video-preview":"max-video-preview:-1"},"canonical":"https:\/\/campingcinqueterre.it\/de\/levanto\/das-meer\/","og_locale":"de_DE","og_type":"article","og_title":"Das Meer - Camping Cinque Terre","og_description":"[vc_row full_width=&#8220;stretch_row_content_no_spaces&#8220; content_placement=&#8220;bottom&#8220; wpex_bg_overlay=&#8220;color&#8220; wpex_bg_overlay_color=&#8220;#3b251a&#8220; wpex_bg_overlay_opacity=&#8220;40&#8243; el_class=&#8220;bordo_grafico&#8220; min_height=&#8220;400&#8243; css=&#8220;.vc_custom_1741000655625{background-image: url(https:\/\/campingcinqueterre.it\/wp-content\/uploads\/2025\/03\/sea-and-coast-of-levanto-italy.jpg?id=968) !important;background-position: center !important;background-repeat: no-repeat !important;background-size: cover !important;}&#8220; wpex_bg_position=&#8220;50% 60%&#8220;][vc_column css=&#8220;.vc_custom_1739171075238{background-image: url(https:\/\/campingcinqueterre.it\/wp-content\/uploads\/2025\/02\/bordo-grafico.png?id=163) !important;background-position: center !important;background-repeat: no-repeat !important;background-size: cover !important;}&#8220; wpex_bg_position=&#8220;50% 100%&#8220; wpex_bg_size=&#8220;2000px 130px&#8220;][\/vc_column][\/vc_row][vc_row el_class=&#8220;ptd120 pbd10 pbm30 ptm10&#8243;][vc_column css_animation=&#8220;fadeInUp&#8220; width=&#8220;1\/3&#8243;][vc_column_text css=&#8220;&#8220; el_class=&#8220;no_underline link_pag_int&#8220; font_size=&#8220;18&#8243; line_height=&#8220;100%&#8220; font_weight=&#8220;900&#8243; color=&#8220;#3b251a&#8220;]Die Stadt&gt;[\/vc_column_text][vc_column_text css=&#8220;.vc_custom_1743066100282{margin-top: 5px !important;}&#8220; el_class=&#8220;no_underline link_pag_int_corrente&#8220; font_size=&#8220;18&#8243; line_height=&#8220;100%&#8220; font_weight=&#8220;900&#8243; color=&#8220;#ffffff&#8220;]Das&hellip;","og_url":"https:\/\/campingcinqueterre.it\/de\/levanto\/das-meer\/","og_site_name":"Camping Cinque Terre","article_modified_time":"2025-03-27T09:02:42+00:00","og_image":[{"width":185,"height":197,"url":"https:\/\/campingcinqueterre.it\/wp-content\/uploads\/2025\/02\/logo.png","type":"image\/png"}],"twitter_card":"summary_large_image","twitter_misc":{"Gesch\u00e4tzte Lesezeit":"3\u00a0Minuten"},"schema":{"@context":"https:\/\/schema.org","@graph":[{"@type":"WebPage","@id":"https:\/\/campingcinqueterre.it\/de\/levanto\/das-meer\/","url":"https:\/\/campingcinqueterre.it\/de\/levanto\/das-meer\/","name":"Das Meer - Camping Cinque Terre","isPartOf":{"@id":"https:\/\/campingcinqueterre.it\/#website"},"datePublished":"2025-02-09T20:47:39+00:00","dateModified":"2025-03-27T09:02:42+00:00","breadcrumb":{"@id":"https:\/\/campingcinqueterre.it\/de\/levanto\/das-meer\/#breadcrumb"},"inLanguage":"de","potentialAction":[{"@type":"ReadAction","target":["https:\/\/campingcinqueterre.it\/de\/levanto\/das-meer\/"]}]},{"@type":"BreadcrumbList","@id":"https:\/\/campingcinqueterre.it\/de\/levanto\/das-meer\/#breadcrumb","itemListElement":[{"@type":"ListItem","position":1,"name":"Home","item":"https:\/\/campingcinqueterre.it\/de\/"},{"@type":"ListItem","position":2,"name":"Levanto","item":"https:\/\/campingcinqueterre.it\/de\/levanto\/"},{"@type":"ListItem","position":3,"name":"Das Meer"}]},{"@type":"WebSite","@id":"https:\/\/campingcinqueterre.it\/#website","url":"https:\/\/campingcinqueterre.it\/","name":"Camping Cinque Terre","description":"Natura, Mare ed Emozioni","publisher":{"@id":"https:\/\/campingcinqueterre.it\/#organization"},"potentialAction":[{"@type":"SearchAction","target":{"@type":"EntryPoint","urlTemplate":"https:\/\/campingcinqueterre.it\/?s={search_term_string}"},"query-input":{"@type":"PropertyValueSpecification","valueRequired":true,"valueName":"search_term_string"}}],"inLanguage":"de"},{"@type":"Organization","@id":"https:\/\/campingcinqueterre.it\/#organization","name":"CAMPING 5 TERRE","alternateName":"CAMPING 5 TERRE","url":"https:\/\/campingcinqueterre.it\/","logo":{"@type":"ImageObject","inLanguage":"de","@id":"https:\/\/campingcinqueterre.it\/#\/schema\/logo\/image\/","url":"https:\/\/campingcinqueterre.it\/wp-content\/uploads\/2025\/02\/logo.png","contentUrl":"https:\/\/campingcinqueterre.it\/wp-content\/uploads\/2025\/02\/logo.png","width":185,"height":197,"caption":"CAMPING 5 TERRE"},"image":{"@id":"https:\/\/campingcinqueterre.it\/#\/schema\/logo\/image\/"}}]}},"_links":{"self":[{"href":"https:\/\/campingcinqueterre.it\/de\/wp-json\/wp\/v2\/pages\/1599","targetHints":{"allow":["GET"]}}],"collection":[{"href":"https:\/\/campingcinqueterre.it\/de\/wp-json\/wp\/v2\/pages"}],"about":[{"href":"https:\/\/campingcinqueterre.it\/de\/wp-json\/wp\/v2\/types\/page"}],"author":[{"embeddable":true,"href":"https:\/\/campingcinqueterre.it\/de\/wp-json\/wp\/v2\/users\/3"}],"replies":[{"embeddable":true,"href":"https:\/\/campingcinqueterre.it\/de\/wp-json\/wp\/v2\/comments?post=1599"}],"version-history":[{"count":2,"href":"https:\/\/campingcinqueterre.it\/de\/wp-json\/wp\/v2\/pages\/1599\/revisions"}],"predecessor-version":[{"id":1605,"href":"https:\/\/campingcinqueterre.it\/de\/wp-json\/wp\/v2\/pages\/1599\/revisions\/1605"}],"up":[{"embeddable":true,"href":"https:\/\/campingcinqueterre.it\/de\/wp-json\/wp\/v2\/pages\/1584"}],"wp:attachment":[{"href":"https:\/\/campingcinqueterre.it\/de\/wp-json\/wp\/v2\/media?parent=1599"}],"curies":[{"name":"wp","href":"https:\/\/api.w.org\/{rel}","templated":true}]}}