{"id":1608,"date":"2025-02-09T21:47:27","date_gmt":"2025-02-09T20:47:27","guid":{"rendered":"https:\/\/campingcinqueterre.it\/levanto\/la-citta\/"},"modified":"2025-03-27T12:02:44","modified_gmt":"2025-03-27T11:02:44","slug":"die-stadt","status":"publish","type":"page","link":"https:\/\/campingcinqueterre.it\/de\/levanto\/die-stadt\/","title":{"rendered":"Die Stadt"},"content":{"rendered":"<div class=\"wpb-content-wrapper\">[vc_row full_width=&#8220;stretch_row_content_no_spaces&#8220; content_placement=&#8220;bottom&#8220; wpex_bg_overlay=&#8220;color&#8220; wpex_bg_overlay_color=&#8220;#3b251a&#8220; wpex_bg_overlay_opacity=&#8220;40&#8243; el_class=&#8220;bordo_grafico&#8220; min_height=&#8220;400&#8243; css=&#8220;.vc_custom_1740998044014{background-image: url(https:\/\/campingcinqueterre.it\/wp-content\/uploads\/2025\/02\/levanto-spiaggia-primavera.jpg?id=460) !important;background-position: center !important;background-repeat: no-repeat !important;background-size: cover !important;}&#8220; wpex_bg_position=&#8220;50% 80%&#8220;][vc_column css=&#8220;.vc_custom_1739171075238{background-image: url(https:\/\/campingcinqueterre.it\/wp-content\/uploads\/2025\/02\/bordo-grafico.png?id=163) !important;background-position: center !important;background-repeat: no-repeat !important;background-size: cover !important;}&#8220; wpex_bg_position=&#8220;50% 100%&#8220; wpex_bg_size=&#8220;2000px 130px&#8220;]<style>.vcex-breadcrumbs.vcex_69e74c3a05052{text-align:center;color:var(--wpex-on-accent);font-family:'Amatic SC';font-size:20px;line-height:150%;}<\/style><nav class=\"vcex-breadcrumbs vcex-breadcrumbs--links-inherit-color vcex-breadcrumbs--custom-color  wpb_animate_when_almost_visible wpb_fadeInUp fadeInUp vcex_69e74c3a05052\"><span><span><a href=\"https:\/\/campingcinqueterre.it\/de\/\">Home<\/a><\/span><\/span><\/nav><style>.vcex-page-title.vcex_69e74c3a07c3c .vcex-page-title__heading{color:var(--wpex-on-accent);font-size:60px;font-family:Rubik;font-weight:900;line-height:100%;}@media (max-width:1024px){.vcex-page-title.vcex_69e74c3a07c3c .vcex-page-title__heading{font-size:50px;}}@media (max-width:959px){.vcex-page-title.vcex_69e74c3a07c3c .vcex-page-title__heading{font-size:40px;}}@media (max-width:767px){.vcex-page-title.vcex_69e74c3a07c3c .vcex-page-title__heading{font-size:35px;}}@media (max-width:479px){.vcex-page-title.vcex_69e74c3a07c3c .vcex-page-title__heading{font-size:35px;}}<\/style><div class=\"vcex-page-title vcex-module wpex-text-center  wpb_animate_when_almost_visible wpb_fadeInUp fadeInUp pbd180 pbm180 vcex_69e74c3a07c3c\"><h1 class=\"vcex-page-title__heading wpex-heading wpex-text-3xl\"><span class=\"vcex-page-title__text\">Die Stadt<\/span><\/h1><\/div>[\/vc_column][\/vc_row][vc_row equal_height=&#8220;yes&#8220; el_class=&#8220;ptd120 pbd10 pbm30 ptm10&#8243;][vc_column css_animation=&#8220;fadeInUp&#8220; width=&#8220;1\/3&#8243;][vc_column_text css=&#8220;&#8220; el_class=&#8220;no_underline link_pag_int_corrente&#8220; font_size=&#8220;18&#8243; line_height=&#8220;100%&#8220; font_weight=&#8220;900&#8243; color=&#8220;on-accent&#8220;]<a href=\"https:\/\/campingcinqueterre.it\/de\/levanto\/die-stadt\/\">Die Stadt<\/a><span class=\"arrow\">&gt;<\/span>[\/vc_column_text][vc_column_text css=&#8220;.vc_custom_1743066874320{margin-top: 5px !important;}&#8220; el_class=&#8220;no_underline link_pag_int&#8220; font_size=&#8220;18&#8243; line_height=&#8220;100%&#8220; font_weight=&#8220;900&#8243; color=&#8220;#3b251a&#8220;]<a href=\"https:\/\/campingcinqueterre.it\/de\/levanto\/das-meer\/\">Das Meer<\/a><span class=\"arrow\">&gt;<\/span>[\/vc_column_text][vc_column_text css=&#8220;.vc_custom_1743073362055{margin-top: 5px !important;}&#8220; el_class=&#8220;no_underline link_pag_int&#8220; font_size=&#8220;18&#8243; line_height=&#8220;100%&#8220; font_weight=&#8220;900&#8243; color=&#8220;#3b251a&#8220;]<a href=\"https:\/\/campingcinqueterre.it\/de\/levanto\/veranstaltungen\/\">Veranstaltungen<\/a><span class=\"arrow\">&gt;<\/span>[\/vc_column_text][vc_row_inner][vc_column_inner el_class=&#8220;box_giallo mtd30 mtm15&#8243; css=&#8220;.vc_custom_1740984463711{background-image: url(https:\/\/campingcinqueterre.it\/wp-content\/uploads\/2025\/03\/box_colorato.jpg?id=792) !important;background-position: center !important;background-repeat: no-repeat !important;background-size: cover !important;}&#8220;][vc_single_image image=&#8220;793&#8243; alignment=&#8220;center&#8220; css=&#8220;&#8220; el_class=&#8220;phone_icon&#8220;][vc_column_text css=&#8220;.vc_custom_1743066898112{margin-top: 35px !important;}&#8220; font_size=&#8220;d:40|tl:35|tp:30|pl:35|pp:30&#8243; font_family=&#8220;Amatic SC&#8220; line_height=&#8220;110%&#8220; color=&#8220;#3b251a&#8220; font_weight=&#8220;700&#8243;]\n<p style=\"text-align: center;\">Rufen Sie uns jetzt<br \/>\nf\u00fcr das Camping an<\/p>\n[\/vc_column_text][vc_column_text css=&#8220;.vc_custom_1740984915157{margin-top: 35px !important;}&#8220; color=&#8220;#3b251a&#8220; font_size=&#8220;d:26|tl:22|tp:18|pl:20|pp:20&#8243; line_height=&#8220;110%&#8220; font_weight=&#8220;400&#8243; el_class=&#8220;no_underline&#8220;]\n<p style=\"text-align: center;\"><a href=\"tel:+390187801252\" target=\"_blank\" rel=\"noopener\">+39 0187 801252<\/a><\/p>\n[\/vc_column_text][\/vc_column_inner][\/vc_row_inner][vc_row_inner css=&#8220;.vc_custom_1741858012860{margin-top: 30px !important;}&#8220;][vc_column_inner el_class=&#8220;col_pista&#8220; css=&#8220;.vc_custom_1741859866875{background-color: #EAEAEA !important;}&#8220;]<style>.vcex-icon-box.vcex_69e74c3a0c317 .vcex-icon-box-content{color:#3b251a;font-size:18px;}.vcex-icon-box.vcex_69e74c3a0c317 .vcex-icon-box-heading{margin-bottom:0px;color:var(--wpex-accent);font-family:'Amatic SC';font-weight:700;}.vcex-icon-box.vcex_69e74c3a0c317 .vcex-icon-box-icon{color:var(--wpex-accent);}.vcex-icon-box.vcex_69e74c3a0c317 .vcex-icon-box-image{width:35px;}@media (max-width:1024px){.vcex-icon-box.vcex_69e74c3a0c317 .vcex-icon-box-content{font-size:16px;}}@media (max-width:959px){.vcex-icon-box.vcex_69e74c3a0c317 .vcex-icon-box-content{font-size:12px;}}@media (max-width:767px){.vcex-icon-box.vcex_69e74c3a0c317 .vcex-icon-box-content{font-size:16px;}}<\/style><div class=\"vcex-module vcex-icon-box vcex-icon-box-one wpex-flex wpex-text-left vcex_69e74c3a0c317\"><div class=\"vcex-icon-box-symbol vcex-icon-box-symbol--image wpex-flex-shrink-0 wpex-mr-20\"><img loading=\"lazy\" class=\"vcex-icon-box-image wpex-align-middle\" decoding=\"async\" src=\"https:\/\/campingcinqueterre.it\/wp-content\/uploads\/2025\/03\/bycicle-35x35.png\" alt=\"\" srcset=\"https:\/\/campingcinqueterre.it\/wp-content\/uploads\/2025\/03\/bycicle-35x35.png 35w, https:\/\/campingcinqueterre.it\/wp-content\/uploads\/2025\/03\/bycicle.png 64w\" width=\"35\" height=\"35\"><\/div><div class=\"vcex-icon-box-text wpex-flex-grow\"><h2 class=\"vcex-icon-box-heading wpex-heading wpex-text-md\">Rad- und Fu\u00dfg\u00e4ngerweg<\/h2><div class=\"vcex-icon-box-content wpex-last-mb-0 wpex-clr\"><p>LEVANTO &#8211; FRAMURA<\/p>\n<\/div><\/div><\/div>[\/vc_column_inner][\/vc_row_inner][vc_single_image image=&#8220;1160&#8243; css=&#8220;&#8220;][\/vc_column][vc_column css_animation=&#8220;fadeInRight&#8220; width=&#8220;2\/3&#8243; el_class=&#8220;mtm30&#8243;][vc_single_image image=&#8220;968&#8243; img_size=&#8220;1000&#215;500&#8243; onclick=&#8220;link_image&#8220; css=&#8220;&#8220;][vc_single_image image=&#8220;623&#8243; css=&#8220;&#8220; el_class=&#8220;icon_foto_pag_int&#8220;][vc_row_inner][vc_column_inner el_class=&#8220;box_ini_pag&#8220;][vc_column_text css=&#8220;&#8220; font_size=&#8220;d:30|pl:25&#8243; font_family=&#8220;Rubik&#8220; line_height=&#8220;110%&#8220; font_weight=&#8220;900&#8243; color=&#8220;#3b251a&#8220;]\n<h3 style=\"text-align: center;\">Levanto<\/h3>\n[\/vc_column_text][vc_column_text css=&#8220;.vc_custom_1743066922593{margin-top: 35px !important;}&#8220;]\n<p style=\"text-align: center;\">Levanto, eine Stadt mit <strong>6.000 Einwohnern<\/strong> in der Provinz <strong>La Spezia<\/strong>, ist bekannt f\u00fcr ihr Meer, ihre Str\u00e4nde und die N\u00e4he zu den <strong>Cinque Terre<\/strong>, ein ideales Ziel f\u00fcr Touristen und <strong>Wanderfreunde<\/strong>. Die Cinque Terre sind leicht mit dem <strong>Zug<\/strong> oder der <strong>F\u00e4hre<\/strong> zu erreichen, die zweimal t\u00e4glich abf\u00e4hrt. Levanto ist mit dem Auto \u00fcber die Autobahn A12 (Ausfahrt Carrodano-Levanto) oder <strong>mit dem Zug<\/strong> erreichbar, mit einer Station auf der <strong>Genua-Rom<\/strong>-Linie, die in den Sommermonaten verst\u00e4rkt wird.<\/p>\n[\/vc_column_text][vc_column_text css=&#8220;.vc_custom_1743066929226{margin-top: 50px !important;}&#8220; font_size=&#8220;d:30|pl:25&#8243; font_family=&#8220;Rubik&#8220; line_height=&#8220;110%&#8220; font_weight=&#8220;900&#8243; color=&#8220;#3b251a&#8220;]\n<h3 style=\"text-align: center;\">Nationalpark Cinque Terre<\/h3>\n[\/vc_column_text][vc_column_text css=&#8220;.vc_custom_1743066936926{margin-top: 35px !important;}&#8220;]\n<p style=\"text-align: center;\">Unser Campingplatz liegt nur wenige Schritte vom Nationalpark Cinque Terre entfernt, einem Paradies, in dem atemberaubende Landschaften, malerische D\u00f6rfer und kristallklares Wasser auf Sie warten. Dank der strategischen Lage sind diese Wunder leicht und schnell zu erreichen, was unseren Campingplatz zum perfekten Ausgangspunkt macht, um diese bezaubernde Ecke Italiens zu erkunden.<\/p>\n[\/vc_column_text][\/vc_column_inner][\/vc_row_inner][\/vc_column][\/vc_row][vc_row content_placement=&#8220;middle&#8220; el_class=&#8220;ptd20 pbd10 pbm10 ptm30&#8243;][vc_column css_animation=&#8220;fadeInUp&#8220; width=&#8220;1\/3&#8243;][\/vc_column][vc_column css_animation=&#8220;zoomIn&#8220; width=&#8220;1\/3&#8243; el_class=&#8220;order1 mtm30&#8243;][vc_single_image image=&#8220;409&#8243; img_size=&#8220;600&#215;1000&#8243; onclick=&#8220;link_image&#8220; css=&#8220;&#8220;][\/vc_column][vc_column width=&#8220;1\/3&#8243; el_class=&#8220;order0&#8243;][vc_column_text css=&#8220;&#8220; font_size=&#8220;d:30|pl:25&#8243; font_family=&#8220;Rubik&#8220; line_height=&#8220;110%&#8220; font_weight=&#8220;900&#8243; color=&#8220;#3b251a&#8220;]\n<h3 style=\"text-align: left;\">Haupttouristische<br \/>\nAttraktionen<\/h3>\n[\/vc_column_text][vc_column_text css=&#8220;.vc_custom_1743066964398{margin-top: 30px !important;}&#8220;]\n<p style=\"text-align: left;\">Die Hauptattraktionen in Levanto sind zweifellos die wundersch\u00f6nen Str\u00e4nde. Aus architektonisch-kultureller Sicht gibt es die mittelalterliche Burg, die zum Schutz der Stadt erbaut wurde und noch immer perfekt erhalten ist; die Kirche Sant&#8217;Andrea, ein Beispiel f\u00fcr ligurische Gotik aus dem 13. Jahrhundert mit ihrer schwarz-wei\u00dfen Fassade und einem pr\u00e4chtigen Rosettenfenster \u00fcber dem Haupteingang; die Kirche Santa Maria della Costa; und die Villa Agnelli, die Anfang des 20. Jahrhunderts an der sch\u00f6nsten Stelle der Stadt erbaut wurde.<\/p>\n[\/vc_column_text][\/vc_column][\/vc_row][vc_row content_placement=&#8220;middle&#8220; el_class=&#8220;ptd50 pbd120 pbm60 ptm20&#8243;][vc_column css_animation=&#8220;fadeInUp&#8220; width=&#8220;1\/3&#8243;][\/vc_column][vc_column width=&#8220;1\/3&#8243; el_class=&#8220;order0&#8243;][vc_column_text css=&#8220;&#8220; font_size=&#8220;d:30|pl:25&#8243; font_family=&#8220;Rubik&#8220; line_height=&#8220;110%&#8220; font_weight=&#8220;900&#8243; color=&#8220;#3b251a&#8220;]\n<h3 style=\"text-align: left;\">Gastronomie<\/h3>\n[\/vc_column_text][vc_column_text css=&#8220;.vc_custom_1743066977284{margin-top: 30px !important;}&#8220;]\n<p style=\"text-align: left;\">Die lokale Gastronomie basiert auf der reichen Vielfalt an Fischen, die im Golf gefangen werden, sowie auf ausgezeichneten Weinen und Oliven\u00f6l aus dem Tal. Ein Gericht fasst die Geschichte und Umgebung der Region besonders gut zusammen: Gattafin, eine Art Ravioli, gef\u00fcllt mit Wildgem\u00fcse aus der Umgebung und in Oliven\u00f6l frittiert. Der Tradition nach war dies ein Grundnahrungsmittel der \u00e4rmeren Bev\u00f6lkerung und insbesondere der Steinbrucharbeiter in den Mesco-Sandsteinbr\u00fcchen, wo wilde Kr\u00e4uter noch heute reichlich wachsen.<\/p>\n[\/vc_column_text][\/vc_column][vc_column css_animation=&#8220;zoomIn&#8220; width=&#8220;1\/3&#8243; el_class=&#8220;order1 mtm30&#8243;][vc_single_image image=&#8220;969&#8243; img_size=&#8220;600&#215;1000&#8243; onclick=&#8220;link_image&#8220; css=&#8220;&#8220;][\/vc_column][\/vc_row]\n<\/div>","protected":false},"excerpt":{"rendered":"<p>[vc_row full_width=&#8220;stretch_row_content_no_spaces&#8220; content_placement=&#8220;bottom&#8220; wpex_bg_overlay=&#8220;color&#8220; wpex_bg_overlay_color=&#8220;#3b251a&#8220; wpex_bg_overlay_opacity=&#8220;40&#8243; el_class=&#8220;bordo_grafico&#8220; min_height=&#8220;400&#8243; css=&#8220;.vc_custom_1740998044014{background-image: url(https:\/\/campingcinqueterre.it\/wp-content\/uploads\/2025\/02\/levanto-spiaggia-primavera.jpg?id=460) !important;background-position: center !important;background-repeat: no-repeat !important;background-size: cover !important;}&#8220; wpex_bg_position=&#8220;50% 80%&#8220;][vc_column css=&#8220;.vc_custom_1739171075238{background-image: url(https:\/\/campingcinqueterre.it\/wp-content\/uploads\/2025\/02\/bordo-grafico.png?id=163) !important;background-position: center !important;background-repeat: no-repeat !important;background-size: cover !important;}&#8220; wpex_bg_position=&#8220;50% 100%&#8220; wpex_bg_size=&#8220;2000px 130px&#8220;][\/vc_column][\/vc_row][vc_row equal_height=&#8220;yes&#8220; el_class=&#8220;ptd120 pbd10 pbm30 ptm10&#8243;][vc_column css_animation=&#8220;fadeInUp&#8220; width=&#8220;1\/3&#8243;][vc_column_text css=&#8220;&#8220; el_class=&#8220;no_underline link_pag_int_corrente&#8220; font_size=&#8220;18&#8243; line_height=&#8220;100%&#8220; font_weight=&#8220;900&#8243; color=&#8220;on-accent&#8220;]Die Stadt&gt;[\/vc_column_text][vc_column_text css=&#8220;.vc_custom_1743066874320{margin-top: 5px !important;}&#8220; el_class=&#8220;no_underline link_pag_int&#8220; font_size=&#8220;18&#8243; line_height=&#8220;100%&#8220; font_weight=&#8220;900&#8243;&hellip;<\/p>\n","protected":false},"author":3,"featured_media":0,"parent":1584,"menu_order":0,"comment_status":"closed","ping_status":"closed","template":"","meta":{"inline_featured_image":false,"footnotes":""},"class_list":["post-1608","page","type-page","status-publish","hentry","entry","no-media"],"yoast_head":"<!-- This site is optimized with the Yoast SEO plugin v24.7 - https:\/\/yoast.com\/wordpress\/plugins\/seo\/ -->\n<title>Die Stadt - Camping Cinque Terre<\/title>\n<meta name=\"robots\" content=\"index, follow, max-snippet:-1, max-image-preview:large, max-video-preview:-1\" \/>\n<link rel=\"canonical\" href=\"https:\/\/campingcinqueterre.it\/de\/levanto\/die-stadt\/\" \/>\n<meta property=\"og:locale\" content=\"de_DE\" \/>\n<meta property=\"og:type\" content=\"article\" \/>\n<meta property=\"og:title\" content=\"Die Stadt - Camping Cinque Terre\" \/>\n<meta property=\"og:description\" content=\"[vc_row full_width=&#8220;stretch_row_content_no_spaces&#8220; content_placement=&#8220;bottom&#8220; wpex_bg_overlay=&#8220;color&#8220; wpex_bg_overlay_color=&#8220;#3b251a&#8220; wpex_bg_overlay_opacity=&#8220;40&#8243; el_class=&#8220;bordo_grafico&#8220; min_height=&#8220;400&#8243; css=&#8220;.vc_custom_1740998044014{background-image: url(https:\/\/campingcinqueterre.it\/wp-content\/uploads\/2025\/02\/levanto-spiaggia-primavera.jpg?id=460) !important;background-position: center !important;background-repeat: no-repeat !important;background-size: cover !important;}&#8220; wpex_bg_position=&#8220;50% 80%&#8220;][vc_column css=&#8220;.vc_custom_1739171075238{background-image: url(https:\/\/campingcinqueterre.it\/wp-content\/uploads\/2025\/02\/bordo-grafico.png?id=163) !important;background-position: center !important;background-repeat: no-repeat !important;background-size: cover !important;}&#8220; wpex_bg_position=&#8220;50% 100%&#8220; wpex_bg_size=&#8220;2000px 130px&#8220;][\/vc_column][\/vc_row][vc_row equal_height=&#8220;yes&#8220; el_class=&#8220;ptd120 pbd10 pbm30 ptm10&#8243;][vc_column css_animation=&#8220;fadeInUp&#8220; width=&#8220;1\/3&#8243;][vc_column_text css=&#8220;&#8220; el_class=&#8220;no_underline link_pag_int_corrente&#8220; font_size=&#8220;18&#8243; line_height=&#8220;100%&#8220; font_weight=&#8220;900&#8243; color=&#8220;on-accent&#8220;]Die Stadt&gt;[\/vc_column_text][vc_column_text css=&#8220;.vc_custom_1743066874320{margin-top: 5px !important;}&#8220; el_class=&#8220;no_underline link_pag_int&#8220; font_size=&#8220;18&#8243; line_height=&#8220;100%&#8220; font_weight=&#8220;900&#8243;&hellip;\" \/>\n<meta property=\"og:url\" content=\"https:\/\/campingcinqueterre.it\/de\/levanto\/die-stadt\/\" \/>\n<meta property=\"og:site_name\" content=\"Camping Cinque Terre\" \/>\n<meta property=\"article:modified_time\" content=\"2025-03-27T11:02:44+00:00\" \/>\n<meta property=\"og:image\" content=\"https:\/\/campingcinqueterre.it\/wp-content\/uploads\/2025\/02\/logo.png\" \/>\n\t<meta property=\"og:image:width\" content=\"185\" \/>\n\t<meta property=\"og:image:height\" content=\"197\" \/>\n\t<meta property=\"og:image:type\" content=\"image\/png\" \/>\n<meta name=\"twitter:card\" content=\"summary_large_image\" \/>\n<meta name=\"twitter:label1\" content=\"Gesch\u00e4tzte Lesezeit\" \/>\n\t<meta name=\"twitter:data1\" content=\"5\u00a0Minuten\" \/>\n<script type=\"application\/ld+json\" class=\"yoast-schema-graph\">{\"@context\":\"https:\/\/schema.org\",\"@graph\":[{\"@type\":\"WebPage\",\"@id\":\"https:\/\/campingcinqueterre.it\/de\/levanto\/die-stadt\/\",\"url\":\"https:\/\/campingcinqueterre.it\/de\/levanto\/die-stadt\/\",\"name\":\"Die Stadt - Camping Cinque Terre\",\"isPartOf\":{\"@id\":\"https:\/\/campingcinqueterre.it\/#website\"},\"datePublished\":\"2025-02-09T20:47:27+00:00\",\"dateModified\":\"2025-03-27T11:02:44+00:00\",\"breadcrumb\":{\"@id\":\"https:\/\/campingcinqueterre.it\/de\/levanto\/die-stadt\/#breadcrumb\"},\"inLanguage\":\"de\",\"potentialAction\":[{\"@type\":\"ReadAction\",\"target\":[\"https:\/\/campingcinqueterre.it\/de\/levanto\/die-stadt\/\"]}]},{\"@type\":\"BreadcrumbList\",\"@id\":\"https:\/\/campingcinqueterre.it\/de\/levanto\/die-stadt\/#breadcrumb\",\"itemListElement\":[{\"@type\":\"ListItem\",\"position\":1,\"name\":\"Home\",\"item\":\"https:\/\/campingcinqueterre.it\/de\/\"},{\"@type\":\"ListItem\",\"position\":2,\"name\":\"Levanto\",\"item\":\"https:\/\/campingcinqueterre.it\/de\/levanto\/\"},{\"@type\":\"ListItem\",\"position\":3,\"name\":\"Die Stadt\"}]},{\"@type\":\"WebSite\",\"@id\":\"https:\/\/campingcinqueterre.it\/#website\",\"url\":\"https:\/\/campingcinqueterre.it\/\",\"name\":\"Camping Cinque Terre\",\"description\":\"Natura, Mare ed Emozioni\",\"publisher\":{\"@id\":\"https:\/\/campingcinqueterre.it\/#organization\"},\"potentialAction\":[{\"@type\":\"SearchAction\",\"target\":{\"@type\":\"EntryPoint\",\"urlTemplate\":\"https:\/\/campingcinqueterre.it\/?s={search_term_string}\"},\"query-input\":{\"@type\":\"PropertyValueSpecification\",\"valueRequired\":true,\"valueName\":\"search_term_string\"}}],\"inLanguage\":\"de\"},{\"@type\":\"Organization\",\"@id\":\"https:\/\/campingcinqueterre.it\/#organization\",\"name\":\"CAMPING 5 TERRE\",\"alternateName\":\"CAMPING 5 TERRE\",\"url\":\"https:\/\/campingcinqueterre.it\/\",\"logo\":{\"@type\":\"ImageObject\",\"inLanguage\":\"de\",\"@id\":\"https:\/\/campingcinqueterre.it\/#\/schema\/logo\/image\/\",\"url\":\"https:\/\/campingcinqueterre.it\/wp-content\/uploads\/2025\/02\/logo.png\",\"contentUrl\":\"https:\/\/campingcinqueterre.it\/wp-content\/uploads\/2025\/02\/logo.png\",\"width\":185,\"height\":197,\"caption\":\"CAMPING 5 TERRE\"},\"image\":{\"@id\":\"https:\/\/campingcinqueterre.it\/#\/schema\/logo\/image\/\"}}]}<\/script>\n<!-- \/ Yoast SEO plugin. -->","yoast_head_json":{"title":"Die Stadt - Camping Cinque Terre","robots":{"index":"index","follow":"follow","max-snippet":"max-snippet:-1","max-image-preview":"max-image-preview:large","max-video-preview":"max-video-preview:-1"},"canonical":"https:\/\/campingcinqueterre.it\/de\/levanto\/die-stadt\/","og_locale":"de_DE","og_type":"article","og_title":"Die Stadt - Camping Cinque Terre","og_description":"[vc_row full_width=&#8220;stretch_row_content_no_spaces&#8220; content_placement=&#8220;bottom&#8220; wpex_bg_overlay=&#8220;color&#8220; wpex_bg_overlay_color=&#8220;#3b251a&#8220; wpex_bg_overlay_opacity=&#8220;40&#8243; el_class=&#8220;bordo_grafico&#8220; min_height=&#8220;400&#8243; css=&#8220;.vc_custom_1740998044014{background-image: url(https:\/\/campingcinqueterre.it\/wp-content\/uploads\/2025\/02\/levanto-spiaggia-primavera.jpg?id=460) !important;background-position: center !important;background-repeat: no-repeat !important;background-size: cover !important;}&#8220; wpex_bg_position=&#8220;50% 80%&#8220;][vc_column css=&#8220;.vc_custom_1739171075238{background-image: url(https:\/\/campingcinqueterre.it\/wp-content\/uploads\/2025\/02\/bordo-grafico.png?id=163) !important;background-position: center !important;background-repeat: no-repeat !important;background-size: cover !important;}&#8220; wpex_bg_position=&#8220;50% 100%&#8220; wpex_bg_size=&#8220;2000px 130px&#8220;][\/vc_column][\/vc_row][vc_row equal_height=&#8220;yes&#8220; el_class=&#8220;ptd120 pbd10 pbm30 ptm10&#8243;][vc_column css_animation=&#8220;fadeInUp&#8220; width=&#8220;1\/3&#8243;][vc_column_text css=&#8220;&#8220; el_class=&#8220;no_underline link_pag_int_corrente&#8220; font_size=&#8220;18&#8243; line_height=&#8220;100%&#8220; font_weight=&#8220;900&#8243; color=&#8220;on-accent&#8220;]Die Stadt&gt;[\/vc_column_text][vc_column_text css=&#8220;.vc_custom_1743066874320{margin-top: 5px !important;}&#8220; el_class=&#8220;no_underline link_pag_int&#8220; font_size=&#8220;18&#8243; line_height=&#8220;100%&#8220; font_weight=&#8220;900&#8243;&hellip;","og_url":"https:\/\/campingcinqueterre.it\/de\/levanto\/die-stadt\/","og_site_name":"Camping Cinque Terre","article_modified_time":"2025-03-27T11:02:44+00:00","og_image":[{"width":185,"height":197,"url":"https:\/\/campingcinqueterre.it\/wp-content\/uploads\/2025\/02\/logo.png","type":"image\/png"}],"twitter_card":"summary_large_image","twitter_misc":{"Gesch\u00e4tzte Lesezeit":"5\u00a0Minuten"},"schema":{"@context":"https:\/\/schema.org","@graph":[{"@type":"WebPage","@id":"https:\/\/campingcinqueterre.it\/de\/levanto\/die-stadt\/","url":"https:\/\/campingcinqueterre.it\/de\/levanto\/die-stadt\/","name":"Die Stadt - Camping Cinque Terre","isPartOf":{"@id":"https:\/\/campingcinqueterre.it\/#website"},"datePublished":"2025-02-09T20:47:27+00:00","dateModified":"2025-03-27T11:02:44+00:00","breadcrumb":{"@id":"https:\/\/campingcinqueterre.it\/de\/levanto\/die-stadt\/#breadcrumb"},"inLanguage":"de","potentialAction":[{"@type":"ReadAction","target":["https:\/\/campingcinqueterre.it\/de\/levanto\/die-stadt\/"]}]},{"@type":"BreadcrumbList","@id":"https:\/\/campingcinqueterre.it\/de\/levanto\/die-stadt\/#breadcrumb","itemListElement":[{"@type":"ListItem","position":1,"name":"Home","item":"https:\/\/campingcinqueterre.it\/de\/"},{"@type":"ListItem","position":2,"name":"Levanto","item":"https:\/\/campingcinqueterre.it\/de\/levanto\/"},{"@type":"ListItem","position":3,"name":"Die Stadt"}]},{"@type":"WebSite","@id":"https:\/\/campingcinqueterre.it\/#website","url":"https:\/\/campingcinqueterre.it\/","name":"Camping Cinque Terre","description":"Natura, Mare ed Emozioni","publisher":{"@id":"https:\/\/campingcinqueterre.it\/#organization"},"potentialAction":[{"@type":"SearchAction","target":{"@type":"EntryPoint","urlTemplate":"https:\/\/campingcinqueterre.it\/?s={search_term_string}"},"query-input":{"@type":"PropertyValueSpecification","valueRequired":true,"valueName":"search_term_string"}}],"inLanguage":"de"},{"@type":"Organization","@id":"https:\/\/campingcinqueterre.it\/#organization","name":"CAMPING 5 TERRE","alternateName":"CAMPING 5 TERRE","url":"https:\/\/campingcinqueterre.it\/","logo":{"@type":"ImageObject","inLanguage":"de","@id":"https:\/\/campingcinqueterre.it\/#\/schema\/logo\/image\/","url":"https:\/\/campingcinqueterre.it\/wp-content\/uploads\/2025\/02\/logo.png","contentUrl":"https:\/\/campingcinqueterre.it\/wp-content\/uploads\/2025\/02\/logo.png","width":185,"height":197,"caption":"CAMPING 5 TERRE"},"image":{"@id":"https:\/\/campingcinqueterre.it\/#\/schema\/logo\/image\/"}}]}},"_links":{"self":[{"href":"https:\/\/campingcinqueterre.it\/de\/wp-json\/wp\/v2\/pages\/1608","targetHints":{"allow":["GET"]}}],"collection":[{"href":"https:\/\/campingcinqueterre.it\/de\/wp-json\/wp\/v2\/pages"}],"about":[{"href":"https:\/\/campingcinqueterre.it\/de\/wp-json\/wp\/v2\/types\/page"}],"author":[{"embeddable":true,"href":"https:\/\/campingcinqueterre.it\/de\/wp-json\/wp\/v2\/users\/3"}],"replies":[{"embeddable":true,"href":"https:\/\/campingcinqueterre.it\/de\/wp-json\/wp\/v2\/comments?post=1608"}],"version-history":[{"count":3,"href":"https:\/\/campingcinqueterre.it\/de\/wp-json\/wp\/v2\/pages\/1608\/revisions"}],"predecessor-version":[{"id":1694,"href":"https:\/\/campingcinqueterre.it\/de\/wp-json\/wp\/v2\/pages\/1608\/revisions\/1694"}],"up":[{"embeddable":true,"href":"https:\/\/campingcinqueterre.it\/de\/wp-json\/wp\/v2\/pages\/1584"}],"wp:attachment":[{"href":"https:\/\/campingcinqueterre.it\/de\/wp-json\/wp\/v2\/media?parent=1608"}],"curies":[{"name":"wp","href":"https:\/\/api.w.org\/{rel}","templated":true}]}}