{"id":1617,"date":"2025-02-15T10:51:54","date_gmt":"2025-02-15T09:51:54","guid":{"rendered":"https:\/\/campingcinqueterre.it\/prezzi\/"},"modified":"2026-03-30T12:47:40","modified_gmt":"2026-03-30T10:47:40","slug":"preise","status":"publish","type":"page","link":"https:\/\/campingcinqueterre.it\/de\/preise\/","title":{"rendered":"Preise"},"content":{"rendered":"<div class=\"wpb-content-wrapper\">[vc_row full_width=&#8220;stretch_row_content_no_spaces&#8220; content_placement=&#8220;bottom&#8220; wpex_bg_overlay=&#8220;color&#8220; wpex_bg_overlay_color=&#8220;#3b251a&#8220; wpex_bg_overlay_opacity=&#8220;40&#8243; el_class=&#8220;bordo_grafico&#8220; min_height=&#8220;400&#8243; css=&#8220;.vc_custom_1741002674274{background-image: url(https:\/\/campingcinqueterre.it\/wp-content\/uploads\/2025\/02\/percorsi.jpg?id=515) !important;background-position: center !important;background-repeat: no-repeat !important;background-size: cover !important;}&#8220; wpex_bg_position=&#8220;50% 80%&#8220;][vc_column css=&#8220;.vc_custom_1739171075238{background-image: url(https:\/\/campingcinqueterre.it\/wp-content\/uploads\/2025\/02\/bordo-grafico.png?id=163) !important;background-position: center !important;background-repeat: no-repeat !important;background-size: cover !important;}&#8220; wpex_bg_position=&#8220;50% 100%&#8220; wpex_bg_size=&#8220;2000px 130px&#8220;]<style>.vcex-breadcrumbs.vcex_69f778dc58f3c{text-align:center;color:var(--wpex-on-accent);font-family:'Amatic SC';font-size:20px;line-height:150%;}<\/style><nav class=\"vcex-breadcrumbs vcex-breadcrumbs--links-inherit-color vcex-breadcrumbs--custom-color  wpb_animate_when_almost_visible wpb_fadeInUp fadeInUp vcex_69f778dc58f3c\"><span><span><a href=\"https:\/\/campingcinqueterre.it\/de\/\">Home<\/a><\/span><\/span><\/nav><style>.vcex-page-title.vcex_69f778dc5ad98 .vcex-page-title__heading{color:var(--wpex-on-accent);font-size:60px;font-family:Rubik;font-weight:900;line-height:100%;}@media (max-width:1024px){.vcex-page-title.vcex_69f778dc5ad98 .vcex-page-title__heading{font-size:50px;}}@media (max-width:959px){.vcex-page-title.vcex_69f778dc5ad98 .vcex-page-title__heading{font-size:40px;}}@media (max-width:767px){.vcex-page-title.vcex_69f778dc5ad98 .vcex-page-title__heading{font-size:35px;}}@media (max-width:479px){.vcex-page-title.vcex_69f778dc5ad98 .vcex-page-title__heading{font-size:35px;}}<\/style><div class=\"vcex-page-title vcex-module wpex-text-center  wpb_animate_when_almost_visible wpb_fadeInUp fadeInUp pbd180 pbm180 vcex_69f778dc5ad98\"><h1 class=\"vcex-page-title__heading wpex-heading wpex-text-3xl\"><span class=\"vcex-page-title__text\">Preise<\/span><\/h1><\/div>[\/vc_column][\/vc_row][vc_row equal_height=&#8220;yes&#8220; el_class=&#8220;ptd120 ptm60 pbd30 pbm20&#8243;][vc_column width=&#8220;1\/3&#8243;][vc_column_text css_animation=&#8220;fadeInUp&#8220; css=&#8220;.vc_custom_1741002849897{margin-bottom: 15px !important;}&#8220; color=&#8220;#62ac44&#8243; font_size=&#8220;d:30|pl:25&#8243; font_family=&#8220;Amatic SC&#8220; line_height=&#8220;110%&#8220; font_weight=&#8220;700&#8243;]Preise[\/vc_column_text][vc_column_text css_animation=&#8220;fadeInUp&#8220; css=&#8220;&#8220;]\n<h2>Wie viel kostet eine \u00dcbernachtung auf dem Campingplatz?<\/h2>\n[\/vc_column_text][vc_row_inner][vc_column_inner el_class=&#8220;box_giallo mtd30 mtm15&#8243; css=&#8220;.vc_custom_1740984463711{background-image: url(https:\/\/campingcinqueterre.it\/wp-content\/uploads\/2025\/03\/box_colorato.jpg?id=792) !important;background-position: center !important;background-repeat: no-repeat !important;background-size: cover !important;}&#8220;][vc_single_image image=&#8220;793&#8243; alignment=&#8220;center&#8220; css=&#8220;&#8220; el_class=&#8220;phone_icon&#8220;][vc_column_text css=&#8220;.vc_custom_1740984902758{margin-top: 35px !important;}&#8220; font_size=&#8220;d:40|tl:35|tp:30|pl:35|pp:30&#8243; font_family=&#8220;Amatic SC&#8220; line_height=&#8220;110%&#8220; color=&#8220;#3b251a&#8220; font_weight=&#8220;700&#8243;]\n<p style=\"text-align: center;\">Rufen Sie uns jetzt an f\u00fcr den Campingplatz<\/p>\n[\/vc_column_text][vc_column_text css=&#8220;.vc_custom_1740984915157{margin-top: 35px !important;}&#8220; color=&#8220;#3b251a&#8220; font_size=&#8220;d:26|tl:22|tp:18|pl:20|pp:20&#8243; line_height=&#8220;110%&#8220; font_weight=&#8220;400&#8243; el_class=&#8220;no_underline&#8220;]\n<p style=\"text-align: center;\"><a href=\"tel:+390187801252\" target=\"_blank\" rel=\"noopener\">+39 0187 801252<\/a><\/p>\n[\/vc_column_text][\/vc_column_inner][\/vc_row_inner][\/vc_column][vc_column css_animation=&#8220;fadeInUp&#8220; width=&#8220;2\/3&#8243; el_class=&#8220;mtm30&#8243;][vc_column_text css_animation=&#8220;none&#8220; css=&#8220;&#8220; font_size=&#8220;25&#8243; color=&#8220;#3b251a&#8220;]Preise pro Nacht[\/vc_column_text][vc_column_text css_animation=&#8220;none&#8220; css=&#8220;.vc_custom_1770884702312{margin-bottom: 10px !important;}&#8220;]\n<h3>EINHEITLICHE SAISON 2026<br \/>\nVom 20.03. bis 08.11.<\/h3>\n[\/vc_column_text]<div class=\"cq-datatable   cq-datatable-medium cq-datatable-gray\"><div class=\"cq-datatable-row cq-datatable-header cq-datatable-bg-customized\" style=\"background:#62AC44\"><div class=\"cq-datatable-cell\" data-title=\"Kategorie\"> Kategorie <\/div><div class=\"cq-datatable-cell\" data-title=\"Preis\"> Preis <\/div><\/div><div class=\"cq-datatable-row cq-datatable-data\"><div class=\"cq-datatable-cell\"> Person <\/div><div class=\"cq-datatable-cell\"> \u20ac 12 <\/div><\/div><div class=\"cq-datatable-row cq-datatable-data\"><div class=\"cq-datatable-cell\"> Kinder (1-10 Jahre) <\/div><div class=\"cq-datatable-cell\"> \u20ac 6 <\/div><\/div><div class=\"cq-datatable-row cq-datatable-data\"><div class=\"cq-datatable-cell\"> Gro\u00dfer Zeltplatz <\/div><div class=\"cq-datatable-cell\"> \u20ac 14 <\/div><\/div><div class=\"cq-datatable-row cq-datatable-data\"><div class=\"cq-datatable-cell\"> Kleiner Zeltplatz <\/div><div class=\"cq-datatable-cell\"> \u20ac 9 <\/div><\/div><div class=\"cq-datatable-row cq-datatable-data\"><div class=\"cq-datatable-cell\"> Gro\u00dfer Wohnmobilstellplatz (8 x 7,50 m) <\/div><div class=\"cq-datatable-cell\"> \u20ac 19 <\/div><\/div><div class=\"cq-datatable-row cq-datatable-data\"><div class=\"cq-datatable-cell\"> Kleiner Wohnmobilstellplatz (7,50 x 4,00 m) <\/div><div class=\"cq-datatable-cell\"> \u20ac 14 <\/div><\/div><div class=\"cq-datatable-row cq-datatable-data\"><div class=\"cq-datatable-cell\"> Auto\/Motorrad - M\u00f6glichkeit, 2 Motorr\u00e4der auf 1 Autoparkplatz abzustellen <\/div><div class=\"cq-datatable-cell\"> \u20ac 5 <\/div><\/div><div class=\"cq-datatable-row cq-datatable-data\"><div class=\"cq-datatable-cell\"> Strom - keine Elektrofahrzeuge <\/div><div class=\"cq-datatable-cell\"> \u20ac 6 <\/div><\/div><div class=\"cq-datatable-row cq-datatable-data\"><div class=\"cq-datatable-cell\"> Kurtaxe pro Person und Nacht (f\u00fcr die ersten 3 Tage) <\/div><div class=\"cq-datatable-cell\"> \u20ac 1 <\/div><\/div><div class=\"cq-datatable-row cq-datatable-data\"><div class=\"cq-datatable-cell\"> Wasser <\/div><div class=\"cq-datatable-cell\"> Kostenlos <\/div><\/div><div class=\"cq-datatable-row cq-datatable-data\"><div class=\"cq-datatable-cell\"> WI-FI <\/div><div class=\"cq-datatable-cell\"> Kostenlos <\/div><\/div><div class=\"cq-datatable-row cq-datatable-data\"><div class=\"cq-datatable-cell\"> Haustiere - An der Leine gehalten und f\u00fcr ihre Bed\u00fcrfnisse au\u00dferhalb und weit entfernt vom Campingplatz gef\u00fchrt <\/div><div class=\"cq-datatable-cell\"> Kostenlos <\/div><\/div><div class=\"cq-datatable-row cq-datatable-data\"><div class=\"cq-datatable-cell\"> Single <\/div><div class=\"cq-datatable-cell\"> \u20ac 18 <\/div><\/div>\n<\/div><div class=\"theme-button-wrap textcenter wpex-clr\"><a href=\"https:\/\/campingcinqueterre.it\/de\/verfuegbarkeitsanfrage\/\" class=\"vcex-button theme-button align-center inline  wpb_animate_when_almost_visible wpb_fadeInUp fadeInUp\"><span class=\"vcex-button-inner theme-button-inner wpex-flex wpex-flex-wrap wpex-items-center wpex-justify-center\">Verf\u00fcgbarkeitsanfrage<\/span><\/a><\/div> [\/vc_column][\/vc_row]\n<\/div>","protected":false},"excerpt":{"rendered":"<p>[vc_row full_width=&#8220;stretch_row_content_no_spaces&#8220; content_placement=&#8220;bottom&#8220; wpex_bg_overlay=&#8220;color&#8220; wpex_bg_overlay_color=&#8220;#3b251a&#8220; wpex_bg_overlay_opacity=&#8220;40&#8243; el_class=&#8220;bordo_grafico&#8220; min_height=&#8220;400&#8243; css=&#8220;.vc_custom_1741002674274{background-image: url(https:\/\/campingcinqueterre.it\/wp-content\/uploads\/2025\/02\/percorsi.jpg?id=515) !important;background-position: center !important;background-repeat: no-repeat !important;background-size: cover !important;}&#8220; wpex_bg_position=&#8220;50% 80%&#8220;][vc_column css=&#8220;.vc_custom_1739171075238{background-image: url(https:\/\/campingcinqueterre.it\/wp-content\/uploads\/2025\/02\/bordo-grafico.png?id=163) !important;background-position: center !important;background-repeat: no-repeat !important;background-size: cover !important;}&#8220; wpex_bg_position=&#8220;50% 100%&#8220; wpex_bg_size=&#8220;2000px 130px&#8220;][\/vc_column][\/vc_row][vc_row equal_height=&#8220;yes&#8220; el_class=&#8220;ptd120 ptm60 pbd30 pbm20&#8243;][vc_column width=&#8220;1\/3&#8243;][vc_column_text css_animation=&#8220;fadeInUp&#8220; css=&#8220;.vc_custom_1741002849897{margin-bottom: 15px !important;}&#8220; color=&#8220;#62ac44&#8243; font_size=&#8220;d:30|pl:25&#8243; font_family=&#8220;Amatic SC&#8220; line_height=&#8220;110%&#8220; font_weight=&#8220;700&#8243;]Preise[\/vc_column_text][vc_column_text css_animation=&#8220;fadeInUp&#8220; css=&#8220;&#8220;] Wie viel kostet eine \u00dcbernachtung&hellip;<\/p>\n","protected":false},"author":3,"featured_media":0,"parent":0,"menu_order":0,"comment_status":"closed","ping_status":"closed","template":"","meta":{"inline_featured_image":false,"footnotes":""},"class_list":["post-1617","page","type-page","status-publish","hentry","entry","no-media"],"yoast_head":"<!-- This site is optimized with the Yoast SEO plugin v24.7 - https:\/\/yoast.com\/wordpress\/plugins\/seo\/ -->\n<title>Preise - Camping Cinque Terre<\/title>\n<meta name=\"robots\" content=\"index, follow, max-snippet:-1, max-image-preview:large, max-video-preview:-1\" \/>\n<link rel=\"canonical\" href=\"https:\/\/campingcinqueterre.it\/de\/preise\/\" \/>\n<meta property=\"og:locale\" content=\"de_DE\" \/>\n<meta property=\"og:type\" content=\"article\" \/>\n<meta property=\"og:title\" content=\"Preise - Camping Cinque Terre\" \/>\n<meta property=\"og:description\" content=\"[vc_row full_width=&#8220;stretch_row_content_no_spaces&#8220; content_placement=&#8220;bottom&#8220; wpex_bg_overlay=&#8220;color&#8220; wpex_bg_overlay_color=&#8220;#3b251a&#8220; wpex_bg_overlay_opacity=&#8220;40&#8243; el_class=&#8220;bordo_grafico&#8220; min_height=&#8220;400&#8243; css=&#8220;.vc_custom_1741002674274{background-image: url(https:\/\/campingcinqueterre.it\/wp-content\/uploads\/2025\/02\/percorsi.jpg?id=515) !important;background-position: center !important;background-repeat: no-repeat !important;background-size: cover !important;}&#8220; wpex_bg_position=&#8220;50% 80%&#8220;][vc_column css=&#8220;.vc_custom_1739171075238{background-image: url(https:\/\/campingcinqueterre.it\/wp-content\/uploads\/2025\/02\/bordo-grafico.png?id=163) !important;background-position: center !important;background-repeat: no-repeat !important;background-size: cover !important;}&#8220; wpex_bg_position=&#8220;50% 100%&#8220; wpex_bg_size=&#8220;2000px 130px&#8220;][\/vc_column][\/vc_row][vc_row equal_height=&#8220;yes&#8220; el_class=&#8220;ptd120 ptm60 pbd30 pbm20&#8243;][vc_column width=&#8220;1\/3&#8243;][vc_column_text css_animation=&#8220;fadeInUp&#8220; css=&#8220;.vc_custom_1741002849897{margin-bottom: 15px !important;}&#8220; color=&#8220;#62ac44&#8243; font_size=&#8220;d:30|pl:25&#8243; font_family=&#8220;Amatic SC&#8220; line_height=&#8220;110%&#8220; font_weight=&#8220;700&#8243;]Preise[\/vc_column_text][vc_column_text css_animation=&#8220;fadeInUp&#8220; css=&#8220;&#8220;] Wie viel kostet eine \u00dcbernachtung&hellip;\" \/>\n<meta property=\"og:url\" content=\"https:\/\/campingcinqueterre.it\/de\/preise\/\" \/>\n<meta property=\"og:site_name\" content=\"Camping Cinque Terre\" \/>\n<meta property=\"article:modified_time\" content=\"2026-03-30T10:47:40+00:00\" \/>\n<meta property=\"og:image\" content=\"https:\/\/campingcinqueterre.it\/wp-content\/uploads\/2025\/02\/logo.png\" \/>\n\t<meta property=\"og:image:width\" content=\"185\" \/>\n\t<meta property=\"og:image:height\" content=\"197\" \/>\n\t<meta property=\"og:image:type\" content=\"image\/png\" \/>\n<meta name=\"twitter:card\" content=\"summary_large_image\" \/>\n<meta name=\"twitter:label1\" content=\"Gesch\u00e4tzte Lesezeit\" \/>\n\t<meta name=\"twitter:data1\" content=\"2\u00a0Minuten\" \/>\n<script type=\"application\/ld+json\" class=\"yoast-schema-graph\">{\"@context\":\"https:\/\/schema.org\",\"@graph\":[{\"@type\":\"WebPage\",\"@id\":\"https:\/\/campingcinqueterre.it\/de\/preise\/\",\"url\":\"https:\/\/campingcinqueterre.it\/de\/preise\/\",\"name\":\"Preise - Camping Cinque Terre\",\"isPartOf\":{\"@id\":\"https:\/\/campingcinqueterre.it\/#website\"},\"datePublished\":\"2025-02-15T09:51:54+00:00\",\"dateModified\":\"2026-03-30T10:47:40+00:00\",\"breadcrumb\":{\"@id\":\"https:\/\/campingcinqueterre.it\/de\/preise\/#breadcrumb\"},\"inLanguage\":\"de\",\"potentialAction\":[{\"@type\":\"ReadAction\",\"target\":[\"https:\/\/campingcinqueterre.it\/de\/preise\/\"]}]},{\"@type\":\"BreadcrumbList\",\"@id\":\"https:\/\/campingcinqueterre.it\/de\/preise\/#breadcrumb\",\"itemListElement\":[{\"@type\":\"ListItem\",\"position\":1,\"name\":\"Home\",\"item\":\"https:\/\/campingcinqueterre.it\/de\/\"},{\"@type\":\"ListItem\",\"position\":2,\"name\":\"Preise\"}]},{\"@type\":\"WebSite\",\"@id\":\"https:\/\/campingcinqueterre.it\/#website\",\"url\":\"https:\/\/campingcinqueterre.it\/\",\"name\":\"Camping Cinque Terre\",\"description\":\"Natura, Mare ed Emozioni\",\"publisher\":{\"@id\":\"https:\/\/campingcinqueterre.it\/#organization\"},\"potentialAction\":[{\"@type\":\"SearchAction\",\"target\":{\"@type\":\"EntryPoint\",\"urlTemplate\":\"https:\/\/campingcinqueterre.it\/?s={search_term_string}\"},\"query-input\":{\"@type\":\"PropertyValueSpecification\",\"valueRequired\":true,\"valueName\":\"search_term_string\"}}],\"inLanguage\":\"de\"},{\"@type\":\"Organization\",\"@id\":\"https:\/\/campingcinqueterre.it\/#organization\",\"name\":\"CAMPING 5 TERRE\",\"alternateName\":\"CAMPING 5 TERRE\",\"url\":\"https:\/\/campingcinqueterre.it\/\",\"logo\":{\"@type\":\"ImageObject\",\"inLanguage\":\"de\",\"@id\":\"https:\/\/campingcinqueterre.it\/#\/schema\/logo\/image\/\",\"url\":\"https:\/\/campingcinqueterre.it\/wp-content\/uploads\/2025\/02\/logo.png\",\"contentUrl\":\"https:\/\/campingcinqueterre.it\/wp-content\/uploads\/2025\/02\/logo.png\",\"width\":185,\"height\":197,\"caption\":\"CAMPING 5 TERRE\"},\"image\":{\"@id\":\"https:\/\/campingcinqueterre.it\/#\/schema\/logo\/image\/\"}}]}<\/script>\n<!-- \/ Yoast SEO plugin. -->","yoast_head_json":{"title":"Preise - Camping Cinque Terre","robots":{"index":"index","follow":"follow","max-snippet":"max-snippet:-1","max-image-preview":"max-image-preview:large","max-video-preview":"max-video-preview:-1"},"canonical":"https:\/\/campingcinqueterre.it\/de\/preise\/","og_locale":"de_DE","og_type":"article","og_title":"Preise - Camping Cinque Terre","og_description":"[vc_row full_width=&#8220;stretch_row_content_no_spaces&#8220; content_placement=&#8220;bottom&#8220; wpex_bg_overlay=&#8220;color&#8220; wpex_bg_overlay_color=&#8220;#3b251a&#8220; wpex_bg_overlay_opacity=&#8220;40&#8243; el_class=&#8220;bordo_grafico&#8220; min_height=&#8220;400&#8243; css=&#8220;.vc_custom_1741002674274{background-image: url(https:\/\/campingcinqueterre.it\/wp-content\/uploads\/2025\/02\/percorsi.jpg?id=515) !important;background-position: center !important;background-repeat: no-repeat !important;background-size: cover !important;}&#8220; wpex_bg_position=&#8220;50% 80%&#8220;][vc_column css=&#8220;.vc_custom_1739171075238{background-image: url(https:\/\/campingcinqueterre.it\/wp-content\/uploads\/2025\/02\/bordo-grafico.png?id=163) !important;background-position: center !important;background-repeat: no-repeat !important;background-size: cover !important;}&#8220; wpex_bg_position=&#8220;50% 100%&#8220; wpex_bg_size=&#8220;2000px 130px&#8220;][\/vc_column][\/vc_row][vc_row equal_height=&#8220;yes&#8220; el_class=&#8220;ptd120 ptm60 pbd30 pbm20&#8243;][vc_column width=&#8220;1\/3&#8243;][vc_column_text css_animation=&#8220;fadeInUp&#8220; css=&#8220;.vc_custom_1741002849897{margin-bottom: 15px !important;}&#8220; color=&#8220;#62ac44&#8243; font_size=&#8220;d:30|pl:25&#8243; font_family=&#8220;Amatic SC&#8220; line_height=&#8220;110%&#8220; font_weight=&#8220;700&#8243;]Preise[\/vc_column_text][vc_column_text css_animation=&#8220;fadeInUp&#8220; css=&#8220;&#8220;] Wie viel kostet eine \u00dcbernachtung&hellip;","og_url":"https:\/\/campingcinqueterre.it\/de\/preise\/","og_site_name":"Camping Cinque Terre","article_modified_time":"2026-03-30T10:47:40+00:00","og_image":[{"width":185,"height":197,"url":"https:\/\/campingcinqueterre.it\/wp-content\/uploads\/2025\/02\/logo.png","type":"image\/png"}],"twitter_card":"summary_large_image","twitter_misc":{"Gesch\u00e4tzte Lesezeit":"2\u00a0Minuten"},"schema":{"@context":"https:\/\/schema.org","@graph":[{"@type":"WebPage","@id":"https:\/\/campingcinqueterre.it\/de\/preise\/","url":"https:\/\/campingcinqueterre.it\/de\/preise\/","name":"Preise - Camping Cinque Terre","isPartOf":{"@id":"https:\/\/campingcinqueterre.it\/#website"},"datePublished":"2025-02-15T09:51:54+00:00","dateModified":"2026-03-30T10:47:40+00:00","breadcrumb":{"@id":"https:\/\/campingcinqueterre.it\/de\/preise\/#breadcrumb"},"inLanguage":"de","potentialAction":[{"@type":"ReadAction","target":["https:\/\/campingcinqueterre.it\/de\/preise\/"]}]},{"@type":"BreadcrumbList","@id":"https:\/\/campingcinqueterre.it\/de\/preise\/#breadcrumb","itemListElement":[{"@type":"ListItem","position":1,"name":"Home","item":"https:\/\/campingcinqueterre.it\/de\/"},{"@type":"ListItem","position":2,"name":"Preise"}]},{"@type":"WebSite","@id":"https:\/\/campingcinqueterre.it\/#website","url":"https:\/\/campingcinqueterre.it\/","name":"Camping Cinque Terre","description":"Natura, Mare ed Emozioni","publisher":{"@id":"https:\/\/campingcinqueterre.it\/#organization"},"potentialAction":[{"@type":"SearchAction","target":{"@type":"EntryPoint","urlTemplate":"https:\/\/campingcinqueterre.it\/?s={search_term_string}"},"query-input":{"@type":"PropertyValueSpecification","valueRequired":true,"valueName":"search_term_string"}}],"inLanguage":"de"},{"@type":"Organization","@id":"https:\/\/campingcinqueterre.it\/#organization","name":"CAMPING 5 TERRE","alternateName":"CAMPING 5 TERRE","url":"https:\/\/campingcinqueterre.it\/","logo":{"@type":"ImageObject","inLanguage":"de","@id":"https:\/\/campingcinqueterre.it\/#\/schema\/logo\/image\/","url":"https:\/\/campingcinqueterre.it\/wp-content\/uploads\/2025\/02\/logo.png","contentUrl":"https:\/\/campingcinqueterre.it\/wp-content\/uploads\/2025\/02\/logo.png","width":185,"height":197,"caption":"CAMPING 5 TERRE"},"image":{"@id":"https:\/\/campingcinqueterre.it\/#\/schema\/logo\/image\/"}}]}},"_links":{"self":[{"href":"https:\/\/campingcinqueterre.it\/de\/wp-json\/wp\/v2\/pages\/1617","targetHints":{"allow":["GET"]}}],"collection":[{"href":"https:\/\/campingcinqueterre.it\/de\/wp-json\/wp\/v2\/pages"}],"about":[{"href":"https:\/\/campingcinqueterre.it\/de\/wp-json\/wp\/v2\/types\/page"}],"author":[{"embeddable":true,"href":"https:\/\/campingcinqueterre.it\/de\/wp-json\/wp\/v2\/users\/3"}],"replies":[{"embeddable":true,"href":"https:\/\/campingcinqueterre.it\/de\/wp-json\/wp\/v2\/comments?post=1617"}],"version-history":[{"count":5,"href":"https:\/\/campingcinqueterre.it\/de\/wp-json\/wp\/v2\/pages\/1617\/revisions"}],"predecessor-version":[{"id":7843,"href":"https:\/\/campingcinqueterre.it\/de\/wp-json\/wp\/v2\/pages\/1617\/revisions\/7843"}],"wp:attachment":[{"href":"https:\/\/campingcinqueterre.it\/de\/wp-json\/wp\/v2\/media?parent=1617"}],"curies":[{"name":"wp","href":"https:\/\/api.w.org\/{rel}","templated":true}]}}