{"id":1624,"date":"2025-02-09T22:09:55","date_gmt":"2025-02-09T21:09:55","guid":{"rendered":"https:\/\/campingcinqueterre.it\/richiesta-disponibilita\/"},"modified":"2026-01-13T12:31:32","modified_gmt":"2026-01-13T11:31:32","slug":"verfuegbarkeitsanfrage","status":"publish","type":"page","link":"https:\/\/campingcinqueterre.it\/de\/verfuegbarkeitsanfrage\/","title":{"rendered":"Anfrage zur Verf\u00fcgbarkeit"},"content":{"rendered":"<div class=\"wpb-content-wrapper\">[vc_row full_width=&#8220;stretch_row_content_no_spaces&#8220; content_placement=&#8220;bottom&#8220; wpex_bg_overlay=&#8220;color&#8220; wpex_bg_overlay_color=&#8220;#3b251a&#8220; wpex_bg_overlay_opacity=&#8220;40&#8243; el_class=&#8220;bordo_grafico&#8220; min_height=&#8220;400&#8243; css=&#8220;.vc_custom_1741005178282{background-image: url(https:\/\/campingcinqueterre.it\/wp-content\/uploads\/2025\/02\/piazzole-camper-2.jpg?id=572) !important;background-position: center !important;background-repeat: no-repeat !important;background-size: cover !important;}&#8220; wpex_bg_position=&#8220;50% 70%&#8220;][vc_column css=&#8220;.vc_custom_1739171075238{background-image: url(https:\/\/campingcinqueterre.it\/wp-content\/uploads\/2025\/02\/bordo-grafico.png?id=163) !important;background-position: center !important;background-repeat: no-repeat !important;background-size: cover !important;}&#8220; wpex_bg_position=&#8220;50% 100%&#8220; wpex_bg_size=&#8220;2000px 130px&#8220;]<style>.vcex-breadcrumbs.vcex_69e217be300de{text-align:center;color:var(--wpex-on-accent);font-family:'Amatic SC';font-size:20px;line-height:150%;}<\/style><nav class=\"vcex-breadcrumbs vcex-breadcrumbs--links-inherit-color vcex-breadcrumbs--custom-color  wpb_animate_when_almost_visible wpb_fadeInUp fadeInUp vcex_69e217be300de\"><span><span><a href=\"https:\/\/campingcinqueterre.it\/de\/\">Home<\/a><\/span><\/span><\/nav>[vc_column_text css_animation=&#8220;fadeInUp&#8220; css=&#8220;&#8220; color=&#8220;on-accent&#8220; el_class=&#8220;pbd180 pbm180&#8243;]\n<h2 style=\"text-align: center;\">Anfrage zur Verf\u00fcgbarkeit<\/h2>\n<p>\n[\/vc_column_text][\/vc_column][\/vc_row][vc_row equal_height=&#8220;yes&#8220; el_class=&#8220;ptd120 ptm60 pbd60 pbm30&#8243;][vc_column css_animation=&#8220;fadeInUp&#8220; width=&#8220;1\/3&#8243; el_class=&#8220;mtm30&#8243;][vc_column_text css_animation=&#8220;fadeInUp&#8220; css=&#8220;.vc_custom_1741005313173{margin-bottom: 15px !important;}&#8220; color=&#8220;#62ac44&#8243; font_size=&#8220;d:30|pl:25&#8243; font_family=&#8220;Amatic SC&#8220; line_height=&#8220;110%&#8220; font_weight=&#8220;700&#8243;]Anfrageformular[\/vc_column_text][vc_column_text css_animation=&#8220;fadeInUp&#8220; css=&#8220;&#8220;]\n<h2>Anfrage zur Verf\u00fcgbarkeit<\/h2>\n<p>&nbsp;<br \/>\n[\/vc_column_text][vc_column_text css=&#8220;.vc_custom_1768303215714{margin-top: 35px !important;}&#8220;]F\u00fcllen Sie das untenstehende Formular aus, um die Verf\u00fcgbarkeit auf dem Campingplatz anzufragen.[\/vc_column_text][vc_row_inner][vc_column_inner el_class=&#8220;box_giallo mtd30 mtm15&#8243; css=&#8220;.vc_custom_1740984463711{background-image: url(https:\/\/campingcinqueterre.it\/wp-content\/uploads\/2025\/03\/box_colorato.jpg?id=792) !important;background-position: center !important;background-repeat: no-repeat !important;background-size: cover !important;}&#8220;][vc_single_image image=&#8220;793&#8243; alignment=&#8220;center&#8220; css=&#8220;&#8220; el_class=&#8220;phone_icon&#8220;][vc_column_text css=&#8220;.vc_custom_1740984902758{margin-top: 35px !important;}&#8220; font_size=&#8220;d:40|tl:35|tp:30|pl:35|pp:30&#8243; font_family=&#8220;Amatic SC&#8220; line_height=&#8220;110%&#8220; color=&#8220;#3b251a&#8220; font_weight=&#8220;700&#8243;]\n<p style=\"text-align: center;\">Rufen Sie uns jetzt an<br \/>\nf\u00fcr den Campingplatz<\/p>\n<p>&nbsp;<br \/>\n[\/vc_column_text][vc_column_text css=&#8220;.vc_custom_1740984915157{margin-top: 35px !important;}&#8220; color=&#8220;#3b251a&#8220; font_size=&#8220;d:26|tl:22|tp:18|pl:20|pp:20&#8243; line_height=&#8220;110%&#8220; font_weight=&#8220;400&#8243; el_class=&#8220;no_underline&#8220;]\n<p style=\"text-align: center;\"><a href=\"tel:+390187801252\" target=\"_blank\" rel=\"noopener\">+39 0187 801252<\/a><\/p>\n<p>&nbsp;<br \/>\n[\/vc_column_text][\/vc_column_inner][\/vc_row_inner][\/vc_column][vc_column width=&#8220;2\/3&#8243;][vc_column_text css=&#8220;&#8220;]\n<h3>Lesen Sie hier, bevor Sie die Anfrage abschicken<\/h3>\n<p>&nbsp;<br \/>\n[\/vc_column_text][vc_column_text css=&#8220;.vc_custom_1751536236101{margin-top: 35px !important;margin-bottom: 35px !important;}&#8220; el_class=&#8220;no_underline&#8220;]\n<div class=\"wpb_text_column wpb_content_element vc_custom_1744623746890 no_underline\">\n<div class=\"wpb_wrapper\">\n<p><strong>BUCHUNGSSCHRITTE<\/strong><\/p>\n<ol>\n<li>Dieses Formular zur Verf\u00fcgbarkeitsanfrage abschicken<\/li>\n<li>Sie erhalten eine E-Mail mit der Verf\u00fcgbarkeit und der Aufforderung zur Anzahlung<\/li>\n<\/ol>\n<p><strong>WICHTIG!<\/strong><br \/>\nBuchungen werden ab einem Mindestaufenthalt von 6 N\u00e4chten angenommen, f\u00fcr alle anderen Anfragen z\u00f6gern Sie bitte nicht, uns zu kontaktieren!<br \/>\nAnzahlungen f\u00fcr Buchungen sind nicht erstattungsf\u00e4hig.<\/p>\n<p><strong>PREISE<br \/>\n<\/strong><a href=\"https:\/\/campingcinqueterre.it\/de\/preise\/\">Klicken Sie hier, um die Campingpreise zu sehen.<\/a><\/p>\n<p><strong>ANK\u00dcNFTE UND ABFL\u00dcGE<\/strong><br \/>\n<strong>CHECK-IN:<\/strong> 14:00 bis 22:00 Uhr<br \/>\n<strong>CHECK-OUT:<\/strong> bis 12 Uhr mittags.<\/p>\n<\/div>\n<p><\/div>\n[\/vc_column_text][vc_column_text css=&#8220;.vc_custom_1741008004718{margin-bottom: 35px !important;}&#8220;]\n<h3>Anfrageformular f\u00fcr Verf\u00fcgbarkeit<\/h3>\n<p>\n[\/vc_column_text]\n<div class=\"wpcf7 no-js\" id=\"wpcf7-f1677-o1\" lang=\"de-DE\" dir=\"ltr\" data-wpcf7-id=\"1677\">\n<div class=\"screen-reader-response\"><p role=\"status\" aria-live=\"polite\" aria-atomic=\"true\"><\/p> <ul><\/ul><\/div>\n<form action=\"\/de\/wp-json\/wp\/v2\/pages\/1624#wpcf7-f1677-o1\" method=\"post\" class=\"wpcf7-form init\" aria-label=\"Kontaktformular\" novalidate=\"novalidate\" data-status=\"init\">\n<div style=\"display: none;\">\n<input type=\"hidden\" name=\"_wpcf7\" value=\"1677\" \/>\n<input type=\"hidden\" name=\"_wpcf7_version\" value=\"6.0.5\" \/>\n<input type=\"hidden\" name=\"_wpcf7_locale\" value=\"de_DE\" \/>\n<input type=\"hidden\" name=\"_wpcf7_unit_tag\" value=\"wpcf7-f1677-o1\" \/>\n<input type=\"hidden\" name=\"_wpcf7_container_post\" value=\"0\" \/>\n<input type=\"hidden\" name=\"_wpcf7_posted_data_hash\" value=\"\" \/>\n<\/div>\n<div class=\"form\">\n\t<div class=\"vc_row\">\n\t\t<div class=\"vc_col-sm-6\">\n\t\t\t<p><span class=\"wpcf7-form-control-wrap\" data-name=\"nome\"><input size=\"40\" maxlength=\"400\" class=\"wpcf7-form-control wpcf7-text wpcf7-validates-as-required\" aria-required=\"true\" aria-invalid=\"false\" placeholder=\"Name*\" value=\"\" type=\"text\" name=\"nome\" \/><\/span>\n\t\t\t<\/p>\n\t\t<\/div>\n\t\t<div class=\"vc_col-sm-6\">\n\t\t\t<p><span class=\"wpcf7-form-control-wrap\" data-name=\"cognome\"><input size=\"40\" maxlength=\"400\" class=\"wpcf7-form-control wpcf7-text wpcf7-validates-as-required\" aria-required=\"true\" aria-invalid=\"false\" placeholder=\"Nachname*\" value=\"\" type=\"text\" name=\"cognome\" \/><\/span>\n\t\t\t<\/p>\n\t\t<\/div>\n\t<\/div>\n\t<div class=\"vc_row\">\n\t\t<div class=\"vc_col-sm-6\">\n\t\t\t<p><span class=\"wpcf7-form-control-wrap\" data-name=\"email\"><input size=\"40\" maxlength=\"400\" class=\"wpcf7-form-control wpcf7-email wpcf7-validates-as-required wpcf7-text wpcf7-validates-as-email\" aria-required=\"true\" aria-invalid=\"false\" placeholder=\"E-mail*\" value=\"\" type=\"email\" name=\"email\" \/><\/span>\n\t\t\t<\/p>\n\t\t<\/div>\n\t\t<div class=\"vc_col-sm-6\">\n\t\t\t<p><span class=\"wpcf7-form-control-wrap\" data-name=\"tel\"><input size=\"40\" maxlength=\"400\" class=\"wpcf7-form-control wpcf7-tel wpcf7-validates-as-required wpcf7-text wpcf7-validates-as-tel\" aria-required=\"true\" aria-invalid=\"false\" placeholder=\"Telefon*\" value=\"\" type=\"tel\" name=\"tel\" \/><\/span>\n\t\t\t<\/p>\n\t\t<\/div>\n\t<\/div>\n\t<div class=\"vc_row\">\n\t\t<div class=\"vc_col-sm-6\">\n\t\t\t<p><span class=\"wpcf7-form-control-wrap\" data-name=\"data-arrivo\"><input class=\"wpcf7-form-control wpcf7-date wpcf7-validates-as-required wpcf7-validates-as-date\" aria-required=\"true\" aria-invalid=\"false\" value=\"\" type=\"date\" name=\"data-arrivo\" \/><\/span>\n\t\t\t<\/p>\n\t\t<\/div>\n\t\t<div class=\"vc_col-sm-6\">\n\t\t\t<p><span class=\"wpcf7-form-control-wrap\" data-name=\"data-partenza\"><input class=\"wpcf7-form-control wpcf7-date wpcf7-validates-as-required wpcf7-validates-as-date\" aria-required=\"true\" aria-invalid=\"false\" value=\"\" type=\"date\" name=\"data-partenza\" \/><\/span>\n\t\t\t<\/p>\n\t\t<\/div>\n\t<\/div>\n\t<div class=\"vc_row\">\n\t\t<div class=\"vc_col-sm-6\">\n\t\t\t<p><span class=\"wpcf7-form-control-wrap\" data-name=\"adulti\"><input size=\"40\" maxlength=\"400\" class=\"wpcf7-form-control wpcf7-text wpcf7-validates-as-required\" aria-required=\"true\" aria-invalid=\"false\" placeholder=\"Erwachsene N\u00b0 *\" value=\"\" type=\"text\" name=\"adulti\" \/><\/span>\n\t\t\t<\/p>\n\t\t<\/div>\n\t\t<div class=\"vc_col-sm-6\">\n\t\t\t<p><span class=\"wpcf7-form-control-wrap\" data-name=\"bambini\"><input size=\"40\" maxlength=\"400\" class=\"wpcf7-form-control wpcf7-text wpcf7-validates-as-required\" aria-required=\"true\" aria-invalid=\"false\" placeholder=\"Kinder (1-10 Jahre)*\" value=\"\" type=\"text\" name=\"bambini\" \/><\/span>\n\t\t\t<\/p>\n\t\t<\/div>\n\t<\/div>\n\t<div class=\"vc_row\">\n\t\t<div class=\"vc_col-sm-6\">\n\t\t\t<p><span class=\"wpcf7-form-control-wrap\" data-name=\"tende-numero\"><input size=\"40\" maxlength=\"400\" class=\"wpcf7-form-control wpcf7-text\" aria-invalid=\"false\" placeholder=\"Zelte N\u00b0\" value=\"\" type=\"text\" name=\"tende-numero\" \/><\/span>\n\t\t\t<\/p>\n\t\t<\/div>\n\t\t<div class=\"vc_col-sm-6\">\n\t\t\t<p><span class=\"wpcf7-form-control-wrap\" data-name=\"misura-tenda\"><input size=\"40\" maxlength=\"400\" class=\"wpcf7-form-control wpcf7-text\" aria-invalid=\"false\" placeholder=\"Zeltgr\u00f6\u00dfe mtxmt\" value=\"\" type=\"text\" name=\"misura-tenda\" \/><\/span>\n\t\t\t<\/p>\n\t\t<\/div>\n\t<\/div>\n\t<div class=\"vc_row\">\n\t\t<div class=\"vc_col-sm-6\">\n\t\t\t<p><span class=\"wpcf7-form-control-wrap\" data-name=\"auto-numero\"><input size=\"40\" maxlength=\"400\" class=\"wpcf7-form-control wpcf7-text\" aria-invalid=\"false\" placeholder=\"Auto N\u00b0\" value=\"\" type=\"text\" name=\"auto-numero\" \/><\/span>\n\t\t\t<\/p>\n\t\t<\/div>\n\t\t<div class=\"vc_col-sm-6\">\n\t\t\t<p><span class=\"wpcf7-form-control-wrap\" data-name=\"moto-numero\"><input size=\"40\" maxlength=\"400\" class=\"wpcf7-form-control wpcf7-text\" aria-invalid=\"false\" placeholder=\"Motorrad N\u00b0\" value=\"\" type=\"text\" name=\"moto-numero\" \/><\/span>\n\t\t\t<\/p>\n\t\t<\/div>\n\t<\/div>\n\t<div class=\"vc_row\">\n\t\t<div class=\"vc_col-sm-6\">\n\t\t\t<p><span class=\"wpcf7-form-control-wrap\" data-name=\"roulotte\"><input size=\"40\" maxlength=\"400\" class=\"wpcf7-form-control wpcf7-text\" aria-invalid=\"false\" placeholder=\"Wohnwagen N\u00b0\" value=\"\" type=\"text\" name=\"roulotte\" \/><\/span>\n\t\t\t<\/p>\n\t\t<\/div>\n\t\t<div class=\"vc_col-sm-6\">\n\t\t\t<p><span class=\"wpcf7-form-control-wrap\" data-name=\"lunghezza-roulotte\"><input size=\"40\" maxlength=\"400\" class=\"wpcf7-form-control wpcf7-text\" aria-invalid=\"false\" placeholder=\"Gr\u00f6\u00dfe (L\u00e4nge)\" value=\"\" type=\"text\" name=\"lunghezza-roulotte\" \/><\/span>\n\t\t\t<\/p>\n\t\t<\/div>\n\t<\/div>\n\t<div class=\"vc_row\">\n\t\t<div class=\"vc_col-sm-6\">\n\t\t\t<p><span class=\"wpcf7-form-control-wrap\" data-name=\"camper\"><input size=\"40\" maxlength=\"400\" class=\"wpcf7-form-control wpcf7-text\" aria-invalid=\"false\" placeholder=\"Wohnmobil N\u00b0\" value=\"\" type=\"text\" name=\"camper\" \/><\/span>\n\t\t\t<\/p>\n\t\t<\/div>\n\t\t<div class=\"vc_col-sm-6\">\n\t\t\t<p><span class=\"wpcf7-form-control-wrap\" data-name=\"lunghezza-camper\"><input size=\"40\" maxlength=\"400\" class=\"wpcf7-form-control wpcf7-text\" aria-invalid=\"false\" placeholder=\"Gr\u00f6\u00dfe (L\u00e4nge)\" value=\"\" type=\"text\" name=\"lunghezza-camper\" \/><\/span>\n\t\t\t<\/p>\n\t\t<\/div>\n\t<\/div>\n\t<div class=\"vc_row\">\n\t\t<div class=\"vc_col-sm-6\">\n\t\t\t<p><span class=\"wpcf7-form-control-wrap\" data-name=\"minibus\"><input size=\"40\" maxlength=\"400\" class=\"wpcf7-form-control wpcf7-text\" aria-invalid=\"false\" placeholder=\"Minibus N\u00b0\" value=\"\" type=\"text\" name=\"minibus\" \/><\/span>\n\t\t\t<\/p>\n\t\t<\/div>\n\t\t<div class=\"vc_col-sm-6\">\n\t\t\t<p><span class=\"wpcf7-form-control-wrap\" data-name=\"lunghezza-minibus\"><input size=\"40\" maxlength=\"400\" class=\"wpcf7-form-control wpcf7-text\" aria-invalid=\"false\" placeholder=\"Gr\u00f6\u00dfe (L\u00e4nge)\" value=\"\" type=\"text\" name=\"lunghezza-minibus\" \/><\/span>\n\t\t\t<\/p>\n\t\t<\/div>\n\t<\/div>\n\t<div class=\"vc_row\">\n\t\t<div class=\"vc_col-sm-12\">\n\t\t\t<p><label class=\"label\">Stromanschluss<\/label><span class=\"wpcf7-form-control-wrap\" data-name=\"allaccio-elettrico\"><span class=\"wpcf7-form-control wpcf7-radio\"><span class=\"wpcf7-list-item first\"><label><input type=\"radio\" name=\"allaccio-elettrico\" value=\"Ja\" \/><span class=\"wpcf7-list-item-label\">Ja<\/span><\/label><\/span><span class=\"wpcf7-list-item last\"><label><input type=\"radio\" name=\"allaccio-elettrico\" value=\"Nein\" \/><span class=\"wpcf7-list-item-label\">Nein<\/span><\/label><\/span><\/span><\/span>\n\t\t\t<\/p>\n\t\t<\/div>\n\t<\/div>\n\t<div class=\"vc_row\">\n\t\t<div class=\"vc_col-sm-12 color\">\n\t\t\t<p><span class=\"wpcf7-form-control-wrap\" data-name=\"condizioni\"><span class=\"wpcf7-form-control wpcf7-acceptance\"><span class=\"wpcf7-list-item\"><label><input type=\"checkbox\" name=\"condizioni\" value=\"1\" aria-invalid=\"false\" \/><span class=\"wpcf7-list-item-label\">Ich akzeptiere die <a href=\"#\" class=\"popmake-6763 pum-trigger\"><u>hier angegebenen Buchungsbedingungen<\/u><\/a><\/span><\/label><\/span><\/span><\/span>\n\t\t\t<\/p>\n\t\t<\/div>\n\t<\/div>\n\t<div class=\"vc_row\">\n\t\t<div class=\"vc_col-sm-12\">\n\t\t\t<p><label class=\"label\"><span class=\"wpcf7-form-control-wrap\" data-name=\"privacy\"><span class=\"wpcf7-form-control wpcf7-acceptance\"><span class=\"wpcf7-list-item\"><label><input type=\"checkbox\" name=\"privacy\" value=\"1\" aria-invalid=\"false\" \/><span class=\"wpcf7-list-item-label\">Gem\u00e4\u00df dem Gesetz 196\/03 zum Schutz der <a href=\"\/de\/datenschutz-und-cookie-richtlinie\/\">Datenschutzbestimmungen<\/a> erm\u00e4chtige ich die Hotelverwaltung, mir Angebote und Werbematerial zu senden sowie Informationen \u00fcber meinen Aufenthalt bereitzustellen, damit ich Gegenst\u00e4nde, Nachrichten und Anrufe erhalten kann.<\/span><\/label><\/span><\/span><\/span><\/label>\n\t\t\t<\/p>\n\t\t<\/div>\n\t<\/div>\n\t<div class=\"vc_row\">\n\t\t<div class=\"vc_col-sm-12\">\n\t\t\t<p><input class=\"wpcf7-form-control wpcf7-submit has-spinner\" type=\"submit\" value=\"ANFRAGE F\u00dcR VERF\u00dcGBARKEIT SENDEN\" \/>\n\t\t\t<\/p>\n\t\t<\/div>\n\t<\/div>\n<\/div><input type='hidden' class='wpcf7-pum' value='{\"closepopup\":false,\"closedelay\":0,\"openpopup\":false,\"openpopup_id\":0}' \/><div class=\"wpcf7-response-output\" aria-hidden=\"true\"><\/div>\n<\/form>\n<\/div>\n[\/vc_column][\/vc_row]\n<\/div>","protected":false},"excerpt":{"rendered":"<p>[vc_row full_width=&#8220;stretch_row_content_no_spaces&#8220; content_placement=&#8220;bottom&#8220; wpex_bg_overlay=&#8220;color&#8220; wpex_bg_overlay_color=&#8220;#3b251a&#8220; wpex_bg_overlay_opacity=&#8220;40&#8243; el_class=&#8220;bordo_grafico&#8220; min_height=&#8220;400&#8243; css=&#8220;.vc_custom_1741005178282{background-image: url(https:\/\/campingcinqueterre.it\/wp-content\/uploads\/2025\/02\/piazzole-camper-2.jpg?id=572) !important;background-position: center !important;background-repeat: no-repeat !important;background-size: cover !important;}&#8220; wpex_bg_position=&#8220;50% 70%&#8220;][vc_column css=&#8220;.vc_custom_1739171075238{background-image: url(https:\/\/campingcinqueterre.it\/wp-content\/uploads\/2025\/02\/bordo-grafico.png?id=163) !important;background-position: center !important;background-repeat: no-repeat !important;background-size: cover !important;}&#8220; wpex_bg_position=&#8220;50% 100%&#8220; wpex_bg_size=&#8220;2000px 130px&#8220;][vc_column_text css_animation=&#8220;fadeInUp&#8220; css=&#8220;&#8220; color=&#8220;on-accent&#8220; el_class=&#8220;pbd180 pbm180&#8243;] Anfrage zur Verf\u00fcgbarkeit [\/vc_column_text][\/vc_column][\/vc_row][vc_row equal_height=&#8220;yes&#8220; el_class=&#8220;ptd120 ptm60 pbd60 pbm30&#8243;][vc_column css_animation=&#8220;fadeInUp&#8220; width=&#8220;1\/3&#8243; el_class=&#8220;mtm30&#8243;][vc_column_text css_animation=&#8220;fadeInUp&#8220; css=&#8220;.vc_custom_1741005313173{margin-bottom: 15px !important;}&#8220; color=&#8220;#62ac44&#8243; font_size=&#8220;d:30|pl:25&#8243;&hellip;<\/p>\n","protected":false},"author":3,"featured_media":0,"parent":0,"menu_order":0,"comment_status":"closed","ping_status":"closed","template":"","meta":{"inline_featured_image":false,"footnotes":""},"class_list":["post-1624","page","type-page","status-publish","hentry","entry","no-media"],"yoast_head":"<!-- This site is optimized with the Yoast SEO plugin v24.7 - https:\/\/yoast.com\/wordpress\/plugins\/seo\/ -->\n<title>Anfrage zur Verf\u00fcgbarkeit - Camping Cinque Terre<\/title>\n<meta name=\"description\" content=\"F\u00fcllen Sie das Formular aus, um die Verf\u00fcgbarkeit des Campingplatzes anzufragen. Bitte senden Sie uns Ihre Verf\u00fcgbarkeitsanfrage ...\" \/>\n<meta name=\"robots\" content=\"index, follow, max-snippet:-1, max-image-preview:large, max-video-preview:-1\" \/>\n<link rel=\"canonical\" href=\"https:\/\/campingcinqueterre.it\/richiesta-disponibilita\/\" \/>\n<meta property=\"og:locale\" content=\"de_DE\" \/>\n<meta property=\"og:type\" content=\"article\" \/>\n<meta property=\"og:title\" content=\"Anfrage zur Verf\u00fcgbarkeit - Camping Cinque Terre\" \/>\n<meta property=\"og:description\" content=\"F\u00fcllen Sie das Formular aus, um die Verf\u00fcgbarkeit des Campingplatzes anzufragen. Bitte senden Sie uns Ihre Verf\u00fcgbarkeitsanfrage ...\" \/>\n<meta property=\"og:url\" content=\"https:\/\/campingcinqueterre.it\/richiesta-disponibilita\/\" \/>\n<meta property=\"og:site_name\" content=\"Camping Cinque Terre\" \/>\n<meta property=\"article:modified_time\" content=\"2026-01-13T11:31:32+00:00\" \/>\n<meta property=\"og:image\" content=\"https:\/\/campingcinqueterre.it\/wp-content\/uploads\/2025\/02\/logo.png\" \/>\n\t<meta property=\"og:image:width\" content=\"185\" \/>\n\t<meta property=\"og:image:height\" content=\"197\" \/>\n\t<meta property=\"og:image:type\" content=\"image\/png\" \/>\n<meta name=\"twitter:card\" content=\"summary_large_image\" \/>\n<meta name=\"twitter:label1\" content=\"Gesch\u00e4tzte Lesezeit\" \/>\n\t<meta name=\"twitter:data1\" content=\"2\u00a0Minuten\" \/>\n<script type=\"application\/ld+json\" class=\"yoast-schema-graph\">{\"@context\":\"https:\/\/schema.org\",\"@graph\":[{\"@type\":\"WebPage\",\"@id\":\"https:\/\/campingcinqueterre.it\/richiesta-disponibilita\/\",\"url\":\"https:\/\/campingcinqueterre.it\/richiesta-disponibilita\/\",\"name\":\"Anfrage zur Verf\u00fcgbarkeit - Camping Cinque Terre\",\"isPartOf\":{\"@id\":\"https:\/\/campingcinqueterre.it\/#website\"},\"datePublished\":\"2025-02-09T21:09:55+00:00\",\"dateModified\":\"2026-01-13T11:31:32+00:00\",\"description\":\"F\u00fcllen Sie das Formular aus, um die Verf\u00fcgbarkeit des Campingplatzes anzufragen. Bitte senden Sie uns Ihre Verf\u00fcgbarkeitsanfrage ...\",\"breadcrumb\":{\"@id\":\"https:\/\/campingcinqueterre.it\/richiesta-disponibilita\/#breadcrumb\"},\"inLanguage\":\"de\",\"potentialAction\":[{\"@type\":\"ReadAction\",\"target\":[\"https:\/\/campingcinqueterre.it\/richiesta-disponibilita\/\"]}]},{\"@type\":\"BreadcrumbList\",\"@id\":\"https:\/\/campingcinqueterre.it\/richiesta-disponibilita\/#breadcrumb\",\"itemListElement\":[{\"@type\":\"ListItem\",\"position\":1,\"name\":\"Home\",\"item\":\"https:\/\/campingcinqueterre.it\/de\/\"},{\"@type\":\"ListItem\",\"position\":2,\"name\":\"Anfrage zur Verf\u00fcgbarkeit\"}]},{\"@type\":\"WebSite\",\"@id\":\"https:\/\/campingcinqueterre.it\/#website\",\"url\":\"https:\/\/campingcinqueterre.it\/\",\"name\":\"Camping Cinque Terre\",\"description\":\"Natura, Mare ed Emozioni\",\"publisher\":{\"@id\":\"https:\/\/campingcinqueterre.it\/#organization\"},\"potentialAction\":[{\"@type\":\"SearchAction\",\"target\":{\"@type\":\"EntryPoint\",\"urlTemplate\":\"https:\/\/campingcinqueterre.it\/?s={search_term_string}\"},\"query-input\":{\"@type\":\"PropertyValueSpecification\",\"valueRequired\":true,\"valueName\":\"search_term_string\"}}],\"inLanguage\":\"de\"},{\"@type\":\"Organization\",\"@id\":\"https:\/\/campingcinqueterre.it\/#organization\",\"name\":\"CAMPING 5 TERRE\",\"alternateName\":\"CAMPING 5 TERRE\",\"url\":\"https:\/\/campingcinqueterre.it\/\",\"logo\":{\"@type\":\"ImageObject\",\"inLanguage\":\"de\",\"@id\":\"https:\/\/campingcinqueterre.it\/#\/schema\/logo\/image\/\",\"url\":\"https:\/\/campingcinqueterre.it\/wp-content\/uploads\/2025\/02\/logo.png\",\"contentUrl\":\"https:\/\/campingcinqueterre.it\/wp-content\/uploads\/2025\/02\/logo.png\",\"width\":185,\"height\":197,\"caption\":\"CAMPING 5 TERRE\"},\"image\":{\"@id\":\"https:\/\/campingcinqueterre.it\/#\/schema\/logo\/image\/\"}}]}<\/script>\n<!-- \/ Yoast SEO plugin. -->","yoast_head_json":{"title":"Anfrage zur Verf\u00fcgbarkeit - Camping Cinque Terre","description":"F\u00fcllen Sie das Formular aus, um die Verf\u00fcgbarkeit des Campingplatzes anzufragen. Bitte senden Sie uns Ihre Verf\u00fcgbarkeitsanfrage ...","robots":{"index":"index","follow":"follow","max-snippet":"max-snippet:-1","max-image-preview":"max-image-preview:large","max-video-preview":"max-video-preview:-1"},"canonical":"https:\/\/campingcinqueterre.it\/richiesta-disponibilita\/","og_locale":"de_DE","og_type":"article","og_title":"Anfrage zur Verf\u00fcgbarkeit - Camping Cinque Terre","og_description":"F\u00fcllen Sie das Formular aus, um die Verf\u00fcgbarkeit des Campingplatzes anzufragen. Bitte senden Sie uns Ihre Verf\u00fcgbarkeitsanfrage ...","og_url":"https:\/\/campingcinqueterre.it\/richiesta-disponibilita\/","og_site_name":"Camping Cinque Terre","article_modified_time":"2026-01-13T11:31:32+00:00","og_image":[{"width":185,"height":197,"url":"https:\/\/campingcinqueterre.it\/wp-content\/uploads\/2025\/02\/logo.png","type":"image\/png"}],"twitter_card":"summary_large_image","twitter_misc":{"Gesch\u00e4tzte Lesezeit":"2\u00a0Minuten"},"schema":{"@context":"https:\/\/schema.org","@graph":[{"@type":"WebPage","@id":"https:\/\/campingcinqueterre.it\/richiesta-disponibilita\/","url":"https:\/\/campingcinqueterre.it\/richiesta-disponibilita\/","name":"Anfrage zur Verf\u00fcgbarkeit - Camping Cinque Terre","isPartOf":{"@id":"https:\/\/campingcinqueterre.it\/#website"},"datePublished":"2025-02-09T21:09:55+00:00","dateModified":"2026-01-13T11:31:32+00:00","description":"F\u00fcllen Sie das Formular aus, um die Verf\u00fcgbarkeit des Campingplatzes anzufragen. Bitte senden Sie uns Ihre Verf\u00fcgbarkeitsanfrage ...","breadcrumb":{"@id":"https:\/\/campingcinqueterre.it\/richiesta-disponibilita\/#breadcrumb"},"inLanguage":"de","potentialAction":[{"@type":"ReadAction","target":["https:\/\/campingcinqueterre.it\/richiesta-disponibilita\/"]}]},{"@type":"BreadcrumbList","@id":"https:\/\/campingcinqueterre.it\/richiesta-disponibilita\/#breadcrumb","itemListElement":[{"@type":"ListItem","position":1,"name":"Home","item":"https:\/\/campingcinqueterre.it\/de\/"},{"@type":"ListItem","position":2,"name":"Anfrage zur Verf\u00fcgbarkeit"}]},{"@type":"WebSite","@id":"https:\/\/campingcinqueterre.it\/#website","url":"https:\/\/campingcinqueterre.it\/","name":"Camping Cinque Terre","description":"Natura, Mare ed Emozioni","publisher":{"@id":"https:\/\/campingcinqueterre.it\/#organization"},"potentialAction":[{"@type":"SearchAction","target":{"@type":"EntryPoint","urlTemplate":"https:\/\/campingcinqueterre.it\/?s={search_term_string}"},"query-input":{"@type":"PropertyValueSpecification","valueRequired":true,"valueName":"search_term_string"}}],"inLanguage":"de"},{"@type":"Organization","@id":"https:\/\/campingcinqueterre.it\/#organization","name":"CAMPING 5 TERRE","alternateName":"CAMPING 5 TERRE","url":"https:\/\/campingcinqueterre.it\/","logo":{"@type":"ImageObject","inLanguage":"de","@id":"https:\/\/campingcinqueterre.it\/#\/schema\/logo\/image\/","url":"https:\/\/campingcinqueterre.it\/wp-content\/uploads\/2025\/02\/logo.png","contentUrl":"https:\/\/campingcinqueterre.it\/wp-content\/uploads\/2025\/02\/logo.png","width":185,"height":197,"caption":"CAMPING 5 TERRE"},"image":{"@id":"https:\/\/campingcinqueterre.it\/#\/schema\/logo\/image\/"}}]}},"_links":{"self":[{"href":"https:\/\/campingcinqueterre.it\/de\/wp-json\/wp\/v2\/pages\/1624","targetHints":{"allow":["GET"]}}],"collection":[{"href":"https:\/\/campingcinqueterre.it\/de\/wp-json\/wp\/v2\/pages"}],"about":[{"href":"https:\/\/campingcinqueterre.it\/de\/wp-json\/wp\/v2\/types\/page"}],"author":[{"embeddable":true,"href":"https:\/\/campingcinqueterre.it\/de\/wp-json\/wp\/v2\/users\/3"}],"replies":[{"embeddable":true,"href":"https:\/\/campingcinqueterre.it\/de\/wp-json\/wp\/v2\/comments?post=1624"}],"version-history":[{"count":19,"href":"https:\/\/campingcinqueterre.it\/de\/wp-json\/wp\/v2\/pages\/1624\/revisions"}],"predecessor-version":[{"id":6787,"href":"https:\/\/campingcinqueterre.it\/de\/wp-json\/wp\/v2\/pages\/1624\/revisions\/6787"}],"wp:attachment":[{"href":"https:\/\/campingcinqueterre.it\/de\/wp-json\/wp\/v2\/media?parent=1624"}],"curies":[{"name":"wp","href":"https:\/\/api.w.org\/{rel}","templated":true}]}}