{"id":1634,"date":"2021-08-24T14:50:27","date_gmt":"2021-08-24T12:50:27","guid":{"rendered":"https:\/\/campingcinqueterre.it\/privacy-e-cookie-policy\/"},"modified":"2025-03-27T10:41:52","modified_gmt":"2025-03-27T09:41:52","slug":"datenschutz-und-cookie-richtlinie","status":"publish","type":"page","link":"https:\/\/campingcinqueterre.it\/de\/datenschutz-und-cookie-richtlinie\/","title":{"rendered":"Datenschutz- und Cookie-Richtlinie"},"content":{"rendered":"<div class=\"wpb-content-wrapper\">[vc_row css=&#8220;.vc_custom_1727942800141{margin-top: 40px !important;margin-bottom: 40px !important;}&#8220;][vc_column][vc_column_text css=&#8220;&#8220;]\r\n<p><strong>INFORMATIONEN GEM\u00c4SS ARTIKEL 13-14 DER DSGVO (DATENSCHUTZ-VERORDNUNG) 2016\/679<\/strong><\/p>\r\n<p>Camping 5 Terre, USt.-ID 00822060117, Verantwortlicher f\u00fcr die Verarbeitung, informiert Sie dar\u00fcber, dass Ihre Daten in den folgenden beschriebenen Methoden und zu den angegebenen Zwecken verarbeitet werden.<\/p>\r\n<p>Der Verantwortliche verpflichtet sich, die Privatsph\u00e4re und Vertraulichkeit der personenbezogenen Daten gem\u00e4\u00df den Prinzipien der Fairness, Rechtm\u00e4\u00dfigkeit, Transparenz und zum Schutz Ihrer Rechte zu wahren.<\/p>\r\n<p><strong>1) ARTEN DER VERARBEITETEN DATEN<\/strong><\/p>\r\n<p>Wir verarbeiten personenbezogene Daten, die Sie uns mitteilen (Name, E-Mail, Firmenname, Telefon usw.) im Rahmen spontaner Anfragen und Daten, die automatisch von der Website erfasst werden.<\/p>\r\n<ul>\r\n<li><strong>Von Ihnen bereitgestellte Daten<\/strong>: personenbezogene, identifizierende und nicht sensible Daten, die Sie zur Durchf\u00fchrung von Anfragen per E-Mail, \u00fcber das Kontaktformular oder telefonisch zu unseren Produkten\/Dienstleistungen \u00fcbermitteln.<\/li>\r\n<li><strong>Automatisch gesammelte Daten<\/strong>: anonyme Daten, die durch Cookies oder \u00e4hnliche Technologien erfasst werden: Weitere Informationen finden Sie in der <a href=\"#cookie\"><strong>Cookie-Richtlinie<\/strong><\/a> unten.<\/li>\r\n<\/ul>\r\n<p><strong>Hinweis:<\/strong> Benutzer unter 16 Jahren k\u00f6nnen keine personenbezogenen Daten ohne die Zustimmung ihrer Eltern oder Erziehungsberechtigten bereitstellen.<\/p>\r\n<p>&nbsp;<\/p>\r\n<p><strong>2) ZWECKE UND RECHTLICHE GRUNDLAGEN DER VERARBEITUNG<\/strong><\/p>\r\n<p>Wir werden Ihre personenbezogenen Daten zu folgenden Zwecken verarbeiten:<\/p>\r\n<p><strong>A)<\/strong> zur Erf\u00fcllung unserer vertraglichen Verpflichtungen; zur Beantwortung Ihrer Informationsanfragen; zur Berechnung eines von Ihnen angeforderten Angebots; zur Durchf\u00fchrung von Kaufvertr\u00e4gen f\u00fcr Produkte oder Dienstleistungen; zur Bereitstellung der notwendigen Unterst\u00fctzung f\u00fcr gekaufte Produkte und Dienstleistungen.<\/p>\r\n<p><strong>B)<\/strong> zur Durchf\u00fchrung aggregierter statistischer Analysen auf anonymer Basis zur Verbesserung unserer Dienstleistungen;<\/p>\r\n<p><strong>C)<\/strong> f\u00fcr Verwaltungszwecke und zur Erf\u00fcllung rechtlicher Verpflichtungen, wie z.B. steuerliche, buchhalterische oder gerichtliche Anforderungen.<\/p>\r\n<p><strong>D)<\/strong> im Falle der \u00dcbermittlung eines Lebenslaufs ausschlie\u00dflich zu Rekrutierungszwecken.<\/p>\r\n<p>&nbsp;<\/p>\r\n<p><strong>3) IST DIE BEREITSTELLUNG DER DATEN VERPFLICHTEND?<\/strong><\/p>\r\n<p>Die Bereitstellung Ihrer Daten ist stets freiwillig, jedoch k\u00f6nnte die Nichtbereitstellung einiger Daten die Durchf\u00fchrung bestimmter Verarbeitungsprozesse unm\u00f6glich machen, wie z.B. solche, die direkt mit der Erf\u00fcllung eines Vertrages oder der Bereitstellung der von Ihnen angeforderten Dienstleistungen zusammenh\u00e4ngen.<\/p>\r\n<p><strong>4) STANDORT, VERARBEITUNGSMETHODEN UND DATENSPEICHERDAUER<\/strong><\/p>\r\n<p>Ihre personenbezogenen Daten werden gem\u00e4\u00df den in Artikel 4 des Datenschutzgesetzes und Artikel 4 Absatz 2 der DSGVO angegebenen Methoden verarbeitet, insbesondere: Sammlung, Registrierung, Organisation, Speicherung, Konsultation, Verarbeitung, \u00c4nderung, Auswahl, Extraktion, Vergleich, Nutzung, Interconnection, Sperrung, Kommunikation, L\u00f6schung und Vernichtung der Daten.<\/p>\r\n<p>Ihre personenbezogenen Daten werden am Sitz des Verantwortlichen gespeichert und sowohl manuell als auch elektronisch\/automatisch verarbeitet, mit Logik, die strikt mit den angegebenen Zwecken verbunden ist und auf sichere und vertrauliche Weise gew\u00e4hrleistet wird. Die von Ihnen bereitgestellten Daten werden nicht auf unserer Website gespeichert.<\/p>\r\n<p>Der Verantwortliche verarbeitet personenbezogene Daten f\u00fcr die Dauer, die erforderlich ist, um die oben genannten Zwecke zu erf\u00fcllen, und auf jeden Fall nicht l\u00e4nger als 10 Jahre nach Beendigung der Beziehung f\u00fcr die Zwecke unter Punkt C und nicht l\u00e4nger als 38 Monate nach der Datenerhebung f\u00fcr die Zwecke unter Punkt B.<\/p>\r\n<p><strong>5) ZUGRIFF AUF DATEN<\/strong><\/p>\r\n<p>Ihre Daten k\u00f6nnen f\u00fcr die in Punkt 2 genannten Zwecke zug\u00e4nglich gemacht werden:<\/p>\r\n<ul>\r\n<li>an Mitarbeiter und Mitarbeiter des Verantwortlichen, in ihrer Funktion als interne Datenverarbeiter und\/oder Systemadministratoren;<\/li>\r\n<li>an Dritte oder andere Stellen (Website-Anbieter, Cloud-Anbieter, Anbieter von E-Payment-Diensten, Lieferanten, technische Unterst\u00fctzung f\u00fcr Hardware und Software, Kuriere, Kreditinstitute, professionelle Firmen usw.), die ausgelagerte Aktivit\u00e4ten im Auftrag des Verantwortlichen durchf\u00fchren, in ihrer Funktion als Datenverarbeiter.<\/li>\r\n<\/ul>\r\n<p>&nbsp;<\/p>\r\n<p><strong>6) DATEN\u00dcBERTRAGUNG<\/strong><\/p>\r\n<p>Die Daten werden nicht an Dritte verkauft, ausgetauscht oder offengelegt, au\u00dfer an den Verantwortlichen, Datenverarbeiter und berechtigte Personen mit Ihrer ausdr\u00fccklichen Zustimmung.<\/p>\r\n<p><strong>7) IHRE RECHTE<\/strong><\/p>\r\n<p>Sie haben das Recht, zu erfahren, welche personenbezogenen Daten verarbeitet werden. Insbesondere haben Sie das Recht auf Auskunft, Berichtigung, L\u00f6schung, Daten\u00fcbertragbarkeit, Einschr\u00e4nkung der Verarbeitung und Widerspruch gegen die Verarbeitung, wenn die entsprechenden Bedingungen vorliegen.<\/p>\r\n<p>Nachfolgend finden Sie eine kurze \u00dcbersicht \u00fcber die Rechte, die Ihnen in Bezug auf die Verarbeitung Ihrer personenbezogenen Daten zustehen.<\/p>\r\n<ul>\r\n<li><strong>Recht auf Auskunft<\/strong> erm\u00f6glicht Ihnen, eine Best\u00e4tigung dar\u00fcber zu erhalten, ob Ihre personenbezogenen Daten verarbeitet werden, und wenn ja, Zugang zu diesen Daten und den damit verbundenen Informationen zu erhalten;<\/li>\r\n<li><strong>Recht auf Berichtigung<\/strong> erm\u00f6glicht Ihnen, unrichtige personenbezogene Daten zu berichtigen und unvollst\u00e4ndige personenbezogene Daten zu vervollst\u00e4ndigen, unter Ber\u00fccksichtigung der Zwecke der Verarbeitung;<\/li>\r\n<li><strong>Recht auf L\u00f6schung<\/strong> erm\u00f6glicht Ihnen, die L\u00f6schung Ihrer Daten ohne unangemessene Verz\u00f6gerung zu verlangen (z.B. wenn Ihre personenbezogenen Daten f\u00fcr die Zwecke, f\u00fcr die sie erhoben wurden, nicht mehr erforderlich sind), es sei denn, es gelten Ausnahmen (z.B. wenn die Aufbewahrung der Daten zur Erf\u00fcllung gesetzlicher Verpflichtungen erforderlich ist). Die L\u00f6schung erfolgt innerhalb der vorgesehenen technischen Fristen;<\/li>\r\n<li><strong>Recht auf Daten\u00fcbertragbarkeit<\/strong> erm\u00f6glicht Ihnen, Ihre personenbezogenen Daten in einem strukturierten, g\u00e4ngigen und maschinenlesbaren Format zu erhalten und diese Daten an einen anderen Verantwortlichen zu \u00fcbermitteln, sofern dies nach geltendem Recht zul\u00e4ssig ist und keine Rechte oder Freiheiten Dritter beeintr\u00e4chtigt werden;<\/li>\r\n<li><strong>Recht auf Einschr\u00e4nkung der Verarbeitung<\/strong> erm\u00f6glicht es Ihnen, in bestimmten F\u00e4llen die Einschr\u00e4nkung der Verarbeitung Ihrer personenbezogenen Daten zu verlangen. In diesen F\u00e4llen kann der Verantwortliche die Daten nur f\u00fcr bestimmte Zwecke weiterverarbeiten, wie z.B. zur Verteidigung von Rechtsanspr\u00fcchen oder zum Schutz der Rechte einer anderen Person;<\/li>\r\n<li><strong>Recht auf Widerspruch gegen die Verarbeitung<\/strong> erm\u00f6glicht es Ihnen, sich in bestimmten F\u00e4llen gegen die Verarbeitung Ihrer personenbezogenen Daten zu wenden, es sei denn, es bestehen zwingende, berechtigte Gr\u00fcnde f\u00fcr die Verarbeitung, die den Verantwortlichen zur Fortsetzung der Verarbeitung berechtigen.<\/li>\r\n<\/ul>\r\n<p>F\u00fcr weitere Informationen zur Verarbeitung Ihrer personenbezogenen Daten oder zur Aus\u00fcbung Ihrer Rechte wenden Sie sich bitte an uns.<\/p>\r\n<p>&nbsp;<\/p>\r\n<p><strong>8) \u00c4NDERUNGEN DER DATENSCHUTZRICHTLINIE<\/strong><\/p>\r\n<p>Diese Datenschutzrichtlinie kann ge\u00e4ndert werden. Wir empfehlen daher, dieses Dokument regelm\u00e4\u00dfig zu \u00fcberpr\u00fcfen und sich auf die aktuellste Version zu beziehen.<\/p>\r\n<p>Letzte Aktualisierung: <strong>M\u00e4rz 2025<\/strong><\/p>\r\n<p> <\/p>\r\n[\/vc_column_text][\/vc_column][\/vc_row][vc_row el_id=&#8220;cookie&#8220; css=&#8220;.vc_custom_1743068109251{padding-bottom: 40px !important;}&#8220;][vc_column][vc_column_text css=&#8220;&#8220;]\r\n<p>COOKIE-LISTE<\/p>\r\n<div class=\"cky-audit-table-element\"> <\/div>\r\n[\/vc_column_text][\/vc_column][\/vc_row]\r\n<\/div>","protected":false},"excerpt":{"rendered":"<p>[vc_row css=&#8220;.vc_custom_1727942800141{margin-top: 40px !important;margin-bottom: 40px !important;}&#8220;][vc_column][vc_column_text css=&#8220;&#8220;] INFORMATIONEN GEM\u00c4SS ARTIKEL 13-14 DER DSGVO (DATENSCHUTZ-VERORDNUNG) 2016\/679 Camping 5 Terre, USt.-ID 00822060117, Verantwortlicher f\u00fcr die Verarbeitung, informiert Sie dar\u00fcber, dass Ihre Daten in den folgenden beschriebenen Methoden und zu den angegebenen Zwecken verarbeitet werden. Der Verantwortliche verpflichtet sich, die Privatsph\u00e4re und Vertraulichkeit der personenbezogenen Daten gem\u00e4\u00df den&hellip;<\/p>\n","protected":false},"author":3,"featured_media":0,"parent":0,"menu_order":0,"comment_status":"closed","ping_status":"open","template":"","meta":{"inline_featured_image":false,"footnotes":""},"class_list":["post-1634","page","type-page","status-publish","hentry","entry","no-media"],"yoast_head":"<!-- This site is optimized with the Yoast SEO plugin v24.7 - https:\/\/yoast.com\/wordpress\/plugins\/seo\/ -->\n<title>Datenschutz- und Cookie-Richtlinie - Camping Cinque Terre<\/title>\n<meta name=\"robots\" content=\"index, follow, max-snippet:-1, max-image-preview:large, max-video-preview:-1\" \/>\n<link rel=\"canonical\" href=\"https:\/\/campingcinqueterre.it\/de\/datenschutz-und-cookie-richtlinie\/\" \/>\n<meta property=\"og:locale\" content=\"de_DE\" \/>\n<meta property=\"og:type\" content=\"article\" \/>\n<meta property=\"og:title\" content=\"Datenschutz- und Cookie-Richtlinie - Camping Cinque Terre\" \/>\n<meta property=\"og:description\" content=\"[vc_row css=&#8220;.vc_custom_1727942800141{margin-top: 40px !important;margin-bottom: 40px !important;}&#8220;][vc_column][vc_column_text css=&#8220;&#8220;] INFORMATIONEN GEM\u00c4SS ARTIKEL 13-14 DER DSGVO (DATENSCHUTZ-VERORDNUNG) 2016\/679 Camping 5 Terre, USt.-ID 00822060117, Verantwortlicher f\u00fcr die Verarbeitung, informiert Sie dar\u00fcber, dass Ihre Daten in den folgenden beschriebenen Methoden und zu den angegebenen Zwecken verarbeitet werden. Der Verantwortliche verpflichtet sich, die Privatsph\u00e4re und Vertraulichkeit der personenbezogenen Daten gem\u00e4\u00df den&hellip;\" \/>\n<meta property=\"og:url\" content=\"https:\/\/campingcinqueterre.it\/de\/datenschutz-und-cookie-richtlinie\/\" \/>\n<meta property=\"og:site_name\" content=\"Camping Cinque Terre\" \/>\n<meta property=\"article:modified_time\" content=\"2025-03-27T09:41:52+00:00\" \/>\n<meta property=\"og:image\" content=\"https:\/\/campingcinqueterre.it\/wp-content\/uploads\/2025\/02\/logo.png\" \/>\n\t<meta property=\"og:image:width\" content=\"185\" \/>\n\t<meta property=\"og:image:height\" content=\"197\" \/>\n\t<meta property=\"og:image:type\" content=\"image\/png\" \/>\n<meta name=\"twitter:card\" content=\"summary_large_image\" \/>\n<meta name=\"twitter:label1\" content=\"Gesch\u00e4tzte Lesezeit\" \/>\n\t<meta name=\"twitter:data1\" content=\"5\u00a0Minuten\" \/>\n<script type=\"application\/ld+json\" class=\"yoast-schema-graph\">{\"@context\":\"https:\/\/schema.org\",\"@graph\":[{\"@type\":\"WebPage\",\"@id\":\"https:\/\/campingcinqueterre.it\/de\/datenschutz-und-cookie-richtlinie\/\",\"url\":\"https:\/\/campingcinqueterre.it\/de\/datenschutz-und-cookie-richtlinie\/\",\"name\":\"Datenschutz- und Cookie-Richtlinie - Camping Cinque Terre\",\"isPartOf\":{\"@id\":\"https:\/\/campingcinqueterre.it\/#website\"},\"datePublished\":\"2021-08-24T12:50:27+00:00\",\"dateModified\":\"2025-03-27T09:41:52+00:00\",\"breadcrumb\":{\"@id\":\"https:\/\/campingcinqueterre.it\/de\/datenschutz-und-cookie-richtlinie\/#breadcrumb\"},\"inLanguage\":\"de\",\"potentialAction\":[{\"@type\":\"ReadAction\",\"target\":[\"https:\/\/campingcinqueterre.it\/de\/datenschutz-und-cookie-richtlinie\/\"]}]},{\"@type\":\"BreadcrumbList\",\"@id\":\"https:\/\/campingcinqueterre.it\/de\/datenschutz-und-cookie-richtlinie\/#breadcrumb\",\"itemListElement\":[{\"@type\":\"ListItem\",\"position\":1,\"name\":\"Home\",\"item\":\"https:\/\/campingcinqueterre.it\/de\/\"},{\"@type\":\"ListItem\",\"position\":2,\"name\":\"Datenschutz- und Cookie-Richtlinie\"}]},{\"@type\":\"WebSite\",\"@id\":\"https:\/\/campingcinqueterre.it\/#website\",\"url\":\"https:\/\/campingcinqueterre.it\/\",\"name\":\"Camping Cinque Terre\",\"description\":\"Natura, Mare ed Emozioni\",\"publisher\":{\"@id\":\"https:\/\/campingcinqueterre.it\/#organization\"},\"potentialAction\":[{\"@type\":\"SearchAction\",\"target\":{\"@type\":\"EntryPoint\",\"urlTemplate\":\"https:\/\/campingcinqueterre.it\/?s={search_term_string}\"},\"query-input\":{\"@type\":\"PropertyValueSpecification\",\"valueRequired\":true,\"valueName\":\"search_term_string\"}}],\"inLanguage\":\"de\"},{\"@type\":\"Organization\",\"@id\":\"https:\/\/campingcinqueterre.it\/#organization\",\"name\":\"CAMPING 5 TERRE\",\"alternateName\":\"CAMPING 5 TERRE\",\"url\":\"https:\/\/campingcinqueterre.it\/\",\"logo\":{\"@type\":\"ImageObject\",\"inLanguage\":\"de\",\"@id\":\"https:\/\/campingcinqueterre.it\/#\/schema\/logo\/image\/\",\"url\":\"https:\/\/campingcinqueterre.it\/wp-content\/uploads\/2025\/02\/logo.png\",\"contentUrl\":\"https:\/\/campingcinqueterre.it\/wp-content\/uploads\/2025\/02\/logo.png\",\"width\":185,\"height\":197,\"caption\":\"CAMPING 5 TERRE\"},\"image\":{\"@id\":\"https:\/\/campingcinqueterre.it\/#\/schema\/logo\/image\/\"}}]}<\/script>\n<!-- \/ Yoast SEO plugin. -->","yoast_head_json":{"title":"Datenschutz- und Cookie-Richtlinie - Camping Cinque Terre","robots":{"index":"index","follow":"follow","max-snippet":"max-snippet:-1","max-image-preview":"max-image-preview:large","max-video-preview":"max-video-preview:-1"},"canonical":"https:\/\/campingcinqueterre.it\/de\/datenschutz-und-cookie-richtlinie\/","og_locale":"de_DE","og_type":"article","og_title":"Datenschutz- und Cookie-Richtlinie - Camping Cinque Terre","og_description":"[vc_row css=&#8220;.vc_custom_1727942800141{margin-top: 40px !important;margin-bottom: 40px !important;}&#8220;][vc_column][vc_column_text css=&#8220;&#8220;] INFORMATIONEN GEM\u00c4SS ARTIKEL 13-14 DER DSGVO (DATENSCHUTZ-VERORDNUNG) 2016\/679 Camping 5 Terre, USt.-ID 00822060117, Verantwortlicher f\u00fcr die Verarbeitung, informiert Sie dar\u00fcber, dass Ihre Daten in den folgenden beschriebenen Methoden und zu den angegebenen Zwecken verarbeitet werden. Der Verantwortliche verpflichtet sich, die Privatsph\u00e4re und Vertraulichkeit der personenbezogenen Daten gem\u00e4\u00df den&hellip;","og_url":"https:\/\/campingcinqueterre.it\/de\/datenschutz-und-cookie-richtlinie\/","og_site_name":"Camping Cinque Terre","article_modified_time":"2025-03-27T09:41:52+00:00","og_image":[{"width":185,"height":197,"url":"https:\/\/campingcinqueterre.it\/wp-content\/uploads\/2025\/02\/logo.png","type":"image\/png"}],"twitter_card":"summary_large_image","twitter_misc":{"Gesch\u00e4tzte Lesezeit":"5\u00a0Minuten"},"schema":{"@context":"https:\/\/schema.org","@graph":[{"@type":"WebPage","@id":"https:\/\/campingcinqueterre.it\/de\/datenschutz-und-cookie-richtlinie\/","url":"https:\/\/campingcinqueterre.it\/de\/datenschutz-und-cookie-richtlinie\/","name":"Datenschutz- und Cookie-Richtlinie - Camping Cinque Terre","isPartOf":{"@id":"https:\/\/campingcinqueterre.it\/#website"},"datePublished":"2021-08-24T12:50:27+00:00","dateModified":"2025-03-27T09:41:52+00:00","breadcrumb":{"@id":"https:\/\/campingcinqueterre.it\/de\/datenschutz-und-cookie-richtlinie\/#breadcrumb"},"inLanguage":"de","potentialAction":[{"@type":"ReadAction","target":["https:\/\/campingcinqueterre.it\/de\/datenschutz-und-cookie-richtlinie\/"]}]},{"@type":"BreadcrumbList","@id":"https:\/\/campingcinqueterre.it\/de\/datenschutz-und-cookie-richtlinie\/#breadcrumb","itemListElement":[{"@type":"ListItem","position":1,"name":"Home","item":"https:\/\/campingcinqueterre.it\/de\/"},{"@type":"ListItem","position":2,"name":"Datenschutz- und Cookie-Richtlinie"}]},{"@type":"WebSite","@id":"https:\/\/campingcinqueterre.it\/#website","url":"https:\/\/campingcinqueterre.it\/","name":"Camping Cinque Terre","description":"Natura, Mare ed Emozioni","publisher":{"@id":"https:\/\/campingcinqueterre.it\/#organization"},"potentialAction":[{"@type":"SearchAction","target":{"@type":"EntryPoint","urlTemplate":"https:\/\/campingcinqueterre.it\/?s={search_term_string}"},"query-input":{"@type":"PropertyValueSpecification","valueRequired":true,"valueName":"search_term_string"}}],"inLanguage":"de"},{"@type":"Organization","@id":"https:\/\/campingcinqueterre.it\/#organization","name":"CAMPING 5 TERRE","alternateName":"CAMPING 5 TERRE","url":"https:\/\/campingcinqueterre.it\/","logo":{"@type":"ImageObject","inLanguage":"de","@id":"https:\/\/campingcinqueterre.it\/#\/schema\/logo\/image\/","url":"https:\/\/campingcinqueterre.it\/wp-content\/uploads\/2025\/02\/logo.png","contentUrl":"https:\/\/campingcinqueterre.it\/wp-content\/uploads\/2025\/02\/logo.png","width":185,"height":197,"caption":"CAMPING 5 TERRE"},"image":{"@id":"https:\/\/campingcinqueterre.it\/#\/schema\/logo\/image\/"}}]}},"_links":{"self":[{"href":"https:\/\/campingcinqueterre.it\/de\/wp-json\/wp\/v2\/pages\/1634","targetHints":{"allow":["GET"]}}],"collection":[{"href":"https:\/\/campingcinqueterre.it\/de\/wp-json\/wp\/v2\/pages"}],"about":[{"href":"https:\/\/campingcinqueterre.it\/de\/wp-json\/wp\/v2\/types\/page"}],"author":[{"embeddable":true,"href":"https:\/\/campingcinqueterre.it\/de\/wp-json\/wp\/v2\/users\/3"}],"replies":[{"embeddable":true,"href":"https:\/\/campingcinqueterre.it\/de\/wp-json\/wp\/v2\/comments?post=1634"}],"version-history":[{"count":1,"href":"https:\/\/campingcinqueterre.it\/de\/wp-json\/wp\/v2\/pages\/1634\/revisions"}],"predecessor-version":[{"id":1638,"href":"https:\/\/campingcinqueterre.it\/de\/wp-json\/wp\/v2\/pages\/1634\/revisions\/1638"}],"wp:attachment":[{"href":"https:\/\/campingcinqueterre.it\/de\/wp-json\/wp\/v2\/media?parent=1634"}],"curies":[{"name":"wp","href":"https:\/\/api.w.org\/{rel}","templated":true}]}}