{"id":1576,"date":"2025-02-09T21:46:41","date_gmt":"2025-02-09T20:46:41","guid":{"rendered":"https:\/\/campingcinqueterre.it\/le-piazzuole\/"},"modified":"2025-03-27T09:36:23","modified_gmt":"2025-03-27T08:36:23","slug":"les-emplacements","status":"publish","type":"page","link":"https:\/\/campingcinqueterre.it\/fr\/les-emplacements\/","title":{"rendered":"Les Emplacements"},"content":{"rendered":"<div class=\"wpb-content-wrapper\">[vc_row full_width=\u00a0\u00bbstretch_row_content_no_spaces\u00a0\u00bb content_placement=\u00a0\u00bbbottom\u00a0\u00bb wpex_bg_overlay=\u00a0\u00bbcolor\u00a0\u00bb wpex_bg_overlay_color=\u00a0\u00bb#3b251a\u00a0\u00bb wpex_bg_overlay_opacity=\u00a0\u00bb40&Prime; el_class=\u00a0\u00bbbordo_grafico\u00a0\u00bb min_height=\u00a0\u00bb400&Prime; css=\u00a0\u00bb.vc_custom_1740993772745{background-image: url(https:\/\/campingcinqueterre.it\/wp-content\/uploads\/2025\/03\/camping-5-terre-campeggio-e-piazzuole-65.jpg?id=684) !important;background-position: center !important;background-repeat: no-repeat !important;background-size: cover !important;}\u00a0\u00bb wpex_bg_position=\u00a0\u00bb50% 65%\u00a0\u00bb][vc_column css=\u00a0\u00bb.vc_custom_1739171075238{background-image: url(https:\/\/campingcinqueterre.it\/wp-content\/uploads\/2025\/02\/bordo-grafico.png?id=163) !important;background-position: center !important;background-repeat: no-repeat !important;background-size: cover !important;}\u00a0\u00bb wpex_bg_position=\u00a0\u00bb50% 100%\u00a0\u00bb wpex_bg_size=\u00a0\u00bb2000px 130px\u00a0\u00bb]<style>.vcex-breadcrumbs.vcex_69f4f87d0288f{text-align:center;color:var(--wpex-on-accent);font-family:'Amatic SC';font-size:20px;line-height:150%;}<\/style><nav class=\"vcex-breadcrumbs vcex-breadcrumbs--links-inherit-color vcex-breadcrumbs--custom-color  wpb_animate_when_almost_visible wpb_fadeInUp fadeInUp vcex_69f4f87d0288f\"><span><span><a href=\"https:\/\/campingcinqueterre.it\/fr\/\">Home<\/a><\/span><\/span><\/nav><style>.vcex-page-title.vcex_69f4f87d05639 .vcex-page-title__heading{color:var(--wpex-on-accent);font-size:60px;font-family:Rubik;font-weight:900;line-height:100%;}@media (max-width:1024px){.vcex-page-title.vcex_69f4f87d05639 .vcex-page-title__heading{font-size:50px;}}@media (max-width:959px){.vcex-page-title.vcex_69f4f87d05639 .vcex-page-title__heading{font-size:40px;}}@media (max-width:767px){.vcex-page-title.vcex_69f4f87d05639 .vcex-page-title__heading{font-size:35px;}}@media (max-width:479px){.vcex-page-title.vcex_69f4f87d05639 .vcex-page-title__heading{font-size:35px;}}<\/style><div class=\"vcex-page-title vcex-module wpex-text-center  wpb_animate_when_almost_visible wpb_fadeInUp fadeInUp pbd180 pbm180 vcex_69f4f87d05639\"><h1 class=\"vcex-page-title__heading wpex-heading wpex-text-3xl\"><span class=\"vcex-page-title__text\">Les Emplacements<\/span><\/h1><\/div>[\/vc_column][\/vc_row][vc_row equal_height=\u00a0\u00bbyes\u00a0\u00bb columns_right=\u00a0\u00bbyes\u00a0\u00bb el_class=\u00a0\u00bbptd120 ptm20 pbd30 pbm10 row_margin\u00a0\u00bb][vc_column width=\u00a0\u00bb1\/2&Prime; el_class=\u00a0\u00bbcol_padding\u00a0\u00bb][vc_column_text css_animation=\u00a0\u00bbfadeInUp\u00a0\u00bb css=\u00a0\u00bb.vc_custom_1743064539722{margin-bottom: 15px !important;}\u00a0\u00bb color=\u00a0\u00bb#62ac44&Prime; font_size=\u00a0\u00bbd:30|pl:25&Prime; font_family=\u00a0\u00bbAmatic SC\u00a0\u00bb line_height=\u00a0\u00bb110%\u00a0\u00bb font_weight=\u00a0\u00bb700&Prime;]Les Emplacements[\/vc_column_text][vc_column_text css_animation=\u00a0\u00bbfadeInUp\u00a0\u00bb css=\u00a0\u00bb\u00a0\u00bb]\n<h2>Espaces Confortables<br \/>\nau C\u0153ur de la Nature<\/h2>\n[\/vc_column_text][vc_column_text css_animation=\u00a0\u00bbfadeInUp\u00a0\u00bb css=\u00a0\u00bb.vc_custom_1743064557630{margin-top: 35px !important;}\u00a0\u00bb]Nos emplacements, situ\u00e9s sur un terrain herbeux et bien d\u00e9limit\u00e9s par des haies, offrent intimit\u00e9 et confort en toute saison. Gr\u00e2ce \u00e0 des bornes \u00e9lectriques de derni\u00e8re g\u00e9n\u00e9ration et \u00e0 un service pour camping-cars efficace, nous accueillons des camping-cars jusqu\u2019\u00e0 8 m\u00e8tres, des caravanes et des tentes, r\u00e9pondant aux besoins de chaque voyageur. Profitez de la tranquillit\u00e9 de la verdure environnante, avec la commodit\u00e9 d\u2019\u00eatre \u00e0 quelques pas de la gare et des sentiers menant aux Cinque Terre.[\/vc_column_text][\/vc_column][vc_column width=\u00a0\u00bb1\/2&Prime; el_class=\u00a0\u00bbcol_padding mtm30&Prime;][vc_single_image image=\u00a0\u00bb552&Prime; css_animation=\u00a0\u00bbzoomIn\u00a0\u00bb onclick=\u00a0\u00bblink_image\u00a0\u00bb css=\u00a0\u00bb\u00a0\u00bb][\/vc_column][\/vc_row][vc_row el_class=\u00a0\u00bbptd20 pbd20 pbm10 ptm20&Prime;][vc_column width=\u00a0\u00bb1\/3&Prime; el_class=\u00a0\u00bbcol_piazzuole\u00a0\u00bb][vc_single_image image=\u00a0\u00bb1118&Prime; alignment=\u00a0\u00bbcenter\u00a0\u00bb css=\u00a0\u00bb\u00a0\u00bb][vc_column_text css=\u00a0\u00bb.vc_custom_1743064565511{margin-top: 30px !important;}\u00a0\u00bb]\n<p style=\"text-align: center;\">Service pour camping-cars<\/p>\n[\/vc_column_text][\/vc_column][vc_column width=\u00a0\u00bb1\/3&Prime; el_class=\u00a0\u00bbcol_piazzuole\u00a0\u00bb][vc_single_image image=\u00a0\u00bb1119&Prime; alignment=\u00a0\u00bbcenter\u00a0\u00bb css=\u00a0\u00bb\u00a0\u00bb][vc_column_text css=\u00a0\u00bb.vc_custom_1743064570764{margin-top: 30px !important;}\u00a0\u00bb]\n<p style=\"text-align: center;\">Emplacements plats<\/p>\n[\/vc_column_text][\/vc_column][vc_column width=\u00a0\u00bb1\/3&Prime; el_class=\u00a0\u00bbcol_piazzuole\u00a0\u00bb][vc_single_image image=\u00a0\u00bb1114&Prime; alignment=\u00a0\u00bbcenter\u00a0\u00bb css=\u00a0\u00bb\u00a0\u00bb][vc_column_text css=\u00a0\u00bb.vc_custom_1743064577495{margin-top: 30px !important;}\u00a0\u00bb]\n<p style=\"text-align: center;\">De tailles moyennes et grandes<\/p>\n[\/vc_column_text][\/vc_column][\/vc_row][vc_row el_class=\u00a0\u00bbptd30 pbd120 ptm20 pbm60&Prime;][vc_column]<style class=\"vcex-carousel-preload-css\">.vcex_69f4f87d0c5ea{--wpex-carousel-gap:15px;}.vcex_69f4f87d0c5ea{--wpex-carousel-columns:1;}.vcex_69f4f87d0c5ea.wpex-carousel:not(.wpex-carousel--loaded) > *:not(:nth-child(1n+2)){display: flex !important;}@media only screen and (min-width: 480px) {.vcex_69f4f87d0c5ea{--wpex-carousel-columns:2;}.vcex_69f4f87d0c5ea.wpex-carousel:not(.wpex-carousel--loaded) > *:not(:nth-child(1n+3)){display: flex !important;}}@media only screen and (min-width: 768px) {.vcex_69f4f87d0c5ea{--wpex-carousel-columns:3;}.vcex_69f4f87d0c5ea.wpex-carousel:not(.wpex-carousel--loaded) > *:not(:nth-child(1n+4)){display: flex !important;}}@media only screen and (min-width: 960px) {.vcex_69f4f87d0c5ea{--wpex-carousel-columns:4;}.vcex_69f4f87d0c5ea.wpex-carousel:not(.wpex-carousel--loaded) > *:not(:nth-child(1n+5)){display: flex !important;}}<\/style><div class=\"vcex-image-carousel wpex-carousel wpex-carousel-images wpex-clr vcex-module owl-carousel wpex-carousel--render-onload vcex_69f4f87d0c5ea wpex-carousel-lightbox\" data-wpex-carousel=\"{&quot;nav&quot;:&quot;false&quot;,&quot;autoplay&quot;:&quot;true&quot;,&quot;autoplayHoverPause&quot;:&quot;false&quot;,&quot;slideBy&quot;:1,&quot;items&quot;:4,&quot;responsive&quot;:{&quot;0&quot;:{&quot;items&quot;:&quot;1&quot;},&quot;480&quot;:{&quot;items&quot;:&quot;2&quot;},&quot;768&quot;:{&quot;items&quot;:&quot;3&quot;},&quot;960&quot;:{&quot;items&quot;:4}},&quot;smartSpeed&quot;:5000,&quot;autoplayTimeout&quot;:5000,&quot;slideTransition&quot;:&quot;linear&quot;,&quot;autoplayDelay&quot;:&quot;false&quot;,&quot;mouseDrag&quot;:&quot;false&quot;,&quot;touchDrag&quot;:&quot;false&quot;}\"><div class=\"wpex-carousel-slide\"><figure class=\"wpex-carousel-entry-media entry-media wpex-relative\"><a href=\"https:\/\/campingcinqueterre.it\/wp-content\/uploads\/2025\/03\/camping-5-terre-campeggio-e-piazzuole-65.jpg\" class=\"wpex-carousel-entry-img wpex-carousel-lightbox-item\" data-count=\"1\" data-show_title=\"false\"><img data-no-lazy=\"1\" class=\"wpex-align-middle skip-lazy\" src=\"https:\/\/campingcinqueterre.it\/wp-content\/uploads\/2025\/03\/camping-5-terre-campeggio-e-piazzuole-65-1000x1000.jpg\" alt=\"\" srcset=\"https:\/\/campingcinqueterre.it\/wp-content\/uploads\/2025\/03\/camping-5-terre-campeggio-e-piazzuole-65-1000x1000.jpg 1000w, https:\/\/campingcinqueterre.it\/wp-content\/uploads\/2025\/03\/camping-5-terre-campeggio-e-piazzuole-65-150x150.jpg 150w\" width=\"1000\" height=\"1000\"><\/a><\/figure><\/div><div class=\"wpex-carousel-slide\"><figure class=\"wpex-carousel-entry-media entry-media wpex-relative\"><a href=\"https:\/\/campingcinqueterre.it\/wp-content\/uploads\/2025\/03\/camping-5-terre-bar-3.jpg\" class=\"wpex-carousel-entry-img wpex-carousel-lightbox-item\" data-count=\"2\" data-show_title=\"false\"><img data-no-lazy=\"1\" class=\"wpex-align-middle skip-lazy\" src=\"https:\/\/campingcinqueterre.it\/wp-content\/uploads\/2025\/03\/camping-5-terre-bar-3-1000x1000.jpg\" alt=\"\" srcset=\"https:\/\/campingcinqueterre.it\/wp-content\/uploads\/2025\/03\/camping-5-terre-bar-3-1000x1000.jpg 1000w, https:\/\/campingcinqueterre.it\/wp-content\/uploads\/2025\/03\/camping-5-terre-bar-3-150x150.jpg 150w\" width=\"1000\" height=\"1000\"><\/a><\/figure><\/div><div class=\"wpex-carousel-slide\"><figure class=\"wpex-carousel-entry-media entry-media wpex-relative\"><a href=\"https:\/\/campingcinqueterre.it\/wp-content\/uploads\/2025\/03\/camping-5-terre-campeggio-e-piazzuole-64.jpg\" class=\"wpex-carousel-entry-img wpex-carousel-lightbox-item\" data-count=\"3\" data-show_title=\"false\"><img data-no-lazy=\"1\" class=\"wpex-align-middle skip-lazy\" src=\"https:\/\/campingcinqueterre.it\/wp-content\/uploads\/2025\/03\/camping-5-terre-campeggio-e-piazzuole-64.jpg\" alt=\"\" srcset=\"https:\/\/campingcinqueterre.it\/wp-content\/uploads\/2025\/03\/camping-5-terre-campeggio-e-piazzuole-64.jpg 1000w, https:\/\/campingcinqueterre.it\/wp-content\/uploads\/2025\/03\/camping-5-terre-campeggio-e-piazzuole-64-300x300.jpg 300w, https:\/\/campingcinqueterre.it\/wp-content\/uploads\/2025\/03\/camping-5-terre-campeggio-e-piazzuole-64-150x150.jpg 150w, https:\/\/campingcinqueterre.it\/wp-content\/uploads\/2025\/03\/camping-5-terre-campeggio-e-piazzuole-64-768x768.jpg 768w\" width=\"1000\" height=\"1000\"><\/a><\/figure><\/div><div class=\"wpex-carousel-slide\"><figure class=\"wpex-carousel-entry-media entry-media wpex-relative\"><a href=\"https:\/\/campingcinqueterre.it\/wp-content\/uploads\/2025\/02\/piazzole-1.jpg\" class=\"wpex-carousel-entry-img wpex-carousel-lightbox-item\" data-count=\"4\" data-show_title=\"false\"><img data-no-lazy=\"1\" class=\"wpex-align-middle skip-lazy\" src=\"https:\/\/campingcinqueterre.it\/wp-content\/uploads\/2025\/02\/piazzole-1-1000x1000.jpg\" alt=\"\" srcset=\"https:\/\/campingcinqueterre.it\/wp-content\/uploads\/2025\/02\/piazzole-1-1000x1000.jpg 1000w, https:\/\/campingcinqueterre.it\/wp-content\/uploads\/2025\/02\/piazzole-1-150x150.jpg 150w\" width=\"1000\" height=\"1000\"><\/a><\/figure><\/div><div class=\"wpex-carousel-slide\"><figure class=\"wpex-carousel-entry-media entry-media wpex-relative\"><a href=\"https:\/\/campingcinqueterre.it\/wp-content\/uploads\/2025\/02\/piazzole-camper-2.jpg\" class=\"wpex-carousel-entry-img wpex-carousel-lightbox-item\" data-count=\"5\" data-show_title=\"false\"><img data-no-lazy=\"1\" class=\"wpex-align-middle skip-lazy\" src=\"https:\/\/campingcinqueterre.it\/wp-content\/uploads\/2025\/02\/piazzole-camper-2.jpg\" alt=\"\" srcset=\"https:\/\/campingcinqueterre.it\/wp-content\/uploads\/2025\/02\/piazzole-camper-2.jpg 1000w, https:\/\/campingcinqueterre.it\/wp-content\/uploads\/2025\/02\/piazzole-camper-2-300x300.jpg 300w, https:\/\/campingcinqueterre.it\/wp-content\/uploads\/2025\/02\/piazzole-camper-2-150x150.jpg 150w, https:\/\/campingcinqueterre.it\/wp-content\/uploads\/2025\/02\/piazzole-camper-2-768x768.jpg 768w\" width=\"1000\" height=\"1000\"><\/a><\/figure><\/div><div class=\"wpex-carousel-slide\"><figure class=\"wpex-carousel-entry-media entry-media wpex-relative\"><a href=\"https:\/\/campingcinqueterre.it\/wp-content\/uploads\/2025\/02\/camping-5-terre-campeggio-e-piazzuole-23.jpg\" class=\"wpex-carousel-entry-img wpex-carousel-lightbox-item\" data-count=\"6\" data-show_title=\"false\"><img data-no-lazy=\"1\" class=\"wpex-align-middle skip-lazy\" src=\"https:\/\/campingcinqueterre.it\/wp-content\/uploads\/2025\/02\/camping-5-terre-campeggio-e-piazzuole-23-1000x1000.jpg\" alt=\"\" srcset=\"https:\/\/campingcinqueterre.it\/wp-content\/uploads\/2025\/02\/camping-5-terre-campeggio-e-piazzuole-23-1000x1000.jpg 1000w, https:\/\/campingcinqueterre.it\/wp-content\/uploads\/2025\/02\/camping-5-terre-campeggio-e-piazzuole-23-150x150.jpg 150w\" width=\"1000\" height=\"1000\"><\/a><\/figure><\/div><\/div>[\/vc_column][\/vc_row]\n<\/div>","protected":false},"excerpt":{"rendered":"<p>[vc_row full_width=\u00a0\u00bbstretch_row_content_no_spaces\u00a0\u00bb content_placement=\u00a0\u00bbbottom\u00a0\u00bb wpex_bg_overlay=\u00a0\u00bbcolor\u00a0\u00bb wpex_bg_overlay_color=\u00a0\u00bb#3b251a\u00a0\u00bb wpex_bg_overlay_opacity=\u00a0\u00bb40&Prime; el_class=\u00a0\u00bbbordo_grafico\u00a0\u00bb min_height=\u00a0\u00bb400&Prime; css=\u00a0\u00bb.vc_custom_1740993772745{background-image: url(https:\/\/campingcinqueterre.it\/wp-content\/uploads\/2025\/03\/camping-5-terre-campeggio-e-piazzuole-65.jpg?id=684) !important;background-position: center !important;background-repeat: no-repeat !important;background-size: cover !important;}\u00a0\u00bb wpex_bg_position=\u00a0\u00bb50% 65%\u00a0\u00bb][vc_column css=\u00a0\u00bb.vc_custom_1739171075238{background-image: url(https:\/\/campingcinqueterre.it\/wp-content\/uploads\/2025\/02\/bordo-grafico.png?id=163) !important;background-position: center !important;background-repeat: no-repeat !important;background-size: cover !important;}\u00a0\u00bb wpex_bg_position=\u00a0\u00bb50% 100%\u00a0\u00bb wpex_bg_size=\u00a0\u00bb2000px 130px\u00a0\u00bb][\/vc_column][\/vc_row][vc_row equal_height=\u00a0\u00bbyes\u00a0\u00bb columns_right=\u00a0\u00bbyes\u00a0\u00bb el_class=\u00a0\u00bbptd120 ptm20 pbd30 pbm10 row_margin\u00a0\u00bb][vc_column width=\u00a0\u00bb1\/2&Prime; el_class=\u00a0\u00bbcol_padding\u00a0\u00bb][vc_column_text css_animation=\u00a0\u00bbfadeInUp\u00a0\u00bb css=\u00a0\u00bb.vc_custom_1743064539722{margin-bottom: 15px !important;}\u00a0\u00bb color=\u00a0\u00bb#62ac44&Prime; font_size=\u00a0\u00bbd:30|pl:25&Prime; font_family=\u00a0\u00bbAmatic SC\u00a0\u00bb line_height=\u00a0\u00bb110%\u00a0\u00bb font_weight=\u00a0\u00bb700&Prime;]Les Emplacements[\/vc_column_text][vc_column_text css_animation=\u00a0\u00bbfadeInUp\u00a0\u00bb css=\u00a0\u00bb\u00a0\u00bb] Espaces&hellip;<\/p>\n","protected":false},"author":3,"featured_media":0,"parent":0,"menu_order":0,"comment_status":"closed","ping_status":"closed","template":"","meta":{"inline_featured_image":false,"footnotes":""},"class_list":["post-1576","page","type-page","status-publish","hentry","entry","no-media"],"yoast_head":"<!-- This site is optimized with the Yoast SEO plugin v24.7 - https:\/\/yoast.com\/wordpress\/plugins\/seo\/ -->\n<title>Les Emplacements - Camping Cinque Terre<\/title>\n<meta name=\"robots\" content=\"index, follow, max-snippet:-1, max-image-preview:large, max-video-preview:-1\" \/>\n<link rel=\"canonical\" href=\"https:\/\/campingcinqueterre.it\/fr\/les-emplacements\/\" \/>\n<meta property=\"og:locale\" content=\"fr_FR\" \/>\n<meta property=\"og:type\" content=\"article\" \/>\n<meta property=\"og:title\" content=\"Les Emplacements - Camping Cinque Terre\" \/>\n<meta property=\"og:description\" content=\"[vc_row full_width=\u00a0\u00bbstretch_row_content_no_spaces\u00a0\u00bb content_placement=\u00a0\u00bbbottom\u00a0\u00bb wpex_bg_overlay=\u00a0\u00bbcolor\u00a0\u00bb wpex_bg_overlay_color=\u00a0\u00bb#3b251a\u00a0\u00bb wpex_bg_overlay_opacity=\u00a0\u00bb40&Prime; el_class=\u00a0\u00bbbordo_grafico\u00a0\u00bb min_height=\u00a0\u00bb400&Prime; css=\u00a0\u00bb.vc_custom_1740993772745{background-image: url(https:\/\/campingcinqueterre.it\/wp-content\/uploads\/2025\/03\/camping-5-terre-campeggio-e-piazzuole-65.jpg?id=684) !important;background-position: center !important;background-repeat: no-repeat !important;background-size: cover !important;}\u00a0\u00bb wpex_bg_position=\u00a0\u00bb50% 65%\u00a0\u00bb][vc_column css=\u00a0\u00bb.vc_custom_1739171075238{background-image: url(https:\/\/campingcinqueterre.it\/wp-content\/uploads\/2025\/02\/bordo-grafico.png?id=163) !important;background-position: center !important;background-repeat: no-repeat !important;background-size: cover !important;}\u00a0\u00bb wpex_bg_position=\u00a0\u00bb50% 100%\u00a0\u00bb wpex_bg_size=\u00a0\u00bb2000px 130px\u00a0\u00bb][\/vc_column][\/vc_row][vc_row equal_height=\u00a0\u00bbyes\u00a0\u00bb columns_right=\u00a0\u00bbyes\u00a0\u00bb el_class=\u00a0\u00bbptd120 ptm20 pbd30 pbm10 row_margin\u00a0\u00bb][vc_column width=\u00a0\u00bb1\/2&Prime; el_class=\u00a0\u00bbcol_padding\u00a0\u00bb][vc_column_text css_animation=\u00a0\u00bbfadeInUp\u00a0\u00bb css=\u00a0\u00bb.vc_custom_1743064539722{margin-bottom: 15px !important;}\u00a0\u00bb color=\u00a0\u00bb#62ac44&Prime; font_size=\u00a0\u00bbd:30|pl:25&Prime; font_family=\u00a0\u00bbAmatic SC\u00a0\u00bb line_height=\u00a0\u00bb110%\u00a0\u00bb font_weight=\u00a0\u00bb700&Prime;]Les Emplacements[\/vc_column_text][vc_column_text css_animation=\u00a0\u00bbfadeInUp\u00a0\u00bb css=\u00a0\u00bb\u00a0\u00bb] Espaces&hellip;\" \/>\n<meta property=\"og:url\" content=\"https:\/\/campingcinqueterre.it\/fr\/les-emplacements\/\" \/>\n<meta property=\"og:site_name\" content=\"Camping Cinque Terre\" \/>\n<meta property=\"article:modified_time\" content=\"2025-03-27T08:36:23+00:00\" \/>\n<meta property=\"og:image\" content=\"https:\/\/campingcinqueterre.it\/wp-content\/uploads\/2025\/02\/logo.png\" \/>\n\t<meta property=\"og:image:width\" content=\"185\" \/>\n\t<meta property=\"og:image:height\" content=\"197\" \/>\n\t<meta property=\"og:image:type\" content=\"image\/png\" \/>\n<meta name=\"twitter:card\" content=\"summary_large_image\" \/>\n<meta name=\"twitter:label1\" content=\"Dur\u00e9e de lecture estim\u00e9e\" \/>\n\t<meta name=\"twitter:data1\" content=\"2 minutes\" \/>\n<script type=\"application\/ld+json\" class=\"yoast-schema-graph\">{\"@context\":\"https:\/\/schema.org\",\"@graph\":[{\"@type\":\"WebPage\",\"@id\":\"https:\/\/campingcinqueterre.it\/fr\/les-emplacements\/\",\"url\":\"https:\/\/campingcinqueterre.it\/fr\/les-emplacements\/\",\"name\":\"Les Emplacements - Camping Cinque Terre\",\"isPartOf\":{\"@id\":\"https:\/\/campingcinqueterre.it\/#website\"},\"datePublished\":\"2025-02-09T20:46:41+00:00\",\"dateModified\":\"2025-03-27T08:36:23+00:00\",\"breadcrumb\":{\"@id\":\"https:\/\/campingcinqueterre.it\/fr\/les-emplacements\/#breadcrumb\"},\"inLanguage\":\"fr-FR\",\"potentialAction\":[{\"@type\":\"ReadAction\",\"target\":[\"https:\/\/campingcinqueterre.it\/fr\/les-emplacements\/\"]}]},{\"@type\":\"BreadcrumbList\",\"@id\":\"https:\/\/campingcinqueterre.it\/fr\/les-emplacements\/#breadcrumb\",\"itemListElement\":[{\"@type\":\"ListItem\",\"position\":1,\"name\":\"Home\",\"item\":\"https:\/\/campingcinqueterre.it\/fr\/\"},{\"@type\":\"ListItem\",\"position\":2,\"name\":\"Les Emplacements\"}]},{\"@type\":\"WebSite\",\"@id\":\"https:\/\/campingcinqueterre.it\/#website\",\"url\":\"https:\/\/campingcinqueterre.it\/\",\"name\":\"Camping Cinque Terre\",\"description\":\"Natura, Mare ed Emozioni\",\"publisher\":{\"@id\":\"https:\/\/campingcinqueterre.it\/#organization\"},\"potentialAction\":[{\"@type\":\"SearchAction\",\"target\":{\"@type\":\"EntryPoint\",\"urlTemplate\":\"https:\/\/campingcinqueterre.it\/?s={search_term_string}\"},\"query-input\":{\"@type\":\"PropertyValueSpecification\",\"valueRequired\":true,\"valueName\":\"search_term_string\"}}],\"inLanguage\":\"fr-FR\"},{\"@type\":\"Organization\",\"@id\":\"https:\/\/campingcinqueterre.it\/#organization\",\"name\":\"CAMPING 5 TERRE\",\"alternateName\":\"CAMPING 5 TERRE\",\"url\":\"https:\/\/campingcinqueterre.it\/\",\"logo\":{\"@type\":\"ImageObject\",\"inLanguage\":\"fr-FR\",\"@id\":\"https:\/\/campingcinqueterre.it\/#\/schema\/logo\/image\/\",\"url\":\"https:\/\/campingcinqueterre.it\/wp-content\/uploads\/2025\/02\/logo.png\",\"contentUrl\":\"https:\/\/campingcinqueterre.it\/wp-content\/uploads\/2025\/02\/logo.png\",\"width\":185,\"height\":197,\"caption\":\"CAMPING 5 TERRE\"},\"image\":{\"@id\":\"https:\/\/campingcinqueterre.it\/#\/schema\/logo\/image\/\"}}]}<\/script>\n<!-- \/ Yoast SEO plugin. -->","yoast_head_json":{"title":"Les Emplacements - Camping Cinque Terre","robots":{"index":"index","follow":"follow","max-snippet":"max-snippet:-1","max-image-preview":"max-image-preview:large","max-video-preview":"max-video-preview:-1"},"canonical":"https:\/\/campingcinqueterre.it\/fr\/les-emplacements\/","og_locale":"fr_FR","og_type":"article","og_title":"Les Emplacements - Camping Cinque Terre","og_description":"[vc_row full_width=\u00a0\u00bbstretch_row_content_no_spaces\u00a0\u00bb content_placement=\u00a0\u00bbbottom\u00a0\u00bb wpex_bg_overlay=\u00a0\u00bbcolor\u00a0\u00bb wpex_bg_overlay_color=\u00a0\u00bb#3b251a\u00a0\u00bb wpex_bg_overlay_opacity=\u00a0\u00bb40&Prime; el_class=\u00a0\u00bbbordo_grafico\u00a0\u00bb min_height=\u00a0\u00bb400&Prime; css=\u00a0\u00bb.vc_custom_1740993772745{background-image: url(https:\/\/campingcinqueterre.it\/wp-content\/uploads\/2025\/03\/camping-5-terre-campeggio-e-piazzuole-65.jpg?id=684) !important;background-position: center !important;background-repeat: no-repeat !important;background-size: cover !important;}\u00a0\u00bb wpex_bg_position=\u00a0\u00bb50% 65%\u00a0\u00bb][vc_column css=\u00a0\u00bb.vc_custom_1739171075238{background-image: url(https:\/\/campingcinqueterre.it\/wp-content\/uploads\/2025\/02\/bordo-grafico.png?id=163) !important;background-position: center !important;background-repeat: no-repeat !important;background-size: cover !important;}\u00a0\u00bb wpex_bg_position=\u00a0\u00bb50% 100%\u00a0\u00bb wpex_bg_size=\u00a0\u00bb2000px 130px\u00a0\u00bb][\/vc_column][\/vc_row][vc_row equal_height=\u00a0\u00bbyes\u00a0\u00bb columns_right=\u00a0\u00bbyes\u00a0\u00bb el_class=\u00a0\u00bbptd120 ptm20 pbd30 pbm10 row_margin\u00a0\u00bb][vc_column width=\u00a0\u00bb1\/2&Prime; el_class=\u00a0\u00bbcol_padding\u00a0\u00bb][vc_column_text css_animation=\u00a0\u00bbfadeInUp\u00a0\u00bb css=\u00a0\u00bb.vc_custom_1743064539722{margin-bottom: 15px !important;}\u00a0\u00bb color=\u00a0\u00bb#62ac44&Prime; font_size=\u00a0\u00bbd:30|pl:25&Prime; font_family=\u00a0\u00bbAmatic SC\u00a0\u00bb line_height=\u00a0\u00bb110%\u00a0\u00bb font_weight=\u00a0\u00bb700&Prime;]Les Emplacements[\/vc_column_text][vc_column_text css_animation=\u00a0\u00bbfadeInUp\u00a0\u00bb css=\u00a0\u00bb\u00a0\u00bb] Espaces&hellip;","og_url":"https:\/\/campingcinqueterre.it\/fr\/les-emplacements\/","og_site_name":"Camping Cinque Terre","article_modified_time":"2025-03-27T08:36:23+00:00","og_image":[{"width":185,"height":197,"url":"https:\/\/campingcinqueterre.it\/wp-content\/uploads\/2025\/02\/logo.png","type":"image\/png"}],"twitter_card":"summary_large_image","twitter_misc":{"Dur\u00e9e de lecture estim\u00e9e":"2 minutes"},"schema":{"@context":"https:\/\/schema.org","@graph":[{"@type":"WebPage","@id":"https:\/\/campingcinqueterre.it\/fr\/les-emplacements\/","url":"https:\/\/campingcinqueterre.it\/fr\/les-emplacements\/","name":"Les Emplacements - Camping Cinque Terre","isPartOf":{"@id":"https:\/\/campingcinqueterre.it\/#website"},"datePublished":"2025-02-09T20:46:41+00:00","dateModified":"2025-03-27T08:36:23+00:00","breadcrumb":{"@id":"https:\/\/campingcinqueterre.it\/fr\/les-emplacements\/#breadcrumb"},"inLanguage":"fr-FR","potentialAction":[{"@type":"ReadAction","target":["https:\/\/campingcinqueterre.it\/fr\/les-emplacements\/"]}]},{"@type":"BreadcrumbList","@id":"https:\/\/campingcinqueterre.it\/fr\/les-emplacements\/#breadcrumb","itemListElement":[{"@type":"ListItem","position":1,"name":"Home","item":"https:\/\/campingcinqueterre.it\/fr\/"},{"@type":"ListItem","position":2,"name":"Les Emplacements"}]},{"@type":"WebSite","@id":"https:\/\/campingcinqueterre.it\/#website","url":"https:\/\/campingcinqueterre.it\/","name":"Camping Cinque Terre","description":"Natura, Mare ed Emozioni","publisher":{"@id":"https:\/\/campingcinqueterre.it\/#organization"},"potentialAction":[{"@type":"SearchAction","target":{"@type":"EntryPoint","urlTemplate":"https:\/\/campingcinqueterre.it\/?s={search_term_string}"},"query-input":{"@type":"PropertyValueSpecification","valueRequired":true,"valueName":"search_term_string"}}],"inLanguage":"fr-FR"},{"@type":"Organization","@id":"https:\/\/campingcinqueterre.it\/#organization","name":"CAMPING 5 TERRE","alternateName":"CAMPING 5 TERRE","url":"https:\/\/campingcinqueterre.it\/","logo":{"@type":"ImageObject","inLanguage":"fr-FR","@id":"https:\/\/campingcinqueterre.it\/#\/schema\/logo\/image\/","url":"https:\/\/campingcinqueterre.it\/wp-content\/uploads\/2025\/02\/logo.png","contentUrl":"https:\/\/campingcinqueterre.it\/wp-content\/uploads\/2025\/02\/logo.png","width":185,"height":197,"caption":"CAMPING 5 TERRE"},"image":{"@id":"https:\/\/campingcinqueterre.it\/#\/schema\/logo\/image\/"}}]}},"_links":{"self":[{"href":"https:\/\/campingcinqueterre.it\/fr\/wp-json\/wp\/v2\/pages\/1576","targetHints":{"allow":["GET"]}}],"collection":[{"href":"https:\/\/campingcinqueterre.it\/fr\/wp-json\/wp\/v2\/pages"}],"about":[{"href":"https:\/\/campingcinqueterre.it\/fr\/wp-json\/wp\/v2\/types\/page"}],"author":[{"embeddable":true,"href":"https:\/\/campingcinqueterre.it\/fr\/wp-json\/wp\/v2\/users\/3"}],"replies":[{"embeddable":true,"href":"https:\/\/campingcinqueterre.it\/fr\/wp-json\/wp\/v2\/comments?post=1576"}],"version-history":[{"count":1,"href":"https:\/\/campingcinqueterre.it\/fr\/wp-json\/wp\/v2\/pages\/1576\/revisions"}],"predecessor-version":[{"id":1580,"href":"https:\/\/campingcinqueterre.it\/fr\/wp-json\/wp\/v2\/pages\/1576\/revisions\/1580"}],"wp:attachment":[{"href":"https:\/\/campingcinqueterre.it\/fr\/wp-json\/wp\/v2\/media?parent=1576"}],"curies":[{"name":"wp","href":"https:\/\/api.w.org\/{rel}","templated":true}]}}