{"id":1589,"date":"2025-02-09T21:47:50","date_gmt":"2025-02-09T20:47:50","guid":{"rendered":"https:\/\/campingcinqueterre.it\/levanto\/gli-eventi\/"},"modified":"2025-03-27T09:51:15","modified_gmt":"2025-03-27T08:51:15","slug":"evenements","status":"publish","type":"page","link":"https:\/\/campingcinqueterre.it\/fr\/levanto\/evenements\/","title":{"rendered":"\u00c9v\u00e9nements"},"content":{"rendered":"<div class=\"wpb-content-wrapper\">[vc_row full_width=\u00a0\u00bbstretch_row_content_no_spaces\u00a0\u00bb content_placement=\u00a0\u00bbbottom\u00a0\u00bb wpex_bg_overlay=\u00a0\u00bbcolor\u00a0\u00bb wpex_bg_overlay_color=\u00a0\u00bb#3b251a\u00a0\u00bb wpex_bg_overlay_opacity=\u00a0\u00bb40&Prime; el_class=\u00a0\u00bbbordo_grafico\u00a0\u00bb min_height=\u00a0\u00bb400&Prime; css=\u00a0\u00bb.vc_custom_1741001171164{background-image: url(https:\/\/campingcinqueterre.it\/wp-content\/uploads\/2025\/02\/fuochi-eventi.jpg?id=633) !important;background-position: center !important;background-repeat: no-repeat !important;background-size: cover !important;}\u00a0\u00bb wpex_bg_position=\u00a0\u00bb50% 80%\u00a0\u00bb][vc_column css=\u00a0\u00bb.vc_custom_1739171075238{background-image: url(https:\/\/campingcinqueterre.it\/wp-content\/uploads\/2025\/02\/bordo-grafico.png?id=163) !important;background-position: center !important;background-repeat: no-repeat !important;background-size: cover !important;}\u00a0\u00bb wpex_bg_position=\u00a0\u00bb50% 100%\u00a0\u00bb wpex_bg_size=\u00a0\u00bb2000px 130px\u00a0\u00bb]<style>.vcex-breadcrumbs.vcex_69e9f4b84ffef{text-align:center;color:var(--wpex-on-accent);font-family:'Amatic SC';font-size:20px;line-height:150%;}<\/style><nav class=\"vcex-breadcrumbs vcex-breadcrumbs--links-inherit-color vcex-breadcrumbs--custom-color  wpb_animate_when_almost_visible wpb_fadeInUp fadeInUp vcex_69e9f4b84ffef\"><span><span><a href=\"https:\/\/campingcinqueterre.it\/fr\/\">Home<\/a><\/span><\/span><\/nav><style>.vcex-page-title.vcex_69e9f4b857859 .vcex-page-title__heading{color:var(--wpex-on-accent);font-size:60px;font-family:Rubik;font-weight:900;line-height:100%;}@media (max-width:1024px){.vcex-page-title.vcex_69e9f4b857859 .vcex-page-title__heading{font-size:50px;}}@media (max-width:959px){.vcex-page-title.vcex_69e9f4b857859 .vcex-page-title__heading{font-size:40px;}}@media (max-width:767px){.vcex-page-title.vcex_69e9f4b857859 .vcex-page-title__heading{font-size:35px;}}@media (max-width:479px){.vcex-page-title.vcex_69e9f4b857859 .vcex-page-title__heading{font-size:35px;}}<\/style><div class=\"vcex-page-title vcex-module wpex-text-center  wpb_animate_when_almost_visible wpb_fadeInUp fadeInUp pbd180 pbm180 vcex_69e9f4b857859\"><h1 class=\"vcex-page-title__heading wpex-heading wpex-text-3xl\"><span class=\"vcex-page-title__text\">\u00c9v\u00e9nements<\/span><\/h1><\/div>[\/vc_column][\/vc_row][vc_row el_class=\u00a0\u00bbptd120 pbd10 pbm30 ptm10&Prime;][vc_column css_animation=\u00a0\u00bbfadeInUp\u00a0\u00bb width=\u00a0\u00bb1\/3&Prime;][vc_column_text css=\u00a0\u00bb\u00a0\u00bb el_class=\u00a0\u00bbno_underline link_pag_int\u00a0\u00bb font_size=\u00a0\u00bb18&Prime; line_height=\u00a0\u00bb100%\u00a0\u00bb font_weight=\u00a0\u00bb900&Prime; color=\u00a0\u00bb#3b251a\u00a0\u00bb]<a href=\"https:\/\/campingcinqueterre.it\/levanto\/la-citta\/\">La Ville<\/a><span class=\"arrow\">&gt;<\/span>[\/vc_column_text][vc_column_text css=\u00a0\u00bb.vc_custom_1743065329349{margin-top: 5px !important;}\u00a0\u00bb el_class=\u00a0\u00bbno_underline link_pag_int\u00a0\u00bb font_size=\u00a0\u00bb18&Prime; line_height=\u00a0\u00bb100%\u00a0\u00bb font_weight=\u00a0\u00bb900&Prime; color=\u00a0\u00bb#3b251a\u00a0\u00bb]<a href=\"https:\/\/campingcinqueterre.it\/levanto\/il-mare\/\">La Mer<\/a><span class=\"arrow\">&gt;<\/span>[\/vc_column_text][vc_column_text css=\u00a0\u00bb.vc_custom_1743065343406{margin-top: 5px !important;}\u00a0\u00bb el_class=\u00a0\u00bbno_underline link_pag_int_corrente\u00a0\u00bb font_size=\u00a0\u00bb18&Prime; line_height=\u00a0\u00bb100%\u00a0\u00bb font_weight=\u00a0\u00bb900&Prime; color=\u00a0\u00bbon-accent\u00a0\u00bb]<a href=\"https:\/\/campingcinqueterre.it\/gli-eventi\/\">Les \u00c9v\u00e9nements<\/a><span class=\"arrow\">&gt;<\/span>[\/vc_column_text][vc_row_inner][vc_column_inner el_class=\u00a0\u00bbbox_giallo mtd30 mtm15&Prime; css=\u00a0\u00bb.vc_custom_1740984463711{background-image: url(https:\/\/campingcinqueterre.it\/wp-content\/uploads\/2025\/03\/box_colorato.jpg?id=792) !important;background-position: center !important;background-repeat: no-repeat !important;background-size: cover !important;}\u00a0\u00bb][vc_single_image image=\u00a0\u00bb793&Prime; alignment=\u00a0\u00bbcenter\u00a0\u00bb css=\u00a0\u00bb\u00a0\u00bb el_class=\u00a0\u00bbphone_icon\u00a0\u00bb][vc_column_text css=\u00a0\u00bb.vc_custom_1743065355371{margin-top: 35px !important;}\u00a0\u00bb font_size=\u00a0\u00bbd:40|tl:35|tp:30|pl:35|pp:30&Prime; font_family=\u00a0\u00bbAmatic SC\u00a0\u00bb line_height=\u00a0\u00bb110%\u00a0\u00bb color=\u00a0\u00bb#3b251a\u00a0\u00bb font_weight=\u00a0\u00bb700&Prime;]\n<p style=\"text-align: center;\">Appelez-nous maintenant<br \/>\npour le camping<\/p>\n[\/vc_column_text][vc_column_text css=\u00a0\u00bb.vc_custom_1740984915157{margin-top: 35px !important;}\u00a0\u00bb color=\u00a0\u00bb#3b251a\u00a0\u00bb font_size=\u00a0\u00bbd:26|tl:22|tp:18|pl:20|pp:20&Prime; line_height=\u00a0\u00bb110%\u00a0\u00bb font_weight=\u00a0\u00bb400&Prime; el_class=\u00a0\u00bbno_underline\u00a0\u00bb]\n<p style=\"text-align: center;\"><a href=\"tel:+390187801252\" target=\"_blank\" rel=\"noopener\">+39 0187 801252<\/a><\/p>\n[\/vc_column_text][\/vc_column_inner][\/vc_row_inner][\/vc_column][vc_column css_animation=\u00a0\u00bbfadeInRight\u00a0\u00bb width=\u00a0\u00bb2\/3&Prime; el_class=\u00a0\u00bbmtm30&Prime;][vc_single_image image=\u00a0\u00bb991&Prime; img_size=\u00a0\u00bb1000&#215;500&Prime; onclick=\u00a0\u00bblink_image\u00a0\u00bb css=\u00a0\u00bb\u00a0\u00bb][vc_single_image image=\u00a0\u00bb303&Prime; css=\u00a0\u00bb\u00a0\u00bb el_class=\u00a0\u00bbicon_foto_pag_int\u00a0\u00bb][vc_row_inner][vc_column_inner el_class=\u00a0\u00bbbox_ini_pag\u00a0\u00bb][vc_column_text css=\u00a0\u00bb\u00a0\u00bb font_size=\u00a0\u00bbd:30|pl:25&Prime; font_family=\u00a0\u00bbRubik\u00a0\u00bb line_height=\u00a0\u00bb110%\u00a0\u00bb font_weight=\u00a0\u00bb900&Prime; color=\u00a0\u00bb#3b251a\u00a0\u00bb]\n<h3 style=\"text-align: center;\">\u00c9v\u00e9nements<\/h3>\n[\/vc_column_text][vc_column_text css=\u00a0\u00bb.vc_custom_1743065365961{margin-top: 35px !important;}\u00a0\u00bb]\n<p style=\"text-align: center;\">Levanto est une ville anim\u00e9e, soucieuse de valoriser ses traditions historiques, culturelles et gastronomiques. Parmi les \u00e9v\u00e9nements les plus marquants, la <strong>F\u00eate de la Mer<\/strong>, cr\u00e9\u00e9e en 1968 en l&rsquo;honneur de <strong>Saint Jacques<\/strong> ap\u00f4tre, se tient les <strong>24 et 25 juillet<\/strong> avec des cort\u00e8ges historiques, des tournois m\u00e9di\u00e9vaux, une procession solennelle et de spectaculaires feux d&rsquo;artifice. Le moment le plus \u00e9mouvant est l&rsquo;illumination du golfe avec <strong>dix mille bougies flottantes<\/strong> et le d\u00e9p\u00f4t d&rsquo;une couronne en mer en hommage aux disparus.<\/p>\n[\/vc_column_text][\/vc_column_inner][\/vc_row_inner][\/vc_column][\/vc_row][vc_row content_placement=\u00a0\u00bbmiddle\u00a0\u00bb el_class=\u00a0\u00bbptd20 pbd10 pbm10 ptm30&Prime;][vc_column css_animation=\u00a0\u00bbfadeInUp\u00a0\u00bb width=\u00a0\u00bb1\/3&Prime;][\/vc_column][vc_column css_animation=\u00a0\u00bbzoomIn\u00a0\u00bb width=\u00a0\u00bb1\/3&Prime; el_class=\u00a0\u00bborder1 mtm30&Prime;][vc_single_image image=\u00a0\u00bb996&Prime; img_size=\u00a0\u00bb600&#215;1000&Prime; onclick=\u00a0\u00bblink_image\u00a0\u00bb css=\u00a0\u00bb\u00a0\u00bb][\/vc_column][vc_column width=\u00a0\u00bb1\/3&Prime; el_class=\u00a0\u00bborder0&Prime;][vc_column_text css=\u00a0\u00bb\u00a0\u00bb font_size=\u00a0\u00bbd:30|pl:25&Prime; font_family=\u00a0\u00bbRubik\u00a0\u00bb line_height=\u00a0\u00bb110%\u00a0\u00bb font_weight=\u00a0\u00bb900&Prime; color=\u00a0\u00bb#3b251a\u00a0\u00bb]\n<h3 style=\"text-align: left;\">Mangialonga<br \/>\n(20 mai) :<\/h3>\n[\/vc_column_text][vc_column_text css=\u00a0\u00bb.vc_custom_1743065381232{margin-top: 5px !important;}\u00a0\u00bb]\n<p style=\"text-align: left;\">Parcours gastronomique dans l\u2019arri\u00e8re-pays.<\/p>\n[\/vc_column_text][vc_column_text css=\u00a0\u00bb.vc_custom_1743065387979{margin-top: 15px !important;}\u00a0\u00bb font_size=\u00a0\u00bbd:30|pl:25&Prime; font_family=\u00a0\u00bbRubik\u00a0\u00bb line_height=\u00a0\u00bb110%\u00a0\u00bb font_weight=\u00a0\u00bb900&Prime; color=\u00a0\u00bb#3b251a\u00a0\u00bb]\n<h3 style=\"text-align: left;\">De Gustibus<br \/>\n(octobre) :<\/h3>\n[\/vc_column_text][vc_column_text css=\u00a0\u00bb.vc_custom_1743065393798{margin-top: 5px !important;}\u00a0\u00bb]\n<p style=\"text-align: left;\">Balade \u00e0 travers saveurs et traditions locales.<\/p>\n[\/vc_column_text][vc_column_text css=\u00a0\u00bb.vc_custom_1743065400389{margin-top: 15px !important;}\u00a0\u00bb font_size=\u00a0\u00bbd:30|pl:25&Prime; font_family=\u00a0\u00bbRubik\u00a0\u00bb line_height=\u00a0\u00bb110%\u00a0\u00bb font_weight=\u00a0\u00bb900&Prime; color=\u00a0\u00bb#3b251a\u00a0\u00bb]\n<h3 style=\"text-align: left;\">Laurafilmfestival<br \/>\n(juillet) :<\/h3>\n[\/vc_column_text][vc_column_text css=\u00a0\u00bb.vc_custom_1743065405964{margin-top: 5px !important;}\u00a0\u00bb]\n<p style=\"text-align: left;\">Festival de cin\u00e9ma<\/p>\n[\/vc_column_text][vc_column_text css=\u00a0\u00bb.vc_custom_1743065411476{margin-top: 15px !important;}\u00a0\u00bb font_size=\u00a0\u00bbd:30|pl:25&Prime; font_family=\u00a0\u00bbRubik\u00a0\u00bb line_height=\u00a0\u00bb110%\u00a0\u00bb font_weight=\u00a0\u00bb900&Prime; color=\u00a0\u00bb#3b251a\u00a0\u00bb]\n<h3 style=\"text-align: left;\">F\u00eate de Saint Jacques<br \/>\nF\u00eate de la Mer<br \/>\n(24-25 juillet) :<\/h3>\n[\/vc_column_text][vc_column_text css=\u00a0\u00bb.vc_custom_1743065418675{margin-top: 5px !important;}\u00a0\u00bb]\n<p style=\"text-align: left;\">Cort\u00e8ge historique m\u00e9di\u00e9val et spectacles<\/p>\n[\/vc_column_text][\/vc_column][\/vc_row][vc_row content_placement=\u00a0\u00bbmiddle\u00a0\u00bb el_class=\u00a0\u00bbptd50 pbd120 pbm60 ptm20&Prime;][vc_column css_animation=\u00a0\u00bbfadeInUp\u00a0\u00bb width=\u00a0\u00bb1\/3&Prime;][\/vc_column][vc_column width=\u00a0\u00bb1\/3&Prime; el_class=\u00a0\u00bborder0&Prime;][vc_column_text css=\u00a0\u00bb\u00a0\u00bb font_size=\u00a0\u00bbd:30|pl:25&Prime; font_family=\u00a0\u00bbRubik\u00a0\u00bb line_height=\u00a0\u00bb110%\u00a0\u00bb font_weight=\u00a0\u00bb900&Prime; color=\u00a0\u00bb#3b251a\u00a0\u00bb]\n<h3 style=\"text-align: left;\">Calici di Stelle<br \/>\n(10 ao\u00fbt) :<\/h3>\n[\/vc_column_text][vc_column_text css=\u00a0\u00bb.vc_custom_1743065431461{margin-top: 5px !important;}\u00a0\u00bb]\n<p style=\"text-align: left;\">D\u00e9gustation de vins sous les \u00e9toiles<\/p>\n[\/vc_column_text][vc_column_text css=\u00a0\u00bb.vc_custom_1743065439590{margin-top: 15px !important;}\u00a0\u00bb font_size=\u00a0\u00bbd:30|pl:25&Prime; font_family=\u00a0\u00bbRubik\u00a0\u00bb line_height=\u00a0\u00bb110%\u00a0\u00bb font_weight=\u00a0\u00bb900&Prime; color=\u00a0\u00bb#3b251a\u00a0\u00bb]\n<h3 style=\"text-align: left;\">F\u00eate de<br \/>\nNotre-Dame<br \/>\nde la Garde<br \/>\n(29 ao\u00fbt) :<\/h3>\n[\/vc_column_text][vc_column_text css=\u00a0\u00bb.vc_custom_1743065446243{margin-top: 5px !important;}\u00a0\u00bb]\n<p style=\"text-align: left;\">Concert de la fanfare.<\/p>\n[\/vc_column_text][vc_column_text css=\u00a0\u00bb.vc_custom_1743065452657{margin-top: 15px !important;}\u00a0\u00bb font_size=\u00a0\u00bbd:30|pl:25&Prime; font_family=\u00a0\u00bbRubik\u00a0\u00bb line_height=\u00a0\u00bb110%\u00a0\u00bb font_weight=\u00a0\u00bb900&Prime; color=\u00a0\u00bb#3b251a\u00a0\u00bb]\n<h3 style=\"text-align: left;\">Sagra del Gattafin<br \/>\n(juin) :<\/h3>\n[\/vc_column_text][vc_column_text css=\u00a0\u00bb.vc_custom_1743065458000{margin-top: 5px !important;}\u00a0\u00bb]\n<p style=\"text-align: left;\">\u00c9v\u00e9nement d\u00e9di\u00e9 \u00e0 la sp\u00e9cialit\u00e9 locale typique.<\/p>\n[\/vc_column_text][vc_column_text css=\u00a0\u00bb.vc_custom_1743065463600{margin-top: 15px !important;}\u00a0\u00bb font_size=\u00a0\u00bbd:30|pl:25&Prime; font_family=\u00a0\u00bbRubik\u00a0\u00bb line_height=\u00a0\u00bb110%\u00a0\u00bb font_weight=\u00a0\u00bb900&Prime; color=\u00a0\u00bb#3b251a\u00a0\u00bb]\n<h3 style=\"text-align: left;\">Festival Amfitheatrof<br \/>\n(juillet-ao\u00fbt) :<\/h3>\n[\/vc_column_text][vc_column_text css=\u00a0\u00bb.vc_custom_1743065468971{margin-top: 5px !important;}\u00a0\u00bb]\n<p style=\"text-align: left;\">Festival international de musique classique.<\/p>\n[\/vc_column_text][\/vc_column][vc_column css_animation=\u00a0\u00bbzoomIn\u00a0\u00bb width=\u00a0\u00bb1\/3&Prime; el_class=\u00a0\u00bborder1 mtm30&Prime;][vc_single_image image=\u00a0\u00bb1000&Prime; img_size=\u00a0\u00bb600&#215;1000&Prime; onclick=\u00a0\u00bblink_image\u00a0\u00bb css=\u00a0\u00bb\u00a0\u00bb][\/vc_column][\/vc_row]\n<\/div>","protected":false},"excerpt":{"rendered":"<p>[vc_row full_width=\u00a0\u00bbstretch_row_content_no_spaces\u00a0\u00bb content_placement=\u00a0\u00bbbottom\u00a0\u00bb wpex_bg_overlay=\u00a0\u00bbcolor\u00a0\u00bb wpex_bg_overlay_color=\u00a0\u00bb#3b251a\u00a0\u00bb wpex_bg_overlay_opacity=\u00a0\u00bb40&Prime; el_class=\u00a0\u00bbbordo_grafico\u00a0\u00bb min_height=\u00a0\u00bb400&Prime; css=\u00a0\u00bb.vc_custom_1741001171164{background-image: url(https:\/\/campingcinqueterre.it\/wp-content\/uploads\/2025\/02\/fuochi-eventi.jpg?id=633) !important;background-position: center !important;background-repeat: no-repeat !important;background-size: cover !important;}\u00a0\u00bb wpex_bg_position=\u00a0\u00bb50% 80%\u00a0\u00bb][vc_column css=\u00a0\u00bb.vc_custom_1739171075238{background-image: url(https:\/\/campingcinqueterre.it\/wp-content\/uploads\/2025\/02\/bordo-grafico.png?id=163) !important;background-position: center !important;background-repeat: no-repeat !important;background-size: cover !important;}\u00a0\u00bb wpex_bg_position=\u00a0\u00bb50% 100%\u00a0\u00bb wpex_bg_size=\u00a0\u00bb2000px 130px\u00a0\u00bb][\/vc_column][\/vc_row][vc_row el_class=\u00a0\u00bbptd120 pbd10 pbm30 ptm10&Prime;][vc_column css_animation=\u00a0\u00bbfadeInUp\u00a0\u00bb width=\u00a0\u00bb1\/3&Prime;][vc_column_text css=\u00a0\u00bb\u00a0\u00bb el_class=\u00a0\u00bbno_underline link_pag_int\u00a0\u00bb font_size=\u00a0\u00bb18&Prime; line_height=\u00a0\u00bb100%\u00a0\u00bb font_weight=\u00a0\u00bb900&Prime; color=\u00a0\u00bb#3b251a\u00a0\u00bb]La Ville&gt;[\/vc_column_text][vc_column_text css=\u00a0\u00bb.vc_custom_1743065329349{margin-top: 5px !important;}\u00a0\u00bb el_class=\u00a0\u00bbno_underline link_pag_int\u00a0\u00bb font_size=\u00a0\u00bb18&Prime; line_height=\u00a0\u00bb100%\u00a0\u00bb font_weight=\u00a0\u00bb900&Prime; color=\u00a0\u00bb#3b251a\u00a0\u00bb]La&hellip;<\/p>\n","protected":false},"author":3,"featured_media":0,"parent":1583,"menu_order":0,"comment_status":"closed","ping_status":"closed","template":"","meta":{"inline_featured_image":false,"footnotes":""},"class_list":["post-1589","page","type-page","status-publish","hentry","entry","no-media"],"yoast_head":"<!-- This site is optimized with the Yoast SEO plugin v24.7 - https:\/\/yoast.com\/wordpress\/plugins\/seo\/ -->\n<title>\u00c9v\u00e9nements - Camping Cinque Terre<\/title>\n<meta name=\"robots\" content=\"index, follow, max-snippet:-1, max-image-preview:large, max-video-preview:-1\" \/>\n<link rel=\"canonical\" href=\"https:\/\/campingcinqueterre.it\/fr\/levanto\/evenements\/\" \/>\n<meta property=\"og:locale\" content=\"fr_FR\" \/>\n<meta property=\"og:type\" content=\"article\" \/>\n<meta property=\"og:title\" content=\"\u00c9v\u00e9nements - Camping Cinque Terre\" \/>\n<meta property=\"og:description\" content=\"[vc_row full_width=\u00a0\u00bbstretch_row_content_no_spaces\u00a0\u00bb content_placement=\u00a0\u00bbbottom\u00a0\u00bb wpex_bg_overlay=\u00a0\u00bbcolor\u00a0\u00bb wpex_bg_overlay_color=\u00a0\u00bb#3b251a\u00a0\u00bb wpex_bg_overlay_opacity=\u00a0\u00bb40&Prime; el_class=\u00a0\u00bbbordo_grafico\u00a0\u00bb min_height=\u00a0\u00bb400&Prime; css=\u00a0\u00bb.vc_custom_1741001171164{background-image: url(https:\/\/campingcinqueterre.it\/wp-content\/uploads\/2025\/02\/fuochi-eventi.jpg?id=633) !important;background-position: center !important;background-repeat: no-repeat !important;background-size: cover !important;}\u00a0\u00bb wpex_bg_position=\u00a0\u00bb50% 80%\u00a0\u00bb][vc_column css=\u00a0\u00bb.vc_custom_1739171075238{background-image: url(https:\/\/campingcinqueterre.it\/wp-content\/uploads\/2025\/02\/bordo-grafico.png?id=163) !important;background-position: center !important;background-repeat: no-repeat !important;background-size: cover !important;}\u00a0\u00bb wpex_bg_position=\u00a0\u00bb50% 100%\u00a0\u00bb wpex_bg_size=\u00a0\u00bb2000px 130px\u00a0\u00bb][\/vc_column][\/vc_row][vc_row el_class=\u00a0\u00bbptd120 pbd10 pbm30 ptm10&Prime;][vc_column css_animation=\u00a0\u00bbfadeInUp\u00a0\u00bb width=\u00a0\u00bb1\/3&Prime;][vc_column_text css=\u00a0\u00bb\u00a0\u00bb el_class=\u00a0\u00bbno_underline link_pag_int\u00a0\u00bb font_size=\u00a0\u00bb18&Prime; line_height=\u00a0\u00bb100%\u00a0\u00bb font_weight=\u00a0\u00bb900&Prime; color=\u00a0\u00bb#3b251a\u00a0\u00bb]La Ville&gt;[\/vc_column_text][vc_column_text css=\u00a0\u00bb.vc_custom_1743065329349{margin-top: 5px !important;}\u00a0\u00bb el_class=\u00a0\u00bbno_underline link_pag_int\u00a0\u00bb font_size=\u00a0\u00bb18&Prime; line_height=\u00a0\u00bb100%\u00a0\u00bb font_weight=\u00a0\u00bb900&Prime; color=\u00a0\u00bb#3b251a\u00a0\u00bb]La&hellip;\" \/>\n<meta property=\"og:url\" content=\"https:\/\/campingcinqueterre.it\/fr\/levanto\/evenements\/\" \/>\n<meta property=\"og:site_name\" content=\"Camping Cinque Terre\" \/>\n<meta property=\"article:modified_time\" content=\"2025-03-27T08:51:15+00:00\" \/>\n<meta property=\"og:image\" content=\"https:\/\/campingcinqueterre.it\/wp-content\/uploads\/2025\/02\/logo.png\" \/>\n\t<meta property=\"og:image:width\" content=\"185\" \/>\n\t<meta property=\"og:image:height\" content=\"197\" \/>\n\t<meta property=\"og:image:type\" content=\"image\/png\" \/>\n<meta name=\"twitter:card\" content=\"summary_large_image\" \/>\n<meta name=\"twitter:label1\" content=\"Dur\u00e9e de lecture estim\u00e9e\" \/>\n\t<meta name=\"twitter:data1\" content=\"5 minutes\" \/>\n<script type=\"application\/ld+json\" class=\"yoast-schema-graph\">{\"@context\":\"https:\/\/schema.org\",\"@graph\":[{\"@type\":\"WebPage\",\"@id\":\"https:\/\/campingcinqueterre.it\/fr\/levanto\/evenements\/\",\"url\":\"https:\/\/campingcinqueterre.it\/fr\/levanto\/evenements\/\",\"name\":\"\u00c9v\u00e9nements - Camping Cinque Terre\",\"isPartOf\":{\"@id\":\"https:\/\/campingcinqueterre.it\/#website\"},\"datePublished\":\"2025-02-09T20:47:50+00:00\",\"dateModified\":\"2025-03-27T08:51:15+00:00\",\"breadcrumb\":{\"@id\":\"https:\/\/campingcinqueterre.it\/fr\/levanto\/evenements\/#breadcrumb\"},\"inLanguage\":\"fr-FR\",\"potentialAction\":[{\"@type\":\"ReadAction\",\"target\":[\"https:\/\/campingcinqueterre.it\/fr\/levanto\/evenements\/\"]}]},{\"@type\":\"BreadcrumbList\",\"@id\":\"https:\/\/campingcinqueterre.it\/fr\/levanto\/evenements\/#breadcrumb\",\"itemListElement\":[{\"@type\":\"ListItem\",\"position\":1,\"name\":\"Home\",\"item\":\"https:\/\/campingcinqueterre.it\/fr\/\"},{\"@type\":\"ListItem\",\"position\":2,\"name\":\"Levanto\",\"item\":\"https:\/\/campingcinqueterre.it\/fr\/levanto\/\"},{\"@type\":\"ListItem\",\"position\":3,\"name\":\"\u00c9v\u00e9nements\"}]},{\"@type\":\"WebSite\",\"@id\":\"https:\/\/campingcinqueterre.it\/#website\",\"url\":\"https:\/\/campingcinqueterre.it\/\",\"name\":\"Camping Cinque Terre\",\"description\":\"Natura, Mare ed Emozioni\",\"publisher\":{\"@id\":\"https:\/\/campingcinqueterre.it\/#organization\"},\"potentialAction\":[{\"@type\":\"SearchAction\",\"target\":{\"@type\":\"EntryPoint\",\"urlTemplate\":\"https:\/\/campingcinqueterre.it\/?s={search_term_string}\"},\"query-input\":{\"@type\":\"PropertyValueSpecification\",\"valueRequired\":true,\"valueName\":\"search_term_string\"}}],\"inLanguage\":\"fr-FR\"},{\"@type\":\"Organization\",\"@id\":\"https:\/\/campingcinqueterre.it\/#organization\",\"name\":\"CAMPING 5 TERRE\",\"alternateName\":\"CAMPING 5 TERRE\",\"url\":\"https:\/\/campingcinqueterre.it\/\",\"logo\":{\"@type\":\"ImageObject\",\"inLanguage\":\"fr-FR\",\"@id\":\"https:\/\/campingcinqueterre.it\/#\/schema\/logo\/image\/\",\"url\":\"https:\/\/campingcinqueterre.it\/wp-content\/uploads\/2025\/02\/logo.png\",\"contentUrl\":\"https:\/\/campingcinqueterre.it\/wp-content\/uploads\/2025\/02\/logo.png\",\"width\":185,\"height\":197,\"caption\":\"CAMPING 5 TERRE\"},\"image\":{\"@id\":\"https:\/\/campingcinqueterre.it\/#\/schema\/logo\/image\/\"}}]}<\/script>\n<!-- \/ Yoast SEO plugin. -->","yoast_head_json":{"title":"\u00c9v\u00e9nements - Camping Cinque Terre","robots":{"index":"index","follow":"follow","max-snippet":"max-snippet:-1","max-image-preview":"max-image-preview:large","max-video-preview":"max-video-preview:-1"},"canonical":"https:\/\/campingcinqueterre.it\/fr\/levanto\/evenements\/","og_locale":"fr_FR","og_type":"article","og_title":"\u00c9v\u00e9nements - Camping Cinque Terre","og_description":"[vc_row full_width=\u00a0\u00bbstretch_row_content_no_spaces\u00a0\u00bb content_placement=\u00a0\u00bbbottom\u00a0\u00bb wpex_bg_overlay=\u00a0\u00bbcolor\u00a0\u00bb wpex_bg_overlay_color=\u00a0\u00bb#3b251a\u00a0\u00bb wpex_bg_overlay_opacity=\u00a0\u00bb40&Prime; el_class=\u00a0\u00bbbordo_grafico\u00a0\u00bb min_height=\u00a0\u00bb400&Prime; css=\u00a0\u00bb.vc_custom_1741001171164{background-image: url(https:\/\/campingcinqueterre.it\/wp-content\/uploads\/2025\/02\/fuochi-eventi.jpg?id=633) !important;background-position: center !important;background-repeat: no-repeat !important;background-size: cover !important;}\u00a0\u00bb wpex_bg_position=\u00a0\u00bb50% 80%\u00a0\u00bb][vc_column css=\u00a0\u00bb.vc_custom_1739171075238{background-image: url(https:\/\/campingcinqueterre.it\/wp-content\/uploads\/2025\/02\/bordo-grafico.png?id=163) !important;background-position: center !important;background-repeat: no-repeat !important;background-size: cover !important;}\u00a0\u00bb wpex_bg_position=\u00a0\u00bb50% 100%\u00a0\u00bb wpex_bg_size=\u00a0\u00bb2000px 130px\u00a0\u00bb][\/vc_column][\/vc_row][vc_row el_class=\u00a0\u00bbptd120 pbd10 pbm30 ptm10&Prime;][vc_column css_animation=\u00a0\u00bbfadeInUp\u00a0\u00bb width=\u00a0\u00bb1\/3&Prime;][vc_column_text css=\u00a0\u00bb\u00a0\u00bb el_class=\u00a0\u00bbno_underline link_pag_int\u00a0\u00bb font_size=\u00a0\u00bb18&Prime; line_height=\u00a0\u00bb100%\u00a0\u00bb font_weight=\u00a0\u00bb900&Prime; color=\u00a0\u00bb#3b251a\u00a0\u00bb]La Ville&gt;[\/vc_column_text][vc_column_text css=\u00a0\u00bb.vc_custom_1743065329349{margin-top: 5px !important;}\u00a0\u00bb el_class=\u00a0\u00bbno_underline link_pag_int\u00a0\u00bb font_size=\u00a0\u00bb18&Prime; line_height=\u00a0\u00bb100%\u00a0\u00bb font_weight=\u00a0\u00bb900&Prime; color=\u00a0\u00bb#3b251a\u00a0\u00bb]La&hellip;","og_url":"https:\/\/campingcinqueterre.it\/fr\/levanto\/evenements\/","og_site_name":"Camping Cinque Terre","article_modified_time":"2025-03-27T08:51:15+00:00","og_image":[{"width":185,"height":197,"url":"https:\/\/campingcinqueterre.it\/wp-content\/uploads\/2025\/02\/logo.png","type":"image\/png"}],"twitter_card":"summary_large_image","twitter_misc":{"Dur\u00e9e de lecture estim\u00e9e":"5 minutes"},"schema":{"@context":"https:\/\/schema.org","@graph":[{"@type":"WebPage","@id":"https:\/\/campingcinqueterre.it\/fr\/levanto\/evenements\/","url":"https:\/\/campingcinqueterre.it\/fr\/levanto\/evenements\/","name":"\u00c9v\u00e9nements - Camping Cinque Terre","isPartOf":{"@id":"https:\/\/campingcinqueterre.it\/#website"},"datePublished":"2025-02-09T20:47:50+00:00","dateModified":"2025-03-27T08:51:15+00:00","breadcrumb":{"@id":"https:\/\/campingcinqueterre.it\/fr\/levanto\/evenements\/#breadcrumb"},"inLanguage":"fr-FR","potentialAction":[{"@type":"ReadAction","target":["https:\/\/campingcinqueterre.it\/fr\/levanto\/evenements\/"]}]},{"@type":"BreadcrumbList","@id":"https:\/\/campingcinqueterre.it\/fr\/levanto\/evenements\/#breadcrumb","itemListElement":[{"@type":"ListItem","position":1,"name":"Home","item":"https:\/\/campingcinqueterre.it\/fr\/"},{"@type":"ListItem","position":2,"name":"Levanto","item":"https:\/\/campingcinqueterre.it\/fr\/levanto\/"},{"@type":"ListItem","position":3,"name":"\u00c9v\u00e9nements"}]},{"@type":"WebSite","@id":"https:\/\/campingcinqueterre.it\/#website","url":"https:\/\/campingcinqueterre.it\/","name":"Camping Cinque Terre","description":"Natura, Mare ed Emozioni","publisher":{"@id":"https:\/\/campingcinqueterre.it\/#organization"},"potentialAction":[{"@type":"SearchAction","target":{"@type":"EntryPoint","urlTemplate":"https:\/\/campingcinqueterre.it\/?s={search_term_string}"},"query-input":{"@type":"PropertyValueSpecification","valueRequired":true,"valueName":"search_term_string"}}],"inLanguage":"fr-FR"},{"@type":"Organization","@id":"https:\/\/campingcinqueterre.it\/#organization","name":"CAMPING 5 TERRE","alternateName":"CAMPING 5 TERRE","url":"https:\/\/campingcinqueterre.it\/","logo":{"@type":"ImageObject","inLanguage":"fr-FR","@id":"https:\/\/campingcinqueterre.it\/#\/schema\/logo\/image\/","url":"https:\/\/campingcinqueterre.it\/wp-content\/uploads\/2025\/02\/logo.png","contentUrl":"https:\/\/campingcinqueterre.it\/wp-content\/uploads\/2025\/02\/logo.png","width":185,"height":197,"caption":"CAMPING 5 TERRE"},"image":{"@id":"https:\/\/campingcinqueterre.it\/#\/schema\/logo\/image\/"}}]}},"_links":{"self":[{"href":"https:\/\/campingcinqueterre.it\/fr\/wp-json\/wp\/v2\/pages\/1589","targetHints":{"allow":["GET"]}}],"collection":[{"href":"https:\/\/campingcinqueterre.it\/fr\/wp-json\/wp\/v2\/pages"}],"about":[{"href":"https:\/\/campingcinqueterre.it\/fr\/wp-json\/wp\/v2\/types\/page"}],"author":[{"embeddable":true,"href":"https:\/\/campingcinqueterre.it\/fr\/wp-json\/wp\/v2\/users\/3"}],"replies":[{"embeddable":true,"href":"https:\/\/campingcinqueterre.it\/fr\/wp-json\/wp\/v2\/comments?post=1589"}],"version-history":[{"count":2,"href":"https:\/\/campingcinqueterre.it\/fr\/wp-json\/wp\/v2\/pages\/1589\/revisions"}],"predecessor-version":[{"id":1594,"href":"https:\/\/campingcinqueterre.it\/fr\/wp-json\/wp\/v2\/pages\/1589\/revisions\/1594"}],"up":[{"embeddable":true,"href":"https:\/\/campingcinqueterre.it\/fr\/wp-json\/wp\/v2\/pages\/1583"}],"wp:attachment":[{"href":"https:\/\/campingcinqueterre.it\/fr\/wp-json\/wp\/v2\/media?parent=1589"}],"curies":[{"name":"wp","href":"https:\/\/api.w.org\/{rel}","templated":true}]}}