{"id":1598,"date":"2025-02-09T21:47:39","date_gmt":"2025-02-09T20:47:39","guid":{"rendered":"https:\/\/campingcinqueterre.it\/levanto\/il-mare\/"},"modified":"2025-03-27T10:01:07","modified_gmt":"2025-03-27T09:01:07","slug":"la-mer","status":"publish","type":"page","link":"https:\/\/campingcinqueterre.it\/fr\/levanto\/la-mer\/","title":{"rendered":"La Mer"},"content":{"rendered":"<div class=\"wpb-content-wrapper\">[vc_row full_width=\u00a0\u00bbstretch_row_content_no_spaces\u00a0\u00bb content_placement=\u00a0\u00bbbottom\u00a0\u00bb wpex_bg_overlay=\u00a0\u00bbcolor\u00a0\u00bb wpex_bg_overlay_color=\u00a0\u00bb#3b251a\u00a0\u00bb wpex_bg_overlay_opacity=\u00a0\u00bb40&Prime; el_class=\u00a0\u00bbbordo_grafico\u00a0\u00bb min_height=\u00a0\u00bb400&Prime; css=\u00a0\u00bb.vc_custom_1741000655625{background-image: url(https:\/\/campingcinqueterre.it\/wp-content\/uploads\/2025\/03\/sea-and-coast-of-levanto-italy.jpg?id=968) !important;background-position: center !important;background-repeat: no-repeat !important;background-size: cover !important;}\u00a0\u00bb wpex_bg_position=\u00a0\u00bb50% 60%\u00a0\u00bb][vc_column css=\u00a0\u00bb.vc_custom_1739171075238{background-image: url(https:\/\/campingcinqueterre.it\/wp-content\/uploads\/2025\/02\/bordo-grafico.png?id=163) !important;background-position: center !important;background-repeat: no-repeat !important;background-size: cover !important;}\u00a0\u00bb wpex_bg_position=\u00a0\u00bb50% 100%\u00a0\u00bb wpex_bg_size=\u00a0\u00bb2000px 130px\u00a0\u00bb]<style>.vcex-breadcrumbs.vcex_69e7384f4f4f6{text-align:center;color:var(--wpex-on-accent);font-family:'Amatic SC';font-size:20px;line-height:150%;}<\/style><nav class=\"vcex-breadcrumbs vcex-breadcrumbs--links-inherit-color vcex-breadcrumbs--custom-color  wpb_animate_when_almost_visible wpb_fadeInUp fadeInUp vcex_69e7384f4f4f6\"><span><span><a href=\"https:\/\/campingcinqueterre.it\/fr\/\">Home<\/a><\/span><\/span><\/nav><style>.vcex-page-title.vcex_69e7384f534ec .vcex-page-title__heading{color:var(--wpex-on-accent);font-size:60px;font-family:Rubik;font-weight:900;line-height:100%;}@media (max-width:1024px){.vcex-page-title.vcex_69e7384f534ec .vcex-page-title__heading{font-size:50px;}}@media (max-width:959px){.vcex-page-title.vcex_69e7384f534ec .vcex-page-title__heading{font-size:40px;}}@media (max-width:767px){.vcex-page-title.vcex_69e7384f534ec .vcex-page-title__heading{font-size:35px;}}@media (max-width:479px){.vcex-page-title.vcex_69e7384f534ec .vcex-page-title__heading{font-size:35px;}}<\/style><div class=\"vcex-page-title vcex-module wpex-text-center  wpb_animate_when_almost_visible wpb_fadeInUp fadeInUp pbd180 pbm180 vcex_69e7384f534ec\"><h1 class=\"vcex-page-title__heading wpex-heading wpex-text-3xl\"><span class=\"vcex-page-title__text\">La Mer<\/span><\/h1><\/div>[\/vc_column][\/vc_row][vc_row el_class=\u00a0\u00bbptd120 pbd10 pbm30 ptm10&Prime;][vc_column css_animation=\u00a0\u00bbfadeInUp\u00a0\u00bb width=\u00a0\u00bb1\/3&Prime;][vc_column_text css=\u00a0\u00bb\u00a0\u00bb el_class=\u00a0\u00bbno_underline link_pag_int\u00a0\u00bb font_size=\u00a0\u00bb18&Prime; line_height=\u00a0\u00bb100%\u00a0\u00bb font_weight=\u00a0\u00bb900&Prime; color=\u00a0\u00bb#3b251a\u00a0\u00bb]<a href=\"https:\/\/campingcinqueterre.it\/levanto\/la-citta\/\">La Ville<\/a><span class=\"arrow\">&gt;<\/span>[\/vc_column_text][vc_column_text css=\u00a0\u00bb.vc_custom_1743066004808{margin-top: 5px !important;}\u00a0\u00bb el_class=\u00a0\u00bbno_underline link_pag_int_corrente\u00a0\u00bb font_size=\u00a0\u00bb18&Prime; line_height=\u00a0\u00bb100%\u00a0\u00bb font_weight=\u00a0\u00bb900&Prime; color=\u00a0\u00bb#ffffff\u00a0\u00bb]<a href=\"https:\/\/campingcinqueterre.it\/fr\/levanto\/la-mer\/\">La Mer<\/a><span class=\"arrow\">&gt;<\/span>[\/vc_column_text][vc_column_text css=\u00a0\u00bb.vc_custom_1743066027428{margin-top: 5px !important;}\u00a0\u00bb el_class=\u00a0\u00bbno_underline link_pag_int\u00a0\u00bb font_size=\u00a0\u00bb18&Prime; line_height=\u00a0\u00bb100%\u00a0\u00bb font_weight=\u00a0\u00bb900&Prime; color=\u00a0\u00bb#3b251a\u00a0\u00bb]<a href=\"https:\/\/campingcinqueterre.it\/gli-eventi\/\">Les \u00c9v\u00e9nements<\/a><span class=\"arrow\">&gt;<\/span>[\/vc_column_text][vc_row_inner][vc_column_inner el_class=\u00a0\u00bbbox_giallo mtd30 mtm15&Prime; css=\u00a0\u00bb.vc_custom_1740984463711{background-image: url(https:\/\/campingcinqueterre.it\/wp-content\/uploads\/2025\/03\/box_colorato.jpg?id=792) !important;background-position: center !important;background-repeat: no-repeat !important;background-size: cover !important;}\u00a0\u00bb][vc_single_image image=\u00a0\u00bb793&Prime; alignment=\u00a0\u00bbcenter\u00a0\u00bb css=\u00a0\u00bb\u00a0\u00bb el_class=\u00a0\u00bbphone_icon\u00a0\u00bb][vc_column_text css=\u00a0\u00bb.vc_custom_1743066037502{margin-top: 35px !important;}\u00a0\u00bb font_size=\u00a0\u00bbd:40|tl:35|tp:30|pl:35|pp:30&Prime; font_family=\u00a0\u00bbAmatic SC\u00a0\u00bb line_height=\u00a0\u00bb110%\u00a0\u00bb color=\u00a0\u00bb#3b251a\u00a0\u00bb font_weight=\u00a0\u00bb700&Prime;]\n<p style=\"text-align: center;\">Appelez-nous maintenant<br \/>\npour le camping<\/p>\n[\/vc_column_text][vc_column_text css=\u00a0\u00bb.vc_custom_1740984915157{margin-top: 35px !important;}\u00a0\u00bb color=\u00a0\u00bb#3b251a\u00a0\u00bb font_size=\u00a0\u00bbd:26|tl:22|tp:18|pl:20|pp:20&Prime; line_height=\u00a0\u00bb110%\u00a0\u00bb font_weight=\u00a0\u00bb400&Prime; el_class=\u00a0\u00bbno_underline\u00a0\u00bb]\n<p style=\"text-align: center;\"><a href=\"tel:+390187801252\" target=\"_blank\" rel=\"noopener\">+39 0187 801252<\/a><\/p>\n[\/vc_column_text][\/vc_column_inner][\/vc_row_inner][\/vc_column][vc_column css_animation=\u00a0\u00bbfadeInRight\u00a0\u00bb width=\u00a0\u00bb2\/3&Prime; el_class=\u00a0\u00bbmtm30&Prime;][vc_single_image image=\u00a0\u00bb968&Prime; img_size=\u00a0\u00bb1000&#215;500&Prime; onclick=\u00a0\u00bblink_image\u00a0\u00bb css=\u00a0\u00bb\u00a0\u00bb][vc_single_image image=\u00a0\u00bb962&Prime; css=\u00a0\u00bb\u00a0\u00bb el_class=\u00a0\u00bbicon_foto_pag_int\u00a0\u00bb][vc_row_inner][vc_column_inner el_class=\u00a0\u00bbbox_ini_pag\u00a0\u00bb][vc_column_text css=\u00a0\u00bb\u00a0\u00bb font_size=\u00a0\u00bbd:30|pl:25&Prime; font_family=\u00a0\u00bbRubik\u00a0\u00bb line_height=\u00a0\u00bb110%\u00a0\u00bb font_weight=\u00a0\u00bb900&Prime; color=\u00a0\u00bb#3b251a\u00a0\u00bb]\n<h3 style=\"text-align: center;\">La Mer de Levanto<\/h3>\n[\/vc_column_text][vc_column_text css=\u00a0\u00bb.vc_custom_1743066053154{margin-top: 35px !important;}\u00a0\u00bb]\n<p style=\"text-align: center;\">Levanto, situ\u00e9e entre les Cinque Terre et la province de G\u00eanes, est une destination id\u00e9ale pour les amateurs de windsurf, de surf et de bodyboard. Au cours des dix derni\u00e8res ann\u00e9es, sa renomm\u00e9e a grandi gr\u00e2ce \u00e0 des conditions uniques en Italie, avec des vagues Double Over Head d\u00e9passant deux fois la taille d&rsquo;une personne. Ces vagues, qui peuvent atteindre 4 m\u00e8tres en hiver, se forment avec de forts vents de sud-ouest p\u00e9n\u00e9trant dans le golfe.<\/p>\n[\/vc_column_text][\/vc_column_inner][\/vc_row_inner][\/vc_column][\/vc_row][vc_row content_placement=\u00a0\u00bbmiddle\u00a0\u00bb el_class=\u00a0\u00bbptd20 pbd120 pbm60 ptm30&Prime;][vc_column css_animation=\u00a0\u00bbfadeInUp\u00a0\u00bb width=\u00a0\u00bb1\/3&Prime;][\/vc_column][vc_column css_animation=\u00a0\u00bbzoomIn\u00a0\u00bb width=\u00a0\u00bb1\/3&Prime; el_class=\u00a0\u00bborder1 mtm30&Prime;][vc_single_image image=\u00a0\u00bb982&Prime; img_size=\u00a0\u00bb600&#215;1000&Prime; onclick=\u00a0\u00bblink_image\u00a0\u00bb css=\u00a0\u00bb\u00a0\u00bb][\/vc_column][vc_column width=\u00a0\u00bb1\/3&Prime; el_class=\u00a0\u00bborder0&Prime;][vc_column_text css=\u00a0\u00bb\u00a0\u00bb font_size=\u00a0\u00bbd:30|pl:25&Prime; font_family=\u00a0\u00bbRubik\u00a0\u00bb line_height=\u00a0\u00bb110%\u00a0\u00bb font_weight=\u00a0\u00bb900&Prime; color=\u00a0\u00bb#3b251a\u00a0\u00bb]\n<h3 style=\"text-align: left;\">Plong\u00e9e<\/h3>\n[\/vc_column_text][vc_column_text css=\u00a0\u00bb.vc_custom_1743066064846{margin-top: 30px !important;}\u00a0\u00bb]\n<p style=\"text-align: left;\">La mer de Levanto est l&rsquo;une des destinations favorites des passionn\u00e9s de plong\u00e9e sous-marine. Plus de vingt sites de plong\u00e9e sont disponibles, offrant une vari\u00e9t\u00e9 qui satisfait \u00e0 la fois les d\u00e9butants et les plongeurs exp\u00e9riment\u00e9s. Pr\u00e8s du golfe, plusieurs \u00e9paves, principalement des navires militaires coul\u00e9s pendant la Seconde Guerre mondiale, peuvent \u00eatre explor\u00e9es lors de plong\u00e9es organis\u00e9es.<\/p>\n[\/vc_column_text][\/vc_column][\/vc_row]\n<\/div>","protected":false},"excerpt":{"rendered":"<p>[vc_row full_width=\u00a0\u00bbstretch_row_content_no_spaces\u00a0\u00bb content_placement=\u00a0\u00bbbottom\u00a0\u00bb wpex_bg_overlay=\u00a0\u00bbcolor\u00a0\u00bb wpex_bg_overlay_color=\u00a0\u00bb#3b251a\u00a0\u00bb wpex_bg_overlay_opacity=\u00a0\u00bb40&Prime; el_class=\u00a0\u00bbbordo_grafico\u00a0\u00bb min_height=\u00a0\u00bb400&Prime; css=\u00a0\u00bb.vc_custom_1741000655625{background-image: url(https:\/\/campingcinqueterre.it\/wp-content\/uploads\/2025\/03\/sea-and-coast-of-levanto-italy.jpg?id=968) !important;background-position: center !important;background-repeat: no-repeat !important;background-size: cover !important;}\u00a0\u00bb wpex_bg_position=\u00a0\u00bb50% 60%\u00a0\u00bb][vc_column css=\u00a0\u00bb.vc_custom_1739171075238{background-image: url(https:\/\/campingcinqueterre.it\/wp-content\/uploads\/2025\/02\/bordo-grafico.png?id=163) !important;background-position: center !important;background-repeat: no-repeat !important;background-size: cover !important;}\u00a0\u00bb wpex_bg_position=\u00a0\u00bb50% 100%\u00a0\u00bb wpex_bg_size=\u00a0\u00bb2000px 130px\u00a0\u00bb][\/vc_column][\/vc_row][vc_row el_class=\u00a0\u00bbptd120 pbd10 pbm30 ptm10&Prime;][vc_column css_animation=\u00a0\u00bbfadeInUp\u00a0\u00bb width=\u00a0\u00bb1\/3&Prime;][vc_column_text css=\u00a0\u00bb\u00a0\u00bb el_class=\u00a0\u00bbno_underline link_pag_int\u00a0\u00bb font_size=\u00a0\u00bb18&Prime; line_height=\u00a0\u00bb100%\u00a0\u00bb font_weight=\u00a0\u00bb900&Prime; color=\u00a0\u00bb#3b251a\u00a0\u00bb]La Ville&gt;[\/vc_column_text][vc_column_text css=\u00a0\u00bb.vc_custom_1743066004808{margin-top: 5px !important;}\u00a0\u00bb el_class=\u00a0\u00bbno_underline link_pag_int_corrente\u00a0\u00bb font_size=\u00a0\u00bb18&Prime; line_height=\u00a0\u00bb100%\u00a0\u00bb font_weight=\u00a0\u00bb900&Prime; color=\u00a0\u00bb#ffffff\u00a0\u00bb]La&hellip;<\/p>\n","protected":false},"author":3,"featured_media":0,"parent":1583,"menu_order":0,"comment_status":"closed","ping_status":"closed","template":"","meta":{"inline_featured_image":false,"footnotes":""},"class_list":["post-1598","page","type-page","status-publish","hentry","entry","no-media"],"yoast_head":"<!-- This site is optimized with the Yoast SEO plugin v24.7 - https:\/\/yoast.com\/wordpress\/plugins\/seo\/ -->\n<title>La Mer - Camping Cinque Terre<\/title>\n<meta name=\"robots\" content=\"index, follow, max-snippet:-1, max-image-preview:large, max-video-preview:-1\" \/>\n<link rel=\"canonical\" href=\"https:\/\/campingcinqueterre.it\/fr\/levanto\/la-mer\/\" \/>\n<meta property=\"og:locale\" content=\"fr_FR\" \/>\n<meta property=\"og:type\" content=\"article\" \/>\n<meta property=\"og:title\" content=\"La Mer - Camping Cinque Terre\" \/>\n<meta property=\"og:description\" content=\"[vc_row full_width=\u00a0\u00bbstretch_row_content_no_spaces\u00a0\u00bb content_placement=\u00a0\u00bbbottom\u00a0\u00bb wpex_bg_overlay=\u00a0\u00bbcolor\u00a0\u00bb wpex_bg_overlay_color=\u00a0\u00bb#3b251a\u00a0\u00bb wpex_bg_overlay_opacity=\u00a0\u00bb40&Prime; el_class=\u00a0\u00bbbordo_grafico\u00a0\u00bb min_height=\u00a0\u00bb400&Prime; css=\u00a0\u00bb.vc_custom_1741000655625{background-image: url(https:\/\/campingcinqueterre.it\/wp-content\/uploads\/2025\/03\/sea-and-coast-of-levanto-italy.jpg?id=968) !important;background-position: center !important;background-repeat: no-repeat !important;background-size: cover !important;}\u00a0\u00bb wpex_bg_position=\u00a0\u00bb50% 60%\u00a0\u00bb][vc_column css=\u00a0\u00bb.vc_custom_1739171075238{background-image: url(https:\/\/campingcinqueterre.it\/wp-content\/uploads\/2025\/02\/bordo-grafico.png?id=163) !important;background-position: center !important;background-repeat: no-repeat !important;background-size: cover !important;}\u00a0\u00bb wpex_bg_position=\u00a0\u00bb50% 100%\u00a0\u00bb wpex_bg_size=\u00a0\u00bb2000px 130px\u00a0\u00bb][\/vc_column][\/vc_row][vc_row el_class=\u00a0\u00bbptd120 pbd10 pbm30 ptm10&Prime;][vc_column css_animation=\u00a0\u00bbfadeInUp\u00a0\u00bb width=\u00a0\u00bb1\/3&Prime;][vc_column_text css=\u00a0\u00bb\u00a0\u00bb el_class=\u00a0\u00bbno_underline link_pag_int\u00a0\u00bb font_size=\u00a0\u00bb18&Prime; line_height=\u00a0\u00bb100%\u00a0\u00bb font_weight=\u00a0\u00bb900&Prime; color=\u00a0\u00bb#3b251a\u00a0\u00bb]La Ville&gt;[\/vc_column_text][vc_column_text css=\u00a0\u00bb.vc_custom_1743066004808{margin-top: 5px !important;}\u00a0\u00bb el_class=\u00a0\u00bbno_underline link_pag_int_corrente\u00a0\u00bb font_size=\u00a0\u00bb18&Prime; line_height=\u00a0\u00bb100%\u00a0\u00bb font_weight=\u00a0\u00bb900&Prime; color=\u00a0\u00bb#ffffff\u00a0\u00bb]La&hellip;\" \/>\n<meta property=\"og:url\" content=\"https:\/\/campingcinqueterre.it\/fr\/levanto\/la-mer\/\" \/>\n<meta property=\"og:site_name\" content=\"Camping Cinque Terre\" \/>\n<meta property=\"article:modified_time\" content=\"2025-03-27T09:01:07+00:00\" \/>\n<meta property=\"og:image\" content=\"https:\/\/campingcinqueterre.it\/wp-content\/uploads\/2025\/02\/logo.png\" \/>\n\t<meta property=\"og:image:width\" content=\"185\" \/>\n\t<meta property=\"og:image:height\" content=\"197\" \/>\n\t<meta property=\"og:image:type\" content=\"image\/png\" \/>\n<meta name=\"twitter:card\" content=\"summary_large_image\" \/>\n<meta name=\"twitter:label1\" content=\"Dur\u00e9e de lecture estim\u00e9e\" \/>\n\t<meta name=\"twitter:data1\" content=\"3 minutes\" \/>\n<script type=\"application\/ld+json\" class=\"yoast-schema-graph\">{\"@context\":\"https:\/\/schema.org\",\"@graph\":[{\"@type\":\"WebPage\",\"@id\":\"https:\/\/campingcinqueterre.it\/fr\/levanto\/la-mer\/\",\"url\":\"https:\/\/campingcinqueterre.it\/fr\/levanto\/la-mer\/\",\"name\":\"La Mer - Camping Cinque Terre\",\"isPartOf\":{\"@id\":\"https:\/\/campingcinqueterre.it\/#website\"},\"datePublished\":\"2025-02-09T20:47:39+00:00\",\"dateModified\":\"2025-03-27T09:01:07+00:00\",\"breadcrumb\":{\"@id\":\"https:\/\/campingcinqueterre.it\/fr\/levanto\/la-mer\/#breadcrumb\"},\"inLanguage\":\"fr-FR\",\"potentialAction\":[{\"@type\":\"ReadAction\",\"target\":[\"https:\/\/campingcinqueterre.it\/fr\/levanto\/la-mer\/\"]}]},{\"@type\":\"BreadcrumbList\",\"@id\":\"https:\/\/campingcinqueterre.it\/fr\/levanto\/la-mer\/#breadcrumb\",\"itemListElement\":[{\"@type\":\"ListItem\",\"position\":1,\"name\":\"Home\",\"item\":\"https:\/\/campingcinqueterre.it\/fr\/\"},{\"@type\":\"ListItem\",\"position\":2,\"name\":\"Levanto\",\"item\":\"https:\/\/campingcinqueterre.it\/fr\/levanto\/\"},{\"@type\":\"ListItem\",\"position\":3,\"name\":\"La Mer\"}]},{\"@type\":\"WebSite\",\"@id\":\"https:\/\/campingcinqueterre.it\/#website\",\"url\":\"https:\/\/campingcinqueterre.it\/\",\"name\":\"Camping Cinque Terre\",\"description\":\"Natura, Mare ed Emozioni\",\"publisher\":{\"@id\":\"https:\/\/campingcinqueterre.it\/#organization\"},\"potentialAction\":[{\"@type\":\"SearchAction\",\"target\":{\"@type\":\"EntryPoint\",\"urlTemplate\":\"https:\/\/campingcinqueterre.it\/?s={search_term_string}\"},\"query-input\":{\"@type\":\"PropertyValueSpecification\",\"valueRequired\":true,\"valueName\":\"search_term_string\"}}],\"inLanguage\":\"fr-FR\"},{\"@type\":\"Organization\",\"@id\":\"https:\/\/campingcinqueterre.it\/#organization\",\"name\":\"CAMPING 5 TERRE\",\"alternateName\":\"CAMPING 5 TERRE\",\"url\":\"https:\/\/campingcinqueterre.it\/\",\"logo\":{\"@type\":\"ImageObject\",\"inLanguage\":\"fr-FR\",\"@id\":\"https:\/\/campingcinqueterre.it\/#\/schema\/logo\/image\/\",\"url\":\"https:\/\/campingcinqueterre.it\/wp-content\/uploads\/2025\/02\/logo.png\",\"contentUrl\":\"https:\/\/campingcinqueterre.it\/wp-content\/uploads\/2025\/02\/logo.png\",\"width\":185,\"height\":197,\"caption\":\"CAMPING 5 TERRE\"},\"image\":{\"@id\":\"https:\/\/campingcinqueterre.it\/#\/schema\/logo\/image\/\"}}]}<\/script>\n<!-- \/ Yoast SEO plugin. -->","yoast_head_json":{"title":"La Mer - Camping Cinque Terre","robots":{"index":"index","follow":"follow","max-snippet":"max-snippet:-1","max-image-preview":"max-image-preview:large","max-video-preview":"max-video-preview:-1"},"canonical":"https:\/\/campingcinqueterre.it\/fr\/levanto\/la-mer\/","og_locale":"fr_FR","og_type":"article","og_title":"La Mer - Camping Cinque Terre","og_description":"[vc_row full_width=\u00a0\u00bbstretch_row_content_no_spaces\u00a0\u00bb content_placement=\u00a0\u00bbbottom\u00a0\u00bb wpex_bg_overlay=\u00a0\u00bbcolor\u00a0\u00bb wpex_bg_overlay_color=\u00a0\u00bb#3b251a\u00a0\u00bb wpex_bg_overlay_opacity=\u00a0\u00bb40&Prime; el_class=\u00a0\u00bbbordo_grafico\u00a0\u00bb min_height=\u00a0\u00bb400&Prime; css=\u00a0\u00bb.vc_custom_1741000655625{background-image: url(https:\/\/campingcinqueterre.it\/wp-content\/uploads\/2025\/03\/sea-and-coast-of-levanto-italy.jpg?id=968) !important;background-position: center !important;background-repeat: no-repeat !important;background-size: cover !important;}\u00a0\u00bb wpex_bg_position=\u00a0\u00bb50% 60%\u00a0\u00bb][vc_column css=\u00a0\u00bb.vc_custom_1739171075238{background-image: url(https:\/\/campingcinqueterre.it\/wp-content\/uploads\/2025\/02\/bordo-grafico.png?id=163) !important;background-position: center !important;background-repeat: no-repeat !important;background-size: cover !important;}\u00a0\u00bb wpex_bg_position=\u00a0\u00bb50% 100%\u00a0\u00bb wpex_bg_size=\u00a0\u00bb2000px 130px\u00a0\u00bb][\/vc_column][\/vc_row][vc_row el_class=\u00a0\u00bbptd120 pbd10 pbm30 ptm10&Prime;][vc_column css_animation=\u00a0\u00bbfadeInUp\u00a0\u00bb width=\u00a0\u00bb1\/3&Prime;][vc_column_text css=\u00a0\u00bb\u00a0\u00bb el_class=\u00a0\u00bbno_underline link_pag_int\u00a0\u00bb font_size=\u00a0\u00bb18&Prime; line_height=\u00a0\u00bb100%\u00a0\u00bb font_weight=\u00a0\u00bb900&Prime; color=\u00a0\u00bb#3b251a\u00a0\u00bb]La Ville&gt;[\/vc_column_text][vc_column_text css=\u00a0\u00bb.vc_custom_1743066004808{margin-top: 5px !important;}\u00a0\u00bb el_class=\u00a0\u00bbno_underline link_pag_int_corrente\u00a0\u00bb font_size=\u00a0\u00bb18&Prime; line_height=\u00a0\u00bb100%\u00a0\u00bb font_weight=\u00a0\u00bb900&Prime; color=\u00a0\u00bb#ffffff\u00a0\u00bb]La&hellip;","og_url":"https:\/\/campingcinqueterre.it\/fr\/levanto\/la-mer\/","og_site_name":"Camping Cinque Terre","article_modified_time":"2025-03-27T09:01:07+00:00","og_image":[{"width":185,"height":197,"url":"https:\/\/campingcinqueterre.it\/wp-content\/uploads\/2025\/02\/logo.png","type":"image\/png"}],"twitter_card":"summary_large_image","twitter_misc":{"Dur\u00e9e de lecture estim\u00e9e":"3 minutes"},"schema":{"@context":"https:\/\/schema.org","@graph":[{"@type":"WebPage","@id":"https:\/\/campingcinqueterre.it\/fr\/levanto\/la-mer\/","url":"https:\/\/campingcinqueterre.it\/fr\/levanto\/la-mer\/","name":"La Mer - Camping Cinque Terre","isPartOf":{"@id":"https:\/\/campingcinqueterre.it\/#website"},"datePublished":"2025-02-09T20:47:39+00:00","dateModified":"2025-03-27T09:01:07+00:00","breadcrumb":{"@id":"https:\/\/campingcinqueterre.it\/fr\/levanto\/la-mer\/#breadcrumb"},"inLanguage":"fr-FR","potentialAction":[{"@type":"ReadAction","target":["https:\/\/campingcinqueterre.it\/fr\/levanto\/la-mer\/"]}]},{"@type":"BreadcrumbList","@id":"https:\/\/campingcinqueterre.it\/fr\/levanto\/la-mer\/#breadcrumb","itemListElement":[{"@type":"ListItem","position":1,"name":"Home","item":"https:\/\/campingcinqueterre.it\/fr\/"},{"@type":"ListItem","position":2,"name":"Levanto","item":"https:\/\/campingcinqueterre.it\/fr\/levanto\/"},{"@type":"ListItem","position":3,"name":"La Mer"}]},{"@type":"WebSite","@id":"https:\/\/campingcinqueterre.it\/#website","url":"https:\/\/campingcinqueterre.it\/","name":"Camping Cinque Terre","description":"Natura, Mare ed Emozioni","publisher":{"@id":"https:\/\/campingcinqueterre.it\/#organization"},"potentialAction":[{"@type":"SearchAction","target":{"@type":"EntryPoint","urlTemplate":"https:\/\/campingcinqueterre.it\/?s={search_term_string}"},"query-input":{"@type":"PropertyValueSpecification","valueRequired":true,"valueName":"search_term_string"}}],"inLanguage":"fr-FR"},{"@type":"Organization","@id":"https:\/\/campingcinqueterre.it\/#organization","name":"CAMPING 5 TERRE","alternateName":"CAMPING 5 TERRE","url":"https:\/\/campingcinqueterre.it\/","logo":{"@type":"ImageObject","inLanguage":"fr-FR","@id":"https:\/\/campingcinqueterre.it\/#\/schema\/logo\/image\/","url":"https:\/\/campingcinqueterre.it\/wp-content\/uploads\/2025\/02\/logo.png","contentUrl":"https:\/\/campingcinqueterre.it\/wp-content\/uploads\/2025\/02\/logo.png","width":185,"height":197,"caption":"CAMPING 5 TERRE"},"image":{"@id":"https:\/\/campingcinqueterre.it\/#\/schema\/logo\/image\/"}}]}},"_links":{"self":[{"href":"https:\/\/campingcinqueterre.it\/fr\/wp-json\/wp\/v2\/pages\/1598","targetHints":{"allow":["GET"]}}],"collection":[{"href":"https:\/\/campingcinqueterre.it\/fr\/wp-json\/wp\/v2\/pages"}],"about":[{"href":"https:\/\/campingcinqueterre.it\/fr\/wp-json\/wp\/v2\/types\/page"}],"author":[{"embeddable":true,"href":"https:\/\/campingcinqueterre.it\/fr\/wp-json\/wp\/v2\/users\/3"}],"replies":[{"embeddable":true,"href":"https:\/\/campingcinqueterre.it\/fr\/wp-json\/wp\/v2\/comments?post=1598"}],"version-history":[{"count":2,"href":"https:\/\/campingcinqueterre.it\/fr\/wp-json\/wp\/v2\/pages\/1598\/revisions"}],"predecessor-version":[{"id":1603,"href":"https:\/\/campingcinqueterre.it\/fr\/wp-json\/wp\/v2\/pages\/1598\/revisions\/1603"}],"up":[{"embeddable":true,"href":"https:\/\/campingcinqueterre.it\/fr\/wp-json\/wp\/v2\/pages\/1583"}],"wp:attachment":[{"href":"https:\/\/campingcinqueterre.it\/fr\/wp-json\/wp\/v2\/media?parent=1598"}],"curies":[{"name":"wp","href":"https:\/\/api.w.org\/{rel}","templated":true}]}}