{"id":1607,"date":"2025-02-09T21:47:27","date_gmt":"2025-02-09T20:47:27","guid":{"rendered":"https:\/\/campingcinqueterre.it\/levanto\/la-citta\/"},"modified":"2025-03-27T12:02:05","modified_gmt":"2025-03-27T11:02:05","slug":"la-ville","status":"publish","type":"page","link":"https:\/\/campingcinqueterre.it\/fr\/levanto\/la-ville\/","title":{"rendered":"La Ville"},"content":{"rendered":"<div class=\"wpb-content-wrapper\">[vc_row full_width=\u00a0\u00bbstretch_row_content_no_spaces\u00a0\u00bb content_placement=\u00a0\u00bbbottom\u00a0\u00bb wpex_bg_overlay=\u00a0\u00bbcolor\u00a0\u00bb wpex_bg_overlay_color=\u00a0\u00bb#3b251a\u00a0\u00bb wpex_bg_overlay_opacity=\u00a0\u00bb40&Prime; el_class=\u00a0\u00bbbordo_grafico\u00a0\u00bb min_height=\u00a0\u00bb400&Prime; css=\u00a0\u00bb.vc_custom_1740998044014{background-image: url(https:\/\/campingcinqueterre.it\/wp-content\/uploads\/2025\/02\/levanto-spiaggia-primavera.jpg?id=460) !important;background-position: center !important;background-repeat: no-repeat !important;background-size: cover !important;}\u00a0\u00bb wpex_bg_position=\u00a0\u00bb50% 80%\u00a0\u00bb][vc_column css=\u00a0\u00bb.vc_custom_1739171075238{background-image: url(https:\/\/campingcinqueterre.it\/wp-content\/uploads\/2025\/02\/bordo-grafico.png?id=163) !important;background-position: center !important;background-repeat: no-repeat !important;background-size: cover !important;}\u00a0\u00bb wpex_bg_position=\u00a0\u00bb50% 100%\u00a0\u00bb wpex_bg_size=\u00a0\u00bb2000px 130px\u00a0\u00bb]<style>.vcex-breadcrumbs.vcex_69e74c1f2ebba{text-align:center;color:var(--wpex-on-accent);font-family:'Amatic SC';font-size:20px;line-height:150%;}<\/style><nav class=\"vcex-breadcrumbs vcex-breadcrumbs--links-inherit-color vcex-breadcrumbs--custom-color  wpb_animate_when_almost_visible wpb_fadeInUp fadeInUp vcex_69e74c1f2ebba\"><span><span><a href=\"https:\/\/campingcinqueterre.it\/fr\/\">Home<\/a><\/span><\/span><\/nav><style>.vcex-page-title.vcex_69e74c1f30fbb .vcex-page-title__heading{color:var(--wpex-on-accent);font-size:60px;font-family:Rubik;font-weight:900;line-height:100%;}@media (max-width:1024px){.vcex-page-title.vcex_69e74c1f30fbb .vcex-page-title__heading{font-size:50px;}}@media (max-width:959px){.vcex-page-title.vcex_69e74c1f30fbb .vcex-page-title__heading{font-size:40px;}}@media (max-width:767px){.vcex-page-title.vcex_69e74c1f30fbb .vcex-page-title__heading{font-size:35px;}}@media (max-width:479px){.vcex-page-title.vcex_69e74c1f30fbb .vcex-page-title__heading{font-size:35px;}}<\/style><div class=\"vcex-page-title vcex-module wpex-text-center  wpb_animate_when_almost_visible wpb_fadeInUp fadeInUp pbd180 pbm180 vcex_69e74c1f30fbb\"><h1 class=\"vcex-page-title__heading wpex-heading wpex-text-3xl\"><span class=\"vcex-page-title__text\">La Ville<\/span><\/h1><\/div>[\/vc_column][\/vc_row][vc_row equal_height=\u00a0\u00bbyes\u00a0\u00bb el_class=\u00a0\u00bbptd120 pbd10 pbm30 ptm10&Prime;][vc_column css_animation=\u00a0\u00bbfadeInUp\u00a0\u00bb width=\u00a0\u00bb1\/3&Prime;][vc_column_text css=\u00a0\u00bb\u00a0\u00bb el_class=\u00a0\u00bbno_underline link_pag_int_corrente\u00a0\u00bb font_size=\u00a0\u00bb18&Prime; line_height=\u00a0\u00bb100%\u00a0\u00bb font_weight=\u00a0\u00bb900&Prime; color=\u00a0\u00bbon-accent\u00a0\u00bb]<a href=\"https:\/\/campingcinqueterre.it\/fr\/levanto\/la-ville\/\">La Ville<\/a><span class=\"arrow\">&gt;<\/span>[\/vc_column_text][vc_column_text css=\u00a0\u00bb.vc_custom_1743066718434{margin-top: 5px !important;}\u00a0\u00bb el_class=\u00a0\u00bbno_underline link_pag_int\u00a0\u00bb font_size=\u00a0\u00bb18&Prime; line_height=\u00a0\u00bb100%\u00a0\u00bb font_weight=\u00a0\u00bb900&Prime; color=\u00a0\u00bb#3b251a\u00a0\u00bb]<a href=\"https:\/\/campingcinqueterre.it\/fr\/levanto\/la-mer\/\">La Mer<\/a><span class=\"arrow\">&gt;<\/span>[\/vc_column_text][vc_column_text css=\u00a0\u00bb.vc_custom_1743073322435{margin-top: 5px !important;}\u00a0\u00bb el_class=\u00a0\u00bbno_underline link_pag_int\u00a0\u00bb font_size=\u00a0\u00bb18&Prime; line_height=\u00a0\u00bb100%\u00a0\u00bb font_weight=\u00a0\u00bb900&Prime; color=\u00a0\u00bb#3b251a\u00a0\u00bb]<a href=\"https:\/\/campingcinqueterre.it\/fr\/levanto\/evenements\/\">Les \u00c9v\u00e9nements<\/a><span class=\"arrow\">&gt;<\/span>[\/vc_column_text][vc_row_inner][vc_column_inner el_class=\u00a0\u00bbbox_giallo mtd30 mtm15&Prime; css=\u00a0\u00bb.vc_custom_1740984463711{background-image: url(https:\/\/campingcinqueterre.it\/wp-content\/uploads\/2025\/03\/box_colorato.jpg?id=792) !important;background-position: center !important;background-repeat: no-repeat !important;background-size: cover !important;}\u00a0\u00bb][vc_single_image image=\u00a0\u00bb793&Prime; alignment=\u00a0\u00bbcenter\u00a0\u00bb css=\u00a0\u00bb\u00a0\u00bb el_class=\u00a0\u00bbphone_icon\u00a0\u00bb][vc_column_text css=\u00a0\u00bb.vc_custom_1743066743155{margin-top: 35px !important;}\u00a0\u00bb font_size=\u00a0\u00bbd:40|tl:35|tp:30|pl:35|pp:30&Prime; font_family=\u00a0\u00bbAmatic SC\u00a0\u00bb line_height=\u00a0\u00bb110%\u00a0\u00bb color=\u00a0\u00bb#3b251a\u00a0\u00bb font_weight=\u00a0\u00bb700&Prime;]\n<p style=\"text-align: center;\">Appelez-nous maintenant<br \/>\npour le camping<\/p>\n[\/vc_column_text][vc_column_text css=\u00a0\u00bb.vc_custom_1740984915157{margin-top: 35px !important;}\u00a0\u00bb color=\u00a0\u00bb#3b251a\u00a0\u00bb font_size=\u00a0\u00bbd:26|tl:22|tp:18|pl:20|pp:20&Prime; line_height=\u00a0\u00bb110%\u00a0\u00bb font_weight=\u00a0\u00bb400&Prime; el_class=\u00a0\u00bbno_underline\u00a0\u00bb]\n<p style=\"text-align: center;\"><a href=\"tel:+390187801252\" target=\"_blank\" rel=\"noopener\">+39 0187 801252<\/a><\/p>\n[\/vc_column_text][\/vc_column_inner][\/vc_row_inner][vc_row_inner css=\u00a0\u00bb.vc_custom_1741858012860{margin-top: 30px !important;}\u00a0\u00bb][vc_column_inner el_class=\u00a0\u00bbcol_pista\u00a0\u00bb css=\u00a0\u00bb.vc_custom_1741859866875{background-color: #EAEAEA !important;}\u00a0\u00bb]<style>.vcex-icon-box.vcex_69e74c1f3307d .vcex-icon-box-content{color:#3b251a;font-size:18px;}.vcex-icon-box.vcex_69e74c1f3307d .vcex-icon-box-heading{margin-bottom:0px;color:var(--wpex-accent);font-family:'Amatic SC';font-weight:700;}.vcex-icon-box.vcex_69e74c1f3307d .vcex-icon-box-icon{color:var(--wpex-accent);}.vcex-icon-box.vcex_69e74c1f3307d .vcex-icon-box-image{width:35px;}@media (max-width:1024px){.vcex-icon-box.vcex_69e74c1f3307d .vcex-icon-box-content{font-size:16px;}}@media (max-width:959px){.vcex-icon-box.vcex_69e74c1f3307d .vcex-icon-box-content{font-size:12px;}}@media (max-width:767px){.vcex-icon-box.vcex_69e74c1f3307d .vcex-icon-box-content{font-size:16px;}}<\/style><div class=\"vcex-module vcex-icon-box vcex-icon-box-one wpex-flex wpex-text-left vcex_69e74c1f3307d\"><div class=\"vcex-icon-box-symbol vcex-icon-box-symbol--image wpex-flex-shrink-0 wpex-mr-20\"><img loading=\"lazy\" class=\"vcex-icon-box-image wpex-align-middle\" decoding=\"async\" src=\"https:\/\/campingcinqueterre.it\/wp-content\/uploads\/2025\/03\/bycicle-35x35.png\" alt=\"\" srcset=\"https:\/\/campingcinqueterre.it\/wp-content\/uploads\/2025\/03\/bycicle-35x35.png 35w, https:\/\/campingcinqueterre.it\/wp-content\/uploads\/2025\/03\/bycicle.png 64w\" width=\"35\" height=\"35\"><\/div><div class=\"vcex-icon-box-text wpex-flex-grow\"><h2 class=\"vcex-icon-box-heading wpex-heading wpex-text-md\">Piste Cyclable\/Pi\u00e9tonne<\/h2><div class=\"vcex-icon-box-content wpex-last-mb-0 wpex-clr\"><p>LEVANTO &#8211; FRAMURA<\/p>\n<\/div><\/div><\/div>[\/vc_column_inner][\/vc_row_inner][vc_single_image image=\u00a0\u00bb1160&Prime; css=\u00a0\u00bb\u00a0\u00bb][\/vc_column][vc_column css_animation=\u00a0\u00bbfadeInRight\u00a0\u00bb width=\u00a0\u00bb2\/3&Prime; el_class=\u00a0\u00bbmtm30&Prime;][vc_single_image image=\u00a0\u00bb968&Prime; img_size=\u00a0\u00bb1000&#215;500&Prime; onclick=\u00a0\u00bblink_image\u00a0\u00bb css=\u00a0\u00bb\u00a0\u00bb][vc_single_image image=\u00a0\u00bb623&Prime; css=\u00a0\u00bb\u00a0\u00bb el_class=\u00a0\u00bbicon_foto_pag_int\u00a0\u00bb][vc_row_inner][vc_column_inner el_class=\u00a0\u00bbbox_ini_pag\u00a0\u00bb][vc_column_text css=\u00a0\u00bb\u00a0\u00bb font_size=\u00a0\u00bbd:30|pl:25&Prime; font_family=\u00a0\u00bbRubik\u00a0\u00bb line_height=\u00a0\u00bb110%\u00a0\u00bb font_weight=\u00a0\u00bb900&Prime; color=\u00a0\u00bb#3b251a\u00a0\u00bb]\n<h3 style=\"text-align: center;\">Levanto<\/h3>\n[\/vc_column_text][vc_column_text css=\u00a0\u00bb.vc_custom_1743066767836{margin-top: 35px !important;}\u00a0\u00bb]\n<p style=\"text-align: center;\">Levanto, ville de <strong>6 000 habitants<\/strong> situ\u00e9e dans la province de <strong>La Spezia<\/strong>, est r\u00e9put\u00e9e pour sa mer, ses plages et sa proximit\u00e9 avec les <strong>Cinque Terre<\/strong>, une destination id\u00e9ale pour les touristes et les amateurs de <strong>randonn\u00e9e<\/strong>. Les Cinque Terre sont facilement accessibles en <strong>train<\/strong> ou en <strong>ferry<\/strong>, qui part deux fois par jour. Levanto est accessible en voiture par l&rsquo;autoroute A12 (sortie Carrodano-Levanto) ou <strong>en train<\/strong>, avec une gare sur la ligne <strong>G\u00eanes-Rome<\/strong>, renforc\u00e9e pendant les mois d&rsquo;\u00e9t\u00e9.<\/p>\n[\/vc_column_text][vc_column_text css=\u00a0\u00bb.vc_custom_1743066772768{margin-top: 50px !important;}\u00a0\u00bb font_size=\u00a0\u00bbd:30|pl:25&Prime; font_family=\u00a0\u00bbRubik\u00a0\u00bb line_height=\u00a0\u00bb110%\u00a0\u00bb font_weight=\u00a0\u00bb900&Prime; color=\u00a0\u00bb#3b251a\u00a0\u00bb]\n<h3 style=\"text-align: center;\">Parc National des Cinque Terre<\/h3>\n[\/vc_column_text][vc_column_text css=\u00a0\u00bb.vc_custom_1743066779540{margin-top: 35px !important;}\u00a0\u00bb]\n<p style=\"text-align: center;\">Notre camping se trouve \u00e0 quelques pas du Parc National des Cinque Terre, un coin de paradis o\u00f9 des paysages \u00e0 couper le souffle, des villages pittoresques et une mer cristalline vous attendent. Gr\u00e2ce \u00e0 sa position strat\u00e9gique, atteindre ces merveilles est simple et rapide, faisant de notre camping le point de d\u00e9part id\u00e9al pour explorer ce coin enchanteur de l&rsquo;Italie.<\/p>\n[\/vc_column_text][\/vc_column_inner][\/vc_row_inner][\/vc_column][\/vc_row][vc_row content_placement=\u00a0\u00bbmiddle\u00a0\u00bb el_class=\u00a0\u00bbptd20 pbd10 pbm10 ptm30&Prime;][vc_column css_animation=\u00a0\u00bbfadeInUp\u00a0\u00bb width=\u00a0\u00bb1\/3&Prime;][\/vc_column][vc_column css_animation=\u00a0\u00bbzoomIn\u00a0\u00bb width=\u00a0\u00bb1\/3&Prime; el_class=\u00a0\u00bborder1 mtm30&Prime;][vc_single_image image=\u00a0\u00bb409&Prime; img_size=\u00a0\u00bb600&#215;1000&Prime; onclick=\u00a0\u00bblink_image\u00a0\u00bb css=\u00a0\u00bb\u00a0\u00bb][\/vc_column][vc_column width=\u00a0\u00bb1\/3&Prime; el_class=\u00a0\u00bborder0&Prime;][vc_column_text css=\u00a0\u00bb\u00a0\u00bb font_size=\u00a0\u00bbd:30|pl:25&Prime; font_family=\u00a0\u00bbRubik\u00a0\u00bb line_height=\u00a0\u00bb110%\u00a0\u00bb font_weight=\u00a0\u00bb900&Prime; color=\u00a0\u00bb#3b251a\u00a0\u00bb]\n<h3 style=\"text-align: left;\">Principales<br \/>\nAttractions Touristiques<\/h3>\n[\/vc_column_text][vc_column_text css=\u00a0\u00bb.vc_custom_1743066796835{margin-top: 30px !important;}\u00a0\u00bb]\n<p style=\"text-align: left;\">Les principales attractions touristiques de Levanto sont sans aucun doute ses splendides plages. Du point de vue architectural et culturel, on trouve le Ch\u00e2teau M\u00e9di\u00e9val, construit pour d\u00e9fendre la ville et encore parfaitement conserv\u00e9 ; l&rsquo;\u00c9glise Sant&rsquo;Andrea, un exemple du gothique ligure du XIIIe si\u00e8cle avec sa fa\u00e7ade \u00e0 bandes blanches et noires et une magnifique rosace au-dessus de l&rsquo;entr\u00e9e principale ; l&rsquo;\u00c9glise Santa Maria della Costa ; et la Villa Agnelli, construite au d\u00e9but des ann\u00e9es 1900 sur le point le plus pittoresque de la ville.<\/p>\n[\/vc_column_text][\/vc_column][\/vc_row][vc_row content_placement=\u00a0\u00bbmiddle\u00a0\u00bb el_class=\u00a0\u00bbptd50 pbd120 pbm60 ptm20&Prime;][vc_column css_animation=\u00a0\u00bbfadeInUp\u00a0\u00bb width=\u00a0\u00bb1\/3&Prime;][\/vc_column][vc_column width=\u00a0\u00bb1\/3&Prime; el_class=\u00a0\u00bborder0&Prime;][vc_column_text css=\u00a0\u00bb\u00a0\u00bb font_size=\u00a0\u00bbd:30|pl:25&Prime; font_family=\u00a0\u00bbRubik\u00a0\u00bb line_height=\u00a0\u00bb110%\u00a0\u00bb font_weight=\u00a0\u00bb900&Prime; color=\u00a0\u00bb#3b251a\u00a0\u00bb]\n<h3 style=\"text-align: left;\">Gastronomie<\/h3>\n[\/vc_column_text][vc_column_text css=\u00a0\u00bb.vc_custom_1743066808159{margin-top: 30px !important;}\u00a0\u00bb]\n<p style=\"text-align: left;\">La gastronomie locale repose sur la riche vari\u00e9t\u00e9 de poissons p\u00each\u00e9s dans le golfe, ainsi que sur les excellents vins et l&rsquo;huile d&rsquo;olive de la vall\u00e9e. Une pr\u00e9paration, en particulier, refl\u00e8te bien l&rsquo;histoire et l&rsquo;environnement local : les gattafin, une sorte de ravioli farci de l\u00e9gumes sauvages cueillis dans la campagne et frit dans l&rsquo;huile d&rsquo;olive. Selon la tradition, ce plat constituait l&rsquo;alimentation des classes les plus pauvres et, en particulier, des ouvriers des carri\u00e8res de gr\u00e8s du Mesco, o\u00f9 les herbes sauvages sont encore tr\u00e8s abondantes aujourd&rsquo;hui.<\/p>\n[\/vc_column_text][\/vc_column][vc_column css_animation=\u00a0\u00bbzoomIn\u00a0\u00bb width=\u00a0\u00bb1\/3&Prime; el_class=\u00a0\u00bborder1 mtm30&Prime;][vc_single_image image=\u00a0\u00bb969&Prime; img_size=\u00a0\u00bb600&#215;1000&Prime; onclick=\u00a0\u00bblink_image\u00a0\u00bb css=\u00a0\u00bb\u00a0\u00bb][\/vc_column][\/vc_row]\n<\/div>","protected":false},"excerpt":{"rendered":"<p>[vc_row full_width=\u00a0\u00bbstretch_row_content_no_spaces\u00a0\u00bb content_placement=\u00a0\u00bbbottom\u00a0\u00bb wpex_bg_overlay=\u00a0\u00bbcolor\u00a0\u00bb wpex_bg_overlay_color=\u00a0\u00bb#3b251a\u00a0\u00bb wpex_bg_overlay_opacity=\u00a0\u00bb40&Prime; el_class=\u00a0\u00bbbordo_grafico\u00a0\u00bb min_height=\u00a0\u00bb400&Prime; css=\u00a0\u00bb.vc_custom_1740998044014{background-image: url(https:\/\/campingcinqueterre.it\/wp-content\/uploads\/2025\/02\/levanto-spiaggia-primavera.jpg?id=460) !important;background-position: center !important;background-repeat: no-repeat !important;background-size: cover !important;}\u00a0\u00bb wpex_bg_position=\u00a0\u00bb50% 80%\u00a0\u00bb][vc_column css=\u00a0\u00bb.vc_custom_1739171075238{background-image: url(https:\/\/campingcinqueterre.it\/wp-content\/uploads\/2025\/02\/bordo-grafico.png?id=163) !important;background-position: center !important;background-repeat: no-repeat !important;background-size: cover !important;}\u00a0\u00bb wpex_bg_position=\u00a0\u00bb50% 100%\u00a0\u00bb wpex_bg_size=\u00a0\u00bb2000px 130px\u00a0\u00bb][\/vc_column][\/vc_row][vc_row equal_height=\u00a0\u00bbyes\u00a0\u00bb el_class=\u00a0\u00bbptd120 pbd10 pbm30 ptm10&Prime;][vc_column css_animation=\u00a0\u00bbfadeInUp\u00a0\u00bb width=\u00a0\u00bb1\/3&Prime;][vc_column_text css=\u00a0\u00bb\u00a0\u00bb el_class=\u00a0\u00bbno_underline link_pag_int_corrente\u00a0\u00bb font_size=\u00a0\u00bb18&Prime; line_height=\u00a0\u00bb100%\u00a0\u00bb font_weight=\u00a0\u00bb900&Prime; color=\u00a0\u00bbon-accent\u00a0\u00bb]La Ville&gt;[\/vc_column_text][vc_column_text css=\u00a0\u00bb.vc_custom_1743066718434{margin-top: 5px !important;}\u00a0\u00bb el_class=\u00a0\u00bbno_underline link_pag_int\u00a0\u00bb font_size=\u00a0\u00bb18&Prime; line_height=\u00a0\u00bb100%\u00a0\u00bb font_weight=\u00a0\u00bb900&Prime;&hellip;<\/p>\n","protected":false},"author":3,"featured_media":0,"parent":1583,"menu_order":0,"comment_status":"closed","ping_status":"closed","template":"","meta":{"inline_featured_image":false,"footnotes":""},"class_list":["post-1607","page","type-page","status-publish","hentry","entry","no-media"],"yoast_head":"<!-- This site is optimized with the Yoast SEO plugin v24.7 - https:\/\/yoast.com\/wordpress\/plugins\/seo\/ -->\n<title>La Ville - Camping Cinque Terre<\/title>\n<meta name=\"robots\" content=\"index, follow, max-snippet:-1, max-image-preview:large, max-video-preview:-1\" \/>\n<link rel=\"canonical\" href=\"https:\/\/campingcinqueterre.it\/fr\/levanto\/la-ville\/\" \/>\n<meta property=\"og:locale\" content=\"fr_FR\" \/>\n<meta property=\"og:type\" content=\"article\" \/>\n<meta property=\"og:title\" content=\"La Ville - Camping Cinque Terre\" \/>\n<meta property=\"og:description\" content=\"[vc_row full_width=\u00a0\u00bbstretch_row_content_no_spaces\u00a0\u00bb content_placement=\u00a0\u00bbbottom\u00a0\u00bb wpex_bg_overlay=\u00a0\u00bbcolor\u00a0\u00bb wpex_bg_overlay_color=\u00a0\u00bb#3b251a\u00a0\u00bb wpex_bg_overlay_opacity=\u00a0\u00bb40&Prime; el_class=\u00a0\u00bbbordo_grafico\u00a0\u00bb min_height=\u00a0\u00bb400&Prime; css=\u00a0\u00bb.vc_custom_1740998044014{background-image: url(https:\/\/campingcinqueterre.it\/wp-content\/uploads\/2025\/02\/levanto-spiaggia-primavera.jpg?id=460) !important;background-position: center !important;background-repeat: no-repeat !important;background-size: cover !important;}\u00a0\u00bb wpex_bg_position=\u00a0\u00bb50% 80%\u00a0\u00bb][vc_column css=\u00a0\u00bb.vc_custom_1739171075238{background-image: url(https:\/\/campingcinqueterre.it\/wp-content\/uploads\/2025\/02\/bordo-grafico.png?id=163) !important;background-position: center !important;background-repeat: no-repeat !important;background-size: cover !important;}\u00a0\u00bb wpex_bg_position=\u00a0\u00bb50% 100%\u00a0\u00bb wpex_bg_size=\u00a0\u00bb2000px 130px\u00a0\u00bb][\/vc_column][\/vc_row][vc_row equal_height=\u00a0\u00bbyes\u00a0\u00bb el_class=\u00a0\u00bbptd120 pbd10 pbm30 ptm10&Prime;][vc_column css_animation=\u00a0\u00bbfadeInUp\u00a0\u00bb width=\u00a0\u00bb1\/3&Prime;][vc_column_text css=\u00a0\u00bb\u00a0\u00bb el_class=\u00a0\u00bbno_underline link_pag_int_corrente\u00a0\u00bb font_size=\u00a0\u00bb18&Prime; line_height=\u00a0\u00bb100%\u00a0\u00bb font_weight=\u00a0\u00bb900&Prime; color=\u00a0\u00bbon-accent\u00a0\u00bb]La Ville&gt;[\/vc_column_text][vc_column_text css=\u00a0\u00bb.vc_custom_1743066718434{margin-top: 5px !important;}\u00a0\u00bb el_class=\u00a0\u00bbno_underline link_pag_int\u00a0\u00bb font_size=\u00a0\u00bb18&Prime; line_height=\u00a0\u00bb100%\u00a0\u00bb font_weight=\u00a0\u00bb900&Prime;&hellip;\" \/>\n<meta property=\"og:url\" content=\"https:\/\/campingcinqueterre.it\/fr\/levanto\/la-ville\/\" \/>\n<meta property=\"og:site_name\" content=\"Camping Cinque Terre\" \/>\n<meta property=\"article:modified_time\" content=\"2025-03-27T11:02:05+00:00\" \/>\n<meta property=\"og:image\" content=\"https:\/\/campingcinqueterre.it\/wp-content\/uploads\/2025\/02\/logo.png\" \/>\n\t<meta property=\"og:image:width\" content=\"185\" \/>\n\t<meta property=\"og:image:height\" content=\"197\" \/>\n\t<meta property=\"og:image:type\" content=\"image\/png\" \/>\n<meta name=\"twitter:card\" content=\"summary_large_image\" \/>\n<meta name=\"twitter:label1\" content=\"Dur\u00e9e de lecture estim\u00e9e\" \/>\n\t<meta name=\"twitter:data1\" content=\"5 minutes\" \/>\n<script type=\"application\/ld+json\" class=\"yoast-schema-graph\">{\"@context\":\"https:\/\/schema.org\",\"@graph\":[{\"@type\":\"WebPage\",\"@id\":\"https:\/\/campingcinqueterre.it\/fr\/levanto\/la-ville\/\",\"url\":\"https:\/\/campingcinqueterre.it\/fr\/levanto\/la-ville\/\",\"name\":\"La Ville - Camping Cinque Terre\",\"isPartOf\":{\"@id\":\"https:\/\/campingcinqueterre.it\/#website\"},\"datePublished\":\"2025-02-09T20:47:27+00:00\",\"dateModified\":\"2025-03-27T11:02:05+00:00\",\"breadcrumb\":{\"@id\":\"https:\/\/campingcinqueterre.it\/fr\/levanto\/la-ville\/#breadcrumb\"},\"inLanguage\":\"fr-FR\",\"potentialAction\":[{\"@type\":\"ReadAction\",\"target\":[\"https:\/\/campingcinqueterre.it\/fr\/levanto\/la-ville\/\"]}]},{\"@type\":\"BreadcrumbList\",\"@id\":\"https:\/\/campingcinqueterre.it\/fr\/levanto\/la-ville\/#breadcrumb\",\"itemListElement\":[{\"@type\":\"ListItem\",\"position\":1,\"name\":\"Home\",\"item\":\"https:\/\/campingcinqueterre.it\/fr\/\"},{\"@type\":\"ListItem\",\"position\":2,\"name\":\"Levanto\",\"item\":\"https:\/\/campingcinqueterre.it\/fr\/levanto\/\"},{\"@type\":\"ListItem\",\"position\":3,\"name\":\"La Ville\"}]},{\"@type\":\"WebSite\",\"@id\":\"https:\/\/campingcinqueterre.it\/#website\",\"url\":\"https:\/\/campingcinqueterre.it\/\",\"name\":\"Camping Cinque Terre\",\"description\":\"Natura, Mare ed Emozioni\",\"publisher\":{\"@id\":\"https:\/\/campingcinqueterre.it\/#organization\"},\"potentialAction\":[{\"@type\":\"SearchAction\",\"target\":{\"@type\":\"EntryPoint\",\"urlTemplate\":\"https:\/\/campingcinqueterre.it\/?s={search_term_string}\"},\"query-input\":{\"@type\":\"PropertyValueSpecification\",\"valueRequired\":true,\"valueName\":\"search_term_string\"}}],\"inLanguage\":\"fr-FR\"},{\"@type\":\"Organization\",\"@id\":\"https:\/\/campingcinqueterre.it\/#organization\",\"name\":\"CAMPING 5 TERRE\",\"alternateName\":\"CAMPING 5 TERRE\",\"url\":\"https:\/\/campingcinqueterre.it\/\",\"logo\":{\"@type\":\"ImageObject\",\"inLanguage\":\"fr-FR\",\"@id\":\"https:\/\/campingcinqueterre.it\/#\/schema\/logo\/image\/\",\"url\":\"https:\/\/campingcinqueterre.it\/wp-content\/uploads\/2025\/02\/logo.png\",\"contentUrl\":\"https:\/\/campingcinqueterre.it\/wp-content\/uploads\/2025\/02\/logo.png\",\"width\":185,\"height\":197,\"caption\":\"CAMPING 5 TERRE\"},\"image\":{\"@id\":\"https:\/\/campingcinqueterre.it\/#\/schema\/logo\/image\/\"}}]}<\/script>\n<!-- \/ Yoast SEO plugin. -->","yoast_head_json":{"title":"La Ville - Camping Cinque Terre","robots":{"index":"index","follow":"follow","max-snippet":"max-snippet:-1","max-image-preview":"max-image-preview:large","max-video-preview":"max-video-preview:-1"},"canonical":"https:\/\/campingcinqueterre.it\/fr\/levanto\/la-ville\/","og_locale":"fr_FR","og_type":"article","og_title":"La Ville - Camping Cinque Terre","og_description":"[vc_row full_width=\u00a0\u00bbstretch_row_content_no_spaces\u00a0\u00bb content_placement=\u00a0\u00bbbottom\u00a0\u00bb wpex_bg_overlay=\u00a0\u00bbcolor\u00a0\u00bb wpex_bg_overlay_color=\u00a0\u00bb#3b251a\u00a0\u00bb wpex_bg_overlay_opacity=\u00a0\u00bb40&Prime; el_class=\u00a0\u00bbbordo_grafico\u00a0\u00bb min_height=\u00a0\u00bb400&Prime; css=\u00a0\u00bb.vc_custom_1740998044014{background-image: url(https:\/\/campingcinqueterre.it\/wp-content\/uploads\/2025\/02\/levanto-spiaggia-primavera.jpg?id=460) !important;background-position: center !important;background-repeat: no-repeat !important;background-size: cover !important;}\u00a0\u00bb wpex_bg_position=\u00a0\u00bb50% 80%\u00a0\u00bb][vc_column css=\u00a0\u00bb.vc_custom_1739171075238{background-image: url(https:\/\/campingcinqueterre.it\/wp-content\/uploads\/2025\/02\/bordo-grafico.png?id=163) !important;background-position: center !important;background-repeat: no-repeat !important;background-size: cover !important;}\u00a0\u00bb wpex_bg_position=\u00a0\u00bb50% 100%\u00a0\u00bb wpex_bg_size=\u00a0\u00bb2000px 130px\u00a0\u00bb][\/vc_column][\/vc_row][vc_row equal_height=\u00a0\u00bbyes\u00a0\u00bb el_class=\u00a0\u00bbptd120 pbd10 pbm30 ptm10&Prime;][vc_column css_animation=\u00a0\u00bbfadeInUp\u00a0\u00bb width=\u00a0\u00bb1\/3&Prime;][vc_column_text css=\u00a0\u00bb\u00a0\u00bb el_class=\u00a0\u00bbno_underline link_pag_int_corrente\u00a0\u00bb font_size=\u00a0\u00bb18&Prime; line_height=\u00a0\u00bb100%\u00a0\u00bb font_weight=\u00a0\u00bb900&Prime; color=\u00a0\u00bbon-accent\u00a0\u00bb]La Ville&gt;[\/vc_column_text][vc_column_text css=\u00a0\u00bb.vc_custom_1743066718434{margin-top: 5px !important;}\u00a0\u00bb el_class=\u00a0\u00bbno_underline link_pag_int\u00a0\u00bb font_size=\u00a0\u00bb18&Prime; line_height=\u00a0\u00bb100%\u00a0\u00bb font_weight=\u00a0\u00bb900&Prime;&hellip;","og_url":"https:\/\/campingcinqueterre.it\/fr\/levanto\/la-ville\/","og_site_name":"Camping Cinque Terre","article_modified_time":"2025-03-27T11:02:05+00:00","og_image":[{"width":185,"height":197,"url":"https:\/\/campingcinqueterre.it\/wp-content\/uploads\/2025\/02\/logo.png","type":"image\/png"}],"twitter_card":"summary_large_image","twitter_misc":{"Dur\u00e9e de lecture estim\u00e9e":"5 minutes"},"schema":{"@context":"https:\/\/schema.org","@graph":[{"@type":"WebPage","@id":"https:\/\/campingcinqueterre.it\/fr\/levanto\/la-ville\/","url":"https:\/\/campingcinqueterre.it\/fr\/levanto\/la-ville\/","name":"La Ville - Camping Cinque Terre","isPartOf":{"@id":"https:\/\/campingcinqueterre.it\/#website"},"datePublished":"2025-02-09T20:47:27+00:00","dateModified":"2025-03-27T11:02:05+00:00","breadcrumb":{"@id":"https:\/\/campingcinqueterre.it\/fr\/levanto\/la-ville\/#breadcrumb"},"inLanguage":"fr-FR","potentialAction":[{"@type":"ReadAction","target":["https:\/\/campingcinqueterre.it\/fr\/levanto\/la-ville\/"]}]},{"@type":"BreadcrumbList","@id":"https:\/\/campingcinqueterre.it\/fr\/levanto\/la-ville\/#breadcrumb","itemListElement":[{"@type":"ListItem","position":1,"name":"Home","item":"https:\/\/campingcinqueterre.it\/fr\/"},{"@type":"ListItem","position":2,"name":"Levanto","item":"https:\/\/campingcinqueterre.it\/fr\/levanto\/"},{"@type":"ListItem","position":3,"name":"La Ville"}]},{"@type":"WebSite","@id":"https:\/\/campingcinqueterre.it\/#website","url":"https:\/\/campingcinqueterre.it\/","name":"Camping Cinque Terre","description":"Natura, Mare ed Emozioni","publisher":{"@id":"https:\/\/campingcinqueterre.it\/#organization"},"potentialAction":[{"@type":"SearchAction","target":{"@type":"EntryPoint","urlTemplate":"https:\/\/campingcinqueterre.it\/?s={search_term_string}"},"query-input":{"@type":"PropertyValueSpecification","valueRequired":true,"valueName":"search_term_string"}}],"inLanguage":"fr-FR"},{"@type":"Organization","@id":"https:\/\/campingcinqueterre.it\/#organization","name":"CAMPING 5 TERRE","alternateName":"CAMPING 5 TERRE","url":"https:\/\/campingcinqueterre.it\/","logo":{"@type":"ImageObject","inLanguage":"fr-FR","@id":"https:\/\/campingcinqueterre.it\/#\/schema\/logo\/image\/","url":"https:\/\/campingcinqueterre.it\/wp-content\/uploads\/2025\/02\/logo.png","contentUrl":"https:\/\/campingcinqueterre.it\/wp-content\/uploads\/2025\/02\/logo.png","width":185,"height":197,"caption":"CAMPING 5 TERRE"},"image":{"@id":"https:\/\/campingcinqueterre.it\/#\/schema\/logo\/image\/"}}]}},"_links":{"self":[{"href":"https:\/\/campingcinqueterre.it\/fr\/wp-json\/wp\/v2\/pages\/1607","targetHints":{"allow":["GET"]}}],"collection":[{"href":"https:\/\/campingcinqueterre.it\/fr\/wp-json\/wp\/v2\/pages"}],"about":[{"href":"https:\/\/campingcinqueterre.it\/fr\/wp-json\/wp\/v2\/types\/page"}],"author":[{"embeddable":true,"href":"https:\/\/campingcinqueterre.it\/fr\/wp-json\/wp\/v2\/users\/3"}],"replies":[{"embeddable":true,"href":"https:\/\/campingcinqueterre.it\/fr\/wp-json\/wp\/v2\/comments?post=1607"}],"version-history":[{"count":3,"href":"https:\/\/campingcinqueterre.it\/fr\/wp-json\/wp\/v2\/pages\/1607\/revisions"}],"predecessor-version":[{"id":1693,"href":"https:\/\/campingcinqueterre.it\/fr\/wp-json\/wp\/v2\/pages\/1607\/revisions\/1693"}],"up":[{"embeddable":true,"href":"https:\/\/campingcinqueterre.it\/fr\/wp-json\/wp\/v2\/pages\/1583"}],"wp:attachment":[{"href":"https:\/\/campingcinqueterre.it\/fr\/wp-json\/wp\/v2\/media?parent=1607"}],"curies":[{"name":"wp","href":"https:\/\/api.w.org\/{rel}","templated":true}]}}