{"id":1623,"date":"2025-02-09T22:09:55","date_gmt":"2025-02-09T21:09:55","guid":{"rendered":"https:\/\/campingcinqueterre.it\/richiesta-disponibilita\/"},"modified":"2026-01-13T12:23:38","modified_gmt":"2026-01-13T11:23:38","slug":"demande-de-disponibilite","status":"publish","type":"page","link":"https:\/\/campingcinqueterre.it\/fr\/demande-de-disponibilite\/","title":{"rendered":"Demande de disponibilit\u00e9"},"content":{"rendered":"<div class=\"wpb-content-wrapper\">[vc_row full_width=\u00a0\u00bbstretch_row_content_no_spaces\u00a0\u00bb content_placement=\u00a0\u00bbbottom\u00a0\u00bb wpex_bg_overlay=\u00a0\u00bbcolor\u00a0\u00bb wpex_bg_overlay_color=\u00a0\u00bb#3b251a\u00a0\u00bb wpex_bg_overlay_opacity=\u00a0\u00bb40&Prime; el_class=\u00a0\u00bbbordo_grafico\u00a0\u00bb min_height=\u00a0\u00bb400&Prime; css=\u00a0\u00bb.vc_custom_1741005178282{background-image: url(https:\/\/campingcinqueterre.it\/wp-content\/uploads\/2025\/02\/piazzole-camper-2.jpg?id=572) !important;background-position: center !important;background-repeat: no-repeat !important;background-size: cover !important;}\u00a0\u00bb wpex_bg_position=\u00a0\u00bb50% 70%\u00a0\u00bb][vc_column css=\u00a0\u00bb.vc_custom_1739171075238{background-image: url(https:\/\/campingcinqueterre.it\/wp-content\/uploads\/2025\/02\/bordo-grafico.png?id=163) !important;background-position: center !important;background-repeat: no-repeat !important;background-size: cover !important;}\u00a0\u00bb wpex_bg_position=\u00a0\u00bb50% 100%\u00a0\u00bb wpex_bg_size=\u00a0\u00bb2000px 130px\u00a0\u00bb]<style>.vcex-breadcrumbs.vcex_69e218f8950cc{text-align:center;color:var(--wpex-on-accent);font-family:'Amatic SC';font-size:20px;line-height:150%;}<\/style><nav class=\"vcex-breadcrumbs vcex-breadcrumbs--links-inherit-color vcex-breadcrumbs--custom-color  wpb_animate_when_almost_visible wpb_fadeInUp fadeInUp vcex_69e218f8950cc\"><span><span><a href=\"https:\/\/campingcinqueterre.it\/fr\/\">Home<\/a><\/span><\/span><\/nav>[vc_column_text css_animation=\u00a0\u00bbfadeInUp\u00a0\u00bb css=\u00a0\u00bb\u00a0\u00bb color=\u00a0\u00bbon-accent\u00a0\u00bb el_class=\u00a0\u00bbpbd180 pbm180&Prime;]\n<h2 style=\"text-align: center;\">Demande de disponibilit\u00e9<\/h2>\n<p>\n[\/vc_column_text][\/vc_column][\/vc_row][vc_row equal_height=\u00a0\u00bbyes\u00a0\u00bb el_class=\u00a0\u00bbptd120 ptm60 pbd60 pbm30&Prime;][vc_column css_animation=\u00a0\u00bbfadeInUp\u00a0\u00bb width=\u00a0\u00bb1\/3&Prime; el_class=\u00a0\u00bbmtm30&Prime;][vc_column_text css_animation=\u00a0\u00bbfadeInUp\u00a0\u00bb css=\u00a0\u00bb.vc_custom_1741005313173{margin-bottom: 15px !important;}\u00a0\u00bb color=\u00a0\u00bb#62ac44&Prime; font_size=\u00a0\u00bbd:30|pl:25&Prime; font_family=\u00a0\u00bbAmatic SC\u00a0\u00bb line_height=\u00a0\u00bb110%\u00a0\u00bb font_weight=\u00a0\u00bb700&Prime;]Formulaire de demande[\/vc_column_text][vc_column_text css_animation=\u00a0\u00bbfadeInUp\u00a0\u00bb css=\u00a0\u00bb\u00a0\u00bb]\n<h2>Demande de disponibilit\u00e9<\/h2>\n<p>\n[\/vc_column_text][vc_column_text css=\u00a0\u00bb.vc_custom_1768303215714{margin-top: 35px !important;}\u00a0\u00bb]Remplissez le formulaire ci-dessous pour demander une disponibilit\u00e9 au camping.[\/vc_column_text][vc_row_inner][vc_column_inner el_class=\u00a0\u00bbbox_giallo mtd30 mtm15&Prime; css=\u00a0\u00bb.vc_custom_1740984463711{background-image: url(https:\/\/campingcinqueterre.it\/wp-content\/uploads\/2025\/03\/box_colorato.jpg?id=792) !important;background-position: center !important;background-repeat: no-repeat !important;background-size: cover !important;}\u00a0\u00bb][vc_single_image image=\u00a0\u00bb793&Prime; alignment=\u00a0\u00bbcenter\u00a0\u00bb css=\u00a0\u00bb\u00a0\u00bb el_class=\u00a0\u00bbphone_icon\u00a0\u00bb][vc_column_text css=\u00a0\u00bb.vc_custom_1740984902758{margin-top: 35px !important;}\u00a0\u00bb font_size=\u00a0\u00bbd:40|tl:35|tp:30|pl:35|pp:30&Prime; font_family=\u00a0\u00bbAmatic SC\u00a0\u00bb line_height=\u00a0\u00bb110%\u00a0\u00bb color=\u00a0\u00bb#3b251a\u00a0\u00bb font_weight=\u00a0\u00bb700&Prime;]\n<p style=\"text-align: center;\">Appelez-nous d\u00e8s maintenant<br \/>\npour le camping<\/p>\n<p>\n[\/vc_column_text][vc_column_text css=\u00a0\u00bb.vc_custom_1740984915157{margin-top: 35px !important;}\u00a0\u00bb color=\u00a0\u00bb#3b251a\u00a0\u00bb font_size=\u00a0\u00bbd:26|tl:22|tp:18|pl:20|pp:20&Prime; line_height=\u00a0\u00bb110%\u00a0\u00bb font_weight=\u00a0\u00bb400&Prime; el_class=\u00a0\u00bbno_underline\u00a0\u00bb]\n<p style=\"text-align: center;\"><a href=\"tel:+390187801252\" target=\"_blank\" rel=\"noopener\">+39 0187 801252<\/a><\/p>\n<p>\n[\/vc_column_text][\/vc_column_inner][\/vc_row_inner][\/vc_column][vc_column width=\u00a0\u00bb2\/3&Prime;][vc_column_text css=\u00a0\u00bb\u00a0\u00bb]\n<h3>Lisez ici avant d&rsquo;envoyer la demande<\/h3>\n<p>\n[\/vc_column_text][vc_column_text css=\u00a0\u00bb.vc_custom_1751536236101{margin-top: 35px !important;margin-bottom: 35px !important;}\u00a0\u00bb el_class=\u00a0\u00bbno_underline\u00a0\u00bb]\n<div class=\"wpb_text_column wpb_content_element vc_custom_1744623746890 no_underline\">\n<div class=\"wpb_wrapper\">\n<p><strong>\u00c9TAPES DE LA R\u00c9SERVATION<\/strong><\/p>\n<ol>\n<li>Soumettez ce formulaire de demande de disponibilit\u00e9<\/li>\n<li>Vous recevrez un e-mail avec les disponibilit\u00e9s et la demande d\u2019acompte.<\/li>\n<\/ol>\n<p><strong>IMPORTANT !<\/strong><br \/>\nLes r\u00e9servations sont accept\u00e9es \u00e0 partir d\u2019un s\u00e9jour minimum de 6 nuits. Pour toute autre demande, n\u2019h\u00e9sitez pas \u00e0 nous contacter !<br \/>\nLes acomptes pour les r\u00e9servations ne sont pas remboursables.<\/p>\n<p><strong>PRIX<br \/>\n<\/strong><a href=\"https:\/\/campingcinqueterre.it\/fr\/tarifs\/\">Cliquez ici pour voir les prix du camping.<\/a><\/p>\n<p><strong>ARRIV\u00c9ES ET D\u00c9PARTS<\/strong><br \/>\n<strong>ENREGISTREMENT :<\/strong> 14 heures \u00e0 22 heures<br \/>\n<strong>D\u00c9PART :<\/strong> avant 12 heures.<\/p>\n<\/div>\n<p><\/div>\n[\/vc_column_text][vc_column_text css=\u00a0\u00bb.vc_custom_1741008004718{margin-bottom: 35px !important;}\u00a0\u00bb]\n<h3>Formulaire de demande de disponibilit\u00e9<\/h3>\n<p>\n[\/vc_column_text]\n<div class=\"wpcf7 no-js\" id=\"wpcf7-f1676-o1\" lang=\"fr-FR\" dir=\"ltr\" data-wpcf7-id=\"1676\">\n<div class=\"screen-reader-response\"><p role=\"status\" aria-live=\"polite\" aria-atomic=\"true\"><\/p> <ul><\/ul><\/div>\n<form action=\"\/fr\/wp-json\/wp\/v2\/pages\/1623#wpcf7-f1676-o1\" method=\"post\" class=\"wpcf7-form init\" aria-label=\"Formulaire de contact\" novalidate=\"novalidate\" data-status=\"init\">\n<div style=\"display: none;\">\n<input type=\"hidden\" name=\"_wpcf7\" value=\"1676\" \/>\n<input type=\"hidden\" name=\"_wpcf7_version\" value=\"6.0.5\" \/>\n<input type=\"hidden\" name=\"_wpcf7_locale\" value=\"fr_FR\" \/>\n<input type=\"hidden\" name=\"_wpcf7_unit_tag\" value=\"wpcf7-f1676-o1\" \/>\n<input type=\"hidden\" name=\"_wpcf7_container_post\" value=\"0\" \/>\n<input type=\"hidden\" name=\"_wpcf7_posted_data_hash\" value=\"\" \/>\n<\/div>\n<div class=\"form\">\n\t<div class=\"vc_row\">\n\t\t<div class=\"vc_col-sm-6\">\n\t\t\t<p><span class=\"wpcf7-form-control-wrap\" data-name=\"nome\"><input size=\"40\" maxlength=\"400\" class=\"wpcf7-form-control wpcf7-text wpcf7-validates-as-required\" aria-required=\"true\" aria-invalid=\"false\" placeholder=\"Nom*\" value=\"\" type=\"text\" name=\"nome\" \/><\/span>\n\t\t\t<\/p>\n\t\t<\/div>\n\t\t<div class=\"vc_col-sm-6\">\n\t\t\t<p><span class=\"wpcf7-form-control-wrap\" data-name=\"cognome\"><input size=\"40\" maxlength=\"400\" class=\"wpcf7-form-control wpcf7-text wpcf7-validates-as-required\" aria-required=\"true\" aria-invalid=\"false\" placeholder=\"Pr\u00e9nom*\" value=\"\" type=\"text\" name=\"cognome\" \/><\/span>\n\t\t\t<\/p>\n\t\t<\/div>\n\t<\/div>\n\t<div class=\"vc_row\">\n\t\t<div class=\"vc_col-sm-6\">\n\t\t\t<p><span class=\"wpcf7-form-control-wrap\" data-name=\"email\"><input size=\"40\" maxlength=\"400\" class=\"wpcf7-form-control wpcf7-email wpcf7-validates-as-required wpcf7-text wpcf7-validates-as-email\" aria-required=\"true\" aria-invalid=\"false\" placeholder=\"Email*\" value=\"\" type=\"email\" name=\"email\" \/><\/span>\n\t\t\t<\/p>\n\t\t<\/div>\n\t\t<div class=\"vc_col-sm-6\">\n\t\t\t<p><span class=\"wpcf7-form-control-wrap\" data-name=\"tel\"><input size=\"40\" maxlength=\"400\" class=\"wpcf7-form-control wpcf7-tel wpcf7-validates-as-required wpcf7-text wpcf7-validates-as-tel\" aria-required=\"true\" aria-invalid=\"false\" placeholder=\"T\u00e9l\u00e9phone*\" value=\"\" type=\"tel\" name=\"tel\" \/><\/span>\n\t\t\t<\/p>\n\t\t<\/div>\n\t<\/div>\n\t<div class=\"vc_row\">\n\t\t<div class=\"vc_col-sm-6\">\n\t\t\t<p><span class=\"wpcf7-form-control-wrap\" data-name=\"data-arrivo\"><input class=\"wpcf7-form-control wpcf7-date wpcf7-validates-as-required wpcf7-validates-as-date\" aria-required=\"true\" aria-invalid=\"false\" value=\"\" type=\"date\" name=\"data-arrivo\" \/><\/span>\n\t\t\t<\/p>\n\t\t<\/div>\n\t\t<div class=\"vc_col-sm-6\">\n\t\t\t<p><span class=\"wpcf7-form-control-wrap\" data-name=\"data-partenza\"><input class=\"wpcf7-form-control wpcf7-date wpcf7-validates-as-required wpcf7-validates-as-date\" aria-required=\"true\" aria-invalid=\"false\" value=\"\" type=\"date\" name=\"data-partenza\" \/><\/span>\n\t\t\t<\/p>\n\t\t<\/div>\n\t<\/div>\n\t<div class=\"vc_row\">\n\t\t<div class=\"vc_col-sm-6\">\n\t\t\t<p><span class=\"wpcf7-form-control-wrap\" data-name=\"adulti\"><input size=\"40\" maxlength=\"400\" class=\"wpcf7-form-control wpcf7-text wpcf7-validates-as-required\" aria-required=\"true\" aria-invalid=\"false\" placeholder=\"Adultes N\u00b0 *\" value=\"\" type=\"text\" name=\"adulti\" \/><\/span>\n\t\t\t<\/p>\n\t\t<\/div>\n\t\t<div class=\"vc_col-sm-6\">\n\t\t\t<p><span class=\"wpcf7-form-control-wrap\" data-name=\"bambini\"><input size=\"40\" maxlength=\"400\" class=\"wpcf7-form-control wpcf7-text wpcf7-validates-as-required\" aria-required=\"true\" aria-invalid=\"false\" placeholder=\"Enfants(1-10 ans)*\" value=\"\" type=\"text\" name=\"bambini\" \/><\/span>\n\t\t\t<\/p>\n\t\t<\/div>\n\t<\/div>\n\t<div class=\"vc_row\">\n\t\t<div class=\"vc_col-sm-6\">\n\t\t\t<p><span class=\"wpcf7-form-control-wrap\" data-name=\"tende-numero\"><input size=\"40\" maxlength=\"400\" class=\"wpcf7-form-control wpcf7-text\" aria-invalid=\"false\" placeholder=\"Tentes N\u00b0\" value=\"\" type=\"text\" name=\"tende-numero\" \/><\/span>\n\t\t\t<\/p>\n\t\t<\/div>\n\t\t<div class=\"vc_col-sm-6\">\n\t\t\t<p><span class=\"wpcf7-form-control-wrap\" data-name=\"misura-tenda\"><input size=\"40\" maxlength=\"400\" class=\"wpcf7-form-control wpcf7-text\" aria-invalid=\"false\" placeholder=\"Taille de la tent (mtxmt)\" value=\"\" type=\"text\" name=\"misura-tenda\" \/><\/span>\n\t\t\t<\/p>\n\t\t<\/div>\n\t<\/div>\n\t<div class=\"vc_row\">\n\t\t<div class=\"vc_col-sm-6\">\n\t\t\t<p><span class=\"wpcf7-form-control-wrap\" data-name=\"auto-numero\"><input size=\"40\" maxlength=\"400\" class=\"wpcf7-form-control wpcf7-text\" aria-invalid=\"false\" placeholder=\"Voiture N\u00b0\" value=\"\" type=\"text\" name=\"auto-numero\" \/><\/span>\n\t\t\t<\/p>\n\t\t<\/div>\n\t\t<div class=\"vc_col-sm-6\">\n\t\t\t<p><span class=\"wpcf7-form-control-wrap\" data-name=\"moto-numero\"><input size=\"40\" maxlength=\"400\" class=\"wpcf7-form-control wpcf7-text\" aria-invalid=\"false\" placeholder=\"Moto N\u00b0\" value=\"\" type=\"text\" name=\"moto-numero\" \/><\/span>\n\t\t\t<\/p>\n\t\t<\/div>\n\t<\/div>\n\t<div class=\"vc_row\">\n\t\t<div class=\"vc_col-sm-6\">\n\t\t\t<p><span class=\"wpcf7-form-control-wrap\" data-name=\"roulotte\"><input size=\"40\" maxlength=\"400\" class=\"wpcf7-form-control wpcf7-text\" aria-invalid=\"false\" placeholder=\"Caravane N\u00b0\" value=\"\" type=\"text\" name=\"roulotte\" \/><\/span>\n\t\t\t<\/p>\n\t\t<\/div>\n\t\t<div class=\"vc_col-sm-6\">\n\t\t\t<p><span class=\"wpcf7-form-control-wrap\" data-name=\"lunghezza-roulotte\"><input size=\"40\" maxlength=\"400\" class=\"wpcf7-form-control wpcf7-text\" aria-invalid=\"false\" placeholder=\"Taille (longueur)\" value=\"\" type=\"text\" name=\"lunghezza-roulotte\" \/><\/span>\n\t\t\t<\/p>\n\t\t<\/div>\n\t<\/div>\n\t<div class=\"vc_row\">\n\t\t<div class=\"vc_col-sm-6\">\n\t\t\t<p><span class=\"wpcf7-form-control-wrap\" data-name=\"camper\"><input size=\"40\" maxlength=\"400\" class=\"wpcf7-form-control wpcf7-text\" aria-invalid=\"false\" placeholder=\"Camping-car N\u00b0\" value=\"\" type=\"text\" name=\"camper\" \/><\/span>\n\t\t\t<\/p>\n\t\t<\/div>\n\t\t<div class=\"vc_col-sm-6\">\n\t\t\t<p><span class=\"wpcf7-form-control-wrap\" data-name=\"lunghezza-camper\"><input size=\"40\" maxlength=\"400\" class=\"wpcf7-form-control wpcf7-text\" aria-invalid=\"false\" placeholder=\"Taille (longueur)\" value=\"\" type=\"text\" name=\"lunghezza-camper\" \/><\/span>\n\t\t\t<\/p>\n\t\t<\/div>\n\t<\/div>\n\t<div class=\"vc_row\">\n\t\t<div class=\"vc_col-sm-6\">\n\t\t\t<p><span class=\"wpcf7-form-control-wrap\" data-name=\"minibus\"><input size=\"40\" maxlength=\"400\" class=\"wpcf7-form-control wpcf7-text\" aria-invalid=\"false\" placeholder=\"Minibus N\u00b0\" value=\"\" type=\"text\" name=\"minibus\" \/><\/span>\n\t\t\t<\/p>\n\t\t<\/div>\n\t\t<div class=\"vc_col-sm-6\">\n\t\t\t<p><span class=\"wpcf7-form-control-wrap\" data-name=\"lunghezza-minibus\"><input size=\"40\" maxlength=\"400\" class=\"wpcf7-form-control wpcf7-text\" aria-invalid=\"false\" placeholder=\"Taille (longueur)\" value=\"\" type=\"text\" name=\"lunghezza-minibus\" \/><\/span>\n\t\t\t<\/p>\n\t\t<\/div>\n\t<\/div>\n\t<div class=\"vc_row\">\n\t\t<div class=\"vc_col-sm-12\">\n\t\t\t<p><label class=\"label\">Branchement \u00e9lectrique<\/label><span class=\"wpcf7-form-control-wrap\" data-name=\"allaccio-elettrico\"><span class=\"wpcf7-form-control wpcf7-radio\"><span class=\"wpcf7-list-item first\"><label><input type=\"radio\" name=\"allaccio-elettrico\" value=\"Oui\" \/><span class=\"wpcf7-list-item-label\">Oui<\/span><\/label><\/span><span class=\"wpcf7-list-item last\"><label><input type=\"radio\" name=\"allaccio-elettrico\" value=\"Non\" \/><span class=\"wpcf7-list-item-label\">Non<\/span><\/label><\/span><\/span><\/span>\n\t\t\t<\/p>\n\t\t<\/div>\n\t<\/div>\n\t<div class=\"vc_row\">\n\t\t<div class=\"vc_col-sm-12 color\">\n\t\t\t<p><span class=\"wpcf7-form-control-wrap\" data-name=\"condizioni\"><span class=\"wpcf7-form-control wpcf7-acceptance\"><span class=\"wpcf7-list-item\"><label><input type=\"checkbox\" name=\"condizioni\" value=\"1\" aria-invalid=\"false\" \/><span class=\"wpcf7-list-item-label\">J'accepte les conditions de r\u00e9servation  <a href=\"#\" class=\"popmake-6761 pum-trigger\"><u>indiqu\u00e9es ci-dessus<\/u><\/a><\/span><\/label><\/span><\/span><\/span>\n\t\t\t<\/p>\n\t\t<\/div>\n\t<\/div>\n\t<div class=\"vc_row\">\n\t\t<div class=\"vc_col-sm-12\">\n\t\t\t<p><label class=\"label\"><span class=\"wpcf7-form-control-wrap\" data-name=\"privacy\"><span class=\"wpcf7-form-control wpcf7-acceptance\"><span class=\"wpcf7-list-item\"><label><input type=\"checkbox\" name=\"privacy\" value=\"1\" aria-invalid=\"false\" \/><span class=\"wpcf7-list-item-label\">Conform\u00e9ment \u00e0 la loi 196\/03, sur la protection de <a href=\"\/fr\/politique-de-confidentialite-et-de-cookies\/\">la vie priv\u00e9e<\/a>, j'autorise la direction de l'h\u00f4tel \u00e0 m'envoyer des offres et du mat\u00e9riel publicitaire, ainsi qu'\u00e0 fournir des informations sur mon s\u00e9jour pour me permettre de recevoir des objets, des messages, des appels.<\/span><\/label><\/span><\/span><\/span><\/label>\n\t\t\t<\/p>\n\t\t<\/div>\n\t<\/div>\n\t<div class=\"vc_row\">\n\t\t<div class=\"vc_col-sm-12\">\n\t\t\t<p><input class=\"wpcf7-form-control wpcf7-submit has-spinner\" type=\"submit\" value=\"ENVOYER DEMANDE DE DISPONIBILIT\u00c9\" \/>\n\t\t\t<\/p>\n\t\t<\/div>\n\t<\/div>\n<\/div><input type='hidden' class='wpcf7-pum' value='{\"closepopup\":false,\"closedelay\":0,\"openpopup\":false,\"openpopup_id\":0}' \/><div class=\"wpcf7-response-output\" aria-hidden=\"true\"><\/div>\n<\/form>\n<\/div>\n[\/vc_column][\/vc_row]\n<\/div>","protected":false},"excerpt":{"rendered":"<p>[vc_row full_width=\u00a0\u00bbstretch_row_content_no_spaces\u00a0\u00bb content_placement=\u00a0\u00bbbottom\u00a0\u00bb wpex_bg_overlay=\u00a0\u00bbcolor\u00a0\u00bb wpex_bg_overlay_color=\u00a0\u00bb#3b251a\u00a0\u00bb wpex_bg_overlay_opacity=\u00a0\u00bb40&Prime; el_class=\u00a0\u00bbbordo_grafico\u00a0\u00bb min_height=\u00a0\u00bb400&Prime; css=\u00a0\u00bb.vc_custom_1741005178282{background-image: url(https:\/\/campingcinqueterre.it\/wp-content\/uploads\/2025\/02\/piazzole-camper-2.jpg?id=572) !important;background-position: center !important;background-repeat: no-repeat !important;background-size: cover !important;}\u00a0\u00bb wpex_bg_position=\u00a0\u00bb50% 70%\u00a0\u00bb][vc_column css=\u00a0\u00bb.vc_custom_1739171075238{background-image: url(https:\/\/campingcinqueterre.it\/wp-content\/uploads\/2025\/02\/bordo-grafico.png?id=163) !important;background-position: center !important;background-repeat: no-repeat !important;background-size: cover !important;}\u00a0\u00bb wpex_bg_position=\u00a0\u00bb50% 100%\u00a0\u00bb wpex_bg_size=\u00a0\u00bb2000px 130px\u00a0\u00bb][vc_column_text css_animation=\u00a0\u00bbfadeInUp\u00a0\u00bb css=\u00a0\u00bb\u00a0\u00bb color=\u00a0\u00bbon-accent\u00a0\u00bb el_class=\u00a0\u00bbpbd180 pbm180&Prime;] Demande de disponibilit\u00e9 [\/vc_column_text][\/vc_column][\/vc_row][vc_row equal_height=\u00a0\u00bbyes\u00a0\u00bb el_class=\u00a0\u00bbptd120 ptm60 pbd60 pbm30&Prime;][vc_column css_animation=\u00a0\u00bbfadeInUp\u00a0\u00bb width=\u00a0\u00bb1\/3&Prime; el_class=\u00a0\u00bbmtm30&Prime;][vc_column_text css_animation=\u00a0\u00bbfadeInUp\u00a0\u00bb css=\u00a0\u00bb.vc_custom_1741005313173{margin-bottom: 15px !important;}\u00a0\u00bb color=\u00a0\u00bb#62ac44&Prime; font_size=\u00a0\u00bbd:30|pl:25&Prime;&hellip;<\/p>\n","protected":false},"author":3,"featured_media":0,"parent":0,"menu_order":0,"comment_status":"closed","ping_status":"closed","template":"","meta":{"inline_featured_image":false,"footnotes":""},"class_list":["post-1623","page","type-page","status-publish","hentry","entry","no-media"],"yoast_head":"<!-- This site is optimized with the Yoast SEO plugin v24.7 - https:\/\/yoast.com\/wordpress\/plugins\/seo\/ -->\n<title>Demande de disponibilit\u00e9 - Camping Cinque Terre<\/title>\n<meta name=\"description\" content=\"Remplissez le formulaire pour demander la disponibilit\u00e9 du camping. Veuillez nous envoyer votre demande de disponibilit\u00e9 ...\" \/>\n<meta name=\"robots\" content=\"index, follow, max-snippet:-1, max-image-preview:large, max-video-preview:-1\" \/>\n<link rel=\"canonical\" href=\"https:\/\/campingcinqueterre.it\/richiesta-disponibilita\/\" \/>\n<meta property=\"og:locale\" content=\"fr_FR\" \/>\n<meta property=\"og:type\" content=\"article\" \/>\n<meta property=\"og:title\" content=\"Demande de disponibilit\u00e9 - Camping Cinque Terre\" \/>\n<meta property=\"og:description\" content=\"Remplissez le formulaire pour demander la disponibilit\u00e9 du camping. Veuillez nous envoyer votre demande de disponibilit\u00e9 ...\" \/>\n<meta property=\"og:url\" content=\"https:\/\/campingcinqueterre.it\/richiesta-disponibilita\/\" \/>\n<meta property=\"og:site_name\" content=\"Camping Cinque Terre\" \/>\n<meta property=\"article:modified_time\" content=\"2026-01-13T11:23:38+00:00\" \/>\n<meta property=\"og:image\" content=\"https:\/\/campingcinqueterre.it\/wp-content\/uploads\/2025\/02\/logo.png\" \/>\n\t<meta property=\"og:image:width\" content=\"185\" \/>\n\t<meta property=\"og:image:height\" content=\"197\" \/>\n\t<meta property=\"og:image:type\" content=\"image\/png\" \/>\n<meta name=\"twitter:card\" content=\"summary_large_image\" \/>\n<meta name=\"twitter:label1\" content=\"Dur\u00e9e de lecture estim\u00e9e\" \/>\n\t<meta name=\"twitter:data1\" content=\"2 minutes\" \/>\n<script type=\"application\/ld+json\" class=\"yoast-schema-graph\">{\"@context\":\"https:\/\/schema.org\",\"@graph\":[{\"@type\":\"WebPage\",\"@id\":\"https:\/\/campingcinqueterre.it\/richiesta-disponibilita\/\",\"url\":\"https:\/\/campingcinqueterre.it\/richiesta-disponibilita\/\",\"name\":\"Demande de disponibilit\u00e9 - Camping Cinque Terre\",\"isPartOf\":{\"@id\":\"https:\/\/campingcinqueterre.it\/#website\"},\"datePublished\":\"2025-02-09T21:09:55+00:00\",\"dateModified\":\"2026-01-13T11:23:38+00:00\",\"description\":\"Remplissez le formulaire pour demander la disponibilit\u00e9 du camping. Veuillez nous envoyer votre demande de disponibilit\u00e9 ...\",\"breadcrumb\":{\"@id\":\"https:\/\/campingcinqueterre.it\/richiesta-disponibilita\/#breadcrumb\"},\"inLanguage\":\"fr-FR\",\"potentialAction\":[{\"@type\":\"ReadAction\",\"target\":[\"https:\/\/campingcinqueterre.it\/richiesta-disponibilita\/\"]}]},{\"@type\":\"BreadcrumbList\",\"@id\":\"https:\/\/campingcinqueterre.it\/richiesta-disponibilita\/#breadcrumb\",\"itemListElement\":[{\"@type\":\"ListItem\",\"position\":1,\"name\":\"Home\",\"item\":\"https:\/\/campingcinqueterre.it\/fr\/\"},{\"@type\":\"ListItem\",\"position\":2,\"name\":\"Demande de disponibilit\u00e9\"}]},{\"@type\":\"WebSite\",\"@id\":\"https:\/\/campingcinqueterre.it\/#website\",\"url\":\"https:\/\/campingcinqueterre.it\/\",\"name\":\"Camping Cinque Terre\",\"description\":\"Natura, Mare ed Emozioni\",\"publisher\":{\"@id\":\"https:\/\/campingcinqueterre.it\/#organization\"},\"potentialAction\":[{\"@type\":\"SearchAction\",\"target\":{\"@type\":\"EntryPoint\",\"urlTemplate\":\"https:\/\/campingcinqueterre.it\/?s={search_term_string}\"},\"query-input\":{\"@type\":\"PropertyValueSpecification\",\"valueRequired\":true,\"valueName\":\"search_term_string\"}}],\"inLanguage\":\"fr-FR\"},{\"@type\":\"Organization\",\"@id\":\"https:\/\/campingcinqueterre.it\/#organization\",\"name\":\"CAMPING 5 TERRE\",\"alternateName\":\"CAMPING 5 TERRE\",\"url\":\"https:\/\/campingcinqueterre.it\/\",\"logo\":{\"@type\":\"ImageObject\",\"inLanguage\":\"fr-FR\",\"@id\":\"https:\/\/campingcinqueterre.it\/#\/schema\/logo\/image\/\",\"url\":\"https:\/\/campingcinqueterre.it\/wp-content\/uploads\/2025\/02\/logo.png\",\"contentUrl\":\"https:\/\/campingcinqueterre.it\/wp-content\/uploads\/2025\/02\/logo.png\",\"width\":185,\"height\":197,\"caption\":\"CAMPING 5 TERRE\"},\"image\":{\"@id\":\"https:\/\/campingcinqueterre.it\/#\/schema\/logo\/image\/\"}}]}<\/script>\n<!-- \/ Yoast SEO plugin. -->","yoast_head_json":{"title":"Demande de disponibilit\u00e9 - Camping Cinque Terre","description":"Remplissez le formulaire pour demander la disponibilit\u00e9 du camping. Veuillez nous envoyer votre demande de disponibilit\u00e9 ...","robots":{"index":"index","follow":"follow","max-snippet":"max-snippet:-1","max-image-preview":"max-image-preview:large","max-video-preview":"max-video-preview:-1"},"canonical":"https:\/\/campingcinqueterre.it\/richiesta-disponibilita\/","og_locale":"fr_FR","og_type":"article","og_title":"Demande de disponibilit\u00e9 - Camping Cinque Terre","og_description":"Remplissez le formulaire pour demander la disponibilit\u00e9 du camping. Veuillez nous envoyer votre demande de disponibilit\u00e9 ...","og_url":"https:\/\/campingcinqueterre.it\/richiesta-disponibilita\/","og_site_name":"Camping Cinque Terre","article_modified_time":"2026-01-13T11:23:38+00:00","og_image":[{"width":185,"height":197,"url":"https:\/\/campingcinqueterre.it\/wp-content\/uploads\/2025\/02\/logo.png","type":"image\/png"}],"twitter_card":"summary_large_image","twitter_misc":{"Dur\u00e9e de lecture estim\u00e9e":"2 minutes"},"schema":{"@context":"https:\/\/schema.org","@graph":[{"@type":"WebPage","@id":"https:\/\/campingcinqueterre.it\/richiesta-disponibilita\/","url":"https:\/\/campingcinqueterre.it\/richiesta-disponibilita\/","name":"Demande de disponibilit\u00e9 - Camping Cinque Terre","isPartOf":{"@id":"https:\/\/campingcinqueterre.it\/#website"},"datePublished":"2025-02-09T21:09:55+00:00","dateModified":"2026-01-13T11:23:38+00:00","description":"Remplissez le formulaire pour demander la disponibilit\u00e9 du camping. Veuillez nous envoyer votre demande de disponibilit\u00e9 ...","breadcrumb":{"@id":"https:\/\/campingcinqueterre.it\/richiesta-disponibilita\/#breadcrumb"},"inLanguage":"fr-FR","potentialAction":[{"@type":"ReadAction","target":["https:\/\/campingcinqueterre.it\/richiesta-disponibilita\/"]}]},{"@type":"BreadcrumbList","@id":"https:\/\/campingcinqueterre.it\/richiesta-disponibilita\/#breadcrumb","itemListElement":[{"@type":"ListItem","position":1,"name":"Home","item":"https:\/\/campingcinqueterre.it\/fr\/"},{"@type":"ListItem","position":2,"name":"Demande de disponibilit\u00e9"}]},{"@type":"WebSite","@id":"https:\/\/campingcinqueterre.it\/#website","url":"https:\/\/campingcinqueterre.it\/","name":"Camping Cinque Terre","description":"Natura, Mare ed Emozioni","publisher":{"@id":"https:\/\/campingcinqueterre.it\/#organization"},"potentialAction":[{"@type":"SearchAction","target":{"@type":"EntryPoint","urlTemplate":"https:\/\/campingcinqueterre.it\/?s={search_term_string}"},"query-input":{"@type":"PropertyValueSpecification","valueRequired":true,"valueName":"search_term_string"}}],"inLanguage":"fr-FR"},{"@type":"Organization","@id":"https:\/\/campingcinqueterre.it\/#organization","name":"CAMPING 5 TERRE","alternateName":"CAMPING 5 TERRE","url":"https:\/\/campingcinqueterre.it\/","logo":{"@type":"ImageObject","inLanguage":"fr-FR","@id":"https:\/\/campingcinqueterre.it\/#\/schema\/logo\/image\/","url":"https:\/\/campingcinqueterre.it\/wp-content\/uploads\/2025\/02\/logo.png","contentUrl":"https:\/\/campingcinqueterre.it\/wp-content\/uploads\/2025\/02\/logo.png","width":185,"height":197,"caption":"CAMPING 5 TERRE"},"image":{"@id":"https:\/\/campingcinqueterre.it\/#\/schema\/logo\/image\/"}}]}},"_links":{"self":[{"href":"https:\/\/campingcinqueterre.it\/fr\/wp-json\/wp\/v2\/pages\/1623","targetHints":{"allow":["GET"]}}],"collection":[{"href":"https:\/\/campingcinqueterre.it\/fr\/wp-json\/wp\/v2\/pages"}],"about":[{"href":"https:\/\/campingcinqueterre.it\/fr\/wp-json\/wp\/v2\/types\/page"}],"author":[{"embeddable":true,"href":"https:\/\/campingcinqueterre.it\/fr\/wp-json\/wp\/v2\/users\/3"}],"replies":[{"embeddable":true,"href":"https:\/\/campingcinqueterre.it\/fr\/wp-json\/wp\/v2\/comments?post=1623"}],"version-history":[{"count":10,"href":"https:\/\/campingcinqueterre.it\/fr\/wp-json\/wp\/v2\/pages\/1623\/revisions"}],"predecessor-version":[{"id":6773,"href":"https:\/\/campingcinqueterre.it\/fr\/wp-json\/wp\/v2\/pages\/1623\/revisions\/6773"}],"wp:attachment":[{"href":"https:\/\/campingcinqueterre.it\/fr\/wp-json\/wp\/v2\/media?parent=1623"}],"curies":[{"name":"wp","href":"https:\/\/api.w.org\/{rel}","templated":true}]}}