{"id":1633,"date":"2021-08-24T14:50:27","date_gmt":"2021-08-24T12:50:27","guid":{"rendered":"https:\/\/campingcinqueterre.it\/privacy-e-cookie-policy\/"},"modified":"2025-03-27T10:41:02","modified_gmt":"2025-03-27T09:41:02","slug":"politique-de-confidentialite-et-de-cookies","status":"publish","type":"page","link":"https:\/\/campingcinqueterre.it\/fr\/politique-de-confidentialite-et-de-cookies\/","title":{"rendered":"Politique de confidentialit\u00e9 et de cookies"},"content":{"rendered":"<div class=\"wpb-content-wrapper\">[vc_row css=\u00a0\u00bb.vc_custom_1727942800141{margin-top: 40px !important;margin-bottom: 40px !important;}\u00a0\u00bb][vc_column][vc_column_text css=\u00a0\u00bb\u00a0\u00bb]\r\n<p><strong>INFORMATION CONFORM\u00c9MENT AUX ARTICLES 13-14 DU RGPD (R\u00c8GLEMENT G\u00c9N\u00c9RAL SUR LA PROTECTION DES DONN\u00c9ES) 2016\/679<\/strong><\/p>\r\n<p>Camping 5 Terre, num\u00e9ro de TVA 00822060117, Responsable du traitement, vous informe que vos donn\u00e9es seront trait\u00e9es selon les modalit\u00e9s et pour les finalit\u00e9s d\u00e9crites ci-dessous.<\/p>\r\n<p>Le Responsable du traitement s&rsquo;engage \u00e0 prot\u00e9ger la vie priv\u00e9e et la confidentialit\u00e9 des Donn\u00e9es Personnelles conform\u00e9ment aux principes d&rsquo;\u00e9quit\u00e9, de l\u00e9galit\u00e9, de transparence et de protection de vos droits.<\/p>\r\n<p><strong>1) TYPES DE DONN\u00c9ES TRAIT\u00c9ES<\/strong><\/p>\r\n<p>Nous traitons les donn\u00e9es personnelles que vous nous fournissez (nom, email, raison sociale, t\u00e9l\u00e9phone, etc.) lors de demandes spontan\u00e9es et les donn\u00e9es collect\u00e9es automatiquement sur le site web.<\/p>\r\n<ul>\r\n<li><strong>Donn\u00e9es fournies par vous<\/strong> : donn\u00e9es personnelles, d&rsquo;identification et non sensibles que vous fournissez pour faire des demandes par email, via le formulaire de contact ou par t\u00e9l\u00e9phone concernant nos produits\/services.<\/li>\r\n<li><strong>Donn\u00e9es que nous collectons automatiquement<\/strong> : donn\u00e9es anonymes collect\u00e9es via des cookies ou technologies similaires : pour plus d&rsquo;informations, consultez la <a href=\"#cookie\"><strong>politique de cookies<\/strong><\/a> ci-dessous.<\/li>\r\n<\/ul>\r\n<p><strong>Note :<\/strong> Les utilisateurs de moins de 16 ans ne peuvent fournir des donn\u00e9es personnelles sans le consentement des parents ou tuteurs.<\/p>\r\n<p>&nbsp;<\/p>\r\n<p><strong>2) FINALIT\u00c9S ET BASES JURIDIQUES DU TRAITEMENT<\/strong><\/p>\r\n<p>Nous traiterons vos donn\u00e9es personnelles :<\/p>\r\n<p><strong>A)<\/strong> pour respecter nos obligations contractuelles ; r\u00e9pondre \u00e0 vos demandes d&rsquo;informations ; calculer un devis que vous avez demand\u00e9 ; ex\u00e9cuter les contrats d&rsquo;achat de produits ou de services ; vous fournir l&rsquo;assistance n\u00e9cessaire concernant les produits et services achet\u00e9s.<\/p>\r\n<p><strong>B)<\/strong> pour effectuer des analyses statistiques agr\u00e9g\u00e9es sur une base anonyme pour am\u00e9liorer nos services ;<\/p>\r\n<p><strong>C)<\/strong> pour des fins administratives et pour respecter les obligations l\u00e9gales, telles que celles d&rsquo;ordre comptable, fiscal ou pour r\u00e9pondre \u00e0 des demandes de l&rsquo;autorit\u00e9 judiciaire.<\/p>\r\n<p><strong>D)<\/strong> en cas d&rsquo;envoi de CV, uniquement \u00e0 des fins de recrutement.<\/p>\r\n<p>&nbsp;<\/p>\r\n<p><strong>3) LE FOURNISSEMENT DES DONN\u00c9ES EST-IL OBLIGATOIRE ?<\/strong><\/p>\r\n<p>Le fournissement de vos donn\u00e9es est toujours facultatif, mais leur absence pourrait rendre impossible certains traitements, tels que ceux li\u00e9s \u00e0 l&rsquo;ex\u00e9cution d&rsquo;un contrat ou \u00e0 la prestation des services que vous avez demand\u00e9s.<\/p>\r\n<p><strong>4) LIEU, MODALIT\u00c9S DE TRAITEMENT ET DUR\u00c9E DE CONSERVATION<\/strong><\/p>\r\n<p>Le traitement de vos donn\u00e9es personnelles se fait par le biais des op\u00e9rations pr\u00e9vues \u00e0 l&rsquo;article 4 du Code de la confidentialit\u00e9 et \u00e0 l&rsquo;article 4(2) du RGPD, \u00e0 savoir : collecte, enregistrement, organisation, conservation, consultation, traitement, modification, s\u00e9lection, extraction, comparaison, utilisation, interconnexion, blocage, communication, suppression et destruction des donn\u00e9es.<\/p>\r\n<p>Vos donn\u00e9es personnelles sont stock\u00e9es au si\u00e8ge du Responsable du traitement et font l&rsquo;objet d&rsquo;un traitement \u00e0 la fois manuel et \u00e9lectronique\/automatis\u00e9, selon des logiques strictement li\u00e9es aux finalit\u00e9s indiqu\u00e9es et de mani\u00e8re \u00e0 garantir la s\u00e9curit\u00e9 et la confidentialit\u00e9 des donn\u00e9es. Les donn\u00e9es que vous fournissez ne sont pas stock\u00e9es sur notre site web.<\/p>\r\n<p>Le Responsable du traitement traitera les donn\u00e9es personnelles pour la dur\u00e9e n\u00e9cessaire \u00e0 l&rsquo;accomplissement des finalit\u00e9s ci-dessus et en tout cas pendant une p\u00e9riode ne d\u00e9passant pas 10 ans \u00e0 partir de la cessation de la relation pour les finalit\u00e9s au point C et ne d\u00e9passant pas 38 mois \u00e0 partir de la collecte des donn\u00e9es pour les finalit\u00e9s au point B.<\/p>\r\n<p><strong>5) ACC\u00c8S AUX DONN\u00c9ES<\/strong><\/p>\r\n<p>Vos donn\u00e9es pourront \u00eatre accessibles pour les finalit\u00e9s indiqu\u00e9es au point 2 :<\/p>\r\n<ul>\r\n<li>aux employ\u00e9s et collaborateurs du Responsable du traitement, en tant que responsables internes du traitement et\/ou administrateurs de syst\u00e8me ;<\/li>\r\n<li>aux soci\u00e9t\u00e9s tierces ou autres parties (fournisseurs de sites web, fournisseurs cloud, fournisseurs de services de paiement en ligne, fournisseurs, techniciens d&rsquo;assistance mat\u00e9rielle et logicielle, transporteurs, \u00e9tablissements de cr\u00e9dit, cabinets professionnels, etc.) effectuant des activit\u00e9s externalis\u00e9es pour le compte du Responsable du traitement, en tant que responsables du traitement.<\/li>\r\n<\/ul>\r\n<p>&nbsp;<\/p>\r\n<p><strong>6) TRANSFERT DE DONN\u00c9ES<\/strong><\/p>\r\n<p>Les donn\u00e9es ne seront pas divulgu\u00e9es, vendues ou \u00e9chang\u00e9es avec des entit\u00e9s autres que le Responsable du traitement, les responsables et les personnes autoris\u00e9es sans votre consentement expr\u00e8s et explicite.<\/p>\r\n<p><strong>7) VOS DROITS<\/strong><\/p>\r\n<p>Vous avez le droit de conna\u00eetre quelles sont vos donn\u00e9es personnelles trait\u00e9es. En particulier, vous avez le droit d&rsquo;acc\u00e8s, de rectification, de suppression, de portabilit\u00e9 des donn\u00e9es, de limitation du traitement et d&rsquo;opposition au traitement lorsque les conditions sont r\u00e9unies.<\/p>\r\n<p>Voici une br\u00e8ve pr\u00e9sentation des droits qui vous sont accord\u00e9s concernant le traitement de vos donn\u00e9es personnelles.<\/p>\r\n<ul>\r\n<li><strong>Le droit d&rsquo;acc\u00e8s<\/strong> vous permet d&rsquo;obtenir la confirmation que vos donn\u00e9es personnelles sont ou non trait\u00e9es par le Responsable du traitement et, le cas \u00e9ch\u00e9ant, d&rsquo;y acc\u00e9der et d&rsquo;obtenir des informations \u00e0 leur sujet ;<\/li>\r\n<li><strong>Le droit de rectification<\/strong> vous permet d&rsquo;obtenir la correction des donn\u00e9es personnelles inexactes vous concernant sans d\u00e9lai injustifi\u00e9 et, compte tenu des finalit\u00e9s du traitement, d&rsquo;obtenir l&rsquo;int\u00e9gration des donn\u00e9es personnelles incompl\u00e8tes ;<\/li>\r\n<li><strong>Le droit \u00e0 l&rsquo;effacement<\/strong> vous permet d&rsquo;obtenir l&rsquo;effacement de vos donn\u00e9es vous concernant sans d\u00e9lai injustifi\u00e9 (par exemple, lorsque vos donn\u00e9es personnelles ne sont plus n\u00e9cessaires aux fins pour lesquelles elles ont \u00e9t\u00e9 collect\u00e9es), sous r\u00e9serve des exceptions pr\u00e9vues par la l\u00e9gislation applicable (par exemple, lorsque la conservation des donn\u00e9es est n\u00e9cessaire pour respecter les obligations l\u00e9gales applicables au responsable du traitement). L&rsquo;effacement sera effectu\u00e9 dans les d\u00e9lais techniques pr\u00e9vus ;<\/li>\r\n<li><strong>Le droit \u00e0 la portabilit\u00e9 des donn\u00e9es<\/strong> vous permet, dans certaines circonstances, de recevoir vos donn\u00e9es personnelles sous un format structur\u00e9, couramment utilis\u00e9 et lisible par un dispositif automatique. Vous pouvez transmettre ces donn\u00e9es \u00e0 un autre responsable du traitement, \u00e0 condition que ce droit vous soit reconnu conform\u00e9ment \u00e0 la l\u00e9gislation applicable, et sous r\u00e9serve que cela ne porte pas atteinte aux droits et libert\u00e9s d&rsquo;autrui ;<\/li>\r\n<li><strong>Le droit \u00e0 la limitation du traitement<\/strong> vous permet, dans certaines circonstances, d&rsquo;obtenir la limitation du traitement de vos donn\u00e9es personnelles. Dans ces cas, le Responsable du traitement pourra continuer \u00e0 traiter vos donn\u00e9es uniquement dans certaines situations, par exemple pour l&rsquo;exercice du droit de d\u00e9fense ou pour prot\u00e9ger les droits d&rsquo;une autre personne physique ou morale ;<\/li>\r\n<li><strong>Le droit d&rsquo;opposition au traitement<\/strong> vous permet, dans certaines circonstances, de vous opposer au traitement de vos donn\u00e9es personnelles, sauf si des raisons l\u00e9gitimes pr\u00e9pond\u00e9rantes existent, qui justifient que le Responsable du traitement poursuive le traitement.<\/li>\r\n<\/ul>\r\n<p>Pour obtenir plus d&rsquo;informations sur le traitement de vos donn\u00e9es personnelles ou exercer vos droits, veuillez nous contacter.<\/p>\r\n<p>&nbsp;<\/p>\r\n<p><strong>8) MODIFICATIONS DE LA POLITIQUE<\/strong><\/p>\r\n<p>Cette politique peut \u00eatre modifi\u00e9e. Nous vous recommandons donc de consulter r\u00e9guli\u00e8rement ce document et de vous r\u00e9f\u00e9rer \u00e0 la version la plus r\u00e9cente.<\/p>\r\n<p>Derni\u00e8re mise \u00e0 jour : <strong>mars 2025<\/strong><\/p>\r\n<p> <\/p>\r\n[\/vc_column_text][\/vc_column][\/vc_row][vc_row el_id=\u00a0\u00bbcookie\u00a0\u00bb css=\u00a0\u00bb.vc_custom_1743068109251{padding-bottom: 40px !important;}\u00a0\u00bb][vc_column][vc_column_text css=\u00a0\u00bb\u00a0\u00bb]\r\n<p>LISTE DES COOKIES<\/p>\r\n<div class=\"cky-audit-table-element\"> <\/div>\r\n[\/vc_column_text][\/vc_column][\/vc_row]\r\n<\/div>","protected":false},"excerpt":{"rendered":"<p>[vc_row css=\u00a0\u00bb.vc_custom_1727942800141{margin-top: 40px !important;margin-bottom: 40px !important;}\u00a0\u00bb][vc_column][vc_column_text css=\u00a0\u00bb\u00a0\u00bb] INFORMATION CONFORM\u00c9MENT AUX ARTICLES 13-14 DU RGPD (R\u00c8GLEMENT G\u00c9N\u00c9RAL SUR LA PROTECTION DES DONN\u00c9ES) 2016\/679 Camping 5 Terre, num\u00e9ro de TVA 00822060117, Responsable du traitement, vous informe que vos donn\u00e9es seront trait\u00e9es selon les modalit\u00e9s et pour les finalit\u00e9s d\u00e9crites ci-dessous. Le Responsable du traitement s&rsquo;engage \u00e0 prot\u00e9ger&hellip;<\/p>\n","protected":false},"author":3,"featured_media":0,"parent":0,"menu_order":0,"comment_status":"closed","ping_status":"open","template":"","meta":{"inline_featured_image":false,"footnotes":""},"class_list":["post-1633","page","type-page","status-publish","hentry","entry","no-media"],"yoast_head":"<!-- This site is optimized with the Yoast SEO plugin v24.7 - https:\/\/yoast.com\/wordpress\/plugins\/seo\/ -->\n<title>Politique de confidentialit\u00e9 et de cookies - Camping Cinque Terre<\/title>\n<meta name=\"robots\" content=\"index, follow, max-snippet:-1, max-image-preview:large, max-video-preview:-1\" \/>\n<link rel=\"canonical\" href=\"https:\/\/campingcinqueterre.it\/fr\/politique-de-confidentialite-et-de-cookies\/\" \/>\n<meta property=\"og:locale\" content=\"fr_FR\" \/>\n<meta property=\"og:type\" content=\"article\" \/>\n<meta property=\"og:title\" content=\"Politique de confidentialit\u00e9 et de cookies - Camping Cinque Terre\" \/>\n<meta property=\"og:description\" content=\"[vc_row css=\u00a0\u00bb.vc_custom_1727942800141{margin-top: 40px !important;margin-bottom: 40px !important;}\u00a0\u00bb][vc_column][vc_column_text css=\u00a0\u00bb\u00a0\u00bb] INFORMATION CONFORM\u00c9MENT AUX ARTICLES 13-14 DU RGPD (R\u00c8GLEMENT G\u00c9N\u00c9RAL SUR LA PROTECTION DES DONN\u00c9ES) 2016\/679 Camping 5 Terre, num\u00e9ro de TVA 00822060117, Responsable du traitement, vous informe que vos donn\u00e9es seront trait\u00e9es selon les modalit\u00e9s et pour les finalit\u00e9s d\u00e9crites ci-dessous. Le Responsable du traitement s&rsquo;engage \u00e0 prot\u00e9ger&hellip;\" \/>\n<meta property=\"og:url\" content=\"https:\/\/campingcinqueterre.it\/fr\/politique-de-confidentialite-et-de-cookies\/\" \/>\n<meta property=\"og:site_name\" content=\"Camping Cinque Terre\" \/>\n<meta property=\"article:modified_time\" content=\"2025-03-27T09:41:02+00:00\" \/>\n<meta property=\"og:image\" content=\"https:\/\/campingcinqueterre.it\/wp-content\/uploads\/2025\/02\/logo.png\" \/>\n\t<meta property=\"og:image:width\" content=\"185\" \/>\n\t<meta property=\"og:image:height\" content=\"197\" \/>\n\t<meta property=\"og:image:type\" content=\"image\/png\" \/>\n<meta name=\"twitter:card\" content=\"summary_large_image\" \/>\n<meta name=\"twitter:label1\" content=\"Dur\u00e9e de lecture estim\u00e9e\" \/>\n\t<meta name=\"twitter:data1\" content=\"6 minutes\" \/>\n<script type=\"application\/ld+json\" class=\"yoast-schema-graph\">{\"@context\":\"https:\/\/schema.org\",\"@graph\":[{\"@type\":\"WebPage\",\"@id\":\"https:\/\/campingcinqueterre.it\/fr\/politique-de-confidentialite-et-de-cookies\/\",\"url\":\"https:\/\/campingcinqueterre.it\/fr\/politique-de-confidentialite-et-de-cookies\/\",\"name\":\"Politique de confidentialit\u00e9 et de cookies - Camping Cinque Terre\",\"isPartOf\":{\"@id\":\"https:\/\/campingcinqueterre.it\/#website\"},\"datePublished\":\"2021-08-24T12:50:27+00:00\",\"dateModified\":\"2025-03-27T09:41:02+00:00\",\"breadcrumb\":{\"@id\":\"https:\/\/campingcinqueterre.it\/fr\/politique-de-confidentialite-et-de-cookies\/#breadcrumb\"},\"inLanguage\":\"fr-FR\",\"potentialAction\":[{\"@type\":\"ReadAction\",\"target\":[\"https:\/\/campingcinqueterre.it\/fr\/politique-de-confidentialite-et-de-cookies\/\"]}]},{\"@type\":\"BreadcrumbList\",\"@id\":\"https:\/\/campingcinqueterre.it\/fr\/politique-de-confidentialite-et-de-cookies\/#breadcrumb\",\"itemListElement\":[{\"@type\":\"ListItem\",\"position\":1,\"name\":\"Home\",\"item\":\"https:\/\/campingcinqueterre.it\/fr\/\"},{\"@type\":\"ListItem\",\"position\":2,\"name\":\"Politique de confidentialit\u00e9 et de cookies\"}]},{\"@type\":\"WebSite\",\"@id\":\"https:\/\/campingcinqueterre.it\/#website\",\"url\":\"https:\/\/campingcinqueterre.it\/\",\"name\":\"Camping Cinque Terre\",\"description\":\"Natura, Mare ed Emozioni\",\"publisher\":{\"@id\":\"https:\/\/campingcinqueterre.it\/#organization\"},\"potentialAction\":[{\"@type\":\"SearchAction\",\"target\":{\"@type\":\"EntryPoint\",\"urlTemplate\":\"https:\/\/campingcinqueterre.it\/?s={search_term_string}\"},\"query-input\":{\"@type\":\"PropertyValueSpecification\",\"valueRequired\":true,\"valueName\":\"search_term_string\"}}],\"inLanguage\":\"fr-FR\"},{\"@type\":\"Organization\",\"@id\":\"https:\/\/campingcinqueterre.it\/#organization\",\"name\":\"CAMPING 5 TERRE\",\"alternateName\":\"CAMPING 5 TERRE\",\"url\":\"https:\/\/campingcinqueterre.it\/\",\"logo\":{\"@type\":\"ImageObject\",\"inLanguage\":\"fr-FR\",\"@id\":\"https:\/\/campingcinqueterre.it\/#\/schema\/logo\/image\/\",\"url\":\"https:\/\/campingcinqueterre.it\/wp-content\/uploads\/2025\/02\/logo.png\",\"contentUrl\":\"https:\/\/campingcinqueterre.it\/wp-content\/uploads\/2025\/02\/logo.png\",\"width\":185,\"height\":197,\"caption\":\"CAMPING 5 TERRE\"},\"image\":{\"@id\":\"https:\/\/campingcinqueterre.it\/#\/schema\/logo\/image\/\"}}]}<\/script>\n<!-- \/ Yoast SEO plugin. -->","yoast_head_json":{"title":"Politique de confidentialit\u00e9 et de cookies - Camping Cinque Terre","robots":{"index":"index","follow":"follow","max-snippet":"max-snippet:-1","max-image-preview":"max-image-preview:large","max-video-preview":"max-video-preview:-1"},"canonical":"https:\/\/campingcinqueterre.it\/fr\/politique-de-confidentialite-et-de-cookies\/","og_locale":"fr_FR","og_type":"article","og_title":"Politique de confidentialit\u00e9 et de cookies - Camping Cinque Terre","og_description":"[vc_row css=\u00a0\u00bb.vc_custom_1727942800141{margin-top: 40px !important;margin-bottom: 40px !important;}\u00a0\u00bb][vc_column][vc_column_text css=\u00a0\u00bb\u00a0\u00bb] INFORMATION CONFORM\u00c9MENT AUX ARTICLES 13-14 DU RGPD (R\u00c8GLEMENT G\u00c9N\u00c9RAL SUR LA PROTECTION DES DONN\u00c9ES) 2016\/679 Camping 5 Terre, num\u00e9ro de TVA 00822060117, Responsable du traitement, vous informe que vos donn\u00e9es seront trait\u00e9es selon les modalit\u00e9s et pour les finalit\u00e9s d\u00e9crites ci-dessous. Le Responsable du traitement s&rsquo;engage \u00e0 prot\u00e9ger&hellip;","og_url":"https:\/\/campingcinqueterre.it\/fr\/politique-de-confidentialite-et-de-cookies\/","og_site_name":"Camping Cinque Terre","article_modified_time":"2025-03-27T09:41:02+00:00","og_image":[{"width":185,"height":197,"url":"https:\/\/campingcinqueterre.it\/wp-content\/uploads\/2025\/02\/logo.png","type":"image\/png"}],"twitter_card":"summary_large_image","twitter_misc":{"Dur\u00e9e de lecture estim\u00e9e":"6 minutes"},"schema":{"@context":"https:\/\/schema.org","@graph":[{"@type":"WebPage","@id":"https:\/\/campingcinqueterre.it\/fr\/politique-de-confidentialite-et-de-cookies\/","url":"https:\/\/campingcinqueterre.it\/fr\/politique-de-confidentialite-et-de-cookies\/","name":"Politique de confidentialit\u00e9 et de cookies - Camping Cinque Terre","isPartOf":{"@id":"https:\/\/campingcinqueterre.it\/#website"},"datePublished":"2021-08-24T12:50:27+00:00","dateModified":"2025-03-27T09:41:02+00:00","breadcrumb":{"@id":"https:\/\/campingcinqueterre.it\/fr\/politique-de-confidentialite-et-de-cookies\/#breadcrumb"},"inLanguage":"fr-FR","potentialAction":[{"@type":"ReadAction","target":["https:\/\/campingcinqueterre.it\/fr\/politique-de-confidentialite-et-de-cookies\/"]}]},{"@type":"BreadcrumbList","@id":"https:\/\/campingcinqueterre.it\/fr\/politique-de-confidentialite-et-de-cookies\/#breadcrumb","itemListElement":[{"@type":"ListItem","position":1,"name":"Home","item":"https:\/\/campingcinqueterre.it\/fr\/"},{"@type":"ListItem","position":2,"name":"Politique de confidentialit\u00e9 et de cookies"}]},{"@type":"WebSite","@id":"https:\/\/campingcinqueterre.it\/#website","url":"https:\/\/campingcinqueterre.it\/","name":"Camping Cinque Terre","description":"Natura, Mare ed Emozioni","publisher":{"@id":"https:\/\/campingcinqueterre.it\/#organization"},"potentialAction":[{"@type":"SearchAction","target":{"@type":"EntryPoint","urlTemplate":"https:\/\/campingcinqueterre.it\/?s={search_term_string}"},"query-input":{"@type":"PropertyValueSpecification","valueRequired":true,"valueName":"search_term_string"}}],"inLanguage":"fr-FR"},{"@type":"Organization","@id":"https:\/\/campingcinqueterre.it\/#organization","name":"CAMPING 5 TERRE","alternateName":"CAMPING 5 TERRE","url":"https:\/\/campingcinqueterre.it\/","logo":{"@type":"ImageObject","inLanguage":"fr-FR","@id":"https:\/\/campingcinqueterre.it\/#\/schema\/logo\/image\/","url":"https:\/\/campingcinqueterre.it\/wp-content\/uploads\/2025\/02\/logo.png","contentUrl":"https:\/\/campingcinqueterre.it\/wp-content\/uploads\/2025\/02\/logo.png","width":185,"height":197,"caption":"CAMPING 5 TERRE"},"image":{"@id":"https:\/\/campingcinqueterre.it\/#\/schema\/logo\/image\/"}}]}},"_links":{"self":[{"href":"https:\/\/campingcinqueterre.it\/fr\/wp-json\/wp\/v2\/pages\/1633","targetHints":{"allow":["GET"]}}],"collection":[{"href":"https:\/\/campingcinqueterre.it\/fr\/wp-json\/wp\/v2\/pages"}],"about":[{"href":"https:\/\/campingcinqueterre.it\/fr\/wp-json\/wp\/v2\/types\/page"}],"author":[{"embeddable":true,"href":"https:\/\/campingcinqueterre.it\/fr\/wp-json\/wp\/v2\/users\/3"}],"replies":[{"embeddable":true,"href":"https:\/\/campingcinqueterre.it\/fr\/wp-json\/wp\/v2\/comments?post=1633"}],"version-history":[{"count":1,"href":"https:\/\/campingcinqueterre.it\/fr\/wp-json\/wp\/v2\/pages\/1633\/revisions"}],"predecessor-version":[{"id":1637,"href":"https:\/\/campingcinqueterre.it\/fr\/wp-json\/wp\/v2\/pages\/1633\/revisions\/1637"}],"wp:attachment":[{"href":"https:\/\/campingcinqueterre.it\/fr\/wp-json\/wp\/v2\/media?parent=1633"}],"curies":[{"name":"wp","href":"https:\/\/api.w.org\/{rel}","templated":true}]}}